{"id":46,"date":"2023-01-31T14:56:06","date_gmt":"2023-01-31T17:56:06","guid":{"rendered":"http:\/\/beta.apps.uern.br\/wordpress\/paudosferros\/dle\/?page_id=46"},"modified":"2024-09-17T08:10:43","modified_gmt":"2024-09-17T11:10:43","slug":"cursos-necle-neclli","status":"publish","type":"page","link":"https:\/\/portal.uern.br\/paudosferros\/dle\/cursos-necle-neclli\/","title":{"rendered":"Cursos &#8211; NECLE &amp; NECLLI"},"content":{"rendered":"<p><strong>NECLE<\/strong><\/p>\n<p><a href=\"http:\/\/www.uern.br\/controledepaginas\/dle-nucleos-necle-neclli\/arquivos\/5852edital_006_2022_necle.pdf\" target=\"_blank\" rel=\"noopener\">Edital 006\/2022<\/a>\u00a0&#8211; Cursos ofertados pelo NECLE no semestre 2022.1.<\/p>\n<p><a href=\"http:\/\/www.uern.br\/controledepaginas\/cursos-necle-neclli\/arquivos\/5930edital_necle_2021.pdf\" target=\"_blank\" rel=\"noopener\">Edital 11\/2021 &#8211;<\/a>\u00a0Cursos ofertados pelo NECLE no semestre 2021.2.<\/p>\n<p><a href=\"http:\/\/www.uern.br\/controledepaginas\/cursos-necle-neclli\/arquivos\/5930homologaa%C2%A7a%C2%A3o_de_resultado_bolsa_necle_2021.2.pdf\" target=\"_blank\" rel=\"noopener\">Homologa\u00e7\u00e3o dos resultados da sele\u00e7\u00e3o de bolsista NECLE<\/a> &#8211; Edital n\u00b0 009\/2021 -DLE\/NECLE &#8211;<\/p>\n<p><a href=\"http:\/\/www.uern.br\/controledepaginas\/cursos-necle-neclli\/arquivos\/5930edital_na_009_2021_edital_de_abertura_bolsa_necle.capf_homologado.pdf\">Edital 009\/2021\u00a0<\/a>&#8211; Programa Institucional de Bolsas de extens\u00e3o NECLE\/CAPF\/UERN, semestre 2021.2.<\/p>\n<p><a href=\"http:\/\/www.uern.br\/controledepaginas\/cursos-necle-neclli\/arquivos\/5930edital_006_necle_2021.1_comunidade_externa.pdf\" target=\"_blank\" rel=\"noopener\">Edital 006\/2021 &#8211;<\/a>\u00a0Cursos ofertados pelo NECLE no semestre 2021.1.<\/p>\n<p><a href=\"https:\/\/www.uern.br\/controledepaginas\/cursos-necle-neclli\/arquivos\/5930edital_001_2021_necle_2020.2.pdf\" target=\"_blank\" rel=\"noopener\">Edital 001\/2021 &#8211;<\/a>\u00a0Cursos ofertados pelo NECLE no semestre 2020.2.<\/p>\n<p><a href=\"https:\/\/www.uern.br\/controledepaginas\/cursos-necle-neclli\/arquivos\/5930edital_necle_semestre_2020.1.pdf\" target=\"_blank\" rel=\"noopener\">Edital 001\/2020 &#8211;<\/a>\u00a0Cursos ofertados pelo NECLE no semestre 2020.1.<\/p>\n<p><strong>NECLLI<\/strong><\/p>\n<p><a href=\"https:\/\/portal.uern.br\/paudosferros\/dle\/wp-content\/uploads\/sites\/2\/2024\/05\/Edital-de-Minicursos-e-Atividade-Evento-2024.1-NECLLI.pdf\">Edital <\/a>&#8211; Cursos ofertados pelo NECLLI no semestre 2024.1.<\/p>\n<p><a href=\"https:\/\/portal.uern.br\/paudosferros\/dle\/wp-content\/uploads\/sites\/2\/2024\/05\/Ficha-de-Inscricao-NECLLI-UERN-2024.pdf\">Ficha de inscri\u00e7\u00e3o<\/a> &#8211; Cursos ofertados pelo NECLLI no semestre 2024.1.<\/p>\n<p><a href=\"http:\/\/www.uern.br\/controledepaginas\/cursos-necle-neclli\/arquivos\/5930edital_11.pdf\" target=\"_blank\" rel=\"noopener\">Edital 011\/2022<\/a>\u00a0&#8211; Cursos ofertados pelo NECLLI no semestre 2022.2.<\/p>\n<p><a href=\"http:\/\/www.uern.br\/controledepaginas\/cursos-necle-neclli\/arquivos\/5930edital_neclli_2022.1_(2022).pdf\" target=\"_blank\" rel=\"noopener\">Edital 007\/2022<\/a>\u00a0&#8211; Cursos ofertados pelo NECLLI no semestre 2022.1.<\/p>\n<p><a href=\"http:\/\/www.uern.br\/controledepaginas\/cursos-necle-neclli\/arquivos\/5930edital_neclli_2021.2_(2022).pdf\" target=\"_blank\" rel=\"noopener\">Edital 001\/2022<\/a>\u00a0&#8211; Cursos ofertados pelo NECLLI no semestre 2021.2.<\/p>\n<p><a href=\"http:\/\/www.uern.br\/controledepaginas\/cursos-necle-neclli\/arquivos\/5930neclli_novo.pdf\" target=\"_blank\" rel=\"noopener\">Edital 007\/2021<\/a>\u00a0&#8211; Cursos ofertados pelo NECLLI no semestre 2021.1.<\/p>\n<p><a href=\"https:\/\/www.uern.br\/controledepaginas\/cursos-necle-neclli\/arquivos\/5930edital_neclli_2020.2_(2021).pdf\" target=\"_blank\" rel=\"noopener\">Edital 002\/2021<\/a>\u00a0&#8211; Cursos ofertados pelo NECLLI no semestre 2020.2.<\/p>\n<p><a href=\"https:\/\/www.uern.br\/controledepaginas\/cursos-necle-neclli\/arquivos\/5930edital_neclli_2020.1.pdf\" target=\"_blank\" rel=\"noopener\">Edital 002\/2020<\/a>\u00a0&#8211; Cursos ofertados pelo NECLLI no semestre 2020.1.<\/p>\n","protected":false},"excerpt":{"rendered":"<p>NECLE Edital 006\/2022\u00a0&#8211; Cursos ofertados pelo NECLE no semestre 2022.1. Edital 11\/2021 &#8211;\u00a0Cursos ofertados pelo NECLE no semestre 2021.2. Homologa\u00e7\u00e3o dos resultados da sele\u00e7\u00e3o de bolsista NECLE &#8211; Edital n\u00b0 009\/2021 -DLE\/NECLE &#8211; Edital 009\/2021\u00a0&#8211; Programa Institucional de Bolsas de extens\u00e3o NECLE\/CAPF\/UERN, semestre 2021.2. Edital 006\/2021 &#8211;\u00a0Cursos ofertados pelo NECLE no semestre 2021.1. Edital 001\/2021 [&hellip;]<\/p>\n","protected":false},"author":1,"featured_media":0,"parent":0,"menu_order":0,"comment_status":"closed","ping_status":"closed","template":"","meta":{"footnotes":""},"class_list":["post-46","page","type-page","status-publish","hentry"],"_links":{"self":[{"href":"https:\/\/portal.uern.br\/paudosferros\/dle\/wp-json\/wp\/v2\/pages\/46","targetHints":{"allow":["GET"]}}],"collection":[{"href":"https:\/\/portal.uern.br\/paudosferros\/dle\/wp-json\/wp\/v2\/pages"}],"about":[{"href":"https:\/\/portal.uern.br\/paudosferros\/dle\/wp-json\/wp\/v2\/types\/page"}],"author":[{"embeddable":true,"href":"https:\/\/portal.uern.br\/paudosferros\/dle\/wp-json\/wp\/v2\/users\/1"}],"replies":[{"embeddable":true,"href":"https:\/\/portal.uern.br\/paudosferros\/dle\/wp-json\/wp\/v2\/comments?post=46"}],"version-history":[{"count":10,"href":"https:\/\/portal.uern.br\/paudosferros\/dle\/wp-json\/wp\/v2\/pages\/46\/revisions"}],"predecessor-version":[{"id":1661,"href":"https:\/\/portal.uern.br\/paudosferros\/dle\/wp-json\/wp\/v2\/pages\/46\/revisions\/1661"}],"wp:attachment":[{"href":"https:\/\/portal.uern.br\/paudosferros\/dle\/wp-json\/wp\/v2\/media?parent=46"}],"curies":[{"name":"wp","href":"https:\/\/api.w.org\/{rel}","templated":true}]}}