{"id":44,"date":"2023-01-31T14:54:47","date_gmt":"2023-01-31T17:54:47","guid":{"rendered":"http:\/\/beta.apps.uern.br\/wordpress\/paudosferros\/dle\/?page_id=44"},"modified":"2024-05-17T19:54:45","modified_gmt":"2024-05-17T22:54:45","slug":"apresentacao-necle-neclli","status":"publish","type":"page","link":"https:\/\/portal.uern.br\/paudosferros\/dle\/apresentacao-necle-neclli\/","title":{"rendered":"Home &#8211; NECLE &amp; NECLLI"},"content":{"rendered":"<p><strong>N\u00facleo de Estudos de Cultura, Literatura e L\u00edngua Espanhola (NECLE)\u00a0<\/strong><\/p>\n<p style=\"text-align: justify\">Coordena\u00e7\u00e3o: Professora mestra Marta Jussara Frutuoso da Silva. O N\u00facleo de Estudos de Cultura, Literatura e L\u00edngua Espanhola \u2013 NECLE &#8211; do DLE\/CAPF tem como objetivo propiciar o ensino-aprendizagem de l\u00edngua espanhola \u00e0 comunidade do\u00a0Campus\u00a0de Pau dos Ferros, bem como as pessoas das comunidades adjacentes ao referido centro de ensino. Ademais disponibiliza cursos na \u00e1rea de l\u00edngua espanhola e literatura bem como produ\u00e7\u00f5es cinematogr\u00e1ficas hisp\u00e2nicas, visa estreitar la\u00e7os com as \u00e1reas de cultura nas suas mais vastas representa\u00e7\u00f5es, como a m\u00fasica, o cinema, a dan\u00e7a, o teatro etc. o NECLE se coloca como instrumento forte no desenvolvimento da gradua\u00e7\u00e3o em Letras &#8211; L\u00edngua Espanhola ao propiciar aos alunos e monitores o contato com a doc\u00eancia em per\u00edodo anterior ao est\u00e1gio supervisionado obrigat\u00f3rio do fluxo curricular.<\/p>\n<p>Coordenadora: Profa. Dra. Tatiana Louren\u00e7o de Carvalho<\/p>\n<p><a href=\"https:\/\/www.instagram.com\/neclecapf?igsh=MWg1dWwzazA0Y3pqeg==\">P\u00e1gina do <em>Instagram<\/em>\u00a0<\/a><\/p>\n<p><strong>N\u00facleo de Estudos de Cultura, Literatura e L\u00edngua Inglesa (NECLLI)\u00a0\u00a0<\/strong><\/p>\n<p style=\"text-align: justify\">O N\u00facleo de Estudos de Cultura, Literatura e L\u00edngua Inglesa (NECLLI) tem como meta promover a Educa\u00e7\u00e3o em L\u00edngua Inglesa como L\u00edngua Estrangeira Moderna (LEM) de modo a proporcionar a comunica\u00e7\u00e3o em ingl\u00eas e a apropria\u00e7\u00e3o de bens culturais da L\u00edngua Inglesa a exemplo da literatura, filmes e outras produ\u00e7\u00f5es culturais. Al\u00e9m disso, o N\u00facleo objetiva promover forma\u00e7\u00e3o em duas perspectivas: i) oferta de cursos de forma\u00e7\u00e3o a professores da comunidade regional e alunos de ingl\u00eas como professores em forma\u00e7\u00e3o e ii) a realiza\u00e7\u00e3o de eventos acad\u00eamicos-cient\u00edficos (Mesas-Redondas, palestras, grupos de discuss\u00e3o etc.) que possam divulgar a forma\u00e7\u00e3o em l\u00edngua inglesa e as produ\u00e7\u00f5es cient\u00edficas que se d\u00e3o na gradua\u00e7\u00e3o e na p\u00f3s-gradua\u00e7\u00e3o atrav\u00e9s dos Programas de Letras ofertados no Campus da UERN na cidade de Pau dos Ferros, tudo com vistas a tornar o NECLLI um centro forte de cultura de l\u00edngua inglesa articulando ensino e pesquisa a essas a\u00e7\u00f5es de extens\u00e3o.<\/p>\n<p>Coordenador: Prof. Dr. Jailson Jos\u00e9 dos Santos<\/p>\n","protected":false},"excerpt":{"rendered":"<p>N\u00facleo de Estudos de Cultura, Literatura e L\u00edngua Espanhola (NECLE)\u00a0 Coordena\u00e7\u00e3o: Professora mestra Marta Jussara Frutuoso da Silva. O N\u00facleo de Estudos de Cultura, Literatura e L\u00edngua Espanhola \u2013 NECLE &#8211; do DLE\/CAPF tem como objetivo propiciar o ensino-aprendizagem de l\u00edngua espanhola \u00e0 comunidade do\u00a0Campus\u00a0de Pau dos Ferros, bem como as pessoas das comunidades adjacentes [&hellip;]<\/p>\n","protected":false},"author":1,"featured_media":0,"parent":0,"menu_order":0,"comment_status":"closed","ping_status":"closed","template":"","meta":{"footnotes":""},"class_list":["post-44","page","type-page","status-publish","hentry"],"_links":{"self":[{"href":"https:\/\/portal.uern.br\/paudosferros\/dle\/wp-json\/wp\/v2\/pages\/44","targetHints":{"allow":["GET"]}}],"collection":[{"href":"https:\/\/portal.uern.br\/paudosferros\/dle\/wp-json\/wp\/v2\/pages"}],"about":[{"href":"https:\/\/portal.uern.br\/paudosferros\/dle\/wp-json\/wp\/v2\/types\/page"}],"author":[{"embeddable":true,"href":"https:\/\/portal.uern.br\/paudosferros\/dle\/wp-json\/wp\/v2\/users\/1"}],"replies":[{"embeddable":true,"href":"https:\/\/portal.uern.br\/paudosferros\/dle\/wp-json\/wp\/v2\/comments?post=44"}],"version-history":[{"count":6,"href":"https:\/\/portal.uern.br\/paudosferros\/dle\/wp-json\/wp\/v2\/pages\/44\/revisions"}],"predecessor-version":[{"id":1423,"href":"https:\/\/portal.uern.br\/paudosferros\/dle\/wp-json\/wp\/v2\/pages\/44\/revisions\/1423"}],"wp:attachment":[{"href":"https:\/\/portal.uern.br\/paudosferros\/dle\/wp-json\/wp\/v2\/media?parent=44"}],"curies":[{"name":"wp","href":"https:\/\/api.w.org\/{rel}","templated":true}]}}