{"id":40,"date":"2023-01-31T14:53:14","date_gmt":"2023-01-31T17:53:14","guid":{"rendered":"http:\/\/beta.apps.uern.br\/wordpress\/paudosferros\/dle\/?page_id=40"},"modified":"2026-01-27T09:00:48","modified_gmt":"2026-01-27T12:00:48","slug":"projetos-de-extensao","status":"publish","type":"page","link":"https:\/\/portal.uern.br\/paudosferros\/dle\/projetos-de-extensao\/","title":{"rendered":"Projetos de extens\u00e3o"},"content":{"rendered":"<h2><span style=\"font-size: 12pt\"><strong>Edi\u00e7\u00e3o 2026.1 &#8211; 2026.2 &#8211; Pr\u00f3xima edi\u00e7\u00e3o<\/strong><\/span><\/h2>\n<p><a href=\"https:\/\/portal.uern.br\/paudosferros\/dle\/wp-content\/uploads\/sites\/2\/2026\/01\/ENLACE-2026.pdf\"><strong>ENLACE: Encontros de Literaturas, Artes, Culturas e outras Express\u00f5es &#8211; C\u00edrculos de Leituras<\/strong><\/a><\/p>\n<p>Coordenadora: Professora Dra. Conc\u00edcia Lopes dos Santos<br \/>\nInstagran: @enlace.uern<br \/>\nBlog: enlaceleituras.blogspot.com<\/p>\n<p><a href=\"https:\/\/portal.uern.br\/paudosferros\/dle\/wp-content\/uploads\/sites\/2\/2026\/01\/1-Projeto-English-for-Kids-2026.pdf\"><strong>ENGLISH FOR KIDS: Ingl\u00eas para crian\u00e7as na comunidade<\/strong><\/a><\/p>\n<p>Coordenador: Professor Me. Marcos Antonio da Silva<\/p>\n<p><a href=\"https:\/\/portal.uern.br\/paudosferros\/dle\/wp-content\/uploads\/sites\/2\/2026\/01\/PROJETO-NECLE_Cadastro-no-SIGAA.pdf\"><strong>NECLE: N\u00facleo de Estudos de Cultura, Literatura e L\u00edngua Espanhola<\/strong><\/a><\/p>\n<p>Coordenador: Professor Dr. Francisco Lindenilson Lopes<br \/>\nInstagram: <a href=\"https:\/\/instagram.com\/neclecapf?utm_medium=copy_link\">https:\/\/instagram.com\/neclecapf?utm_medium=copy_link<\/a><br \/>\nEmail: <a href=\"mailto:necle@uern.br\">necle@uern.br<\/a><\/p>\n<p><a href=\"https:\/\/portal.uern.br\/paudosferros\/dle\/wp-content\/uploads\/sites\/2\/2026\/01\/NECLLI-2026-Proposta-Aprovada-no-Siga-A-Mes-de-Setembro-de-2026-1.pdf\"><strong>NECLLI: N\u00facleo de Estudos de Cultura, Literatura e L\u00edngua Inglesa<\/strong><\/a><\/p>\n<p>Coordenador: Professor Dr.\u00a0 Jailson Jos\u00e9 dos Santos<br \/>\nInstagram: <a href=\"https:\/\/instagram.com\/neclli_uernpaudosferros?utm_medium=copy_link\">https:\/\/instagram.com\/neclli_uernpaudosferros?utm_medium=copy_link<\/a><br \/>\nEmail: <a href=\"mailto:neclli@uern.br\">neclli@uern.br<\/a><\/p>\n<p><a href=\"https:\/\/portal.uern.br\/paudosferros\/dle\/wp-content\/uploads\/sites\/2\/2026\/01\/Projeto-de-Extensao-Multiletramentos-academico-cientificos-leitura-e-escrita-na-universidade-4ed-1.pdf\"><strong>(Multi)letramentos acad\u00eamico-cient\u00edficos: Leitura e escrita na Universidade &#8211; 4\u00aa edi\u00e7\u00e3o<\/strong><\/a><\/p>\n<p>Coordenadora: Professora Dra. Jaciara Limeira de Aquino<\/p>\n<p><a href=\"https:\/\/portal.uern.br\/paudosferros\/dle\/wp-content\/uploads\/sites\/2\/2026\/01\/Projeto-1.pdf\"><strong>O conto fant\u00e1stico durante a ditadura militar brasileira: uma escrita de resist\u00eancia<\/strong><\/a><\/p>\n<p>Coordenador: Professor Francisco Edson Gon\u00e7alves Leite<\/p>\n<p><strong>__________________________________________________________________________________<\/strong><\/p>\n<p><span style=\"font-size: 12pt\"><strong>Edi\u00e7\u00e3o 2025.1 &#8211; 2025.2\u00a0<\/strong><\/span><\/p>\n<p><strong>ENLACE: Encontros de Literaturas, Artes, Culturas e outras Express\u00f5es &#8211; C\u00edrculos de Leituras<\/strong><\/p>\n<p>Coordenadora: Professora Dra. Conc\u00edcia Lopes dos Santos<br \/>\nInstagran: <span style=\"color: #0000ff\">@enlace.uern<\/span><br \/>\nBlog: <span style=\"color: #0000ff\">enlaceleituras.blogspot.com<\/span><\/p>\n<p><strong>ENGLISH FOR KIDS: Ingl\u00eas para crian\u00e7as na comunidade<\/strong><\/p>\n<p>Coordenador: Professor Me. Marcos Antonio da Silva<\/p>\n<p><strong>NECLE: N\u00facleo de Estudos de Cultura, Literatura e L\u00edngua Espanhola<\/strong><\/p>\n<p>Coordenadora: Professora Dra. Tatiana Louren\u00e7o de Carvalho<br \/>\nInstagram: <span style=\"color: #0000ff\">https:\/\/instagram.com\/neclecapf?utm_medium=copy_link<\/span><br \/>\nEmail: <span style=\"color: #0000ff\">necle@uern.br<\/span><\/p>\n<p><strong>NECLLI: N\u00facleo de Estudos de Cultura, Literatura e L\u00edngua Inglesa<\/strong><\/p>\n<p>Coordenador: Professor Dr.\u00a0 Jailson Jos\u00e9 dos Santos<br \/>\nInstagram: <span style=\"color: #0000ff\">https:\/\/instagram.com\/neclli_uernpaudosferros?utm_medium=copy_link<\/span><br \/>\nEmail: <span style=\"color: #0000ff\">neclli@uern.br<\/span><\/p>\n<p><strong>(Multi)letramentos acad\u00eamico-cient\u00edficos: Leitura e escrita na Universidade &#8211; 3\u00aa edi\u00e7\u00e3o<\/strong><\/p>\n<p>Coordenadora: Professora Dra. Jaciara Limeira de Aquino<\/p>\n<hr \/>\n<p><span style=\"font-size: 12pt\"><strong>Edi\u00e7\u00e3o 2024.1 &#8211; 2024.2<\/strong><\/span><\/p>\n<ul>\n<li>ENLACE &#8211; Encontros de literaturas, artes, culturas e outras express\u00f5es<\/li>\n<li>ENGLISH FOR KIDS: Ingl\u00eas para crian\u00e7as na comunidade<\/li>\n<li>Multiletramentos acad\u00eamico-cient\u00edficos: leitura e escrita na universidade &#8211; 2a Edi\u00e7\u00e3o<\/li>\n<li>NECLE: N\u00facleo de Estudos de Cultura, Literatura e L\u00edngua Espanhola<\/li>\n<li>NECLLI: N\u00facleo de Estudos de Cultura, Literatura e L\u00edngua Inglesa<\/li>\n<\/ul>\n<hr \/>\n<p><strong>Edi\u00e7\u00e3o 2023.1 &#8211; 2023.2\u00a0<\/strong><\/p>\n<ul>\n<li>ENLACE &#8211; Encontros de literaturas, artes, culturas e outras express\u00f5es<\/li>\n<li>NECLE: N\u00facleo de Estudos de Cultura, Literatura e L\u00edngua Espanhola<\/li>\n<li>ENGLISH FOR KIDS: Ingl\u00eas para crian\u00e7as na comunidade<\/li>\n<li>NECLLI: N\u00facleo de Estudos de Cultura, Literatura e L\u00edngua Inglesa<\/li>\n<li>(Multi)letramentos acad\u00eamico-cient\u00edficos: leitura e escrita na universidade<\/li>\n<\/ul>\n<hr \/>\n<p><strong>Edi\u00e7\u00e3o 2022.1 &#8211; 2022.2\u00a0<\/strong><\/p>\n<ul>\n<li>ENLACE &#8211; Encontros de literaturas, artes, culturas e outras express\u00f5es<\/li>\n<li>NECLE: N\u00facleo de Estudos de Cultura, Literatura e L\u00edngua Espanhola<\/li>\n<li>ENGLISH FOR KIDS: Ingl\u00eas para crian\u00e7as na comunidade<\/li>\n<li>NECLLI: N\u00facleo de Estudos de Cultura, Literatura e L\u00edngua Inglesa<\/li>\n<li><span style=\"font-size: 12pt\">Grava\u00e7\u00e3o de Audiobooks<\/span><\/li>\n<\/ul>\n<hr \/>\n<p><strong>Edi\u00e7\u00e3o 2021.1 &#8211; 2021.2<\/strong><\/p>\n<ul>\n<li>ENLACE &#8211; Encontros de literaturas, artes, culturas e outras express\u00f5es<\/li>\n<li>NECLE: N\u00facleo de Estudos de Cultura, Literatura e L\u00edngua Espanhola<\/li>\n<li>ENGLISH FOR KIDS: Ingl\u00eas para crian\u00e7as na comunidade<\/li>\n<li>NECLLI: N\u00facleo de Estudos de Cultura, Literatura e L\u00edngua Inglesa<\/li>\n<li><span style=\"font-size: 12pt\">Grava\u00e7\u00e3o de Audiobooks<\/span><\/li>\n<\/ul>\n<hr \/>\n<p><strong>Edi\u00e7\u00e3o 2020.1 &#8211; 2020.2\u00a0<\/strong><\/p>\n<ul>\n<li>ENLACE &#8211; Encontros de literaturas, artes, culturas e outras express\u00f5es<\/li>\n<li>NECLE: N\u00facleo de Estudos de Cultura, Literatura e L\u00edngua Espanhola<\/li>\n<li>ENGLISH FOR KIDS: Ingl\u00eas para crian\u00e7as na comunidade<\/li>\n<li>NECLLI: N\u00facleo de Estudos de Cultura, Literatura e L\u00edngua Inglesa<\/li>\n<li><span style=\"font-size: 12pt\">Grava\u00e7\u00e3o de Audiobooks<\/span><\/li>\n<\/ul>\n<hr \/>\n<p><strong>Edi\u00e7\u00e3o 2019.1 &#8211; 2019.2\u00a0<\/strong><\/p>\n<ul>\n<li>ENLACE &#8211; Encontros de literaturas, artes, culturas e outras express\u00f5es<\/li>\n<li>NECLE: N\u00facleo de Estudos de Cultura, Literatura e L\u00edngua Espanhola<\/li>\n<li>ENGLISH FOR KIDS: Ingl\u00eas para crian\u00e7as na comunidade<\/li>\n<li>NECLLI: N\u00facleo de Estudos de Cultura, Literatura e L\u00edngua Inglesa<\/li>\n<\/ul>\n<hr \/>\n<p><strong>Edi\u00e7\u00e3o 2018.1 &#8211; 2018.2<\/strong><\/p>\n<ul>\n<li>ENLACE &#8211; Encontros de literaturas, artes, culturas e outras express\u00f5es<\/li>\n<li>NECLE: N\u00facleo de Estudos de Cultura, Literatura e L\u00edngua Espanhola<\/li>\n<li>ENGLISH FOR KIDS: Ingl\u00eas para crian\u00e7as na comunidade<\/li>\n<li>Um intervalo para a cultura (INPACT)<\/li>\n<li>NECLLI: N\u00facleo de Estudos de Cultura, Literatura e L\u00edngua Inglesa<\/li>\n<li>Pinho meu &#8211; entre o sonho e o som<\/li>\n<\/ul>\n<hr \/>\n<p><span style=\"font-size: 10pt\"><em><strong>*<\/strong>Outras informa\u00e7\u00f5es podem ser solicitadas ao Departamento de Letras Estrangeiras do Campus Avan\u00e7ado de Pau dos Ferros atrav\u00e9s do e-mail:\u00a0 dle_pferros@uern.br.<\/em><\/span><\/p>\n","protected":false},"excerpt":{"rendered":"<p>Edi\u00e7\u00e3o 2026.1 &#8211; 2026.2 &#8211; Pr\u00f3xima edi\u00e7\u00e3o ENLACE: Encontros de Literaturas, Artes, Culturas e outras Express\u00f5es &#8211; C\u00edrculos de Leituras Coordenadora: Professora Dra. Conc\u00edcia Lopes dos Santos Instagran: @enlace.uern Blog: enlaceleituras.blogspot.com ENGLISH FOR KIDS: Ingl\u00eas para crian\u00e7as na comunidade Coordenador: Professor Me. Marcos Antonio da Silva NECLE: N\u00facleo de Estudos de Cultura, Literatura e L\u00edngua [&hellip;]<\/p>\n","protected":false},"author":1,"featured_media":0,"parent":0,"menu_order":0,"comment_status":"closed","ping_status":"closed","template":"","meta":{"footnotes":""},"class_list":["post-40","page","type-page","status-publish","hentry"],"_links":{"self":[{"href":"https:\/\/portal.uern.br\/paudosferros\/dle\/wp-json\/wp\/v2\/pages\/40","targetHints":{"allow":["GET"]}}],"collection":[{"href":"https:\/\/portal.uern.br\/paudosferros\/dle\/wp-json\/wp\/v2\/pages"}],"about":[{"href":"https:\/\/portal.uern.br\/paudosferros\/dle\/wp-json\/wp\/v2\/types\/page"}],"author":[{"embeddable":true,"href":"https:\/\/portal.uern.br\/paudosferros\/dle\/wp-json\/wp\/v2\/users\/1"}],"replies":[{"embeddable":true,"href":"https:\/\/portal.uern.br\/paudosferros\/dle\/wp-json\/wp\/v2\/comments?post=40"}],"version-history":[{"count":31,"href":"https:\/\/portal.uern.br\/paudosferros\/dle\/wp-json\/wp\/v2\/pages\/40\/revisions"}],"predecessor-version":[{"id":2319,"href":"https:\/\/portal.uern.br\/paudosferros\/dle\/wp-json\/wp\/v2\/pages\/40\/revisions\/2319"}],"wp:attachment":[{"href":"https:\/\/portal.uern.br\/paudosferros\/dle\/wp-json\/wp\/v2\/media?parent=40"}],"curies":[{"name":"wp","href":"https:\/\/api.w.org\/{rel}","templated":true}]}}