{"id":31,"date":"2023-01-31T14:46:55","date_gmt":"2023-01-31T17:46:55","guid":{"rendered":"http:\/\/beta.apps.uern.br\/wordpress\/paudosferros\/dle\/?page_id=31"},"modified":"2024-09-16T21:44:44","modified_gmt":"2024-09-17T00:44:44","slug":"grupos-de-pesquisa","status":"publish","type":"page","link":"https:\/\/portal.uern.br\/paudosferros\/dle\/grupos-de-pesquisa\/","title":{"rendered":"Grupos de Pesquisa"},"content":{"rendered":"<p><strong>Grupo de Pesquisa em Estudos Aplicados em L\u00ednguas Estrangeiras (EALE)<\/strong><\/p>\n<p style=\"text-align: justify\">O Grupo de Estudos Aplicados em L\u00ednguas Estrangeiras (EALE) objetiva promover pesquisas, eventos e produ\u00e7\u00e3o cient\u00edfica na \u00e1rea de ensino e aprendizagem de l\u00ednguas estrangeiras, no \u00e2mbito da Lingu\u00edstica Aplicada ao ensino de L\u00ednguas e Literaturas Estrangeiras. O EALE desenvolve ainda pesquisas sobre pr\u00e1ticas de linguagem em diversas perspectivas te\u00f3ricas e aplicadas ao contexto do ensino e aprendizagem de l\u00ednguas estrangeiras. Para mais informa\u00e7\u00f5es, visite o site do grupo de pesquisa atrav\u00e9s deste <span style=\"color: #0000ff\"><a style=\"color: #0000ff\" href=\"https:\/\/sites.google.com\/view\/ealecapf\/p%C3%A1gina-inicial?authuser=0\">link<\/a><\/span>.<\/p>\n<p><strong>Grupo de Estudos Cr\u00edticos da Literatura (GECLIT)<\/strong><\/p>\n<p style=\"text-align: justify\">O Grupo de Estudos Cr\u00edticos da Literatura (GECLIT) foi criado com o objetivo de realizar pesquisas no \u00e2mbito da literatura, considerando as rela\u00e7\u00f5es poss\u00edveis entre o liter\u00e1rio e outras manifesta\u00e7\u00f5es culturais; com enfoque na rela\u00e7\u00e3o entre literatura e sociedade, enfatizando a correla\u00e7\u00e3o entre literatura, mito, identidade, mem\u00f3ria e hist\u00f3ria.<\/p>\n<p><strong>Grupo de Pesquisa em Produ\u00e7\u00e3o e Ensino de Textos (GPET)<\/strong><\/p>\n<p style=\"text-align: justify\">O GPET congrega pesquisadores que investigam as pr\u00e1ticas de produ\u00e7\u00e3o e ensino de texto em contextos diversos de uso. Caracteriza-se por apresentar: (i) diferentes perspectivas te\u00f3ricas de texto e discurso que comungam, entre si, do pressuposto de que a linguagem \u00e9 constitutivamente dial\u00f3gica; e (ii) diferentes estudiosos que investigam, conjuntamente, os processos de produ\u00e7\u00e3o e ensino de texto, interessando-se, em especial, pelos processos de argumenta\u00e7\u00e3o e de funcionalidade do texto. \u00c9 formado por pesquisadores, colaboradores, t\u00e9cnicos e estudantes da UERN e de outras IES nacionais e estrangeiras. Mant\u00e9m uma vincula\u00e7\u00e3o direta com os Programas de P\u00f3s-Gradua\u00e7\u00e3o Stricto Sensu ofertados na UERN, em Pau dos Ferros: Programa de P\u00f3s-Gradua\u00e7\u00e3o em Letras (PPGL), Programa de Mestrado Profissional em Letras, em rede nacional (PROFLETRAS), e Programa de P\u00f3s-Gradua\u00e7\u00e3o em Ensino (PPGE). Vincula-se aos Departamentos de Letras Estrangeiras (DLE) e Vern\u00e1culas (DLV) do Campus da UERN em Pau dos Ferros.<\/p>\n<p><strong>Grupo de Estudos em Intera\u00e7\u00e3o, Texto e Discurso do Alto Oeste Potiguar (GITED)<\/strong><\/p>\n<p style=\"text-align: justify\">O GITED pretende constituir um espa\u00e7o de produ\u00e7\u00e3o e socializa\u00e7\u00e3o do conhecimento em torno do eixo intera\u00e7\u00e3o, texto e discurso, orientado por um vi\u00e9s enunciativo-discursivo. Nesse sentido, o grupo prop\u00f5e assumir como principal dire\u00e7\u00e3o de pesquisa promover estudos e reflex\u00f5es sobre o funcionamento da linguagem e as formas de intera\u00e7\u00e3o humana em pr\u00e1ticas discursivas diversas do mundo contempor\u00e2neo. Em decorr\u00eancia das investiga\u00e7\u00f5es desenvolvidas, pretende, tamb\u00e9m, apresentar contribui\u00e7\u00f5es para o ensino, com foco no trabalho com o texto e o discurso. Como mant\u00e9m uma vincula\u00e7\u00e3o com o Programa de P\u00f3s-Gradua\u00e7\u00e3o em Letras, o Programa de Mestrado Profissional em Letras, em rede nacional\/Campus de Pau dos Ferros (CAPF), e Programa de P\u00f3s-Gradua\u00e7\u00e3o em Ensino, e encontra-se vinculado ao Departamentos de Letras Estrangeiras\/CAPF, o grupo espera contribuir com a forma\u00e7\u00e3o cient\u00edfica e inser\u00e7\u00e3o profissional de estudantes gradua\u00e7\u00e3o e pesquisadores de inicia\u00e7\u00e3o cient\u00edfica, mestrado e doutorado.<\/p>\n<p><strong>Grupo de Estudos do Discurso (GRED)\u00a0<\/strong><\/p>\n<p style=\"text-align: justify\">O Grupo de Estudos do Discurso &#8211; GRED (CAPF\/UERN), inserido no Programa de P\u00f3s- Gradua\u00e7\u00e3o em Letras (PPGL) contribui para que o ensino e a pesquisa do PPGL sejam, cada vez mais verticalizados. Sob esse foco, e tendo em vista os saberes lingu\u00edsticos da modernidade, \u00e9 que os pesquisadores do GRED v\u00eam participando em eventos, tais como: congressos(nacionais e internacionais), col\u00f3quios, semin\u00e1rios e outros. Al\u00e9m disso, v\u00eam publicando textos de relev\u00e2ncia acad\u00eamica(artigos, livros, resenha, etc. ) com o objetivo de apresentar e difundir resultados de suas pesquisas , cujo corpus, com foco na An\u00e1lise do Discurso, permitem (re)pensar os sentidos do discurso, a partir dos aspectos hist\u00f3rico, anal\u00edtico-pragm\u00e1tico, pol\u00edtico, social e ideol\u00f3gico-cultural.<\/p>\n","protected":false},"excerpt":{"rendered":"<p>Grupo de Pesquisa em Estudos Aplicados em L\u00ednguas Estrangeiras (EALE) O Grupo de Estudos Aplicados em L\u00ednguas Estrangeiras (EALE) objetiva promover pesquisas, eventos e produ\u00e7\u00e3o cient\u00edfica na \u00e1rea de ensino e aprendizagem de l\u00ednguas estrangeiras, no \u00e2mbito da Lingu\u00edstica Aplicada ao ensino de L\u00ednguas e Literaturas Estrangeiras. O EALE desenvolve ainda pesquisas sobre pr\u00e1ticas de [&hellip;]<\/p>\n","protected":false},"author":1,"featured_media":0,"parent":0,"menu_order":0,"comment_status":"closed","ping_status":"closed","template":"","meta":{"footnotes":""},"class_list":["post-31","page","type-page","status-publish","hentry"],"_links":{"self":[{"href":"https:\/\/portal.uern.br\/paudosferros\/dle\/wp-json\/wp\/v2\/pages\/31","targetHints":{"allow":["GET"]}}],"collection":[{"href":"https:\/\/portal.uern.br\/paudosferros\/dle\/wp-json\/wp\/v2\/pages"}],"about":[{"href":"https:\/\/portal.uern.br\/paudosferros\/dle\/wp-json\/wp\/v2\/types\/page"}],"author":[{"embeddable":true,"href":"https:\/\/portal.uern.br\/paudosferros\/dle\/wp-json\/wp\/v2\/users\/1"}],"replies":[{"embeddable":true,"href":"https:\/\/portal.uern.br\/paudosferros\/dle\/wp-json\/wp\/v2\/comments?post=31"}],"version-history":[{"count":5,"href":"https:\/\/portal.uern.br\/paudosferros\/dle\/wp-json\/wp\/v2\/pages\/31\/revisions"}],"predecessor-version":[{"id":1685,"href":"https:\/\/portal.uern.br\/paudosferros\/dle\/wp-json\/wp\/v2\/pages\/31\/revisions\/1685"}],"wp:attachment":[{"href":"https:\/\/portal.uern.br\/paudosferros\/dle\/wp-json\/wp\/v2\/media?parent=31"}],"curies":[{"name":"wp","href":"https:\/\/api.w.org\/{rel}","templated":true}]}}