{"id":27,"date":"2023-01-31T14:42:04","date_gmt":"2023-01-31T17:42:04","guid":{"rendered":"http:\/\/beta.apps.uern.br\/wordpress\/paudosferros\/dle\/?page_id=27"},"modified":"2026-04-27T19:56:56","modified_gmt":"2026-04-27T22:56:56","slug":"projetos-de-ensino","status":"publish","type":"page","link":"https:\/\/portal.uern.br\/paudosferros\/dle\/projetos-de-ensino\/","title":{"rendered":"PEG"},"content":{"rendered":"<h5>2026.1 e 2026.2<\/h5>\n<p><strong data-start=\"62\" data-end=\"74\">Projeto:<\/strong> Audiodescri\u00e7\u00e3o aplicada ao ensino de espanhol e \u00e0 forma\u00e7\u00e3o discente em Letras.<br data-start=\"153\" data-end=\"156\" \/><strong data-start=\"156\" data-end=\"173\" data-is-only-node=\"\">Coordenadora:<\/strong> Profa. Dra. Edilene Rodrigues Barbosa.\u00a0<br data-start=\"153\" data-end=\"156\" \/>Projeto deferido no \u00e2mbito do <a href=\"https:\/\/portal.uern.br\/paudosferros\/dle\/wp-content\/uploads\/sites\/2\/2026\/04\/ANEXO-UNICO-DO-EDITAL-No-112_2025-\u2013-PROEG_UERN.pdf\">Edital n\u00ba 112\/2025 \u2013 PROEG\/UERN<\/a>.<\/p>\n<p><strong data-start=\"62\" data-end=\"74\">Projeto:<\/strong> Ensino e aprendizagem de L\u00edngua Espanhola a partir de corpora online: recursos digitais para a pesquisa e a pr\u00e1tica pedag\u00f3gica.<br data-start=\"153\" data-end=\"156\" \/><strong data-start=\"156\" data-end=\"173\" data-is-only-node=\"\">Coordenador:<\/strong> Prof. Dr. Francisco Lindenilson Lopes.\u00a0<br data-start=\"153\" data-end=\"156\" \/>Projeto deferido no \u00e2mbito do Edital n\u00ba 112\/2025 \u2013 PROEG\/UERN &#8211; (<span style=\"color: #800000\">cancelado pelo proponente<\/span>).<\/p>\n<hr \/>\n<h5>2025.1 e 2025.2<\/h5>\n<p>O DLE\/CAPF n\u00e3o teve propostas de Projetos de Ensino para os semestres 2025.1 e 2025.2, conforme pode ser consultado no <a href=\"https:\/\/portal.uern.br\/proeg\/wp-content\/uploads\/2024\/09\/Anexo-do-Edital-122-2024-PEG-resultado-preliminar-inscricao-2025.1-e-2025.2.pdf\">Edital 122\/2024 \u2013 PROEG\/UERN<\/a><\/p>\n<hr \/>\n<h5>2024.2<\/h5>\n<p>O DLE\/CAPF n\u00e3o teve propostas de Projetos de Ensino para o semestre 2024.2, conforme pode ser consultado no <a href=\"https:\/\/portal.uern.br\/wp-content\/uploads\/2024\/05\/EDITAL-No-79_2024-%E2%80%93-PROEG_UERN-RESULTADO-FINAL-DA-1%C2%B0-ETAPA.pdf\">Edital 79\/2024 \u2013 PROEG\/UERN<\/a><\/p>\n<hr \/>\n<h5>2024.1<\/h5>\n<p>O DLE\/CAPF n\u00e3o teve propostas de Projetos de Ensino para o semestre 2024.1, conforme pode ser consultado no <a href=\"https:\/\/mail-attachment.googleusercontent.com\/attachment\/u\/0\/?ui=2&amp;ik=1938656e40&amp;attid=0.1&amp;permmsgid=msg-f:1780657224491841072&amp;th=18b62a4fb491b630&amp;view=att&amp;disp=inline&amp;realattid=f_lo3e9vql0&amp;saddbat=ANGjdJ_DEyLvUadiHuzb31d3W5WsXJkJkgwxa0TqQzbzLDnXqjEKoFeEZi6wreeUyJyyzVfTlM2lLh5hQ2yXYfkVH7gKUQDR0jgrHPzLkMpl69DeSUW3ESBqazQbAY66wiL4M46595rJTtqL0i4_I3d6ZhgUjuuF2lTonQ1qBNj9d38Fv6fzNsCpH6Ntk4Kt9GZcyK6VHZGFfOtIGGnO21iXGVPuANYZbc-O_yFDqZ7qa_tnYdr_w_Cf8fm4tGRBC3G2zQ_i57Nj6pew3Kubw57WBJ8oXYtfQUCBv-VlkqGIgOc-gxr6m6cgn6iW4stxYql6UjW9hfqF5PRYxazL0FC8KPY1b_uzhbPkvL25DuaY6m8K1HUzOCiw-TW-9xFcxb1SY0eSTSHcnGxduAns5E5rR6-n28Qu0Rawabc1utdbZIu_RP3u39tnjyHAK8DTsUyZZ9lNekVZG60UY0isYl9rS-JogxhO8Bb6k90VdpDqNOs_6qIwtU3NOWpfaKNl7cXfVtc5olsBFPp5W4symiCqjctiwArOauq2Bz_DtawPIiSOB-4dL9m5NXqz_eHGgRVcybn0IrjsNfg0pNsJQTvfYfGkgACfiTIfRdn_NsEXpbUWzjozaK3_s__B7OQGgn-bytFcenUOugQ7YHLGN9qgw3A0UcTDS_B7JMqZK6kJkRddQN0xWq6oHXV7-ScSQa5yw6qEBBjOkFM6t9EuXoi6a2rnPk5I5CCAhE2DMhQsmd9EYXzaDQC3GDkAFJsHz8lIqYuTOjoZyATRulprvCSiwvkKc2-ZnGxOKfWL07UE2fEtIlONW2Z41T2j6qHctPvCrsYjFGZfDQdLDJPQeYI0t7-7gGr5QK-bK96_MXlSVHCB1Zl13g2kCa_0JTl5A_TINA6cKMWppyp0gxrK8MxrMs-NaycD3lE80PRS-S8nBApylIGQypTYgYWRaTgaErxw6eb7jt8BzbCnbdXfFQ8q2FinaV3-HumZ_Fxz-5PUZ8F79vd4RpcDiE-5seQ6sfs2L0c8ZG5sYAV6-3hDh_Z95xQIljdGRDhsnAY4NA\">Edital 224\/2023 \u2013 PROEG\/UERN<\/a><\/p>\n<hr \/>\n<h5>2023.2<\/h5>\n<p>O DLE\/CAPF n\u00e3o teve propostas de Projetos de Ensino para o semestre 2023.2, conforme pode ser consultado no <a href=\"https:\/\/portal.uern.br\/wp-content\/uploads\/2023\/07\/Edital-154.2023-Proeg-Resultado-Projetos-de-Ensino-2023.2.pdf\"><span style=\"color: #0000ff\">Edital 154\/2023 \u2013 PROEG\/UERN.<\/span><\/a><\/p>\n<hr \/>\n<h5>2023.1<\/h5>\n<p><strong data-start=\"62\" data-end=\"74\">Projeto:<\/strong> G\u00eaneros textuais discursivos em materiais did\u00e1ticos para ensino de l\u00edngua inglesa: apontamentos metodol\u00f3gicos para o ensino m\u00e9dio.<br data-start=\"153\" data-end=\"156\" \/><strong data-start=\"156\" data-end=\"173\" data-is-only-node=\"\">Coordenador:<\/strong> Prof. Dr. Jailson Jos\u00e9 dos Santos.<\/p>\n<hr \/>\n<p><em><span style=\"font-size: 10pt\"><strong>*<\/strong>Informa\u00e7\u00f5es sobre as edi\u00e7\u00f5es podem ser solicitadas ao Departamento de Letras Estrangeiras do Campus Avan\u00e7ado de Pau dos Ferros atrav\u00e9s do e-mail:\u00a0 dle_pferros@uern.br.<\/span><\/em><\/p>\n","protected":false},"excerpt":{"rendered":"<p>2026.1 e 2026.2 Projeto: Audiodescri\u00e7\u00e3o aplicada ao ensino de espanhol e \u00e0 forma\u00e7\u00e3o discente em Letras.Coordenadora: Profa. Dra. Edilene Rodrigues Barbosa.\u00a0Projeto deferido no \u00e2mbito do Edital n\u00ba 112\/2025 \u2013 PROEG\/UERN. Projeto: Ensino e aprendizagem de L\u00edngua Espanhola a partir de corpora online: recursos digitais para a pesquisa e a pr\u00e1tica pedag\u00f3gica.Coordenador: Prof. Dr. Francisco Lindenilson [&hellip;]<\/p>\n","protected":false},"author":1,"featured_media":0,"parent":0,"menu_order":0,"comment_status":"closed","ping_status":"closed","template":"","meta":{"footnotes":""},"class_list":["post-27","page","type-page","status-publish","hentry"],"_links":{"self":[{"href":"https:\/\/portal.uern.br\/paudosferros\/dle\/wp-json\/wp\/v2\/pages\/27","targetHints":{"allow":["GET"]}}],"collection":[{"href":"https:\/\/portal.uern.br\/paudosferros\/dle\/wp-json\/wp\/v2\/pages"}],"about":[{"href":"https:\/\/portal.uern.br\/paudosferros\/dle\/wp-json\/wp\/v2\/types\/page"}],"author":[{"embeddable":true,"href":"https:\/\/portal.uern.br\/paudosferros\/dle\/wp-json\/wp\/v2\/users\/1"}],"replies":[{"embeddable":true,"href":"https:\/\/portal.uern.br\/paudosferros\/dle\/wp-json\/wp\/v2\/comments?post=27"}],"version-history":[{"count":19,"href":"https:\/\/portal.uern.br\/paudosferros\/dle\/wp-json\/wp\/v2\/pages\/27\/revisions"}],"predecessor-version":[{"id":2335,"href":"https:\/\/portal.uern.br\/paudosferros\/dle\/wp-json\/wp\/v2\/pages\/27\/revisions\/2335"}],"wp:attachment":[{"href":"https:\/\/portal.uern.br\/paudosferros\/dle\/wp-json\/wp\/v2\/media?parent=27"}],"curies":[{"name":"wp","href":"https:\/\/api.w.org\/{rel}","templated":true}]}}