{"id":2138,"date":"2025-08-22T21:26:56","date_gmt":"2025-08-23T00:26:56","guid":{"rendered":"https:\/\/portal.uern.br\/paudosferros\/dle\/?page_id=2138"},"modified":"2026-04-27T21:13:55","modified_gmt":"2026-04-28T00:13:55","slug":"premios","status":"publish","type":"page","link":"https:\/\/portal.uern.br\/paudosferros\/dle\/premios\/","title":{"rendered":"Pr\u00eamios"},"content":{"rendered":"<p style=\"text-align: justify\" data-start=\"0\" data-end=\"266\"><strong data-start=\"0\" data-end=\"39\">2025 \u2013 XI Sal\u00e3o de Extens\u00e3o da UERN<\/strong><br data-start=\"39\" data-end=\"42\" \/>O projeto \u201cEnglish for Kids: ingl\u00eas para crian\u00e7as na comunidade\u201d, coordenado pelo Prof. Me. Marcos Antonio da Silva, obteve o <strong>3\u00ba lugar na sele\u00e7\u00e3o de trabalhos do XI Sal\u00e3o de Extens\u00e3o da UERN, na respectiva unidade acad\u00eamica<\/strong>.<\/p>\n<p style=\"text-align: justify\" data-start=\"268\" data-end=\"551\"><strong data-start=\"268\" data-end=\"319\">2024 \u2013 XX Sal\u00e3o de Inicia\u00e7\u00e3o Cient\u00edfica da UERN<\/strong><br data-start=\"319\" data-end=\"322\" \/>O trabalho \u201cExplorando a ideologia capitalista: o contexto dos anos 1980 em <em data-start=\"398\" data-end=\"411\">Tim O\u2019Brien<\/em>\u201d, vinculado ao projeto PIBIC coordenado pelo Prof. Dr. Charles Albuquerque Ponte, obteve o <strong>1\u00ba lugar na \u00e1rea de Lingu\u00edstica, Letras e Artes<\/strong>.<\/p>\n<p style=\"text-align: justify\" data-start=\"553\" data-end=\"879\"><strong data-start=\"553\" data-end=\"606\">2021 \u2013 XVII Sal\u00e3o de Inicia\u00e7\u00e3o Cient\u00edfica da UERN<\/strong><br data-start=\"606\" data-end=\"609\" \/>O trabalho \u201cLiteratura e ativismo: rela\u00e7\u00f5es entre Chimamanda Ngozi Adichie, Concei\u00e7\u00e3o Evaristo e Cristiane Sobral\u201d, da discente Ana Caroline Freire Pessoa, sob orienta\u00e7\u00e3o da Profa. Dra. Conc\u00edsia Lopes dos Santos, obteve o <strong>3\u00ba lugar na \u00e1rea de Lingu\u00edstica, Letras e Artes<\/strong>.<\/p>\n<p style=\"text-align: justify\" data-start=\"881\" data-end=\"1227\" data-is-last-node=\"\" data-is-only-node=\"\"><strong data-start=\"881\" data-end=\"932\">2019 \u2013 XV Sal\u00e3o de Inicia\u00e7\u00e3o Cient\u00edfica da UERN<\/strong><br data-start=\"932\" data-end=\"935\" \/>O trabalho \u201cDiscursos sobre a escrita de textos cient\u00edficos em pr\u00e1ticas comunicativas da internet: uma an\u00e1lise de v\u00eddeos do YouTube\u201d, da discente Nara Karolina de Oliveira Silva, sob orienta\u00e7\u00e3o do Prof. Dr. Jos\u00e9 Cezinaldo Rocha Bessa, obteve o <strong>1\u00ba lugar na \u00e1rea de Lingu\u00edstica, Letras e Artes<\/strong>.<\/p>\n","protected":false},"excerpt":{"rendered":"<p>2025 \u2013 XI Sal\u00e3o de Extens\u00e3o da UERNO projeto \u201cEnglish for Kids: ingl\u00eas para crian\u00e7as na comunidade\u201d, coordenado pelo Prof. Me. Marcos Antonio da Silva, obteve o 3\u00ba lugar na sele\u00e7\u00e3o de trabalhos do XI Sal\u00e3o de Extens\u00e3o da UERN, na respectiva unidade acad\u00eamica. 2024 \u2013 XX Sal\u00e3o de Inicia\u00e7\u00e3o Cient\u00edfica da UERNO trabalho \u201cExplorando [&hellip;]<\/p>\n","protected":false},"author":10,"featured_media":0,"parent":0,"menu_order":0,"comment_status":"closed","ping_status":"closed","template":"","meta":{"footnotes":""},"class_list":["post-2138","page","type-page","status-publish","hentry"],"_links":{"self":[{"href":"https:\/\/portal.uern.br\/paudosferros\/dle\/wp-json\/wp\/v2\/pages\/2138","targetHints":{"allow":["GET"]}}],"collection":[{"href":"https:\/\/portal.uern.br\/paudosferros\/dle\/wp-json\/wp\/v2\/pages"}],"about":[{"href":"https:\/\/portal.uern.br\/paudosferros\/dle\/wp-json\/wp\/v2\/types\/page"}],"author":[{"embeddable":true,"href":"https:\/\/portal.uern.br\/paudosferros\/dle\/wp-json\/wp\/v2\/users\/10"}],"replies":[{"embeddable":true,"href":"https:\/\/portal.uern.br\/paudosferros\/dle\/wp-json\/wp\/v2\/comments?post=2138"}],"version-history":[{"count":5,"href":"https:\/\/portal.uern.br\/paudosferros\/dle\/wp-json\/wp\/v2\/pages\/2138\/revisions"}],"predecessor-version":[{"id":2348,"href":"https:\/\/portal.uern.br\/paudosferros\/dle\/wp-json\/wp\/v2\/pages\/2138\/revisions\/2348"}],"wp:attachment":[{"href":"https:\/\/portal.uern.br\/paudosferros\/dle\/wp-json\/wp\/v2\/media?parent=2138"}],"curies":[{"name":"wp","href":"https:\/\/api.w.org\/{rel}","templated":true}]}}