{"id":2107,"date":"2025-08-22T19:57:20","date_gmt":"2025-08-22T22:57:20","guid":{"rendered":"https:\/\/portal.uern.br\/paudosferros\/dle\/?page_id=2107"},"modified":"2025-08-22T20:08:23","modified_gmt":"2025-08-22T23:08:23","slug":"apresentacao-2","status":"publish","type":"page","link":"https:\/\/portal.uern.br\/paudosferros\/dle\/apresentacao-2\/","title":{"rendered":"Apresenta\u00e7\u00e3o"},"content":{"rendered":"<h4>Objetivo geral dos Cursos de Letras L\u00edngua Inglesa e Letras L\u00edngua Espanhola:<\/h4>\n<p style=\"text-align: justify\">Formar profissionais na \u00e1rea de linguagem, atrav\u00e9s de discuss\u00f5es te\u00f3ricas e viv\u00eancias pr\u00e1ticas em atividades de ensino, pesquisa e extens\u00e3o, proporcionando ao graduando oportunidades para refletir, compreender, criticar e aplicar diferentes teorias e abordagens de ensino, de modo que possa atuar conscientemente na constru\u00e7\u00e3o de conhecimentos sobre l\u00edngua inglesa\/espanhola e suas literaturas, com vistas a uma pedagogia culturalmente sens\u00edvel, cr\u00edtica e humanizadora.<\/p>\n","protected":false},"excerpt":{"rendered":"<p>Objetivo geral dos Cursos de Letras L\u00edngua Inglesa e Letras L\u00edngua Espanhola: Formar profissionais na \u00e1rea de linguagem, atrav\u00e9s de discuss\u00f5es te\u00f3ricas e viv\u00eancias pr\u00e1ticas em atividades de ensino, pesquisa e extens\u00e3o, proporcionando ao graduando oportunidades para refletir, compreender, criticar e aplicar diferentes teorias e abordagens de ensino, de modo que possa atuar conscientemente na [&hellip;]<\/p>\n","protected":false},"author":10,"featured_media":0,"parent":0,"menu_order":0,"comment_status":"closed","ping_status":"closed","template":"","meta":{"footnotes":""},"class_list":["post-2107","page","type-page","status-publish","hentry"],"_links":{"self":[{"href":"https:\/\/portal.uern.br\/paudosferros\/dle\/wp-json\/wp\/v2\/pages\/2107","targetHints":{"allow":["GET"]}}],"collection":[{"href":"https:\/\/portal.uern.br\/paudosferros\/dle\/wp-json\/wp\/v2\/pages"}],"about":[{"href":"https:\/\/portal.uern.br\/paudosferros\/dle\/wp-json\/wp\/v2\/types\/page"}],"author":[{"embeddable":true,"href":"https:\/\/portal.uern.br\/paudosferros\/dle\/wp-json\/wp\/v2\/users\/10"}],"replies":[{"embeddable":true,"href":"https:\/\/portal.uern.br\/paudosferros\/dle\/wp-json\/wp\/v2\/comments?post=2107"}],"version-history":[{"count":3,"href":"https:\/\/portal.uern.br\/paudosferros\/dle\/wp-json\/wp\/v2\/pages\/2107\/revisions"}],"predecessor-version":[{"id":2110,"href":"https:\/\/portal.uern.br\/paudosferros\/dle\/wp-json\/wp\/v2\/pages\/2107\/revisions\/2110"}],"wp:attachment":[{"href":"https:\/\/portal.uern.br\/paudosferros\/dle\/wp-json\/wp\/v2\/media?parent=2107"}],"curies":[{"name":"wp","href":"https:\/\/api.w.org\/{rel}","templated":true}]}}