{"id":1810,"date":"2024-09-18T21:01:52","date_gmt":"2024-09-19T00:01:52","guid":{"rendered":"https:\/\/portal.uern.br\/paudosferros\/dle\/?page_id=1810"},"modified":"2026-01-27T08:16:29","modified_gmt":"2026-01-27T11:16:29","slug":"portarias-2","status":"publish","type":"page","link":"https:\/\/portal.uern.br\/paudosferros\/dle\/portarias-2\/","title":{"rendered":"Portarias"},"content":{"rendered":"<p>2026.1 &#8211; As atividades desta comiss\u00e3o foram integradas \u00e0s fun\u00e7\u00f5es do NDE (Memorando-Circular n\u00ba 9\/2025\/UERN &#8211; AAI\/UERN &#8211; REITORIA)<\/p>\n<p>2025.2 \u2013 <a href=\"https:\/\/portal.uern.br\/paudosferros\/dle\/wp-content\/uploads\/sites\/2\/2026\/01\/COSE-Ingles-2025.2.pdf\">Ingl\u00eas<\/a> \u00a6 <a href=\"https:\/\/portal.uern.br\/paudosferros\/dle\/wp-content\/uploads\/sites\/2\/2026\/01\/Portaria-COSE-ESPANHOL-Vigencia-2025.2-1.pdf\">Espanhol<\/a><\/p>\n<p>2025.1 &#8211; <a href=\"https:\/\/portal.uern.br\/paudosferros\/dle\/wp-content\/uploads\/sites\/2\/2025\/03\/Portaria-COSE-INGLES.pdf\">Ingl\u00eas<\/a> \u00a6 <a href=\"https:\/\/portal.uern.br\/paudosferros\/dle\/wp-content\/uploads\/sites\/2\/2025\/03\/Portaria-COSE-ESPANHOL-2.pdf\">Espanhol<\/a><\/p>\n<p>2024.2 &#8211; <a href=\"https:\/\/portal.uern.br\/paudosferros\/dle\/wp-content\/uploads\/sites\/2\/2024\/09\/COSE-INGLES-2024.2.pdf\">Ingl\u00eas<\/a> \u00a6 <a href=\"https:\/\/portal.uern.br\/paudosferros\/dle\/wp-content\/uploads\/sites\/2\/2024\/09\/COSE-ESPANHOL-2024.2.pdf\">Espanhol<\/a><\/p>\n<p>2024.1 &#8211; <a href=\"https:\/\/portal.uern.br\/paudosferros\/dle\/wp-content\/uploads\/sites\/2\/2024\/09\/2024.1.pdf\">Ingl\u00eas<\/a> \u00a6 <a href=\"https:\/\/portal.uern.br\/paudosferros\/dle\/wp-content\/uploads\/sites\/2\/2024\/09\/Portaria-COSE-ESPANHOL-2024.1-.pdf\">Espanhol<\/a><\/p>\n<p>2023.2 &#8211; <a href=\"https:\/\/portal.uern.br\/paudosferros\/dle\/wp-content\/uploads\/sites\/2\/2024\/09\/2023.2.pdf\">Ingl\u00eas<\/a> \u00a6 <a href=\"https:\/\/portal.uern.br\/paudosferros\/dle\/wp-content\/uploads\/sites\/2\/2024\/09\/COSE-ESPANHOL-2023.2.pdf\">Espanhol<\/a><\/p>\n<p>2023.1 &#8211; <a href=\"https:\/\/portal.uern.br\/paudosferros\/dle\/wp-content\/uploads\/sites\/2\/2024\/09\/2023.1.pdf\">Ingl\u00eas e Espanhol<\/a><\/p>\n<p>2022.2 &#8211; <a href=\"https:\/\/portal.uern.br\/paudosferros\/dle\/wp-content\/uploads\/sites\/2\/2024\/09\/2022.2.pdf\">Ingl\u00eas e Espanhol<\/a><\/p>\n<p>2021.2 a 2022.1 &#8211; <a href=\"https:\/\/portal.uern.br\/paudosferros\/dle\/wp-content\/uploads\/sites\/2\/2024\/09\/2021.2-e-2022.1.pdf\">Ingl\u00eas e Espanhol<\/a><\/p>\n<p>2021.1 &#8211; <a href=\"https:\/\/portal.uern.br\/paudosferros\/dle\/wp-content\/uploads\/sites\/2\/2024\/09\/2021.1-1.pdf\">Ingl\u00eas e Espanhol<\/a><\/p>\n<p>2019 a 2020.2 &#8211; <a href=\"https:\/\/portal.uern.br\/paudosferros\/dle\/wp-content\/uploads\/sites\/2\/2024\/09\/2019.1-a-2020.2.pdf\">Ingl\u00eas e Espanhol<\/a><\/p>\n","protected":false},"excerpt":{"rendered":"<p>2026.1 &#8211; As atividades desta comiss\u00e3o foram integradas \u00e0s fun\u00e7\u00f5es do NDE (Memorando-Circular n\u00ba 9\/2025\/UERN &#8211; AAI\/UERN &#8211; REITORIA) 2025.2 \u2013 Ingl\u00eas \u00a6 Espanhol 2025.1 &#8211; Ingl\u00eas \u00a6 Espanhol 2024.2 &#8211; Ingl\u00eas \u00a6 Espanhol 2024.1 &#8211; Ingl\u00eas \u00a6 Espanhol 2023.2 &#8211; Ingl\u00eas \u00a6 Espanhol 2023.1 &#8211; Ingl\u00eas e Espanhol 2022.2 &#8211; Ingl\u00eas e Espanhol 2021.2 [&hellip;]<\/p>\n","protected":false},"author":10,"featured_media":0,"parent":0,"menu_order":0,"comment_status":"closed","ping_status":"closed","template":"","meta":{"footnotes":""},"class_list":["post-1810","page","type-page","status-publish","hentry"],"_links":{"self":[{"href":"https:\/\/portal.uern.br\/paudosferros\/dle\/wp-json\/wp\/v2\/pages\/1810","targetHints":{"allow":["GET"]}}],"collection":[{"href":"https:\/\/portal.uern.br\/paudosferros\/dle\/wp-json\/wp\/v2\/pages"}],"about":[{"href":"https:\/\/portal.uern.br\/paudosferros\/dle\/wp-json\/wp\/v2\/types\/page"}],"author":[{"embeddable":true,"href":"https:\/\/portal.uern.br\/paudosferros\/dle\/wp-json\/wp\/v2\/users\/10"}],"replies":[{"embeddable":true,"href":"https:\/\/portal.uern.br\/paudosferros\/dle\/wp-json\/wp\/v2\/comments?post=1810"}],"version-history":[{"count":13,"href":"https:\/\/portal.uern.br\/paudosferros\/dle\/wp-json\/wp\/v2\/pages\/1810\/revisions"}],"predecessor-version":[{"id":2296,"href":"https:\/\/portal.uern.br\/paudosferros\/dle\/wp-json\/wp\/v2\/pages\/1810\/revisions\/2296"}],"wp:attachment":[{"href":"https:\/\/portal.uern.br\/paudosferros\/dle\/wp-json\/wp\/v2\/media?parent=1810"}],"curies":[{"name":"wp","href":"https:\/\/api.w.org\/{rel}","templated":true}]}}