{"id":1392,"date":"2024-05-02T08:37:46","date_gmt":"2024-05-02T11:37:46","guid":{"rendered":"https:\/\/portal.uern.br\/paudosferros\/dle\/?page_id=1392"},"modified":"2024-09-18T21:22:57","modified_gmt":"2024-09-19T00:22:57","slug":"nucleo-docente-estruturante-nde","status":"publish","type":"page","link":"https:\/\/portal.uern.br\/paudosferros\/dle\/nucleo-docente-estruturante-nde\/","title":{"rendered":"N\u00facleo Docente Estruturante &#8211; NDE"},"content":{"rendered":"<p style=\"text-align: left\"><span style=\"font-weight: 400\">O NDE \u00e9 uma comiss\u00e3o permanente vinculada aos Departamentos Acad\u00eamicos, caracterizada por sua natureza propositiva, consultiva e executiva, respons\u00e1vel pela concep\u00e7\u00e3o e consolida\u00e7\u00e3o dos cursos de gradua\u00e7\u00e3o. Seu papel \u00e9 desenvolver atividades em conson\u00e2ncia com as entidades representativas de professores e aluno <\/span><span style=\"font-weight: 400\">da UERN, considerando as demandas sociais locais, diretrizes curriculares nacionais e a miss\u00e3o da universidade.<\/span><\/p>\n<p style=\"text-align: left\"><span style=\"font-weight: 400\">Os princ\u00edpios norteadores do NDE abrangem a forma\u00e7\u00e3o para a cidadania, a interdisciplinaridade, a articula\u00e7\u00e3o teoria-pr\u00e1tica, a contextualiza\u00e7\u00e3o, a constru\u00e7\u00e3o coletiva, o respeito aos saberes dos educandos, o curr\u00edculo alinhado com as demandas sociais, a forma\u00e7\u00e3o continuada do corpo docente, a gest\u00e3o democr\u00e1tica, a integra\u00e7\u00e3o de tecnologias da informa\u00e7\u00e3o e comunica\u00e7\u00e3o, o est\u00e1gio supervisionado como elemento integrador e a avalia\u00e7\u00e3o formativa.<\/span><\/p>\n<p style=\"text-align: left\"><span style=\"font-weight: 400\">Suas atribui\u00e7\u00f5es incluem formular e atualizar o Projeto Pedag\u00f3gico do Curso (PPC), acompanhar sua implanta\u00e7\u00e3o, contribuir na discuss\u00e3o do est\u00e1gio supervisionado, propor atividades para fomentar a interdisciplinaridade e a articula\u00e7\u00e3o teoria-pr\u00e1tica, acompanhar a produ\u00e7\u00e3o dos Trabalhos de Conclus\u00e3o de Curso (TCC), orientar os docentes na elabora\u00e7\u00e3o dos Programas Gerais dos Componentes Curriculares (PGCC), entre outras.<\/span><\/p>\n<p style=\"text-align: left\"><span style=\"font-weight: 400\">O NDE \u00e9 composto pelo Chefe do Departamento ou Coordenador do Curso, Orientador Acad\u00eamico, Coordenador de Est\u00e1gio Supervisionado Obrigat\u00f3rio e, no m\u00ednimo, dois professores do curso que n\u00e3o exercem fun\u00e7\u00e3o administrativa. Os membros devem ser eleitos em plen\u00e1ria do Departamento, ter v\u00ednculo efetivo com a UERN, regime de trabalho de tempo integral (40h) e atender aos crit\u00e9rios de lideran\u00e7a acad\u00eamica, envolvimento com quest\u00f5es pedag\u00f3gicas, comprometimento com estrat\u00e9gias do Departamento, preferencialmente com produ\u00e7\u00e3o cient\u00edfica na \u00e1rea do curso.\u00a0<\/span><\/p>\n<p>Para maiores informa\u00e7\u00f5es, acesso o <em>site<\/em>:<a href=\"https:\/\/sites.google.com\/uern.br\/nde-espanhol\"> NDE &#8211; Letras L\u00edngua Espanhola<\/a><\/p>\n<p>Para maiores informa\u00e7\u00f5es, acesso o <em>site<\/em>: NDE \u2013 Letras L\u00edngua Inglesa (em breve ser\u00e1 disponibilizado)<\/p>\n","protected":false},"excerpt":{"rendered":"<p>O NDE \u00e9 uma comiss\u00e3o permanente vinculada aos Departamentos Acad\u00eamicos, caracterizada por sua natureza propositiva, consultiva e executiva, respons\u00e1vel pela concep\u00e7\u00e3o e consolida\u00e7\u00e3o dos cursos de gradua\u00e7\u00e3o. Seu papel \u00e9 desenvolver atividades em conson\u00e2ncia com as entidades representativas de professores e aluno da UERN, considerando as demandas sociais locais, diretrizes curriculares nacionais e a miss\u00e3o [&hellip;]<\/p>\n","protected":false},"author":11,"featured_media":0,"parent":0,"menu_order":0,"comment_status":"closed","ping_status":"closed","template":"","meta":{"footnotes":""},"class_list":["post-1392","page","type-page","status-publish","hentry"],"_links":{"self":[{"href":"https:\/\/portal.uern.br\/paudosferros\/dle\/wp-json\/wp\/v2\/pages\/1392","targetHints":{"allow":["GET"]}}],"collection":[{"href":"https:\/\/portal.uern.br\/paudosferros\/dle\/wp-json\/wp\/v2\/pages"}],"about":[{"href":"https:\/\/portal.uern.br\/paudosferros\/dle\/wp-json\/wp\/v2\/types\/page"}],"author":[{"embeddable":true,"href":"https:\/\/portal.uern.br\/paudosferros\/dle\/wp-json\/wp\/v2\/users\/11"}],"replies":[{"embeddable":true,"href":"https:\/\/portal.uern.br\/paudosferros\/dle\/wp-json\/wp\/v2\/comments?post=1392"}],"version-history":[{"count":8,"href":"https:\/\/portal.uern.br\/paudosferros\/dle\/wp-json\/wp\/v2\/pages\/1392\/revisions"}],"predecessor-version":[{"id":1824,"href":"https:\/\/portal.uern.br\/paudosferros\/dle\/wp-json\/wp\/v2\/pages\/1392\/revisions\/1824"}],"wp:attachment":[{"href":"https:\/\/portal.uern.br\/paudosferros\/dle\/wp-json\/wp\/v2\/media?parent=1392"}],"curies":[{"name":"wp","href":"https:\/\/api.w.org\/{rel}","templated":true}]}}