{"id":1360,"date":"2024-04-01T17:30:54","date_gmt":"2024-04-01T20:30:54","guid":{"rendered":"https:\/\/portal.uern.br\/paudosferros\/dle\/?page_id=1360"},"modified":"2026-01-27T08:44:30","modified_gmt":"2026-01-27T11:44:30","slug":"selecoes","status":"publish","type":"page","link":"https:\/\/portal.uern.br\/paudosferros\/dle\/selecoes\/","title":{"rendered":"Sele\u00e7\u00f5es"},"content":{"rendered":"<p>PIBEX 2026<\/p>\n<p><a href=\"https:\/\/portal.uern.br\/paudosferros\/dle\/wp-content\/uploads\/sites\/2\/2026\/01\/DIRETRIZES-PARA-SELECAO-DE-BOLSISTA-NECLE.pdf\">Sele\u00e7\u00e3o de Bolsista &#8211; N\u00facelo de Ensino de Cultura, Literatura e L\u00edngua Espanhola (NECLE)<\/a><\/p>\n<p><a href=\"https:\/\/portal.uern.br\/paudosferros\/dle\/wp-content\/uploads\/sites\/2\/2026\/01\/SELECAO-DE-BOLSISTA-English-for-Kids-2026-1.pdf\">Sele\u00e7\u00e3o de Bolsista &#8211; English for Kids (ingl\u00eas para crian\u00e7as na comunidade).<\/a><\/p>\n<p>PIBEX 2025<\/p>\n<p><a href=\"https:\/\/portal.uern.br\/paudosferros\/dle\/wp-content\/uploads\/sites\/2\/2025\/03\/SELEOD1.pdf\">Sele\u00e7\u00e3o de Bolsista &#8211; N\u00facelo de Ensino de Cultura, Literatura e L\u00edngua Inglesa (NECLLI)<\/a><\/p>\n<p><a href=\"https:\/\/portal.uern.br\/paudosferros\/dle\/wp-content\/uploads\/sites\/2\/2025\/03\/CHAMAD1.pdf\">Sele\u00e7\u00e3o de Bolsista &#8211; N\u00facelo de Ensino de Cultura, Literatura e L\u00edngua Espanhola (NECLE)<\/a><\/p>\n<p><a href=\"https:\/\/portal.uern.br\/paudosferros\/dle\/wp-content\/uploads\/sites\/2\/2025\/03\/SELECAO_DE_BOLSISTA_assinado.pdf\">Sele\u00e7\u00e3o de Bolsista &#8211; ENLACE &#8211; C\u00edrculos de Leitura<\/a><\/p>\n<p><a href=\"https:\/\/portal.uern.br\/paudosferros\/dle\/wp-content\/uploads\/sites\/2\/2025\/03\/SELECA1.pdf\">Sele\u00e7\u00e3o de Bolsista &#8211; English for Kids (ingl\u00eas para crian\u00e7as na comunidade).<\/a><\/p>\n<p>PIBEX 2024<\/p>\n<p><a href=\"https:\/\/portal.uern.br\/paudosferros\/dle\/wp-content\/uploads\/sites\/2\/2024\/04\/scan_20240401175804.pdf\">Sele\u00e7\u00e3o de bolsista &#8211; N\u00facleo de Ensino de Cultura, Literatura e L\u00edngua Inglesa (NECLLI)<\/a><\/p>\n<p><a href=\"https:\/\/portal.uern.br\/paudosferros\/dle\/wp-content\/uploads\/sites\/2\/2024\/09\/ChamadaSelec\u0327a\u0303o-bolsista-NECLE_2024.1-_-2024.2.pdf\">Sele\u00e7\u00e3o de Bolsista &#8211; N\u00facleo de Estudos de Cultura, Literatura e L\u00edngua Espanhola (NECLE)<\/a><\/p>\n<p>PIBEX 2023<\/p>\n<p><a href=\"https:\/\/portal.uern.br\/paudosferros\/dle\/wp-content\/uploads\/sites\/2\/2024\/09\/Criterios-de-Selec\u0327a\u0303o-bolsista-NECLE_2023.2.pdf\">Sele\u00e7\u00e3o de Bolsista &#8211; N\u00facleo de Estudos de Cultura, Literatura e L\u00edngua Espanhola (NECLE)<\/a><\/p>\n<p>PIBEX 2021<\/p>\n<p><a href=\"https:\/\/portal.uern.br\/paudosferros\/dle\/wp-content\/uploads\/sites\/2\/2024\/09\/CRITERIOS-DE-AVALIACAO-PARA-SELECAO-DE-BOLSISTAS-NA-MODALIDADE-REMOTA.pdf\">Sele\u00e7\u00e3o de Bolsista &#8211; N\u00facleo de Estudos de Cultura, Literatura e L\u00edngua Espanhola (NECLE)<\/a><\/p>\n<p>PIBEX 2019<\/p>\n<p><a href=\"https:\/\/portal.uern.br\/paudosferros\/dle\/wp-content\/uploads\/sites\/2\/2024\/09\/Comunicado-de-Selecao-de-Bolssta-DLE-NECLLI-2019.pdf\">Sele\u00e7\u00e3o de Bolsista &#8211; N\u00facleo de Ensino de Cultura, Literatura e L\u00edngua Inglesa &#8211; NECLLI<\/a><\/p>\n","protected":false},"excerpt":{"rendered":"<p>PIBEX 2026 Sele\u00e7\u00e3o de Bolsista &#8211; N\u00facelo de Ensino de Cultura, Literatura e L\u00edngua Espanhola (NECLE) Sele\u00e7\u00e3o de Bolsista &#8211; English for Kids (ingl\u00eas para crian\u00e7as na comunidade). PIBEX 2025 Sele\u00e7\u00e3o de Bolsista &#8211; N\u00facelo de Ensino de Cultura, Literatura e L\u00edngua Inglesa (NECLLI) Sele\u00e7\u00e3o de Bolsista &#8211; N\u00facelo de Ensino de Cultura, Literatura e [&hellip;]<\/p>\n","protected":false},"author":10,"featured_media":0,"parent":0,"menu_order":0,"comment_status":"closed","ping_status":"closed","template":"","meta":{"footnotes":""},"class_list":["post-1360","page","type-page","status-publish","hentry"],"_links":{"self":[{"href":"https:\/\/portal.uern.br\/paudosferros\/dle\/wp-json\/wp\/v2\/pages\/1360","targetHints":{"allow":["GET"]}}],"collection":[{"href":"https:\/\/portal.uern.br\/paudosferros\/dle\/wp-json\/wp\/v2\/pages"}],"about":[{"href":"https:\/\/portal.uern.br\/paudosferros\/dle\/wp-json\/wp\/v2\/types\/page"}],"author":[{"embeddable":true,"href":"https:\/\/portal.uern.br\/paudosferros\/dle\/wp-json\/wp\/v2\/users\/10"}],"replies":[{"embeddable":true,"href":"https:\/\/portal.uern.br\/paudosferros\/dle\/wp-json\/wp\/v2\/comments?post=1360"}],"version-history":[{"count":20,"href":"https:\/\/portal.uern.br\/paudosferros\/dle\/wp-json\/wp\/v2\/pages\/1360\/revisions"}],"predecessor-version":[{"id":2306,"href":"https:\/\/portal.uern.br\/paudosferros\/dle\/wp-json\/wp\/v2\/pages\/1360\/revisions\/2306"}],"wp:attachment":[{"href":"https:\/\/portal.uern.br\/paudosferros\/dle\/wp-json\/wp\/v2\/media?parent=1360"}],"curies":[{"name":"wp","href":"https:\/\/api.w.org\/{rel}","templated":true}]}}