{"id":13,"date":"2023-01-31T14:26:25","date_gmt":"2023-01-31T17:26:25","guid":{"rendered":"http:\/\/beta.apps.uern.br\/wordpress\/paudosferros\/dle\/?page_id=13"},"modified":"2025-10-28T17:41:31","modified_gmt":"2025-10-28T20:41:31","slug":"graduacao","status":"publish","type":"page","link":"https:\/\/portal.uern.br\/paudosferros\/dle\/graduacao\/","title":{"rendered":"Cursos de Gradua\u00e7\u00e3o"},"content":{"rendered":"<h5>CURSO DE GRADUA\u00c7\u00c3O EM LETRAS L\u00cdNGUA INGLESA &#8211; MATRIZES ATIVAS<\/h5>\n<h5>Letras L\u00edngua Inglesa e Respectivas Literaturas<\/h5>\n<ul style=\"list-style-type: circle\">\n<li>V\u00e1lida para ingressantes de 2015.1 a 2020.2<\/li>\n<li>C\u00f3digo MEC: 30580<\/li>\n<li>C\u00f3digo SIGAA: FLI2003<\/li>\n<li>Estrutura Curricular SIGAA: Matriz 2015.1<\/li>\n<li>Carga hor\u00e1ria total: 3.650h<\/li>\n<li>Modalidade e turno: Licenciatura\/Presencial\/Noturno<\/li>\n<li>Prazos em per\u00edodos letivos: M\u00ednimo 8 &#8211; M\u00e1ximo 12<\/li>\n<li>Projeto Pedag\u00f3gico do Curso (PPC):\u00a0<a href=\"https:\/\/portal.uern.br\/paudosferros\/dle\/wp-content\/uploads\/sites\/2\/2025\/08\/@PPC-LICENCIATURA-DE-LETRAS-EM-LINGUA-INGLESA-E-RESPECTIVAS-LITERATURAS-2013-Matriz-2015.1-Alteracao-na-equivalencia-de-Seminario-de-Monografia-II.pdf\"> PPC ING 2015.1<\/a><\/li>\n<li>Aprova\u00e7\u00e3o do PPC: <a href=\"https:\/\/portal.uern.br\/paudosferros\/dle\/wp-content\/uploads\/sites\/2\/2023\/08\/Aprovacao-PPC-ING-2015.1.pdf\">Aprova\u00e7\u00e3o PPC ING 2015.1<\/a><\/li>\n<li>Termo de homologa\u00e7\u00e3o da \u00faltima atualiza\u00e7\u00e3o: <a href=\"https:\/\/portal.uern.br\/paudosferros\/dle\/wp-content\/uploads\/sites\/2\/2025\/08\/SEI_30061207_Termo_de_Homologacao_54-2.pdf\">30 de outubro de 2024<\/a><\/li>\n<\/ul>\n<h5>Letras L\u00edngua Inglesa<\/h5>\n<ul style=\"list-style-type: circle\">\n<li>V\u00e1lida para ingressantes de 2021.1 a 2024.1<\/li>\n<li>C\u00f3digo MEC: 30580<\/li>\n<li>C\u00f3digo SIGAA: FLI2001<\/li>\n<li>Estrutura Curricular SIGAA: Matriz 2021.1<\/li>\n<li>Carga hor\u00e1ria total: 3.545h<\/li>\n<li>Modalidade e turno: Licenciatura\/Presencial\/Noturno<\/li>\n<li>Prazos em per\u00edodos letivos: M\u00ednimo 8 &#8211; M\u00e1ximo 12<\/li>\n<li>Projeto Pedag\u00f3gico do Curso (PPC): <a href=\"https:\/\/portal.uern.br\/paudosferros\/dle\/wp-content\/uploads\/sites\/2\/2025\/10\/PPC_2021.1.pdf\">PPC ING 2021.1<\/a><\/li>\n<li>Aprova\u00e7\u00e3o do PPC: <a href=\"https:\/\/portal.uern.br\/paudosferros\/dle\/wp-content\/uploads\/sites\/2\/2025\/08\/Resolucao-No-002-2021-CONSEPE-Aprova-o-PPC-Graduacao-em-Letras-\u2013-Lingua-Inglesa-Licenciatura-Presencial-vinculado-CAPF.pdf\">Aprova\u00e7\u00e3o PPC 2021.1<\/a><\/li>\n<li>Termo de homologa\u00e7\u00e3o da \u00faltima atualiza\u00e7\u00e3o: <a href=\"https:\/\/portal.uern.br\/paudosferros\/dle\/wp-content\/uploads\/sites\/2\/2025\/10\/Termo-de-homologacao.pdf\">20 de outubro de 2025<\/a><\/li>\n<\/ul>\n<h5>Letras L\u00edngua Inglesa<\/h5>\n<ul style=\"list-style-type: circle\">\n<li>V\u00e1lida para ingressantes a partir de 2025.1<\/li>\n<li>C\u00f3digo MEC: 30580<\/li>\n<li>C\u00f3digo SIGAA: FLI2002<\/li>\n<li>Estrutura Curricular SIGAA: Matriz 2025.1<\/li>\n<li>Carga hor\u00e1ria total: 3.545h<\/li>\n<li>Modalidade e turno: Licenciatura\/Presencial\/Noturno<\/li>\n<li>Prazos em per\u00edodos letivos: M\u00ednimo 8 &#8211; M\u00e1ximo 12<\/li>\n<li>Projeto Pedag\u00f3gico do Curso (PPC): <a href=\"https:\/\/portal.uern.br\/paudosferros\/dle\/wp-content\/uploads\/sites\/2\/2025\/08\/PPC-Lingua-Inglesa-2025.1-atualizado-em-09.04.2025.pdf\">PPC ING 2025.1<\/a><\/li>\n<li>Aprova\u00e7\u00e3o do PPC: <a href=\"https:\/\/portal.uern.br\/paudosferros\/dle\/wp-content\/uploads\/sites\/2\/2024\/06\/SEI_26981721_UERN___Resolucao_11.pdf\">Aprova\u00e7\u00e3o PPC 2025.1<\/a><\/li>\n<li>Termo de homologa\u00e7\u00e3o da \u00faltima atualiza\u00e7\u00e3o: <a href=\"https:\/\/portal.uern.br\/paudosferros\/dle\/wp-content\/uploads\/sites\/2\/2025\/08\/TERMO-DE-HOMOLOGACAO-2.pdf\">07 de maio de 2025<\/a><\/li>\n<\/ul>\n<p>&nbsp;<\/p>\n<hr \/>\n<h5>CURSO DE GRADUA\u00c7\u00c3O EM LETRAS L\u00cdNGUA ESPANHOLA &#8211; MATRIZES ATIVAS<\/h5>\n<h5>Letras L\u00edngua Espanhola e Respectivas Literaturas<\/h5>\n<ul style=\"list-style-type: circle\">\n<li>V\u00e1lida para ingressantes de 2015.2 a 2020.2<\/li>\n<li>C\u00f3digo MEC: 100429<\/li>\n<li>C\u00f3digo SIGAA: FLE2003<\/li>\n<li>Estrutura Curricular SIGAA: Matriz 2015.2<\/li>\n<li>Carga hor\u00e1ria total: 3.680h<\/li>\n<li>Modalidade: Licenciatura\/Presencial<\/li>\n<li>Prazos em per\u00edodos letivos: M\u00ednimo 8 &#8211; M\u00e1ximo 12<\/li>\n<li>Projeto Pedag\u00f3gico do Curso (PPC): <a href=\"https:\/\/portal.uern.br\/paudosferros\/dle\/wp-content\/uploads\/sites\/2\/2025\/10\/2019___PPC_Letras_Lingua_Espanhola_CAPF_matriz_2015_2__2014_Atualizado_em_2019___10_10_2025.pdf\">PPC 2015.2<\/a><\/li>\n<li>Aprova\u00e7\u00e3o do PPC: <a href=\"https:\/\/portal.uern.br\/paudosferros\/dle\/wp-content\/uploads\/sites\/2\/2023\/08\/Aprovacao-PPC-2015.2.pdf\">Aprova\u00e7\u00e3o PPC 2015.2<\/a><\/li>\n<li>Termo de homologa\u00e7\u00e3o da \u00faltima atualiza\u00e7\u00e3o: <a href=\"https:\/\/portal.uern.br\/paudosferros\/dle\/wp-content\/uploads\/sites\/2\/2025\/10\/SEI_37286633_Termo_de_Homologacao_70.pdf\">27 de outubro de 2025<\/a><\/li>\n<\/ul>\n<h5>Letras L\u00edngua Espanhola<\/h5>\n<ul style=\"list-style-type: circle\">\n<li>V\u00e1lida para ingressantes de 2021.1 a 2023.1.<\/li>\n<li>C\u00f3digo MEC: 100429<\/li>\n<li>C\u00f3digo SIGAA: FLE2000<\/li>\n<li>Carga hor\u00e1ria total: 3.545h<\/li>\n<li>Estrutura Curricular SIGAA: Matriz 2021.1<\/li>\n<li>Modalidade: Licenciatura\/Presencial<\/li>\n<li>Prazos em per\u00edodos letivos: M\u00ednimo 8 &#8211; M\u00e1ximo 12<\/li>\n<li>Projeto Pedag\u00f3gico do Curso (PPC): <a href=\"https:\/\/portal.uern.br\/paudosferros\/dle\/wp-content\/uploads\/sites\/2\/2025\/08\/PPC_ESPANHOL_2021.1_ATUALIZDO_EM_27.08.2024.pdf\">PPC 2021.1<\/a><\/li>\n<li>Aprova\u00e7\u00e3o do PPC: <a href=\"https:\/\/portal.uern.br\/paudosferros\/dle\/wp-content\/uploads\/sites\/2\/2023\/08\/Aprovacao-PPC-ESP-2021.1.pdf\">Aprova\u00e7\u00e3o PPC ESP 2021.1<\/a><\/li>\n<li>Termo de homologa\u00e7\u00e3o da \u00faltima atualiza\u00e7\u00e3o: <a href=\"https:\/\/portal.uern.br\/paudosferros\/dle\/wp-content\/uploads\/sites\/2\/2025\/08\/SEI-04410210.000179_2024-99.pdf\">28 de agosto de 2024<\/a><\/li>\n<\/ul>\n<h5>Letras L\u00edngua Espanhola<\/h5>\n<ul style=\"list-style-type: circle\">\n<li>V\u00e1lida para ingressantes a partir de 2024.1.<\/li>\n<li>C\u00f3digo MEC: 100429<\/li>\n<li>C\u00f3digo SIGAA: FLE2002<\/li>\n<li>Carga hor\u00e1ria total: 3.545h<\/li>\n<li>Estrutura Curricular SIGAA: Matriz 2024.1<\/li>\n<li>Modalidade: Licenciatura\/Presencial<\/li>\n<li>Prazos em per\u00edodos letivos: M\u00ednimo 8 &#8211; M\u00e1ximo 12<\/li>\n<li>Projeto Pedag\u00f3gico do Curso (PPC): <a href=\"https:\/\/portal.uern.br\/paudosferros\/dle\/wp-content\/uploads\/sites\/2\/2025\/10\/PPC-2024.1-2.pdf\">PPC 2024.1<\/a><\/li>\n<li>Aprova\u00e7\u00e3o do PPC: <a href=\"https:\/\/portal.uern.br\/paudosferros\/dle\/wp-content\/uploads\/sites\/2\/2024\/01\/Resolucao-No-32-2023-CONSEPE-Aprova-o-PPC-Graduacao-em-Letras-\u2013-Lingua-Espanhola-Licenciatura-Presencial-vinculado-CAPF.pdf\">Aprova\u00e7\u00e3o PPC ESP 2024.1<\/a><\/li>\n<li>Termo de homologa\u00e7\u00e3o da \u00faltima atualiza\u00e7\u00e3o: <a href=\"https:\/\/portal.uern.br\/paudosferros\/dle\/wp-content\/uploads\/sites\/2\/2025\/10\/Termo-de-homologacao-1.pdf\">14 de outubro de 2025<\/a><\/li>\n<\/ul>\n","protected":false},"excerpt":{"rendered":"<p>CURSO DE GRADUA\u00c7\u00c3O EM LETRAS L\u00cdNGUA INGLESA &#8211; MATRIZES ATIVAS Letras L\u00edngua Inglesa e Respectivas Literaturas V\u00e1lida para ingressantes de 2015.1 a 2020.2 C\u00f3digo MEC: 30580 C\u00f3digo SIGAA: FLI2003 Estrutura Curricular SIGAA: Matriz 2015.1 Carga hor\u00e1ria total: 3.650h Modalidade e turno: Licenciatura\/Presencial\/Noturno Prazos em per\u00edodos letivos: M\u00ednimo 8 &#8211; M\u00e1ximo 12 Projeto Pedag\u00f3gico do Curso [&hellip;]<\/p>\n","protected":false},"author":1,"featured_media":0,"parent":0,"menu_order":0,"comment_status":"closed","ping_status":"closed","template":"","meta":{"footnotes":""},"class_list":["post-13","page","type-page","status-publish","hentry"],"_links":{"self":[{"href":"https:\/\/portal.uern.br\/paudosferros\/dle\/wp-json\/wp\/v2\/pages\/13","targetHints":{"allow":["GET"]}}],"collection":[{"href":"https:\/\/portal.uern.br\/paudosferros\/dle\/wp-json\/wp\/v2\/pages"}],"about":[{"href":"https:\/\/portal.uern.br\/paudosferros\/dle\/wp-json\/wp\/v2\/types\/page"}],"author":[{"embeddable":true,"href":"https:\/\/portal.uern.br\/paudosferros\/dle\/wp-json\/wp\/v2\/users\/1"}],"replies":[{"embeddable":true,"href":"https:\/\/portal.uern.br\/paudosferros\/dle\/wp-json\/wp\/v2\/comments?post=13"}],"version-history":[{"count":68,"href":"https:\/\/portal.uern.br\/paudosferros\/dle\/wp-json\/wp\/v2\/pages\/13\/revisions"}],"predecessor-version":[{"id":2183,"href":"https:\/\/portal.uern.br\/paudosferros\/dle\/wp-json\/wp\/v2\/pages\/13\/revisions\/2183"}],"wp:attachment":[{"href":"https:\/\/portal.uern.br\/paudosferros\/dle\/wp-json\/wp\/v2\/media?parent=13"}],"curies":[{"name":"wp","href":"https:\/\/api.w.org\/{rel}","templated":true}]}}