{"id":1249,"date":"2023-10-25T18:03:03","date_gmt":"2023-10-25T21:03:03","guid":{"rendered":"https:\/\/portal.uern.br\/paudosferros\/dle\/?page_id=1249"},"modified":"2024-01-18T09:32:59","modified_gmt":"2024-01-18T12:32:59","slug":"lingua-inglesa-3","status":"publish","type":"page","link":"https:\/\/portal.uern.br\/paudosferros\/dle\/lingua-inglesa-3\/","title":{"rendered":"L\u00edngua Inglesa"},"content":{"rendered":"<p style=\"text-align: justify\">Artigo 11 \u2013 O regulamento do Est\u00e1gio Curricular Supervisionado obrigat\u00f3rio fundamenta-se na Lei no 11.788 de 25\/09\/2008, Resolu\u00e7\u00f5es n\u00ba 01 e 02 de 17 e 18.01.2002, do Conselho Nacional de Educa\u00e7\u00e3o, que instituem carga hor\u00e1ria para o est\u00e1gio de estudantes de cursos de forma\u00e7\u00e3o de professores para a Educa\u00e7\u00e3o B\u00e1sica, licenciatura plena, bem como na Resolu\u00e7\u00e3o 6\/2015 \u2013 CONSEPE\/UERN que regulamenta o Est\u00e1gio Curricular Supervisionado obrigat\u00f3rio nos Cursos de Licenciatura da Universidade do Estado do Rio Grande do Norte.<\/p>\n<p style=\"text-align: justify\">Artigo 12 \u2013 A carga hor\u00e1ria do componente Est\u00e1gio Curricular Supervisionado no curso de Letras\u00a0 L\u00edngua Inglesa do DLE\/CAPF\/UERN dever\u00e1 ser de, no m\u00ednimo, 405 (quatrocentas e cinco) horas.<\/p>\n<p style=\"text-align: justify\">Artigo 14 \u2013 Os componentes curriculares de Est\u00e1gio Supervisionado do curso de Letras L\u00edngua Inglesa compreendem a partir da matriz 2021.1:<br \/>\na) Est\u00e1gio Supervisionado I (Ingl\u00eas), desenvolvido no 5\u00ba per\u00edodo, com a carga hor\u00e1ria de 150 (cento e cinquenta) horas\/aulas;<br \/>\nb) Est\u00e1gio Supervisionado II (Ingl\u00eas), desenvolvido no 6\u00ba per\u00edodo, com a carga hor\u00e1ria de 150 (cento e cinquenta) horas\/aulas;<br \/>\nc) Est\u00e1gio Supervisionado III (Ingl\u00eas), desenvolvido no 7\u00ba per\u00edodo, com a carga hor\u00e1ria de 105 (cento e cinco) horas\/aulas;<\/p>\n","protected":false},"excerpt":{"rendered":"<p>Artigo 11 \u2013 O regulamento do Est\u00e1gio Curricular Supervisionado obrigat\u00f3rio fundamenta-se na Lei no 11.788 de 25\/09\/2008, Resolu\u00e7\u00f5es n\u00ba 01 e 02 de 17 e 18.01.2002, do Conselho Nacional de Educa\u00e7\u00e3o, que instituem carga hor\u00e1ria para o est\u00e1gio de estudantes de cursos de forma\u00e7\u00e3o de professores para a Educa\u00e7\u00e3o B\u00e1sica, licenciatura plena, bem como na [&hellip;]<\/p>\n","protected":false},"author":10,"featured_media":0,"parent":0,"menu_order":0,"comment_status":"closed","ping_status":"closed","template":"","meta":{"footnotes":""},"class_list":["post-1249","page","type-page","status-publish","hentry"],"_links":{"self":[{"href":"https:\/\/portal.uern.br\/paudosferros\/dle\/wp-json\/wp\/v2\/pages\/1249","targetHints":{"allow":["GET"]}}],"collection":[{"href":"https:\/\/portal.uern.br\/paudosferros\/dle\/wp-json\/wp\/v2\/pages"}],"about":[{"href":"https:\/\/portal.uern.br\/paudosferros\/dle\/wp-json\/wp\/v2\/types\/page"}],"author":[{"embeddable":true,"href":"https:\/\/portal.uern.br\/paudosferros\/dle\/wp-json\/wp\/v2\/users\/10"}],"replies":[{"embeddable":true,"href":"https:\/\/portal.uern.br\/paudosferros\/dle\/wp-json\/wp\/v2\/comments?post=1249"}],"version-history":[{"count":3,"href":"https:\/\/portal.uern.br\/paudosferros\/dle\/wp-json\/wp\/v2\/pages\/1249\/revisions"}],"predecessor-version":[{"id":1292,"href":"https:\/\/portal.uern.br\/paudosferros\/dle\/wp-json\/wp\/v2\/pages\/1249\/revisions\/1292"}],"wp:attachment":[{"href":"https:\/\/portal.uern.br\/paudosferros\/dle\/wp-json\/wp\/v2\/media?parent=1249"}],"curies":[{"name":"wp","href":"https:\/\/api.w.org\/{rel}","templated":true}]}}