{"id":11,"date":"2023-01-31T14:18:15","date_gmt":"2023-01-31T17:18:15","guid":{"rendered":"http:\/\/beta.apps.uern.br\/wordpress\/paudosferros\/dle\/?page_id=11"},"modified":"2025-08-21T21:06:44","modified_gmt":"2025-08-22T00:06:44","slug":"corpo-tecnico","status":"publish","type":"page","link":"https:\/\/portal.uern.br\/paudosferros\/dle\/corpo-tecnico\/","title":{"rendered":"Corpo T\u00e9cnico"},"content":{"rendered":"<p><strong>Cynthia Sonally Fernandes Ferreira (TNS)<\/strong><\/p>\n<p style=\"text-align: justify\">Especialista em Unidade de Terapia Intensiva Geral (2015) pelo Centro Integrado de Ensino, Pesquisa e Extens\u00e3o (CENPEX). Graduada em Enfermagem pela Universidade Potiguar (2011). Atualmente, \u00e9 T\u00e9cnica Administrativa no Departamento de Letras Estrangeiras do <em>Campus<\/em> Avan\u00e7ado de Pau dos Ferros da Universidade do Estado do Rio Grande do Norte.<\/p>\n<p>Curr\u00edculo Lattes:\u00a0\u00a0<a href=\"http:\/\/lattes.cnpq.br\/4181721590527471\">http:\/\/lattes.cnpq.br\/4181721590527471<\/a><\/p>\n<p><strong>Maria Tatiana Peixoto\u00a0(TNM)<\/strong><\/p>\n<p style=\"text-align: justify\">Doutoranda em Planejamento e Din\u00e2micas Territoriais no Semi\u00e1rido pela Universidade do Estado do Rio Grande do Norte (UERN), vinculada ao Programa de P\u00f3s-Gradua\u00e7\u00e3o em Planejamento e Din\u00e2micas Territoriais no Semi\u00e1rido (PLANDITES). Mestra em Planejamento e Din\u00e2micas Territoriais no Semi\u00e1rido pelo PLANDITES\/UERN (2022). Especialista em Administra\u00e7\u00e3o P\u00fablica (2023) e em Auditoria e Controladoria Financeira (2018) pela Faculdade \u00danica de Ipatinga (FUNIP). Graduada em Administra\u00e7\u00e3o pela UERN (2018). Desenvolve pesquisas nas \u00e1reas de Administra\u00e7\u00e3o de empresas, Administra\u00e7\u00e3o P\u00fablica, Pol\u00edticas P\u00fablicas, Planejamento e Din\u00e2micas Territoriais, com \u00eanfase nas rela\u00e7\u00f5es entre sa\u00fade e ensino superior, sob a perspectiva social e institucional, gest\u00e3o de pessoas e gest\u00e3o p\u00fablica. Seus estudos abordam as din\u00e2micas e problem\u00e1ticas sociais no territ\u00f3rio, especialmente o do Semi\u00e1rido. Possui experi\u00eancia em projetos de pesquisa e extens\u00e3o vinculados \u00e0 UERN. Atualmente, \u00e9 T\u00e9cnica Administrativa no Departamento de Letras Estrangeiras do\u00a0<em>Campus<\/em>\u00a0Avan\u00e7ado de Pau dos Ferros da Universidade do Estado do Rio Grande do Norte.<\/p>\n<p>Curr\u00edculo Lattes:\u00a0<a href=\"http:\/\/lattes.cnpq.br\/0278240222857443\">http:\/\/lattes.cnpq.br\/0278240222857443<\/a><\/p>\n","protected":false},"excerpt":{"rendered":"<p>Cynthia Sonally Fernandes Ferreira (TNS) Especialista em Unidade de Terapia Intensiva Geral (2015) pelo Centro Integrado de Ensino, Pesquisa e Extens\u00e3o (CENPEX). Graduada em Enfermagem pela Universidade Potiguar (2011). Atualmente, \u00e9 T\u00e9cnica Administrativa no Departamento de Letras Estrangeiras do Campus Avan\u00e7ado de Pau dos Ferros da Universidade do Estado do Rio Grande do Norte. Curr\u00edculo [&hellip;]<\/p>\n","protected":false},"author":1,"featured_media":0,"parent":0,"menu_order":0,"comment_status":"closed","ping_status":"closed","template":"","meta":{"footnotes":""},"class_list":["post-11","page","type-page","status-publish","hentry"],"_links":{"self":[{"href":"https:\/\/portal.uern.br\/paudosferros\/dle\/wp-json\/wp\/v2\/pages\/11","targetHints":{"allow":["GET"]}}],"collection":[{"href":"https:\/\/portal.uern.br\/paudosferros\/dle\/wp-json\/wp\/v2\/pages"}],"about":[{"href":"https:\/\/portal.uern.br\/paudosferros\/dle\/wp-json\/wp\/v2\/types\/page"}],"author":[{"embeddable":true,"href":"https:\/\/portal.uern.br\/paudosferros\/dle\/wp-json\/wp\/v2\/users\/1"}],"replies":[{"embeddable":true,"href":"https:\/\/portal.uern.br\/paudosferros\/dle\/wp-json\/wp\/v2\/comments?post=11"}],"version-history":[{"count":6,"href":"https:\/\/portal.uern.br\/paudosferros\/dle\/wp-json\/wp\/v2\/pages\/11\/revisions"}],"predecessor-version":[{"id":2069,"href":"https:\/\/portal.uern.br\/paudosferros\/dle\/wp-json\/wp\/v2\/pages\/11\/revisions\/2069"}],"wp:attachment":[{"href":"https:\/\/portal.uern.br\/paudosferros\/dle\/wp-json\/wp\/v2\/media?parent=11"}],"curies":[{"name":"wp","href":"https:\/\/api.w.org\/{rel}","templated":true}]}}