{"id":496,"date":"2023-02-26T20:38:20","date_gmt":"2023-02-26T23:38:20","guid":{"rendered":"https:\/\/portal.uern.br\/paudosferros\/dge\/?page_id=496"},"modified":"2024-12-10T08:40:09","modified_gmt":"2024-12-10T11:40:09","slug":"trabalho-de-conclusao-de-curso","status":"publish","type":"page","link":"https:\/\/portal.uern.br\/paudosferros\/dge\/trabalho-de-conclusao-de-curso\/","title":{"rendered":"Trabalho de Conclus\u00e3o de Curso"},"content":{"rendered":"<p>A disponibilidade dos Trabalhos de Conclus\u00e3o de Curso &#8211; TCC ser\u00e1 realizado pelo\u00a0Sistema Integrado de Bibliotecas da Universidade (SIB\/UERN),\u00a0conforme a\u00a0<a title=\"INSTRU\u00c7\u00c3O NORMATIVA N\u00ba 01\/2018-SIB\/UERN\" href=\"https:\/\/www.uern.br\/controledepaginas\/normastccdigital\/arquivos\/45461_portaria_e_instrua%C2%A7a%C2%A3o_normatica_uern.pdf\" target=\"_blank\" rel=\"noopener\">INSTRU\u00c7\u00c3O NORMATIVA N\u00ba 01\/2018-SIB\/UERN<\/a>\u00a0que Define normas para entrega, recebimento e armazenamento dos Trabalhos de Conclus\u00e3o de Curso (TCCs) da UERN nas Bibliotecas e na\u00a0<a title=\"PORTARIA N.\u00ba 01\/2018\/SIB-UERN, DE 29 DE MAIO DE 2018\" href=\"https:\/\/www.uern.br\/controledepaginas\/normastccdigital\/arquivos\/45461_portaria_e_instrua%C2%A7a%C2%A3o_normatica_uern.pdf\" target=\"_blank\" rel=\"noopener\">PORTARIA N.\u00ba 01\/2018\/SIB-UERN, DE 29 DE MAIO DE 2018.<\/a><\/p>\n<hr \/>\n<p>As normas e procedimentos relativos aos Trabalhos de Conclus\u00e3o de Curso &#8211; TCC s\u00e3o encontrados no site do\u00a0<a title=\"sib|uern\" href=\"https:\/\/portal.uern.br\/dsib\/normas-para-entrega-de-tccs-artigos-online\/\" target=\"_blank\" rel=\"noopener\">Sistema Integrado de Bibliotecas da Universidade (SIB\/UERN).<\/a><\/p>\n<h5><a href=\"https:\/\/www.uern.br\/biblioteca\/default.asp?item=normastcc\" target=\"_blank\" rel=\"noopener\">Normas para entrega de TCCs \/ Artigos Online<\/a><\/h5>\n<hr \/>\n<h5><a href=\"https:\/\/portal.uern.br\/dsib\/wp-content\/uploads\/sites\/2\/2024\/06\/MANUAL-DE-TCC-UERN-2024.pdf\" target=\"_blank\" rel=\"noopener\">Manual de trabalhos acad\u00eamicos da UERN 2024<\/a> &#8211; <a href=\"https:\/\/portal.uern.br\/dsib\/\">(Consulte o site da Biblioteca)<\/a><\/h5>\n<p><a href=\"https:\/\/docs.google.com\/document\/d\/1i6JzilNejTaYdkHS8SggzxR35mH8ntmQ\/edit?usp=sharing&amp;ouid=113950108503074647529&amp;rtpof=true&amp;sd=true\">Baixe o modelo de TCC, conforme o manual da UERN.<\/a><\/p>\n","protected":false},"excerpt":{"rendered":"<p>A disponibilidade dos Trabalhos de Conclus\u00e3o de Curso &#8211; TCC ser\u00e1 realizado pelo\u00a0Sistema Integrado de Bibliotecas da Universidade (SIB\/UERN),\u00a0conforme a\u00a0INSTRU\u00c7\u00c3O NORMATIVA N\u00ba 01\/2018-SIB\/UERN\u00a0que Define normas para entrega, recebimento e armazenamento dos Trabalhos de Conclus\u00e3o de Curso (TCCs) da UERN nas Bibliotecas e na\u00a0PORTARIA N.\u00ba 01\/2018\/SIB-UERN, DE 29 DE MAIO DE 2018. As normas e procedimentos [&hellip;]<\/p>\n","protected":false},"author":1,"featured_media":0,"parent":0,"menu_order":0,"comment_status":"closed","ping_status":"closed","template":"","meta":{"footnotes":""},"class_list":["post-496","page","type-page","status-publish","hentry"],"_links":{"self":[{"href":"https:\/\/portal.uern.br\/paudosferros\/dge\/wp-json\/wp\/v2\/pages\/496","targetHints":{"allow":["GET"]}}],"collection":[{"href":"https:\/\/portal.uern.br\/paudosferros\/dge\/wp-json\/wp\/v2\/pages"}],"about":[{"href":"https:\/\/portal.uern.br\/paudosferros\/dge\/wp-json\/wp\/v2\/types\/page"}],"author":[{"embeddable":true,"href":"https:\/\/portal.uern.br\/paudosferros\/dge\/wp-json\/wp\/v2\/users\/1"}],"replies":[{"embeddable":true,"href":"https:\/\/portal.uern.br\/paudosferros\/dge\/wp-json\/wp\/v2\/comments?post=496"}],"version-history":[{"count":9,"href":"https:\/\/portal.uern.br\/paudosferros\/dge\/wp-json\/wp\/v2\/pages\/496\/revisions"}],"predecessor-version":[{"id":1032,"href":"https:\/\/portal.uern.br\/paudosferros\/dge\/wp-json\/wp\/v2\/pages\/496\/revisions\/1032"}],"wp:attachment":[{"href":"https:\/\/portal.uern.br\/paudosferros\/dge\/wp-json\/wp\/v2\/media?parent=496"}],"curies":[{"name":"wp","href":"https:\/\/api.w.org\/{rel}","templated":true}]}}