{"id":490,"date":"2023-02-26T20:37:15","date_gmt":"2023-02-26T23:37:15","guid":{"rendered":"https:\/\/portal.uern.br\/paudosferros\/dge\/?page_id=490"},"modified":"2023-02-26T20:37:15","modified_gmt":"2023-02-26T23:37:15","slug":"negecart","status":"publish","type":"page","link":"https:\/\/portal.uern.br\/paudosferros\/dge\/negecart\/","title":{"rendered":"NEGECART"},"content":{"rendered":"<h4><strong>N\u00facleo de Estudos Geoambientais e Cartogr\u00e1ficos \u2013 NEGECART<\/strong><\/h4>\n<p><strong>Em suas linhas de pesquisa, o grupo procura suprir as defici\u00eancias de estudos socioambientais.<\/strong><\/p>\n<p><strong>L\u00edder(es) do grupo:<\/strong><br \/>\n<strong>Jacim\u00e1ria Fonseca de Medeiros<\/strong><br \/>\n<strong>Agassiel de Medeiros Alves<\/strong><\/p>\n<p><strong>Para Informa\u00e7\u00f5es desse Grupo de Pesquisa no CNPq, acesse o link abaixo:<\/strong><\/p>\n<p><strong><a href=\"http:\/\/dgp.cnpq.br\/dgp\/espelhogrupo\/9544893948341753\" target=\"_blank\" rel=\"noopener\">dgp.cnpq.br\/dgp\/espelhogrupo\/9544893948341753<\/a><\/strong><\/p>\n<p><strong>Intagram:\u00a0<a href=\"https:\/\/www.instagram.com\/negecart\/\" target=\"_blank\" rel=\"noopener\">@negecart<\/a><\/strong><\/p>\n","protected":false},"excerpt":{"rendered":"<p>N\u00facleo de Estudos Geoambientais e Cartogr\u00e1ficos \u2013 NEGECART Em suas linhas de pesquisa, o grupo procura suprir as defici\u00eancias de estudos socioambientais. L\u00edder(es) do grupo: Jacim\u00e1ria Fonseca de Medeiros Agassiel de Medeiros Alves Para Informa\u00e7\u00f5es desse Grupo de Pesquisa no CNPq, acesse o link abaixo: dgp.cnpq.br\/dgp\/espelhogrupo\/9544893948341753 Intagram:\u00a0@negecart<\/p>\n","protected":false},"author":1,"featured_media":0,"parent":0,"menu_order":0,"comment_status":"closed","ping_status":"closed","template":"","meta":{"footnotes":""},"class_list":["post-490","page","type-page","status-publish","hentry"],"_links":{"self":[{"href":"https:\/\/portal.uern.br\/paudosferros\/dge\/wp-json\/wp\/v2\/pages\/490","targetHints":{"allow":["GET"]}}],"collection":[{"href":"https:\/\/portal.uern.br\/paudosferros\/dge\/wp-json\/wp\/v2\/pages"}],"about":[{"href":"https:\/\/portal.uern.br\/paudosferros\/dge\/wp-json\/wp\/v2\/types\/page"}],"author":[{"embeddable":true,"href":"https:\/\/portal.uern.br\/paudosferros\/dge\/wp-json\/wp\/v2\/users\/1"}],"replies":[{"embeddable":true,"href":"https:\/\/portal.uern.br\/paudosferros\/dge\/wp-json\/wp\/v2\/comments?post=490"}],"version-history":[{"count":1,"href":"https:\/\/portal.uern.br\/paudosferros\/dge\/wp-json\/wp\/v2\/pages\/490\/revisions"}],"predecessor-version":[{"id":491,"href":"https:\/\/portal.uern.br\/paudosferros\/dge\/wp-json\/wp\/v2\/pages\/490\/revisions\/491"}],"wp:attachment":[{"href":"https:\/\/portal.uern.br\/paudosferros\/dge\/wp-json\/wp\/v2\/media?parent=490"}],"curies":[{"name":"wp","href":"https:\/\/api.w.org\/{rel}","templated":true}]}}