{"id":488,"date":"2023-02-26T20:36:56","date_gmt":"2023-02-26T23:36:56","guid":{"rendered":"https:\/\/portal.uern.br\/paudosferros\/dge\/?page_id=488"},"modified":"2023-02-26T20:36:56","modified_gmt":"2023-02-26T23:36:56","slug":"2021-2","status":"publish","type":"page","link":"https:\/\/portal.uern.br\/paudosferros\/dge\/2021-2\/","title":{"rendered":"2021"},"content":{"rendered":"<p>O Laborat\u00f3rio de Cartografia e Geoprocessamento Aplicado aos Estudos Geoambientais (LAGEO) \u2013 atrav\u00e9s de uma mini esta\u00e7\u00e3o meteorol\u00f3gica (parceria entre INPE\/CRN e DGE-CAPF) disponibiliza semanalmente o extrato de dados meteorol\u00f3gicos como: temperatura do ar, umidade do ar, precipita\u00e7\u00e3o pluviom\u00e9trica, velocidade e dire\u00e7\u00e3o dos ventos,dentre outros e ser\u00e3o disponibilizados nesse espa\u00e7o.<\/p>\n<hr \/>\n<p><strong>Boletim Informativo Meteorol\u00f3gico Mensal &#8211; Dezembro de 2021\u00a0\u00a0<a title=\"BOLETIM DE DEZEMBRO DE 2021\" href=\"http:\/\/www.uern.br\/controledepaginas\/estacao-meteorologica\/arquivos\/626212_meteorologia_dados_capf_dezembro_2021.pdf\" target=\"_blank\" rel=\"noopener\">(AQUI).<\/a>\u00a0<\/strong><\/p>\n<hr \/>\n<p><strong>Boletim Informativo Meteorol\u00f3gico Mensal &#8211; Novembro de 2021.\u00a0<a title=\"Boletim meteorol\u00f3gico \" href=\"http:\/\/www.uern.br\/controledepaginas\/estacao-meteorologica\/arquivos\/626211_meteorologia_dados_capf_novembro_2021.pdf\" target=\"_blank\" rel=\"noopener\">(AQUI).<\/a><\/strong><\/p>\n<hr \/>\n<p><strong>Boletim Informativo Meteorol\u00f3gico Mensal &#8211; Outubro de 2021.\u00a0<a title=\"boletim do tempo outubro 2021\" href=\"http:\/\/www.uern.br\/controledepaginas\/estacao-meteorologica\/arquivos\/626210_meteorologia_dados_capf_outubro_2021.pdf\" target=\"_blank\" rel=\"noopener\">(AQUI).<\/a><\/strong><\/p>\n<hr \/>\n<p><strong>Boletim Informativo Meteorol\u00f3gico Mensal &#8211; Setembro de 2021.\u00a0<a title=\"Boletim do tempo\" href=\"http:\/\/www.uern.br\/controledepaginas\/estacao-meteorologica\/arquivos\/62629_meteorologia_dados_capf_setembro_2021.pdf\">(AQUI)<\/a>.<\/strong><\/p>\n<hr \/>\n<p><strong>Boletim Informativo Meteorol\u00f3gico Mensal &#8211; Agosto de 2021.\u00a0<a title=\"Boletim Meteorol\u00f3gico\" href=\"http:\/\/www.uern.br\/controledepaginas\/estacao-meteorologica\/arquivos\/62628_meteorologia_dados_capf_agosto_2021.pdf\" target=\"_blank\" rel=\"noopener\">(AQUI).\u00a0<\/a><\/strong><\/p>\n<hr \/>\n<p><strong>Boletim Informativo Meteorol\u00f3gico Mensal &#8211; Julho de 2021.\u00a0<a title=\"Boletim Meteorol\u00f3gico\" href=\"http:\/\/www.uern.br\/controledepaginas\/estacao-meteorologica\/arquivos\/62627_meteorologia_dados_capf_julho_2021.pdf\" target=\"_blank\" rel=\"noopener\">(AQUI)<\/a>.\u00a0<\/strong><\/p>\n<hr \/>\n<p><strong>Boletim Informativo Meteorol\u00f3gico Mensal &#8211; Maio de 2021.\u00a0<a title=\"Boletim Meteorol\u00f3gico\" href=\"https:\/\/www.uern.br\/controledepaginas\/estacao-meteorologica\/arquivos\/62625_descria%C2%A7a%C2%A3o_maio_de_2021.pdf\" target=\"_blank\" rel=\"noopener\">(AQUI).\u00a0<\/a><\/strong><\/p>\n<hr \/>\n<p>Boletim Informativo Meteorol\u00f3gico Semanal &#8211; 15 a 21 de Maio de 2021.<a title=\"Boletim Meteorol\u00f3gico\" href=\"https:\/\/www.uern.br\/controledepaginas\/estacao-meteorologica\/arquivos\/62624_meteorologia_dados_capf_22_28_maio_2021.pdf\" target=\"_blank\" rel=\"noopener\">(AQUI).<\/a><\/p>\n<hr \/>\n<p>Boletim Informativo Meteorol\u00f3gico Semanal &#8211; 15 a 21 de Maio de 2021.<a title=\"Boletim Meteorol\u00f3gico\" href=\"https:\/\/www.uern.br\/controledepaginas\/estacao-meteorologica\/arquivos\/62623_descria%C2%A7a%C2%A3o_15_21_maio_2021.pdf\" target=\"_blank\" rel=\"noopener\">(AQUI).<\/a><\/p>\n<hr \/>\n<p>Boletim Informativo Meteorol\u00f3gico Semanal &#8211; 08 a 14 de Maio de 2021.\u00a0<a title=\"Boletim Meteorol\u00f3gico \" href=\"https:\/\/www.uern.br\/controledepaginas\/estacao-meteorologica\/arquivos\/62622_descria%C2%A7a%C2%A3o_08_14_maio_2021.pdf\" target=\"_blank\" rel=\"noopener\">(AQUI).<\/a><\/p>\n<hr \/>\n<p>Boletim Informativo Meteorol\u00f3gico Semanal &#8211; 01 a 07 de Maio de 2021.\u00a0<a title=\"Boletim Meteorol\u00f3gico \" href=\"https:\/\/www.uern.br\/controledepaginas\/estacao-meteorologica\/arquivos\/6262descria%C2%A7a%C2%A3o_01_07_maio_2021_edit.pdf\" target=\"_blank\" rel=\"noopener\">(AQUI).<\/a><\/p>\n<hr \/>\n<p><strong>Boletim Informativo Meteorol\u00f3gico Mensal &#8211; Abril de 2021.\u00a0<a title=\"Boletim Meteorol\u00f3gico abril 2021\" href=\"https:\/\/www.uern.br\/controledepaginas\/estacao-meteorologica\/arquivos\/6262descria%C2%A7a%C2%A3o_abril_de_2021_mes.pdf\" target=\"_blank\" rel=\"noopener\">(AQUI).\u00a0<\/a><\/strong><\/p>\n<hr \/>\n<p>Boletim Informativo Meteorol\u00f3gico Semanal &#8211; 22 a 28 de abril de 2021.\u00a0<a title=\"Boletim Meteorol\u00f3gico \" href=\"https:\/\/www.uern.br\/controledepaginas\/estacao-meteorologica\/arquivos\/6262estacao_meterologica_dados_de_22_a_28_de_abril_de_2021_ii.pdf\" target=\"_blank\" rel=\"noopener\">(AQUI).<\/a><\/p>\n<hr \/>\n<p>Boletim Informativo Meteorol\u00f3gico Semanal &#8211; 15 a 21 de abril de 2021.\u00a0<a title=\"Boletim Meteorol\u00f3gico \" href=\"https:\/\/www.uern.br\/controledepaginas\/estacao-meteorologica\/arquivos\/6262estacao_meterologica_dados_de_15_a_21_de_abril_de_2021_ii.pdf\" target=\"_blank\" rel=\"noopener\">(AQUI).<\/a><\/p>\n<hr \/>\n<p>Boletim Informativo Meteorol\u00f3gico Semanal &#8211; 08 a 14 de abril de 2021.\u00a0<a title=\"Boletim Meteorol\u00f3gico \" href=\"https:\/\/www.uern.br\/controledepaginas\/estacao-meteorologica\/arquivos\/6262estaa%C2%A7a%C2%A3o_meterola%C2%B3gica_dados_de_08_a_14_de_abril_de_2021.pdf\" target=\"_blank\" rel=\"noopener\">(AQUI)<\/a><\/p>\n<hr \/>\n<p>Boletim Informativo Meteorol\u00f3gico Semanal &#8211; 01 a 07 de abril de 2021.\u00a0<a title=\"Informativo meteorol\u00f3gico semanal - 01 a 07 de abril de 2021\" href=\"https:\/\/www.uern.br\/controledepaginas\/estacao-meteorologica\/arquivos\/6262estaa%C2%A7a%C2%A3o_meterola%C2%B3gica_dados_de_01_a_07_de_abril_de_2021.pdf\" target=\"_blank\" rel=\"noopener\">(AQUI)<\/a><\/p>\n","protected":false},"excerpt":{"rendered":"<p>O Laborat\u00f3rio de Cartografia e Geoprocessamento Aplicado aos Estudos Geoambientais (LAGEO) \u2013 atrav\u00e9s de uma mini esta\u00e7\u00e3o meteorol\u00f3gica (parceria entre INPE\/CRN e DGE-CAPF) disponibiliza semanalmente o extrato de dados meteorol\u00f3gicos como: temperatura do ar, umidade do ar, precipita\u00e7\u00e3o pluviom\u00e9trica, velocidade e dire\u00e7\u00e3o dos ventos,dentre outros e ser\u00e3o disponibilizados nesse espa\u00e7o. Boletim Informativo Meteorol\u00f3gico Mensal &#8211; [&hellip;]<\/p>\n","protected":false},"author":1,"featured_media":0,"parent":0,"menu_order":0,"comment_status":"closed","ping_status":"closed","template":"","meta":{"footnotes":""},"class_list":["post-488","page","type-page","status-publish","hentry"],"_links":{"self":[{"href":"https:\/\/portal.uern.br\/paudosferros\/dge\/wp-json\/wp\/v2\/pages\/488","targetHints":{"allow":["GET"]}}],"collection":[{"href":"https:\/\/portal.uern.br\/paudosferros\/dge\/wp-json\/wp\/v2\/pages"}],"about":[{"href":"https:\/\/portal.uern.br\/paudosferros\/dge\/wp-json\/wp\/v2\/types\/page"}],"author":[{"embeddable":true,"href":"https:\/\/portal.uern.br\/paudosferros\/dge\/wp-json\/wp\/v2\/users\/1"}],"replies":[{"embeddable":true,"href":"https:\/\/portal.uern.br\/paudosferros\/dge\/wp-json\/wp\/v2\/comments?post=488"}],"version-history":[{"count":1,"href":"https:\/\/portal.uern.br\/paudosferros\/dge\/wp-json\/wp\/v2\/pages\/488\/revisions"}],"predecessor-version":[{"id":489,"href":"https:\/\/portal.uern.br\/paudosferros\/dge\/wp-json\/wp\/v2\/pages\/488\/revisions\/489"}],"wp:attachment":[{"href":"https:\/\/portal.uern.br\/paudosferros\/dge\/wp-json\/wp\/v2\/media?parent=488"}],"curies":[{"name":"wp","href":"https:\/\/api.w.org\/{rel}","templated":true}]}}