{"id":486,"date":"2023-02-26T20:36:35","date_gmt":"2023-02-26T23:36:35","guid":{"rendered":"https:\/\/portal.uern.br\/paudosferros\/dge\/?page_id=486"},"modified":"2023-02-26T20:36:35","modified_gmt":"2023-02-26T23:36:35","slug":"2022-2","status":"publish","type":"page","link":"https:\/\/portal.uern.br\/paudosferros\/dge\/2022-2\/","title":{"rendered":"2022"},"content":{"rendered":"<p>O Laborat\u00f3rio de Cartografia e Geoprocessamento Aplicado aos Estudos Geoambientais (LAGEO) \u2013 atrav\u00e9s de uma mini esta\u00e7\u00e3o meteorol\u00f3gica (parceria entre INPE\/CRN e DGE-CAPF) disponibiliza semanalmente o extrato de dados meteorol\u00f3gicos como: temperatura do ar, umidade do ar, precipita\u00e7\u00e3o pluviom\u00e9trica, velocidade e dire\u00e7\u00e3o dos ventos,dentre outros e ser\u00e3o disponibilizados nesse espa\u00e7o.<\/p>\n<hr \/>\n<p>Esta\u00e7\u00e3o Meteorol\u00f3gica CAPF\/INPE\/CRN divulga boletim do m\u00eas de maio de 2022\u00a0<a title=\"Boletim de Maio de 2020\" href=\"http:\/\/www.uern.br\/controledepaginas\/estacao-meteorologica-2022\/arquivos\/66385_descritivo_mas_de_maio_2.pdf\" target=\"_blank\" rel=\"noopener\">(AQUI).<\/a><\/p>\n<hr \/>\n<p>Esta\u00e7\u00e3o Meteorol\u00f3gica CAPF\/INPE\/CRN divulga boletim do m\u00eas de abril de 2022\u00a0<a title=\"Boletim de abril\" href=\"http:\/\/www.uern.br\/controledepaginas\/estacao-meteorologica-2022\/arquivos\/663804_meteorologia_dados_capf_abril_2022_descritivo.pdf\" target=\"_blank\" rel=\"noopener\">(AQUI).<\/a><\/p>\n<hr \/>\n<p>Esta\u00e7\u00e3o Meteorol\u00f3gica CAPF\/INPE\/CRN divulga boletim do m\u00eas de mar\u00e7o de 2022\u00a0<a title=\"Boletim de Mar\u00e7o\" href=\"http:\/\/www.uern.br\/controledepaginas\/estacao-meteorologica-2022\/arquivos\/66383_meteorologia_dados_capf_mara%E2%80%A1o_2022.pdf\" target=\"_blank\" rel=\"noopener\">(AQUI).<\/a><\/p>\n<hr \/>\n<p>Esta\u00e7\u00e3o Meteorol\u00f3gica CAPF\/INPE\/CRN divulga boletim do m\u00eas de fevereiro de 2022\u00a0<a title=\"Boletim fevereiro 2022\" href=\"http:\/\/www.uern.br\/controledepaginas\/estacao-meteorologica-2022\/arquivos\/66381_meteorologia_dados_capf_fev_2022.pdf\" target=\"_blank\" rel=\"noopener\">(AQUI).<\/a><\/p>\n<hr \/>\n<p>Esta\u00e7\u00e3o Meteorol\u00f3gica CAPF\/INPE\/CRN divulga boletim do m\u00eas de janeiro de 2022\u00a0(<a title=\"boletim do tempo 2022\" href=\"http:\/\/www.uern.br\/controledepaginas\/estacao-meteorologica-2022\/arquivos\/66381_meteorologia_dados_capf_janeiro_2022.pdf\" target=\"_blank\" rel=\"noopener\">AQUI<\/a>).<\/p>\n","protected":false},"excerpt":{"rendered":"<p>O Laborat\u00f3rio de Cartografia e Geoprocessamento Aplicado aos Estudos Geoambientais (LAGEO) \u2013 atrav\u00e9s de uma mini esta\u00e7\u00e3o meteorol\u00f3gica (parceria entre INPE\/CRN e DGE-CAPF) disponibiliza semanalmente o extrato de dados meteorol\u00f3gicos como: temperatura do ar, umidade do ar, precipita\u00e7\u00e3o pluviom\u00e9trica, velocidade e dire\u00e7\u00e3o dos ventos,dentre outros e ser\u00e3o disponibilizados nesse espa\u00e7o. Esta\u00e7\u00e3o Meteorol\u00f3gica CAPF\/INPE\/CRN divulga boletim [&hellip;]<\/p>\n","protected":false},"author":1,"featured_media":0,"parent":0,"menu_order":0,"comment_status":"closed","ping_status":"closed","template":"","meta":{"footnotes":""},"class_list":["post-486","page","type-page","status-publish","hentry"],"_links":{"self":[{"href":"https:\/\/portal.uern.br\/paudosferros\/dge\/wp-json\/wp\/v2\/pages\/486","targetHints":{"allow":["GET"]}}],"collection":[{"href":"https:\/\/portal.uern.br\/paudosferros\/dge\/wp-json\/wp\/v2\/pages"}],"about":[{"href":"https:\/\/portal.uern.br\/paudosferros\/dge\/wp-json\/wp\/v2\/types\/page"}],"author":[{"embeddable":true,"href":"https:\/\/portal.uern.br\/paudosferros\/dge\/wp-json\/wp\/v2\/users\/1"}],"replies":[{"embeddable":true,"href":"https:\/\/portal.uern.br\/paudosferros\/dge\/wp-json\/wp\/v2\/comments?post=486"}],"version-history":[{"count":1,"href":"https:\/\/portal.uern.br\/paudosferros\/dge\/wp-json\/wp\/v2\/pages\/486\/revisions"}],"predecessor-version":[{"id":487,"href":"https:\/\/portal.uern.br\/paudosferros\/dge\/wp-json\/wp\/v2\/pages\/486\/revisions\/487"}],"wp:attachment":[{"href":"https:\/\/portal.uern.br\/paudosferros\/dge\/wp-json\/wp\/v2\/media?parent=486"}],"curies":[{"name":"wp","href":"https:\/\/api.w.org\/{rel}","templated":true}]}}