{"id":484,"date":"2023-02-26T20:36:02","date_gmt":"2023-02-26T23:36:02","guid":{"rendered":"https:\/\/portal.uern.br\/paudosferros\/dge\/?page_id=484"},"modified":"2026-01-15T11:13:51","modified_gmt":"2026-01-15T14:13:51","slug":"labec","status":"publish","type":"page","link":"https:\/\/portal.uern.br\/paudosferros\/dge\/labec\/","title":{"rendered":"LABEC"},"content":{"rendered":"<p>Laborat\u00f3rio de Cartografia e Ensino de Geografia, possui hoje 5 (cinco) mesas longas para atividades de ensino e atividades pr\u00e1ticas, podendo tamb\u00e9m dar suporte a projetos de pesquisa e extens\u00e3o. Esta sala ainda n\u00e3o disp\u00f5e de climatiza\u00e7\u00e3o ou projetores multim\u00eddia fixos.<\/p>\n<hr \/>\n<p>Coordena\u00e7\u00e3o: Prof. Dr. Franklin Roberto da Costa, conforme a <a href=\"https:\/\/drive.google.com\/file\/d\/1s4mU8mMlYFfjbRLc23iravdsMpo8yv2L\/view?usp=sharing\" target=\"_blank\" rel=\"noopener\">Portaria-SEI N\u00ba 007, de 07 de JANEIRO de 2026<\/a>.<\/p>\n","protected":false},"excerpt":{"rendered":"<p>Laborat\u00f3rio de Cartografia e Ensino de Geografia, possui hoje 5 (cinco) mesas longas para atividades de ensino e atividades pr\u00e1ticas, podendo tamb\u00e9m dar suporte a projetos de pesquisa e extens\u00e3o. Esta sala ainda n\u00e3o disp\u00f5e de climatiza\u00e7\u00e3o ou projetores multim\u00eddia fixos. Coordena\u00e7\u00e3o: Prof. Dr. Franklin Roberto da Costa, conforme a Portaria-SEI N\u00ba 007, de 07 [&hellip;]<\/p>\n","protected":false},"author":1,"featured_media":0,"parent":0,"menu_order":0,"comment_status":"closed","ping_status":"closed","template":"","meta":{"footnotes":""},"class_list":["post-484","page","type-page","status-publish","hentry"],"_links":{"self":[{"href":"https:\/\/portal.uern.br\/paudosferros\/dge\/wp-json\/wp\/v2\/pages\/484","targetHints":{"allow":["GET"]}}],"collection":[{"href":"https:\/\/portal.uern.br\/paudosferros\/dge\/wp-json\/wp\/v2\/pages"}],"about":[{"href":"https:\/\/portal.uern.br\/paudosferros\/dge\/wp-json\/wp\/v2\/types\/page"}],"author":[{"embeddable":true,"href":"https:\/\/portal.uern.br\/paudosferros\/dge\/wp-json\/wp\/v2\/users\/1"}],"replies":[{"embeddable":true,"href":"https:\/\/portal.uern.br\/paudosferros\/dge\/wp-json\/wp\/v2\/comments?post=484"}],"version-history":[{"count":3,"href":"https:\/\/portal.uern.br\/paudosferros\/dge\/wp-json\/wp\/v2\/pages\/484\/revisions"}],"predecessor-version":[{"id":1522,"href":"https:\/\/portal.uern.br\/paudosferros\/dge\/wp-json\/wp\/v2\/pages\/484\/revisions\/1522"}],"wp:attachment":[{"href":"https:\/\/portal.uern.br\/paudosferros\/dge\/wp-json\/wp\/v2\/media?parent=484"}],"curies":[{"name":"wp","href":"https:\/\/api.w.org\/{rel}","templated":true}]}}