{"id":482,"date":"2023-02-26T20:35:46","date_gmt":"2023-02-26T23:35:46","guid":{"rendered":"https:\/\/portal.uern.br\/paudosferros\/dge\/?page_id=482"},"modified":"2026-01-15T11:53:41","modified_gmt":"2026-01-15T14:53:41","slug":"geossol","status":"publish","type":"page","link":"https:\/\/portal.uern.br\/paudosferros\/dge\/geossol\/","title":{"rendered":"LAPEEGEO"},"content":{"rendered":"<h4><strong>Laborat\u00f3rio de Pesquisa, Ensino e Extens\u00e3o de Estudos Geoambientais &#8211; LAPEEGEO<\/strong><\/h4>\n<p>O Laborat\u00f3rio se caracteriza como sendo um espa\u00e7o f\u00edsico destinado \u00e0s atividades de pesquisa, ensino e extens\u00e3o nas diversas \u00e1reas da Geografia F\u00edsica relacionadas ao Curso de Geografia, com as atribui\u00e7\u00f5es previstas no Regimento Interno, assim como no Projeto Pedag\u00f3gico do Curso e no Regulamento de Cursos no \u00e2mbito da UERN.<\/p>\n<hr \/>\n<p><a href=\"https:\/\/portal.uern.br\/paudosferros\/dge\/wp-content\/uploads\/sites\/14\/2024\/11\/SEI_SEAD-29659033-Resolucao.pdf\" target=\"_blank\" rel=\"noopener\"><strong>Resolu\u00e7\u00e3o 11\/2024 da C\u00e2mara de pesquisa e p\u00f3s-gradua\u00e7\u00e3o do CONSEPE, DE 09 de outubro de 2024 e Regimento.\u00a0<\/strong><\/a><\/p>\n<p>Institucionaliza o Laborat\u00f3rio de Pesquisa, Ensino e Extens\u00e3o de Estudos Geoambientais &#8211; LAPEEGEO, do Departamento de Geografia do <em>Campus<\/em> Avan\u00e7ado de Pau dos Ferros, e aprova o seu regimento interno.<\/p>\n<hr \/>\n<p>Coordena\u00e7\u00e3o: Prof. Dr. Agassiel de Medeiros Alves, conforme a <a href=\"https:\/\/drive.google.com\/file\/d\/19oSA-R-JvdicBnqpu8yr-PGbiRORqgqz\/view?usp=sharing\" target=\"_blank\" rel=\"noopener\">Portaria-SEI N\u00ba 008, de 07 de JANEIRO de 2026<\/a>.<\/p>\n<hr \/>\n<p>Coordena\u00e7\u00e3o: Profa. Dra. Andreza Tacyana Felix Carvalho, conforme as <a href=\"https:\/\/portal.uern.br\/paudosferros\/dge\/wp-content\/uploads\/sites\/14\/2024\/06\/ANDREZA-PORTARIA-SEI-777-2020-Coordenacao-GEOSSOL.pdf\" target=\"_blank\" rel=\"noopener\">Portaria-SEI N\u00ba 777, de 07 de dezembro de 2020 e PORTARIA N\u00ba 026\/2020 \u2013 GD\/CAPF\/UERN (Revogadas).<\/a><\/p>\n","protected":false},"excerpt":{"rendered":"<p>Laborat\u00f3rio de Pesquisa, Ensino e Extens\u00e3o de Estudos Geoambientais &#8211; LAPEEGEO O Laborat\u00f3rio se caracteriza como sendo um espa\u00e7o f\u00edsico destinado \u00e0s atividades de pesquisa, ensino e extens\u00e3o nas diversas \u00e1reas da Geografia F\u00edsica relacionadas ao Curso de Geografia, com as atribui\u00e7\u00f5es previstas no Regimento Interno, assim como no Projeto Pedag\u00f3gico do Curso e no [&hellip;]<\/p>\n","protected":false},"author":1,"featured_media":0,"parent":0,"menu_order":0,"comment_status":"closed","ping_status":"closed","template":"","meta":{"footnotes":""},"class_list":["post-482","page","type-page","status-publish","hentry"],"_links":{"self":[{"href":"https:\/\/portal.uern.br\/paudosferros\/dge\/wp-json\/wp\/v2\/pages\/482","targetHints":{"allow":["GET"]}}],"collection":[{"href":"https:\/\/portal.uern.br\/paudosferros\/dge\/wp-json\/wp\/v2\/pages"}],"about":[{"href":"https:\/\/portal.uern.br\/paudosferros\/dge\/wp-json\/wp\/v2\/types\/page"}],"author":[{"embeddable":true,"href":"https:\/\/portal.uern.br\/paudosferros\/dge\/wp-json\/wp\/v2\/users\/1"}],"replies":[{"embeddable":true,"href":"https:\/\/portal.uern.br\/paudosferros\/dge\/wp-json\/wp\/v2\/comments?post=482"}],"version-history":[{"count":6,"href":"https:\/\/portal.uern.br\/paudosferros\/dge\/wp-json\/wp\/v2\/pages\/482\/revisions"}],"predecessor-version":[{"id":1523,"href":"https:\/\/portal.uern.br\/paudosferros\/dge\/wp-json\/wp\/v2\/pages\/482\/revisions\/1523"}],"wp:attachment":[{"href":"https:\/\/portal.uern.br\/paudosferros\/dge\/wp-json\/wp\/v2\/media?parent=482"}],"curies":[{"name":"wp","href":"https:\/\/api.w.org\/{rel}","templated":true}]}}