{"id":480,"date":"2023-02-26T20:35:26","date_gmt":"2023-02-26T23:35:26","guid":{"rendered":"https:\/\/portal.uern.br\/paudosferros\/dge\/?page_id=480"},"modified":"2026-01-15T11:09:57","modified_gmt":"2026-01-15T14:09:57","slug":"lageo","status":"publish","type":"page","link":"https:\/\/portal.uern.br\/paudosferros\/dge\/lageo\/","title":{"rendered":"LAGEO"},"content":{"rendered":"<h4><strong>Laborat\u00f3rio de Cartografia e Geoprocessamento (LAGEO)<\/strong><\/h4>\n<p>O laborat\u00f3rio de Cartografia e Geoprocessamento Aplicado aos Estudos Geoambientais, destina-se a atividades de Mapeamento Cartogr\u00e1fico e Geoprocessamento; armazenamento e processamento de dados da Esta\u00e7\u00e3o Meteorol\u00f3gica do Instituto Nacional de Pesquisas Espaciais (INPE); Processamento e alimenta\u00e7\u00e3o do banco de dados do sistema <em>Global Navigation Satellite System<\/em>\u00a0(GNSS) do IBGE; Aulas pr\u00e1ticas com o uso dos computadores; apoio a atividades de pesquisa e extens\u00e3o. O LAGEO necessita urgentemente de uma renova\u00e7\u00e3o na climatiza\u00e7\u00e3o da sala, reestrutura\u00e7\u00e3o da base de distribui\u00e7\u00e3o dos equipamentos, troca dos computadores por equipamentos atualizados, pois os dispon\u00edveis n\u00e3o t\u00eam mais condi\u00e7\u00f5es de atender \u00e0s necessidades do laborat\u00f3rio.<\/p>\n<hr \/>\n<p>Coordena\u00e7\u00e3o: Prof. Dr. Franklin Roberto da Costa, conforme a <a href=\"https:\/\/drive.google.com\/file\/d\/1WUOZTQg5ffh6Smwp2BLtpNVnZZjXjQ9Q\/view?usp=sharing\" target=\"_blank\" rel=\"noopener\">Portaria-SEI N\u00ba 006, de 07 de JANEIRO de 2026<\/a>.<\/p>\n<hr \/>\n<p>Coordena\u00e7\u00e3o: Prof. Dr. Agassiel de Medeiros Alves, conforme <a href=\"https:\/\/portal.uern.br\/paudosferros\/dge\/wp-content\/uploads\/sites\/14\/2024\/06\/06.06.2024-PORTARIA-SEI-No-274-DE-06-DE-JUNHO-DE-2024-COORDENADOR-LAGEO.pdf\" target=\"_blank\" rel=\"noopener\">PORTARIA-SEI N\u00ba 274, DE 06 DE JUNHO DE 2024 (Revogada)<\/a>.<\/p>\n<hr \/>\n<p>Coordena\u00e7\u00e3o: Prof. Dr. Franklin Roberto da Costa, conforme <a title=\"Laborat\u00f3rio de Cartografia e Geoprocessamento LAGEO\" href=\"https:\/\/drive.google.com\/file\/d\/1RlDPlAX2f35OPiPwmW-6LZfOqfaXy7g6\/view?usp=sharing\" target=\"_blank\" rel=\"noopener\">Portaria-SEI N\u00ba 778, de 07 de dezembro de 2020 e PORTARIA N\u00ba 027\/2020 \u2013 GD\/CAPF\/UERN (REVOGADA)<\/a>.<\/p>\n","protected":false},"excerpt":{"rendered":"<p>Laborat\u00f3rio de Cartografia e Geoprocessamento (LAGEO) O laborat\u00f3rio de Cartografia e Geoprocessamento Aplicado aos Estudos Geoambientais, destina-se a atividades de Mapeamento Cartogr\u00e1fico e Geoprocessamento; armazenamento e processamento de dados da Esta\u00e7\u00e3o Meteorol\u00f3gica do Instituto Nacional de Pesquisas Espaciais (INPE); Processamento e alimenta\u00e7\u00e3o do banco de dados do sistema Global Navigation Satellite System\u00a0(GNSS) do IBGE; Aulas [&hellip;]<\/p>\n","protected":false},"author":1,"featured_media":0,"parent":0,"menu_order":0,"comment_status":"closed","ping_status":"closed","template":"","meta":{"footnotes":""},"class_list":["post-480","page","type-page","status-publish","hentry"],"_links":{"self":[{"href":"https:\/\/portal.uern.br\/paudosferros\/dge\/wp-json\/wp\/v2\/pages\/480","targetHints":{"allow":["GET"]}}],"collection":[{"href":"https:\/\/portal.uern.br\/paudosferros\/dge\/wp-json\/wp\/v2\/pages"}],"about":[{"href":"https:\/\/portal.uern.br\/paudosferros\/dge\/wp-json\/wp\/v2\/types\/page"}],"author":[{"embeddable":true,"href":"https:\/\/portal.uern.br\/paudosferros\/dge\/wp-json\/wp\/v2\/users\/1"}],"replies":[{"embeddable":true,"href":"https:\/\/portal.uern.br\/paudosferros\/dge\/wp-json\/wp\/v2\/comments?post=480"}],"version-history":[{"count":8,"href":"https:\/\/portal.uern.br\/paudosferros\/dge\/wp-json\/wp\/v2\/pages\/480\/revisions"}],"predecessor-version":[{"id":1520,"href":"https:\/\/portal.uern.br\/paudosferros\/dge\/wp-json\/wp\/v2\/pages\/480\/revisions\/1520"}],"wp:attachment":[{"href":"https:\/\/portal.uern.br\/paudosferros\/dge\/wp-json\/wp\/v2\/media?parent=480"}],"curies":[{"name":"wp","href":"https:\/\/api.w.org\/{rel}","templated":true}]}}