{"id":476,"date":"2023-02-26T20:34:35","date_gmt":"2023-02-26T23:34:35","guid":{"rendered":"https:\/\/portal.uern.br\/paudosferros\/dge\/?page_id=476"},"modified":"2024-06-26T10:19:03","modified_gmt":"2024-06-26T13:19:03","slug":"eventos","status":"publish","type":"page","link":"https:\/\/portal.uern.br\/paudosferros\/dge\/eventos\/","title":{"rendered":"Eventos"},"content":{"rendered":"<hr \/>\n<div class=\"x78zum5 xdt5ytf x1iyjqo2 xs83m0k x2lwn1j x1odjw0f x1n2onr6 x9ek82g x6ikm8r xdj266r x11i5rnm x4ii5y1 x1mh8g0r xexx8yu x1pi30zi x18d9i69 x1swvt13\">\n<div class=\"x1qjc9v5 x972fbf xcfux6l x1qhh985 xm0m39n x9f619 x78zum5 xdt5ytf x2lah0s xk390pu xdj266r x11i5rnm xat24cr x1mh8g0r xexx8yu x4uap5 x18d9i69 xkhd6sd x1n2onr6 xggy1nq x11njtxf\" role=\"button\">\n<div class=\"_a9zm\">\n<div class=\"_a9zn _a9zo\">\n<div class=\"_a9zr\">\n<div class=\"_a9zs\">\n<h4 class=\"_ap3a _aaco _aacu _aacx _aad7 _aade\" dir=\"auto\"><strong>I Simp\u00f3sio de Est\u00e1gios Obrigat\u00f3rios da Uern 2024<\/strong><\/h4>\n<p>O evento ser\u00e1 realizado entre os dias 25 e 27 de junho com palestras e mesas redondas de forma remota e atividades presenciais nos campi de Mossor\u00f3, Ass\u00fa, Caic\u00f3, Natal, Patu e Pau dos Ferros.<\/p>\n<p>Com o tema \u201cViv\u00eancias e pr\u00e1ticas de aprendizagem no Est\u00e1gio Obrigat\u00f3rio\u201d, o evento tem como prop\u00f3sito realizar uma mostra das experi\u00eancias e viv\u00eancias dos est\u00e1gios curriculares supervisionados obrigat\u00f3rios e, atrav\u00e9s dela, fomentar o di\u00e1logo inter e transdisciplinar entre docentes e discentes acerca da viv\u00eancia profissional oportunizada atrav\u00e9s dos est\u00e1gios.<\/p>\n<p>A programa\u00e7\u00e3o tem in\u00edcio no dia 25 de junho, com a palestra de abertura sendo transmitida pelo canal Uern Oficial no YouTube, \u00e0s 16h. No dia 26, a mostra de experi\u00eancias\/viv\u00eancias acontecem presencialmente nos campi. Para encerrar o evento, haver\u00e1 uma mesa redonda, \u00e0s 16h, tamb\u00e9m no canal Uern Oficial.<\/p>\n<p dir=\"auto\">Divulga\u00e7\u00e3o: <a href=\"https:\/\/www.instagram.com\/p\/C8cfcGpxWkA\/?utm_source=ig_web_copy_link&amp;igsh=MzRlODBiNWFlZA==\" target=\"_blank\" rel=\"noopener\">(Aqui).<\/a><\/p>\n<hr \/>\n<\/div>\n<\/div>\n<\/div>\n<\/div>\n<\/div>\n<\/div>\n<div class=\"x1yztbdb x1h3rv7z x1swvt13\">\n<div class=\"x9f619 xjbqb8w x78zum5 x168nmei x13lgxp2 x5pf9jr xo71vjh x1n2onr6 x1plvlek xryxfnj x1c4vz4f x2lah0s x1q0g3np xqjyukv x6s0dn4 x1oa3qoh x1nhvcw1\">\n<h4 class=\"_ap3a _aaco _aacu _aacx _aad6 _aade\" dir=\"auto\"><strong>Comemora\u00e7\u00e3o Alusiva ao dia do(a) Ge\u00f3grafo(a) &#8211; 2024<\/strong><\/h4>\n<\/div>\n<\/div>\n<p>O Departamento de Geografia convida os(as) professores(as) e alunos(as) do curso de Geografia, assim como a comunidade em geral, para participar do evento alusivo ao Dia do Ge\u00f3grafo. O evento contar\u00e1 com uma mesa redonda com o tema &#8220;O pensamento geogr\u00e1fico como b\u00fassola para o entendimento das tramas contempor\u00e2neas: o papel do professor de Geografia&#8221;, sob a media\u00e7\u00e3o da professora Andreza e a participa\u00e7\u00e3o dos professores Taynan Ara\u00fajo de Oliveira e Rute Soares Paiva.<\/p>\n<p>O evento ser\u00e1 realizado no dia 05 de junho de 2024, \u00e0s 19 horas, no audit\u00f3rio da biblioteca da UERN.<\/p>\n<p>Divulga\u00e7\u00e3o: <a href=\"https:\/\/www.instagram.com\/p\/C7uX_SYpcZI\/?utm_source=ig_web_copy_link&amp;igsh=MzRlODBiNWFlZA==\" target=\"_blank\" rel=\"noopener\">(Aqui).\u00a0<\/a><\/p>\n<hr \/>\n<h4><strong>Semin\u00e1rio de TCC do Curso de Geografia 2024<\/strong><\/h4>\n<p>Participe das bancas de TCC! \ud83d\udcda Entre 19 a 23 de fevereiro, prestigie nossos alunos apresentando seus trabalhos. Haver\u00e1 Certifica\u00e7\u00e3o de participa\u00e7\u00e3o.<\/p>\n<p>Divulga\u00e7\u00e3o: <a href=\"https:\/\/www.instagram.com\/p\/C3cuCx5uGTN\/?utm_source=ig_web_copy_link&amp;igsh=MzRlODBiNWFlZA==\" target=\"_blank\" rel=\"noopener\">(Aqui).<\/a><\/p>\n<hr \/>\n<h4><strong>2\u00aa edi\u00e7\u00e3o da Exposi\u00e7\u00e3o Fotogr\u00e1fica &#8211; Lentes Geogr\u00e1ficas<\/strong><\/h4>\n<p>Convidamos voc\u00ea para a abertura da 2\u00aa edi\u00e7\u00e3o da Exposi\u00e7\u00e3o Fotogr\u00e1fica &#8211; Lentes Geogr\u00e1ficas! \ud83d\udcf8\ud83c\udf89 Venha explorar o mundo atrav\u00e9s das nossas lentes no dia 27\/11\/2023, \u00e0s 19h, na Casa de Cultura Popular Joaquim Correia, Pau dos Ferros\/RN. N\u00e3o perca essa jornada visual!<\/p>\n<p>Divulga\u00e7\u00e3o: <a href=\"https:\/\/www.instagram.com\/p\/C0Cue4-pMM8\/?utm_source=ig_web_copy_link&amp;igsh=MzRlODBiNWFlZA==\" target=\"_blank\" rel=\"noopener\">(Aqui).\u00a0<\/a><\/p>\n<hr \/>\n<h4><strong>20 DE NOVEMBRO DIA DA CONSCI\u00caNCIA NEGRA<\/strong><br \/>\nRODA DE CONVERSA<br \/>\nENEGRECENDO AS IDEIAS: HIST\u00d3RIAS E DI\u00c1LOGOS PARA (RE)CONSTRU\u00c7\u00c3O DE PENSAMENTOS E POSTURAS<br \/>\nMEDIA\u00c7\u00c3O<br \/>\nPROF. LUIZ EDUARDO E PROFA. ANDREZA<br \/>\nDIA 20\/11\/2023<br \/>\nTURNO MATUTINO &#8211; 08H<br \/>\nTURNO NOTURNO &#8211; 19H30MIN<br \/>\nLOCAL: AUDIT\u00d3RIO ANT\u00d4NIO DE FARIAS CAPISTRANO<\/h4>\n<p>Divulga\u00e7\u00e3o: <a href=\"https:\/\/www.instagram.com\/p\/CzwtWDJJwlT\/?utm_source=ig_web_copy_link&amp;igsh=MzRlODBiNWFlZA==\" target=\"_blank\" rel=\"noopener\">(Aqui).<\/a><\/p>\n<p>Imagens: <a href=\"https:\/\/www.instagram.com\/p\/Cz33Bt6OjOo\/?utm_source=ig_web_copy_link&amp;igsh=MzRlODBiNWFlZA==\" target=\"_blank\" rel=\"noopener\">(Aqui).<\/a><\/p>\n<hr \/>\n<h4>EVENTO &#8211;\u00a0EDUCA\u00c7\u00c3O AMBIENTAL EM PR\u00c1TICA: IMPLEMENTA\u00c7\u00c3O DA COLETA SELETIVA NA CAPF\/UERN<\/h4>\n<p><em>\u00a0<\/em>Contamos com sua honrosa presen\u00e7a. Compartilhe e divulguem!<\/p>\n<p>Haver\u00e1 certifica\u00e7\u00e3o para os participantes.<\/p>\n<hr \/>\n<h4>EVENTO &#8211; Exposi\u00e7\u00e3o Fotogr\u00e1fica: Lentes Geogr\u00e1ficas<\/h4>\n<p><em>A\u00a0<\/em><em><strong>Turma 2020.1<\/strong><\/em><em>\u00a0do\u00a0<\/em><em><strong>Curso de Geografia<\/strong><\/em><em>, Campus de Pau dos Ferros, sob a coordena\u00e7\u00e3o do professor Luiz Eduardo, tem o prazer de convid\u00e1-los(as) para a\u00a0<\/em><em><strong>Exposi\u00e7\u00e3o Lentes Geogr\u00e1ficas<\/strong><\/em><em>\u00a0a ser apresentada no dia 14.09.2022, no corredor do departamento de Geografia.<\/em><\/p>\n<p><em>A referida exposi\u00e7\u00e3o \u00e9 fruto de Atividade Pr\u00e1tica IV, realizada no semestre 2021.2.<\/em><\/p>\n<p><em>Contamos com sua honrosa presen\u00e7a em prestigiar os olhares geogr\u00e1ficos captados no cotidiano e trabalhados no espa\u00e7o da fotografia.<\/em><\/p>\n<p>Haver\u00e1 certifica\u00e7\u00e3o para os participantes.<strong>\u00a0<\/strong><\/p>\n<hr \/>\n<h4>Socializa\u00e7\u00e3o das atividades de est\u00e1gio supervisionado do semestre 2023.1<\/h4>\n<p>O Departamento de Geografia\/CAPF convida a comunidade acad\u00eamica para a socializa\u00e7\u00e3o das atividades de est\u00e1gio supervisionado do semestre 2023.1.<\/p>\n<p>Dia 24\/08\/2023 a partir das 19 horas<\/p>\n<p>Divulga\u00e7\u00e3o: <a href=\"https:\/\/www.instagram.com\/p\/CwDheWrOLjn\/?utm_source=ig_web_copy_link&amp;igsh=MzRlODBiNWFlZA==\" target=\"_blank\" rel=\"noopener\">(Aqui).\u00a0<\/a><\/p>\n<hr \/>\n<h4>Comemora\u00e7\u00e3o Alusiva ao dia do(a) Ge\u00f3grafo(a) &#8211; 2023<\/h4>\n<p>\u00c9 com grande entusiasmo que convidamos todos voc\u00eas para o nosso evento em alus\u00e3o ao Dia do(a) Ge\u00f3grafo(a). Este \u00e9 um momento especial para celebrar e reconhecer a import\u00e2ncia dessa \u00e1rea de conhecimento e a contribui\u00e7\u00e3o dos profissionais envolvidos.<\/p>\n<p>Data: 30 e 31 de maio de 2023<br \/>\nHor\u00e1rio: das 19h \u00e0s 22h<br \/>\nLocal: Audit\u00f3rio Ant\u00f4nio Capistrano, Campus Avan\u00e7ado de Pau dos Ferros<\/p>\n<p>Acreditamos que a participa\u00e7\u00e3o de todos voc\u00eas \u00e9 fundamental para o sucesso deste evento. \u00c9 uma ocasi\u00e3o para fortalecermos nossa comunidade geogr\u00e1fica, estabelecer contatos profissionais e expandir nossa rede de conhecimentos.<\/p>\n<p>Contamos com a presen\u00e7a de cada um de voc\u00eas para tornar este evento ainda mais especial e significativo. Juntos, podemos enriquecer nosso entendimento sobre a Geografia e seu impacto em nossa sociedade.<\/p>\n<p>Agradecemos desde j\u00e1 o seu interesse e esperamos contar com sua participa\u00e7\u00e3o neste evento. Vamos juntos celebrar o Dia do Ge\u00f3grafo e valorizar a import\u00e2ncia desse campo do conhecimento.<\/p>\n<p>Ser\u00e3o emitidos certificados para os participantes.<\/p>\n<p>Divulga\u00e7\u00e3o: <a href=\"https:\/\/www.instagram.com\/p\/CsrTjC7Jayw\/?utm_source=ig_web_copy_link&amp;igsh=MzRlODBiNWFlZA==\" target=\"_blank\" rel=\"noopener\">(Aqui).<\/a><\/p>\n<hr \/>\n<h4><strong>Minicurso online: As metodologias ativas como propostas para o ensino de Geografia<\/strong><\/h4>\n<p>Professor Jackson Junio<\/p>\n<p>Dia 20\/12\/2022, a partir das 09 horas<\/p>\n<p>No canal do YouTube, Linhas e Pontos Geogr\u00e1ficos<\/p>\n<p>Link para o canal: <a href=\"https:\/\/www.youtube.com\/@linhasepontosgeograficos7013\" target=\"_blank\" rel=\"noopener\">https:\/\/www.youtube.com\/@linhasepontosgeograficos7013<\/a><\/p>\n<p>Divulga\u00e7\u00e3o: <a href=\"https:\/\/www.instagram.com\/p\/CmSDA9wpCr2\/?utm_source=ig_web_copy_link&amp;igsh=MzRlODBiNWFlZA==\" target=\"_blank\" rel=\"noopener\">(Aqui).<\/a><\/p>\n<hr \/>\n<h4>Aula magna alusiva a abertura do semestre 2022.1 e alusiva ao dia do Ge\u00f3grafo 2022<\/h4>\n<p>O Departamento de Geografia da UERN-CAPF, tem a honra de convid\u00e1-los(as) para aula magna alusiva as comemora\u00e7\u00f5es ao dia do(a) Ge\u00f3grafo(a) e abertura do semestre 2022.1 que ser\u00e1 realizada no dia 22.06.2022, \u00e1s 19h, no audit\u00f3rio da Biblioteca setorial do Campus.<\/p>\n<p>Teremos como convidados para este evento, os renomados professores da geografia potiguar: Jos\u00e9 Lacerda Alves Felipe (UFRN) e professor Alesandro Dozena (UFRN).<\/p>\n<p>Na ocasi\u00e3o, o prof. Jos\u00e9 Lacerda tamb\u00e9m estar\u00e1 lan\u00e7ando seu recente livro: Constan\u00e7a.<\/p>\n<p>Contamos com sua honrosa presen\u00e7a. Compartilhe e divulguem!<\/p>\n<p>Haver\u00e1 certifica\u00e7\u00e3o para os participantes.<\/p>\n<p>Divulga\u00e7\u00e3o: <a href=\"https:\/\/www.instagram.com\/p\/CegvxapuvlU\/?utm_source=ig_web_copy_link&amp;igsh=MzRlODBiNWFlZA==\" target=\"_blank\" rel=\"noopener\">(Aqui).<\/a><\/p>\n<hr \/>\n<h4>XXVI EGEORN 2021<\/h4>\n<p>26 Encontro Estadual de Geografia do Rio Grande do Norte<\/p>\n<p>Data: 09 a 11 de Novembro<\/p>\n<p>Para inscri\u00e7\u00e3o,\u00a0programa\u00e7\u00e3o e mais informa\u00e7\u00f5es acesse o site:<\/p>\n<p><a href=\"https:\/\/www.even3.com.br\/egeorn2021\/\">https:\/\/www.even3.com.br\/egeorn2021\/<\/a><\/p>\n<p><a href=\"https:\/\/drive.google.com\/file\/d\/1PkC7-P4xtg1JzrBwOJcT53HxnX4n8e9y\/view\">1<sup>a<\/sup>\u00a0Circular<\/a><\/p>\n<p><a href=\"https:\/\/drive.google.com\/file\/d\/1Khz1R7OuaozCbZB9UHdQdGqEtGmtUtbx\/view\">2<sup>a<\/sup>\u00a0Circular<\/a><\/p>\n<p>Divulga\u00e7\u00e3o do evento: <a href=\"https:\/\/www.instagram.com\/p\/CR1iB_Ahf-v\/?utm_source=ig_web_copy_link&amp;igsh=MzRlODBiNWFlZA==\" target=\"_blank\" rel=\"noopener\">(AQUI).<\/a><\/p>\n<hr \/>\n<h4>ENADE 2021<\/h4>\n<h4>I encontro de prepara\u00e7\u00e3o para o ENADE<\/h4>\n<p>Dia 26\/08\/2021, das 19:00 \u00e0s 21:00 atrav\u00e9s da plataforma google meet.<\/p>\n<p>No encontro ser\u00e3o abordadas as disciplinas de Geologia e Geomorfologia com a Profa. Los\u00e2ngela e o Prof. Agassiel.<\/p>\n<p>Divulga\u00e7\u00e3o <a href=\"https:\/\/www.instagram.com\/p\/CS9_xWAlhtX\/?utm_source=ig_web_copy_link&amp;igsh=MzRlODBiNWFlZA==\" target=\"_blank\" rel=\"noopener\">(AQUI).<\/a><\/p>\n<hr \/>\n<h4><strong>I Encontro Nacional de Subprojetos Pibid de Geografia!<\/strong><\/h4>\n<p>25 e 26 de outubro de 2021<\/p>\n<p>Divulga\u00e7\u00e3o do evento:<a href=\"https:\/\/www.instagram.com\/p\/CRD_tUYBv83\/?utm_source=ig_web_copy_link&amp;igsh=MzRlODBiNWFlZA==\" target=\"_blank\" rel=\"noopener\">\u00a0 (AQUI)<\/a>.<\/p>\n<p>As discuss\u00f5es se realizar\u00e3o em tr\u00eas eixos tem\u00e1ticos:<\/p>\n<p>\u2714FORMA\u00c7\u00c3O DOCENTE INICIAL<br \/>\n\u2714IDENTIDADE DO PROFESSOR<br \/>\n\u2714 PR\u00c1TICA ESCOLAR<\/p>\n<hr \/>\n<h4>Comemora\u00e7\u00e3o Alusiva ao dia do(a) Ge\u00f3grafo(a) &#8211; 2021<\/h4>\n<p>Redescobrindo a Geografia: novas abordagens e contextos em tempos de pandemia<\/p>\n<p>&#8211; Atividade do componente curricular: Orienta\u00e7\u00e3o e Est\u00e1gio Supervisionado em Geografia I &#8211; 2020.2<\/p>\n<p><strong>&#8211; Data: 27 e 28 de maio de 2021<\/strong><\/p>\n<p>&#8211; Organiza\u00e7\u00e3o:<br \/>\n*Coordena\u00e7\u00e3o Profa. Jacim\u00e1ria Fonseca de Medeiros<br \/>\n*Profa. Andreza Tacyana Felix Carvalho<br \/>\n*Prof. Luiz Eduardo do Nascimento Neto<br \/>\n*Prof. Rosalvo Nobre Carneiro<\/p>\n<p>INSCRI\u00c7\u00d5ES:<\/p>\n<p><a href=\"https:\/\/docs.google.com\/forms\/d\/e\/1FAIpQLSeYs3H_tfWdPE9f_btsPa_c4pNeXHhvo6wQ5LfpSTBr9pWe\">Linnk para inscri\u00e7\u00e3o<\/a><\/p>\n<p>Folder do Evento\u00a0<a href=\"https:\/\/www.uern.br\/controledepaginas\/eventos-curso\/arquivos\/2634folder_dia_do_gea%E2%80%9Cgrafo_2021_27_e_28_de_maio.pdf\">(AQUI).<\/a><\/p>\n<p>Link para o Instagram: <a href=\"https:\/\/www.instagram.com\/p\/CPA7yGchRn-\/?utm_source=ig_web_copy_link&amp;igsh=MzRlODBiNWFlZA==\" target=\"_blank\" rel=\"noopener\">(AQUI).<\/a><\/p>\n<p><strong>&#8211; Comemora\u00e7\u00e3o Alusiva ao dia do(a) Ge\u00f3grafo(a) &#8211; Abertura<\/strong><\/p>\n<p><a href=\"https:\/\/www.youtube.com\/watch?v=5RLXcRr3yOA\">https:\/\/www.youtube.com\/watch?v=5RLXcRr3yOA<\/a><\/p>\n<p><strong>&#8211; Comemora\u00e7\u00e3o Alusiva ao dia do(a) Ge\u00f3grafo(a) &#8211; Encerramento<\/strong><\/p>\n<p><a href=\"https:\/\/www.youtube.com\/watch?v=CDhXXO5Aerc\">https:\/\/www.youtube.com\/watch?v=CDhXXO5Aerc<\/a><\/p>\n<hr \/>\n<h4><strong>Webn\u00e1rio Integrador do Curso de Geografia<\/strong><\/h4>\n<p>Dias: 20 e 21 de agosto de 2020.<\/p>\n<p>Plataforma: Google Meet<\/p>\n<p>P\u00fablico-alvo: Congrega\u00e7\u00e3o e discentes do CGE-CAPF<\/p>\n<p>Folder do Evento.\u00a0<a href=\"https:\/\/www.uern.br\/controledepaginas\/eventos-curso\/arquivos\/2634folder_oficial_do_evento.pdf\">(AQUI)<\/a>.<\/p>\n<p>Link para o Instagram<a href=\"https:\/\/www.instagram.com\/p\/CD2VL3sBTLH\/?utm_source=ig_web_copy_link&amp;igsh=MzRlODBiNWFlZA==\" target=\"_blank\" rel=\"noopener\"> (AQUI).<\/a><\/p>\n<h4><strong>Programa\u00e7\u00e3o<\/strong><\/h4>\n<p><strong>Dia 20.08.2020 \u2013 09 as 10h &#8211; Apresenta\u00e7\u00e3o do Curso de Geografia-CAPF<\/strong><\/p>\n<p><strong>1\u00a0\u00a0\u00a0\u00a0\u00a0\u00a0<\/strong>Coordena\u00e7\u00e3o; professores; t\u00e9cnicos<\/p>\n<p><strong>2\u00a0\u00a0\u00a0\u00a0\u00a0\u00a0<\/strong>Apresenta\u00e7\u00e3o dos ingressantes<\/p>\n<p><strong>3\u00a0\u00a0\u00a0\u00a0\u00a0\u00a0<\/strong>Apresenta\u00e7\u00e3o do Webn\u00e1rio Integrador do Curso de Geografia e boas-vindas dos Calouros.<\/p>\n<p>Respons\u00e1vel: Profa. Dra. Jacim\u00e1ria Fonseca de Medeiros<\/p>\n<p><strong>10h as 11h &#8211; Forma\u00e7\u00e3o e atua\u00e7\u00e3o do licenciado em Geografia no Alto Oeste Potiguar: e<\/strong>specificidades do Projeto Pedag\u00f3gico do Curso e hist\u00f3rias de alunos egressos.<\/p>\n<p>Palestrante: Profa. Dra Jacim\u00e1ria Medeiros<\/p>\n<p>Palestrante: Profa. Me. Francisca Elizonete de Souza Lima<\/p>\n<p>Palestrante: Profa. Me. Alcim\u00e1ria Fernandes da Silva<\/p>\n<p>Mediador: Profa. Dr. Franklin Roberto da Costa<\/p>\n<p><strong>Dia 20.08.2020 \u2013 19h as 21h &#8211; O Curso de Geografia UERN &#8211; CAPF sob a tr\u00edade: ensino, pesquisa e extens\u00e3o.<\/strong><\/p>\n<p>Palestrante: Profa. Dra. Larissa da Silva Ferreira Alves<\/p>\n<p>Palestrante: Prof. Dr. Rosalvo Nobre Carneiro<\/p>\n<p>Palestrante: Prof. Dr. C\u00edcero Nilton Moreira da Silva<\/p>\n<p>Mediador: Prof. Dr. Luiz Eduardo do Nascimento Neto<\/p>\n<p><strong>Dia 21.08.2020 \u2013 9h as 11h \u2013 Forma\u00e7\u00e3o continuada em Geografia e \u00e1reas afins: perspectivas dos cursos de p\u00f3s-gradua\u00e7\u00e3o.<\/strong><\/p>\n<p>Palestrante: Profa. Dra. Maria Losangela Martins de Sousa<\/p>\n<p>Palestrante: Profa. Dr. Franklin Roberto da Costa<\/p>\n<p>Palestrante: Prof. Dr. Josu\u00e9 Alencar Bezerra<\/p>\n<p>Mediador: Prof. Dr. Agassiel de Medeiros Alves<\/p>\n<p><strong>Dia 21.08.2020 \u2013 19h as 21h &#8211; Media\u00e7\u00f5es para o ensino remoto: suscita\u00e7\u00f5es e possibilidades para forma\u00e7\u00e3o docente no curso de Geografia \u2013UERN-CAPF<\/strong><\/p>\n<p>Palestrante: Prof. Me. Luiz Eduardo do Nascimento Neto.<\/p>\n<p>Palestrante: Profa. Dra. Andreza Tacyana F\u00e9lix Carvalho<\/p>\n<p>Mediador: Profa. Dra. Jacim\u00e1ria Fonseca de Medeiros<\/p>\n<hr \/>\n<h4>10 Anos do Curso de Geografia \u2013 UERN, Campus Pau dos Ferros-RN.<br \/>\nConhecimento e forma\u00e7\u00e3o docente em Geografia no Alto Oeste Potiguar.<\/h4>\n<h4><a href=\"http:\/\/geografiapdf10.wordpress.com\/\">http:\/\/geografiapdf10.wordpress.com\/<\/a><\/h4>\n<hr \/>\n<h4><strong>EgeoRN<\/strong><\/h4>\n<p><strong><a href=\"https:\/\/sites.google.com\/site\/egeorn\/home\">https:\/\/sites.google.com\/site\/egeorn\/home<\/a><\/strong><\/p>\n<hr \/>\n","protected":false},"excerpt":{"rendered":"<p>I Simp\u00f3sio de Est\u00e1gios Obrigat\u00f3rios da Uern 2024 O evento ser\u00e1 realizado entre os dias 25 e 27 de junho com palestras e mesas redondas de forma remota e atividades presenciais nos campi de Mossor\u00f3, Ass\u00fa, Caic\u00f3, Natal, Patu e Pau dos Ferros. Com o tema \u201cViv\u00eancias e pr\u00e1ticas de aprendizagem no Est\u00e1gio Obrigat\u00f3rio\u201d, o [&hellip;]<\/p>\n","protected":false},"author":1,"featured_media":0,"parent":0,"menu_order":0,"comment_status":"closed","ping_status":"closed","template":"","meta":{"footnotes":""},"class_list":["post-476","page","type-page","status-publish","hentry"],"_links":{"self":[{"href":"https:\/\/portal.uern.br\/paudosferros\/dge\/wp-json\/wp\/v2\/pages\/476","targetHints":{"allow":["GET"]}}],"collection":[{"href":"https:\/\/portal.uern.br\/paudosferros\/dge\/wp-json\/wp\/v2\/pages"}],"about":[{"href":"https:\/\/portal.uern.br\/paudosferros\/dge\/wp-json\/wp\/v2\/types\/page"}],"author":[{"embeddable":true,"href":"https:\/\/portal.uern.br\/paudosferros\/dge\/wp-json\/wp\/v2\/users\/1"}],"replies":[{"embeddable":true,"href":"https:\/\/portal.uern.br\/paudosferros\/dge\/wp-json\/wp\/v2\/comments?post=476"}],"version-history":[{"count":20,"href":"https:\/\/portal.uern.br\/paudosferros\/dge\/wp-json\/wp\/v2\/pages\/476\/revisions"}],"predecessor-version":[{"id":1151,"href":"https:\/\/portal.uern.br\/paudosferros\/dge\/wp-json\/wp\/v2\/pages\/476\/revisions\/1151"}],"wp:attachment":[{"href":"https:\/\/portal.uern.br\/paudosferros\/dge\/wp-json\/wp\/v2\/media?parent=476"}],"curies":[{"name":"wp","href":"https:\/\/api.w.org\/{rel}","templated":true}]}}