{"id":464,"date":"2023-02-26T20:30:20","date_gmt":"2023-02-26T23:30:20","guid":{"rendered":"https:\/\/portal.uern.br\/paudosferros\/dge\/?page_id=464"},"modified":"2025-11-13T09:59:52","modified_gmt":"2025-11-13T12:59:52","slug":"editais","status":"publish","type":"page","link":"https:\/\/portal.uern.br\/paudosferros\/dge\/editais\/","title":{"rendered":"Editais"},"content":{"rendered":"<p><strong>EDITAIS 2025<\/strong><\/p>\n<p><a href=\"https:\/\/drive.google.com\/file\/d\/1pdHEKbYqsE0-uJmxhbx-RfubUcvFSWuw\/view?usp=sharing\" target=\"_blank\" rel=\"noopener\">EDITAL N\u00ba 05\/2025 &#8211; PIBEX 2026 &#8211; LISTA DE INSCRI\u00c7\u00d5ES<\/a><\/p>\n<p><a href=\"https:\/\/drive.google.com\/file\/d\/1pCeMMIaWlwNdmOHbVUnUa1bP7Jmcy13L\/view?usp=sharing\" target=\"_blank\" rel=\"noopener\">Edital n.\u00ba 04\/2025 &#8211; DGE\/CAPF\/UERN &#8211; Resultado PIM 2026.1<\/a><\/p>\n<hr \/>\n<p><a href=\"https:\/\/drive.google.com\/file\/d\/1JG3SSs31ax_-uQC9HvGSYkFvQoQj9pNT\/view?usp=sharing\" target=\"_blank\" rel=\"noopener\">EDITAL N\u00ba 05\/2025 &#8211; PIBEX 2026<\/a><\/p>\n<p><a href=\"https:\/\/drive.google.com\/file\/d\/1impVFp86R5VM2iBL6o4w6JUXxSHHbCPC\/view?usp=sharing\" target=\"_blank\" rel=\"noopener\">ADITIVO ao Edital n.\u00ba 03\/2025 &#8211; DGE\/CAPF\/UERN &#8211; PIM 2026.1<\/a><\/p>\n<hr \/>\n<p><a href=\"https:\/\/drive.google.com\/file\/d\/1_jcCmGFioIaJ8yqWFQu7Hj8fnFCQi_gO\/view?usp=sharing\" target=\"_blank\" rel=\"noopener\">Edital n.\u00ba 03\/2025 &#8211; DGE\/CAPF\/UERN &#8211; Processo seletivo para o Programa Institucional de Monitoria (PIM) do Curso de Geografia (PIM 2026.1)<\/a><\/p>\n<hr \/>\n<p><a href=\"https:\/\/drive.google.com\/file\/d\/1bgucqSK6ytBwmCRZwam3IXjBsLU0L6j6\/view?usp=sharing\" target=\"_blank\" rel=\"noopener\">Edital n.\u00ba 03\/2025 &#8211; DGE\/CAPF\/UERN &#8211; Resultado do processo seletivo para o Programa Institucional de Monitoria (PIM) do Curso de Geografia (PIM 2025.2)<\/a><\/p>\n<p><a href=\"https:\/\/drive.google.com\/file\/d\/18OSwiHT1OpROfDJkxHQqtFep4EnJDVff\/view?usp=sharing\" target=\"_blank\" rel=\"noopener\">Retifica\u00e7\u00e3o ao Edital 02\/2025 &#8211; DGE\/CAP-F\/UERN &#8211; PIM 2025.2<\/a><\/p>\n<p><a href=\"https:\/\/drive.google.com\/file\/d\/138AhY5vhGWcAlBVmtI2gDUrs_-qusUmI\/view?usp=sharing\" target=\"_blank\" rel=\"noopener\">Edital n.\u00ba 02\/2025 &#8211; DGE\/CAPF\/UERN &#8211; Processo seletivo para o Programa Institucional de Monitoria (PIM) do Curso de Geografia (PIM 2025.2)<\/a><\/p>\n<hr \/>\n<p class=\"Texto_Centralizado\"><a href=\"https:\/\/drive.google.com\/file\/d\/1E-TaBvDNFunEiZSCqvKqxU6HUMt2tBUh\/view?usp=sharing\" target=\"_blank\" rel=\"noopener\"><strong>Errata ao Edital N\u00ba 01\/2025- DGE\/CAPF\/UERN &#8211; <\/strong><strong>(Corre\u00e7\u00e3o do e-mail).<\/strong><\/a><\/p>\n<p><a href=\"https:\/\/drive.google.com\/file\/d\/1ji4jrEr0MT-_5FTBcuguiN9MBtiyaLNw\/view?usp=sharing\" target=\"_blank\" rel=\"noopener\">Edital N\u00ba 01\/2025 &#8211; DGE\/CAPF\/UERN &#8211; Edital simplificado do Departamento de Geografia \/CAPF para sele\u00e7\u00e3o de bolsistas Conforme Edital n\u00b0 001\/2025 \u2013 PROEX\/UERN que versa sobre PROGRAMA INSTITUCIONAL DE BOLSAS DE EXTENS\u00c3O-PIBEX 2025.<\/a><\/p>\n<p><strong>EDITAIS 2024<\/strong><\/p>\n<p><a href=\"https:\/\/portal.uern.br\/paudosferros\/dge\/wp-content\/uploads\/sites\/14\/2024\/09\/SEI_SEAD-29311290-Edital-Resultado-PIM-2025.1.pdf\" target=\"_blank\" rel=\"noopener\">Edital n.\u00ba 09\/2024 &#8211; DGE\/CAPF\/UERN &#8211; Resultado do processo seletivo para o Programa Institucional de Monitoria (PIM) do Curso de Geografia (PIM 2025.1)<\/a><\/p>\n<p><a href=\"https:\/\/drive.google.com\/file\/d\/1pAmAx-bNRb6vjSQszyq2OjNqO2JrSnJl\/view?usp=sharing\" target=\"_blank\" rel=\"noopener\">Homologa\u00e7\u00e3o das inscri\u00e7\u00f5es PIM 2025.1<\/a><\/p>\n<p><a href=\"https:\/\/portal.uern.br\/paudosferros\/dge\/wp-content\/uploads\/sites\/14\/2024\/09\/SEI_SEAD-29074558-Edital_08.pdf\" target=\"_blank\" rel=\"noopener\">Edital n.\u00ba 08\/2024 &#8211; DGE\/CAPF\/UERN &#8211; Processo seletivo para o Programa Institucional de Monitoria (PIM) do Curso de Geografia (PIM 2025.1)<\/a><\/p>\n<hr \/>\n<p><a href=\"https:\/\/drive.google.com\/file\/d\/1diwRRqKlS5aTm9HCWptODTk1CxuDuSuS\/view?usp=sharing\" target=\"_blank\" rel=\"noopener\">Edital n.\u00ba 07\/2024 &#8211; DGE\/CAPF\/UERN &#8211; Resultado do processo seletivo para o Programa Institucional de Monitoria (PIM) do Curso de Geografia (PIM 2024.2)<\/a><\/p>\n<hr \/>\n<p><a href=\"https:\/\/drive.google.com\/file\/d\/1dKpJwA781rEkM3KD_SVSOcxT2Q4zlwXK\/view?usp=sharing\" target=\"_blank\" rel=\"noopener\">Homologa\u00e7\u00e3o das inscri\u00e7\u00f5es PIM 2024.2<\/a><\/p>\n<p><a href=\"https:\/\/drive.google.com\/file\/d\/18cjPcwiVTflZ_1NTX9NBqovh1zp-pNj-\/view?usp=sharing\" target=\"_blank\" rel=\"noopener\">Edital N\u00ba 06\/2024 &#8211; DGE\/CAPF\/UERN &#8211;\u00a0 Processo seletivo para o Programa Institucional de Monitoria (PIM) do Curso de Geografia (PIM 2024.2)<\/a><\/p>\n<hr \/>\n<p><a href=\"\/\/drive.google.com\/file\/d\/1YdMVzRridqmNMZZ1dk4Di1ihlsHjBNqM\/view?usp=sharing\" target=\"_blank\" rel=\"noopener\">EDITAL N\u00ba 05\/2024 &#8211; DGE\/CAPF\/UERN &#8211; DIVULGA O RESULTADO FINAL DA SELE\u00c7\u00c3O DE DISCENTES PARA PARTICIPAR DA PROPOSTA DE PROJETO DE ENSINO &#8211; PEG &#8211; EM CONFORMIDADE COM O EDITAL N\u00ba 66\/2024 \u2013 PROEG<\/a><\/p>\n<hr \/>\n<p><a href=\"https:\/\/drive.google.com\/file\/d\/1FokYTKXh8lv6XE8QT0pU6rXU_navqzyd\/view?usp=sharing\" target=\"_blank\" rel=\"noopener\">Resultado Final do Edital N\u00b0 004\/2024 \u2013 PROEX\/UERNPIBEX\u00a0 2024<\/a><\/p>\n<hr \/>\n<p><a href=\"https:\/\/portal.uern.br\/paudosferros\/dge\/wp-content\/uploads\/sites\/14\/2024\/04\/Resultado-parcial-PEG.pdf\" target=\"_blank\" rel=\"noopener\"><span style=\"font-size: 12pt\">Edital N\u00ba 04\/2024 &#8211; DGE\/CAPF\/UERN &#8211; <\/span><span style=\"font-size: medium\">Divulga o resultado parcial da sele\u00e7\u00e3o de discentes para participar da proposta de projeto de ensino &#8211; PEG<\/span><\/a><\/p>\n<hr \/>\n<p><span style=\"font-size: 12pt\"><a href=\"https:\/\/drive.google.com\/file\/d\/13bRytgs5_Y-jv9hf3ud0HlYXS6M0lJNd\/view?usp=sharing\" target=\"_blank\" rel=\"noopener\">Edital N\u00ba 03\/2024 &#8211; DGE\/CAPF\/UERN &#8211; PIBEX 2024 &#8211; Retifica\u00e7\u00e3o do cronograma do Edital simplificado do Departamento de Geografia \/CAPF<\/a><\/span><\/p>\n<hr \/>\n<p><a href=\"https:\/\/drive.google.com\/file\/d\/10IMygh1tg9chiWqp2ERRDotA6m4qQW0w\/view?usp=sharing\" target=\"_blank\" rel=\"noopener\">Homologa\u00e7\u00e3o das inscri\u00e7\u00f5es PIBEX 2024<\/a><\/p>\n<hr \/>\n<p><a href=\"https:\/\/portal.uern.br\/paudosferros\/dge\/wp-content\/uploads\/sites\/14\/2024\/04\/SEI_25942574_Edital_02-PEG-2024.pdf\" target=\"_blank\" rel=\"noopener\">Edital N\u00ba 02\/2024 &#8211; DGE\/CAPF\/UERN &#8211; Edital simplificado do Departamento de Geografia \/CAPF para sele\u00e7\u00e3o de discentes conforme o EDITAL N\u00ba 66\/2024 &#8211; PEG 2024<\/a><\/p>\n<hr \/>\n<p><a href=\"https:\/\/drive.google.com\/file\/d\/1AHQi0GreHJA1VOkA4eWZdkxdlfbKQkso\/view?usp=sharing\" target=\"_blank\" rel=\"noopener\">Edital N\u00ba 01\/2024 &#8211; DGE\/CAPF\/UERN &#8211; Edital simplificado do Departamento de Geografia \/CAPF para sele\u00e7\u00e3o de bolsistas Conforme Edital n\u00b0 004\/2024 \u2013 PROEX\/UERN que versa sobre PROGRAMA INSTITUCIONAL DE BOLSAS DE EXTENS\u00c3O &#8211; PIBEX 2024<\/a><\/p>\n<hr \/>\n<p><strong>2023<\/strong><\/p>\n<p><a href=\"https:\/\/portal.uern.br\/paudosferros\/dge\/wp-content\/uploads\/sites\/14\/2023\/11\/Edital-No-06.2023-DGE.CAPF_.UERN-Resultado-Final-do-Processo-seletivo-para-o-Programa-Institucional-de-Monitoria-PIM-do-Curso-de-Geografia.pdf\">Edital N\u00ba 06\/2023 &#8211; DGE\/CAPF\/UERN &#8211; Resultado Final do Processo seletivo para o Programa Institucional de Monitoria PIM do Curso de Geografia<\/a><\/p>\n<hr \/>\n<p><a href=\"https:\/\/portal.uern.br\/paudosferros\/dge\/wp-content\/uploads\/sites\/14\/2023\/11\/Edital-No-05.2023-DGE.CAPF_.UERN-Resultado-Preliminar-do-PIM-2024.1.pdf\">Edital N\u00ba 05\/2023 &#8211; DGE\/CAPF\/UERN &#8211; Resultado Preliminar do Processo seletivo para o Programa Institucional de Monitoria PIM do Curso de Geografia<\/a><\/p>\n<hr \/>\n<p><a href=\"https:\/\/portal.uern.br\/paudosferros\/dge\/wp-content\/uploads\/sites\/14\/2023\/10\/SEI_SEARH-22862650-Edital-PIM-2024.1.pdf\">Edital N\u00ba 04\/2023 &#8211; DGE\/CAPF\/UERN &#8211;\u00a0 Processo seletivo para o Programa Institucional de Monitoria (PIM) do Curso de Geografia (PIM 2024.1)<\/a><\/p>\n<hr \/>\n<p><a href=\"https:\/\/portal.uern.br\/paudosferros\/dge\/wp-content\/uploads\/sites\/14\/2023\/10\/SEI_SEARH-18977989-Edital.pdf\">Edital N\u00ba 03\/2023 &#8211; DGE\/CAPF\/UERN &#8211; Edital simplificado do Departamento de Geografia \/CAPF para sele\u00e7\u00e3o de bolsistas Conforme Edital n\u00b0 004\/2023 \u2013 PROEX\/UERN que versa sobre PROGRAMA INSTITUCIONAL DE BOLSAS DE EXTENS\u00c3O &#8211; PIBEX 2023 (Retificado)<\/a><\/p>\n<hr \/>\n<p><a href=\"https:\/\/portal.uern.br\/paudosferros\/dge\/wp-content\/uploads\/sites\/14\/2023\/10\/SEI_SEARH-18869834-Edital.pdf\">Edital N\u00ba 02\/2023 &#8211; DGE\/CAPF\/UERN &#8211; Resultado do Processo seletivo para o Programa Institucional de Monitoria PIM do Curso de Geografia<\/a><\/p>\n<hr \/>\n<p><a title=\"PIM 2023.1\" href=\"http:\/\/www.uern.br\/controledepaginas\/editais-dge\/arquivos\/6139edital_na_01_2023_dge_capf_uern_processo_seletivo_para_o_programa_institucional_de_monitoria_pim_do_curso_de_geografia.pdf\" target=\"_blank\" rel=\"noopener\">Edital N\u00ba 01\/2023 &#8211; DGE\/CAPF\/UERN &#8211;\u00a0 Processo seletivo para o Programa Institucional de Monitoria (PIM) do Curso de Geografia<\/a><\/p>\n<hr \/>\n<p><strong>2022<\/strong><\/p>\n<p><a href=\"http:\/\/www.uern.br\/controledepaginas\/editais-dge\/arquivos\/6139edital_estagia%C2%A1rios_prae_geotemas.pdf\" target=\"_blank\" rel=\"noopener\"><span class=\"fontstyle0\">EDITAL N\u00ba 119\/PRAE-UERN\/2022 &#8211;\u00a0<\/span><span class=\"fontstyle2\">TORNA P\u00daBLICO PROCESSO SELETIVO PARA PREENCHIMENTO DE VAGAS EM EST\u00c1GIO CURRICULAR SUPERVISIONADO N\u00c3O- OBRIGAT\u00d3RIO DESTINADAS \u00c0 ATUA\u00c7\u00c3O NO \u00c2MBITO DA UNIVERSIDADE DO ESTADO DO RIO GRANDE DO NORTE \u2013 UERN.<\/span><\/a><\/p>\n<hr \/>\n<p><a title=\"Resultado PIM 2022.2\" href=\"http:\/\/www.uern.br\/controledepaginas\/editais-dge\/arquivos\/6139edital_na_04_2022_dge_capf_uern_resultado_processo_seletivo_pim_2022.2.pdf\" target=\"_blank\" rel=\"noopener\">Edital N\u00ba 04\/2022 &#8211; DGE\/CAPF\/UERN \u2013 Resultado Processo seletivo para o Programa Institucional de Monitoria PIM \u2013 Curso de Geografia CAPF\/UERN\u00a0<\/a><\/p>\n<hr \/>\n<p><a title=\"PIM 2022.2\" href=\"http:\/\/www.uern.br\/controledepaginas\/editais-dge\/arquivos\/6139edital_n_03_2021_dge_capf_uern_processo_seletivo_pim_2022.2.pdf\" target=\"_blank\" rel=\"noopener\">Edital N\u00ba 03\/2022 \u2013 Processo seletivo para o Programa Institucional de Monitoria PIM \u2013 Curso de Geografia CAPF\/UERN (ABERTURA)<\/a><\/p>\n<hr \/>\n<p><a title=\"edital_na_02_2022_dge_capf_uern_resultado_pim_2022\" href=\"http:\/\/www.uern.br\/controledepaginas\/editais-dge\/arquivos\/6139edital_na_02_2022_dge_capf_uern_resultado_pim_2022.pdf\" target=\"_blank\" rel=\"noopener\">Edital N\u00ba 02\/2022 \u2013 Resultado Processo seletivo para o Programa Institucional de Monitoria PIM \u2013 Curso de Geografia CAPF\/UERN\u00a0<\/a><\/p>\n<hr \/>\n<p><a title=\"edital pim\" href=\"http:\/\/www.uern.br\/controledepaginas\/editais-dge\/arquivos\/6139edital_selea%C2%A7a%C2%A3o_alunos_pim_2021.1.pdf\" target=\"_blank\" rel=\"noopener\">Edital N\u00ba 01\/2022 \u2013 Processo seletivo para o Programa Institucional de Monitoria PIM \u2013 Curso de Geografia CAPF\/UERN (ABERTURA)<\/a><\/p>\n<hr \/>\n<p><strong>2021<\/strong><\/p>\n<p><a title=\"pim 2021.2 ad\" href=\"http:\/\/www.uern.br\/controledepaginas\/editais-dge\/arquivos\/6139edital_na_06_2021_dge_capf_uern_resultado_pim_2021.2_ad.pdf\" target=\"_blank\" rel=\"noopener\">Edital N\u00ba 06\/2021 \u2013 Resultado de Processo seletivo para o Programa Institucional de Monitoria PIM \u2013 Curso de Geografia CAPF\/UERN<\/a><\/p>\n<hr \/>\n<p><a title=\"PIM2021.2\" href=\"http:\/\/www.uern.br\/controledepaginas\/editais-dge\/arquivos\/6139edital_na_05_2021_dge_capf_uern_pim_2021.2.pdf\" target=\"_blank\" rel=\"noopener\">Edital N\u00ba 05\/2021 \u2013 Processo seletivo para o Programa Institucional de Monitoria PIM \u2013 Curso de Geografia CAPF\/UERN\u00a0<\/a><\/p>\n<hr \/>\n<p><a title=\"edital pim 2021 resultado3\" href=\"http:\/\/www.uern.br\/controledepaginas\/editais-dge\/arquivos\/6139edital_04_2021_dge_capf_uern_resultado_pim_2021.1_3final.pdf\" target=\"_blank\" rel=\"noopener\">Edital N\u00ba 04\/2021 \u2013 Resultado de Processo seletivo para o Programa Institucional de Monitoria PIM \u2013 Curso de Geografia CAPF\/UERN<\/a><\/p>\n<p><a title=\"edital pim 2021 resultado2\" href=\"http:\/\/www.uern.br\/controledepaginas\/editais-dge\/arquivos\/6139edital_04_2021_dge_capf_uern_resultado_pim_2021.1_final.pdf\" target=\"_blank\" rel=\"noopener\">Edital N\u00ba 03\/2021 \u2013 Processo seletivo para o Programa Institucional de Monitoria PIM \u2013 Curso de Geografia CAPF\/UERN<\/a><\/p>\n<hr \/>\n<p><a title=\"Resultado pibex 2021\" href=\"https:\/\/www.uern.br\/controledepaginas\/editais-dge\/arquivos\/6139edital_02_2021_resultado_de_processo_seletivo_pibex_2021_geografia.pdf\" target=\"_blank\" rel=\"noopener\">EDITAL 02\/2021 &#8211; DGE\/CAPF\/UERN &#8211; RESULTADO DE SELE\u00c7\u00c3O\u00a0PROGRAMA INSTITUCIONAL DE BOLSAS DE EXTENS\u00c3O &#8211; PIBEX 2021<\/a><\/p>\n<p><a title=\"pibex 2021 geografia\" href=\"https:\/\/www.uern.br\/controledepaginas\/editais-dge\/arquivos\/6139edital_processo_seletivo_pibex_2021_geografia.pdf\" target=\"_blank\" rel=\"noopener\">EDITAL N<sup>o<\/sup>\u00a001\/2021 \u2013 DGE\/CAPF\/UERN &#8211; PROGRAMA INSTITUCIONAL DE BOLSAS DE EXTENS\u00c3O PIBEX 2021 &#8211; CURSO DE GEOGRAFIA CAPF\/UERN<\/a><\/p>\n<p><a title=\"pibex 2021 proex\" href=\"https:\/\/www.uern.br\/controledepaginas\/2021\/arquivos\/6205edital_na_004.2021_bolsistas_pibex_2021_definitivo.pdf\" target=\"_blank\" rel=\"noopener\"><span dir=\"ltr\">EDITAL N\u00b0\u00a0<\/span><span dir=\"ltr\">004\/<\/span><span dir=\"ltr\">202<\/span><span dir=\"ltr\">1<\/span><span dir=\"ltr\">\u2013<\/span><span dir=\"ltr\">PROEX\/UERN &#8211;\u00a0<\/span><span dir=\"ltr\">PROGRAMA INSTITUCIONAL DE BOLSA<\/span><span dir=\"ltr\">S<\/span><span dir=\"ltr\">DE EXTENS\u00c3O\u00a0<\/span><span dir=\"ltr\">&#8211;\u00a0<\/span><span dir=\"ltr\">PIBEX 202<\/span><span dir=\"ltr\">1<\/span><\/a><\/p>\n<hr \/>\n<p><strong>2020<\/strong><\/p>\n<p><a title=\"PIM \u2013 Curso de Geografia CAPF\/UERN 2020.2\" href=\"https:\/\/www.uern.br\/controledepaginas\/editais-dge\/arquivos\/6139edital_n_03_2020_processo_seletivo_para_o_programa_institucional_de_monitoria_pim_curso_de_geografia_capf_uern_2020_2.pdf\" target=\"_blank\" rel=\"noopener\">Edital N\u00ba 03\/2020 \u2013 Processo seletivo para o Programa Institucional de Monitoria PIM \u2013 Curso de Geografia CAPF\/UERN<\/a><\/p>\n<p><a title=\"Resultado PIM 2020.2\" href=\"https:\/\/www.uern.br\/controledepaginas\/editais-dge\/arquivos\/6139edital_04_2020_dge_capf_resultado_pim_2020.2.pdf\" target=\"_blank\" rel=\"noopener\">Edital N\u00ba 04\/2020 \u2013 Resultado de Processo seletivo para o Programa Institucional de Monitoria PIM\u00a0 \u2013 Curso de Geografia CAPF\/UERN<\/a><\/p>\n<p><a title=\"ANEXOS PIM 2020.2\" href=\"https:\/\/www.uern.br\/controledepaginas\/\/arquivos\/0000anexos_pim_2020.2.zip\" target=\"_blank\" rel=\"noopener\">Anexos &#8211; PIM 2020.2<\/a><\/p>\n","protected":false},"excerpt":{"rendered":"<p>EDITAIS 2025 EDITAL N\u00ba 05\/2025 &#8211; PIBEX 2026 &#8211; LISTA DE INSCRI\u00c7\u00d5ES Edital n.\u00ba 04\/2025 &#8211; DGE\/CAPF\/UERN &#8211; Resultado PIM 2026.1 EDITAL N\u00ba 05\/2025 &#8211; PIBEX 2026 ADITIVO ao Edital n.\u00ba 03\/2025 &#8211; DGE\/CAPF\/UERN &#8211; PIM 2026.1 Edital n.\u00ba 03\/2025 &#8211; DGE\/CAPF\/UERN &#8211; Processo seletivo para o Programa Institucional de Monitoria (PIM) do Curso de [&hellip;]<\/p>\n","protected":false},"author":1,"featured_media":0,"parent":0,"menu_order":0,"comment_status":"closed","ping_status":"closed","template":"","meta":{"footnotes":""},"class_list":["post-464","page","type-page","status-publish","hentry"],"_links":{"self":[{"href":"https:\/\/portal.uern.br\/paudosferros\/dge\/wp-json\/wp\/v2\/pages\/464","targetHints":{"allow":["GET"]}}],"collection":[{"href":"https:\/\/portal.uern.br\/paudosferros\/dge\/wp-json\/wp\/v2\/pages"}],"about":[{"href":"https:\/\/portal.uern.br\/paudosferros\/dge\/wp-json\/wp\/v2\/types\/page"}],"author":[{"embeddable":true,"href":"https:\/\/portal.uern.br\/paudosferros\/dge\/wp-json\/wp\/v2\/users\/1"}],"replies":[{"embeddable":true,"href":"https:\/\/portal.uern.br\/paudosferros\/dge\/wp-json\/wp\/v2\/comments?post=464"}],"version-history":[{"count":46,"href":"https:\/\/portal.uern.br\/paudosferros\/dge\/wp-json\/wp\/v2\/pages\/464\/revisions"}],"predecessor-version":[{"id":1501,"href":"https:\/\/portal.uern.br\/paudosferros\/dge\/wp-json\/wp\/v2\/pages\/464\/revisions\/1501"}],"wp:attachment":[{"href":"https:\/\/portal.uern.br\/paudosferros\/dge\/wp-json\/wp\/v2\/media?parent=464"}],"curies":[{"name":"wp","href":"https:\/\/api.w.org\/{rel}","templated":true}]}}