{"id":462,"date":"2023-02-26T20:29:43","date_gmt":"2023-02-26T23:29:43","guid":{"rendered":"https:\/\/portal.uern.br\/paudosferros\/dge\/?page_id=462"},"modified":"2025-11-13T11:17:25","modified_gmt":"2025-11-13T14:17:25","slug":"forum-integrado-de-ensino-dos-cursos-de-licenciatura","status":"publish","type":"page","link":"https:\/\/portal.uern.br\/paudosferros\/dge\/forum-integrado-de-ensino-dos-cursos-de-licenciatura\/","title":{"rendered":"F\u00f3rum Integrado de Ensino dos Cursos de Licenciatura &#8211; FIEL"},"content":{"rendered":"<p>O FIEL tem como miss\u00e3o promover o aprimoramento da forma\u00e7\u00e3o docente nos Cursos de Licenciatura da UERN, articulando-a aos contextos educacionais locais e nacionais com vistas ao estudo e ao atendimento \u00e0s demandas sociais, em conson\u00e2ncia com as discuss\u00f5es atuais sobre a forma\u00e7\u00e3o de professores e sua inser\u00e7\u00e3o cidad\u00e3 no sistema educacional, bem como com as pol\u00edticas p\u00fablicas de educa\u00e7\u00e3o adotadas pelo Estado brasileiro.<\/p>\n<p><strong><a title=\"fiel-regulamento\" href=\"https:\/\/www.uern.br\/controledepaginas\/documentos-legislacao-ensino\/arquivos\/0065resolua%C2%A7a%C2%A3o_56_2013_consepe_regulamenta_o_fa%C2%B3rum_integrado_de_ensino_das_licenciaturas_fiel_na_uern.pdf\" target=\"_blank\" rel=\"noopener\">Resolu\u00e7\u00e3o N.\u00ba 56\/2013 &#8211; CONSEPE<\/a>,<\/strong>\u00a0Regulamenta o F\u00f3rum Integrado de Ensino das Licenciaturas \u2013 FIEL na Universidade do Estado do Rio Grande do Norte.<\/p>\n<hr \/>\n<p><a href=\"https:\/\/drive.google.com\/file\/d\/193CoQkvV6lgzaGHHl3wODpK8HZ_ybHFL\/view?usp=sharing\" target=\"_blank\" rel=\"noopener\">Portaria-SEI N\u00ba 771, de 11 de novembro de 2025.<\/a><\/p>\n<p><strong>F\u00f3rum Integrado de Ensino dos Cursos de Licenciatura \u2013 FIEL:<\/strong><br \/>\nI &#8211; Prof(a). Dra. Larissa da Silva Ferreira Alves \u2013 Representante do NDE;<br \/>\nII &#8211; Prof(a). Me. Luiz Eduardo do Nascimento Neto \u2013 Coordenador(a) de Est\u00e1gio do Curso;<br \/>\nIII &#8211; Prof(a). Dra. Dandara Queiroga de Oliveira Sousa \u2013 Coordenador(a) de Est\u00e1gio da Unidade de Ensino;<br \/>\nIV &#8211; Prof(a). Me. C\u00e1ssio Expedito Galdino Pereira \u2013 Supervisor(a) de Est\u00e1gio do Curso;<br \/>\nV &#8211; Discente Marcos Willian Targino \u2013 Representante do corpo discente;<br \/>\nVI &#8211; Discente Gl\u00f3ria Lavine Damascena Oliveira \u2013 Representante suplente do corpo discente.<\/p>\n<hr \/>\n<p><a href=\"https:\/\/drive.google.com\/file\/d\/1XgcKYobxbnjklu38vwrbmjT8zsZT8wBx\/view?usp=sharing\" target=\"_blank\" rel=\"noopener\">Portaria-SEI N\u00ba 015, de 09 de JANEIRO de 2025.<\/a><\/p>\n<p>F\u00f3rum Integrado de Ensino dos Cursos de Licenciatura \u2013 FIEL:<br \/>\nI &#8211; Profa. Dra. LARISSA DA SILVA FERREIRA ALVES &#8211; Representante do NDE;<br \/>\nII &#8211; Profa. Dra. ANDREZA TACYANA FELIX CARVALHO &#8211; Coordenador(a) de Est\u00e1gio do Curso;<br \/>\nIII &#8211; Profa. IANDRA FERNANDES PEREIRA CALDAS &#8211; Coordenador(a) de Est\u00e1gio da Unidade Acad\u00eamica;<br \/>\nIV &#8211; Profa. Ms. CARLA CAMILA GOMES FREITAS &#8211; Supervisor(a) de Est\u00e1gio do Curso;<br \/>\nV &#8211; Discente MARCOS WILLIAN TARGINO &#8211; Representante do corpo discente;<br \/>\nVI &#8211; Discente GL\u00d3RIA LAVINE DAMASCENA OLIVEIRA \u2013 Representante suplente do corpo discente.<\/p>\n<hr \/>\n<p><a href=\"https:\/\/portal.uern.br\/paudosferros\/dge\/wp-content\/uploads\/sites\/14\/2023\/12\/23.10.2023-Portaria-SEI-No-618.2023-\u2013-FIEL.pdf\">PORTARIA-SEI N\u00ba 618, DE 12 DE DEZEMBRO DE 2023 (REVOGADA).<\/a><\/p>\n<p class=\"Tabela_Texto_Alinhado_Esquerda\"><strong>F\u00f3rum Integrado de Ensino dos Cursos de Licenciatura \u2013 FIEL:<\/strong><\/p>\n<p class=\"Tabela_Texto_Alinhado_Esquerda\"><strong>I &#8211;\u00a0<\/strong>Um\u00a0professor\u00a0membro do N\u00facleo Docente Estruturante &#8211;\u00a0\u00a0NDE: Prof. Dr. Rosalvo Nobre Carneiro;<\/p>\n<p class=\"Tabela_Texto_Alinhado_Esquerda\"><b>II<\/b>\u00a0<strong>&#8211;<\/strong>\u00a0Os coordenadores de est\u00e1gio dos cursos de licenciatura:\u00a0Profa. Dra. Andreza Tacyana F\u00e9lix Carvalho;<\/p>\n<p class=\"Tabela_Texto_Alinhado_Esquerda\"><b>III<\/b>\u00a0<strong>&#8211;<\/strong>\u00a0Os coordenadores de est\u00e1gio das unidades de ensino:\u00a0Profa. Dra. Iandra Fernandes Pereira Caldas;<\/p>\n<p class=\"Tabela_Texto_Alinhado_Esquerda\"><b>IV &#8211;<\/b>\u00a0Um supervisor de est\u00e1gio de cada curso: Prof. Dr. Taynan Araujo de Oliveira;<\/p>\n<p class=\"Tabela_Texto_Alinhado_Esquerda\"><b>V &#8211;<\/b>\u00a0Um aluno e um suplente de cada curso:\u00a0Francisco Elias Pereira J\u00fanior\u00a0(no momento, n\u00e3o h\u00e1 um aluno suplente).<\/p>\n<hr \/>\n<p><a title=\"FIEL 2022\" href=\"http:\/\/www.uern.br\/controledepaginas\/fiel-dge-capf\/arquivos\/6444portaria_fiel_na_291_de_02_de_agosto_de_2022_.pdf\" target=\"_blank\" rel=\"noopener\">PORTARIA-SEI N\u00ba 291, DE 02 DE AGOSTO DE 2022.<\/a><\/p>\n<p>FIEL do Curso de Geografia\/CAPF<\/p>\n<p><strong>F\u00f3rum Integrado de Ensino dos Cursos de Licenciatura \u2013 FIEL:<\/strong><\/p>\n<p><strong>\u00a0I &#8211;\u00a0<\/strong>Um\u00a0professor\u00a0membro do N\u00facleo Docente Estruturante &#8211;\u00a0\u00a0NDE: Profa. Dra. Maria Los\u00e2ngela Martins de Sousa;<\/p>\n<p><strong>II<\/strong>\u00a0<strong>&#8211;<\/strong>\u00a0Os coordenadores de est\u00e1gio dos cursos de licenciatura:\u00a0Profa. Dra. Andreza Tacyana F\u00e9lix Carvalho;<\/p>\n<p><strong>III<\/strong>\u00a0<strong>&#8211;<\/strong>\u00a0Os coordenadores de est\u00e1gio das unidades de ensino:\u00a0Profa. Dra. Edilene Rodrigues Barbosa;<\/p>\n<p><strong>IV &#8211;<\/strong>\u00a0Um supervisor de est\u00e1gio de cada curso: Prof. Me.\u00a0Di\u00eago Souza Albuquerque;<\/p>\n<p><strong>V &#8211;<\/strong>\u00a0Um aluno e um suplente de cada curso:\u00a0Francisco Elias Pereira J\u00fanior e Davi Dantas de Andrade.<\/p>\n<hr \/>\n<p><a title=\"fiel2021\" href=\"http:\/\/www.uern.br\/controledepaginas\/fiel-dge-capf\/arquivos\/6444portaria_sei_n_290_membros_do_fiel_gografia.pdf\" target=\"_blank\" rel=\"noopener\">PORTARIA-SEI N\u00ba 290, DE 17 DE AGOSTO DE 2021.<\/a>\u00a0(Revogada)<\/p>\n<p>FIEL do Curso de Geografia\/CAPF\u00a0<a title=\"fiel2021\" href=\"http:\/\/www.uern.br\/controledepaginas\/fiel-dge-capf\/arquivos\/6444portaria_sei_n_290_membros_do_fiel_gografia.pdf\" target=\"_blank\" rel=\"noopener\"><br \/>\n<\/a><\/p>\n<p>Membros:<\/p>\n<p>Profa. Dra. Andreza Tacyana Felix Carvalho &#8211; Representante do NDE<\/p>\n<p>Profa. Iandra Fernandes Pereira Caldas &#8211; Coordenadora de Est\u00e1gio da Unidade<\/p>\n<p>Prof. Me. Luiz Eduardo do Nascimento Neto &#8211; Coordenador de Est\u00e1gio do Curso<\/p>\n<p>Discente Vanessa Vit\u00f3ria Torres de Morais &#8211; Representante do corpo discente do curso<\/p>\n<p>Discente Wendel Fernandes Costa &#8211; Representante suplente\u00a0do corpo discente do curso<\/p>\n","protected":false},"excerpt":{"rendered":"<p>O FIEL tem como miss\u00e3o promover o aprimoramento da forma\u00e7\u00e3o docente nos Cursos de Licenciatura da UERN, articulando-a aos contextos educacionais locais e nacionais com vistas ao estudo e ao atendimento \u00e0s demandas sociais, em conson\u00e2ncia com as discuss\u00f5es atuais sobre a forma\u00e7\u00e3o de professores e sua inser\u00e7\u00e3o cidad\u00e3 no sistema educacional, bem como com [&hellip;]<\/p>\n","protected":false},"author":1,"featured_media":0,"parent":0,"menu_order":0,"comment_status":"closed","ping_status":"closed","template":"","meta":{"footnotes":""},"class_list":["post-462","page","type-page","status-publish","hentry"],"_links":{"self":[{"href":"https:\/\/portal.uern.br\/paudosferros\/dge\/wp-json\/wp\/v2\/pages\/462","targetHints":{"allow":["GET"]}}],"collection":[{"href":"https:\/\/portal.uern.br\/paudosferros\/dge\/wp-json\/wp\/v2\/pages"}],"about":[{"href":"https:\/\/portal.uern.br\/paudosferros\/dge\/wp-json\/wp\/v2\/types\/page"}],"author":[{"embeddable":true,"href":"https:\/\/portal.uern.br\/paudosferros\/dge\/wp-json\/wp\/v2\/users\/1"}],"replies":[{"embeddable":true,"href":"https:\/\/portal.uern.br\/paudosferros\/dge\/wp-json\/wp\/v2\/comments?post=462"}],"version-history":[{"count":10,"href":"https:\/\/portal.uern.br\/paudosferros\/dge\/wp-json\/wp\/v2\/pages\/462\/revisions"}],"predecessor-version":[{"id":1502,"href":"https:\/\/portal.uern.br\/paudosferros\/dge\/wp-json\/wp\/v2\/pages\/462\/revisions\/1502"}],"wp:attachment":[{"href":"https:\/\/portal.uern.br\/paudosferros\/dge\/wp-json\/wp\/v2\/media?parent=462"}],"curies":[{"name":"wp","href":"https:\/\/api.w.org\/{rel}","templated":true}]}}