{"id":457,"date":"2023-02-26T20:27:55","date_gmt":"2023-02-26T23:27:55","guid":{"rendered":"https:\/\/portal.uern.br\/paudosferros\/dge\/?page_id=457"},"modified":"2026-01-15T06:40:22","modified_gmt":"2026-01-15T09:40:22","slug":"comissao-setorial-de-avaliacao","status":"publish","type":"page","link":"https:\/\/portal.uern.br\/paudosferros\/dge\/comissao-setorial-de-avaliacao\/","title":{"rendered":"Comiss\u00e3o Setorial de Avalia\u00e7\u00e3o &#8211; COSE"},"content":{"rendered":"<p><a href=\"https:\/\/portal.uern.br\/conselhos\/resolucoes-consuni\/#\" target=\"_blank\" rel=\"noopener\"><strong data-end=\"439\" data-start=\"405\">Resolu\u00e7\u00e3o n\u00ba 14\/2025 \u2013 CONSUNI<\/strong>,<\/a> que altera dispositivos da Resolu\u00e7\u00e3o n\u00ba 13\/2016 \u2013 CONSUNI, respons\u00e1vel pelo Regimento Interno da Comiss\u00e3o Pr\u00f3pria de Avalia\u00e7\u00e3o (CPA) da Uern.<\/p>\n<p><strong>Extingue as Comiss\u00f5es Setoriais de Avalia\u00e7\u00e3o (COSES)<\/strong>, anteriormente previstas como inst\u00e2ncias de trabalho da avalia\u00e7\u00e3o interna no \u00e2mbito dos cursos.<\/p>\n<p>&#8212;&#8212;&#8212;&#8212;&#8212;&#8212;&#8212;&#8212;&#8212;&#8212;&#8212;&#8212;&#8212;&#8212;&#8212;&#8212;&#8212;&#8212;&#8212;&#8212;&#8212;&#8212;&#8212;&#8212;&#8212;&#8212;&#8212;&#8212;&#8212;&#8212;&#8212;&#8212;&#8212;&#8212;&#8212;&#8212;&#8212;&#8212;&#8212;&#8212;&#8212;&#8212;&#8212;&#8212;&#8212;&#8212;&#8212;&#8211;<\/p>\n<p>Compete \u00e0s Comiss\u00f5es Setoriais de Avalia\u00e7\u00e3o &#8211; COSE:<\/p>\n<ul>\n<li>\u00a0I. Sensibilizar a comunidade acad\u00eamica do registro \u00f3rg\u00e3o para os processos de avalia\u00e7\u00e3o institucional;<\/li>\n<li>\u00a0II. Desenvolver o processo de autoavalia\u00e7\u00e3o no \u00f3rg\u00e3o, conforme o\u00a0 projeto de autoavalia\u00e7\u00e3o da Unidade e orienta\u00e7\u00f5es da Comiss\u00e3o Pr\u00f3pria de Avalia\u00e7\u00e3o &#8211; CPA\/UERN;<\/li>\n<li>III. Organizar reuni\u00f5es sistem\u00e1ticas para desenvolver suas atividades;<\/li>\n<li>IV. Sistematizar e prestar as informa\u00e7\u00f5es solicitadas pela Comiss\u00e3o Pr\u00f3pria de Avalia\u00e7\u00e3o &#8211; CPA\/UERN;<\/li>\n<li>V. Ao fim de cada semestre, a COSE dever\u00e1 apresentar \u00e0 CPA\/UERN relat\u00f3rio das atividades realizadas, conforme modelo procedente da pr\u00f3pria CPA\/UERN.<\/li>\n<\/ul>\n<p><a href=\"https:\/\/portal.uern.br\/aai\/wp-content\/uploads\/sites\/4\/2022\/10\/2812regimento_cpa.pdf\" target=\"_blank\" rel=\"noopener\"><strong>O Regimento Interno da Comiss\u00e3o Pr\u00f3pria de Avalia\u00e7\u00e3o foi aprovado pela Resolu\u00e7\u00e3o n\u00ba 13\/2016 de 26 de abril de 2016.<\/strong><\/a><\/p>\n<p>&nbsp;<\/p>\n<hr \/>\n<p><a href=\"https:\/\/drive.google.com\/file\/d\/1KwnhRmy2tj2TacBwE4aH_Yulyb1HG82Y\/view?usp=sharing\" target=\"_blank\" rel=\"noopener\"><strong>Portaria-SEI N\u00ba 702, de 21 de outubro de 2025.<\/strong><\/a><\/p>\n<p class=\"Texto_Justificado\"><strong>Co<\/strong><strong>miss\u00e3o Setorial de Avalia\u00e7\u00e3o Institucional &#8211; COSE:<\/strong><\/p>\n<p class=\"Tabela_Texto_Alinhado_Esquerda\">Prof. Dr. Agassiel de Medeiros Alves &#8211; Coordenador;<br \/>\nProf. Dr. Rosalvo Nobre Carneiro &#8211; Docente;<br \/>\nFrancisco Madson de Queiroz \u2013 T\u00e9cnico Administrativo;<br \/>\nMarcos Willian Targino &#8211; Discente.<\/p>\n<hr \/>\n<p><a href=\"https:\/\/drive.google.com\/file\/d\/1dHQV4dJSLsixTtL7VDmWevjVvaaml8Bh\/view?usp=sharing\" target=\"_blank\" rel=\"noopener\"><strong>PORTARIA-SEI No 438, DE 09 DE JULHO DE 2025 (Revogada).<\/strong><\/a><\/p>\n<p><strong>Comiss\u00e3o Setorial de Avalia\u00e7\u00e3o Institucional &#8211; COSE:<\/strong><br \/>\nProf. Dr. Agassiel de Medeiros Alves &#8211; Coordenador;<br \/>\nProf. Dr. Rosalvo Nobre Carneiro &#8211; Docente;<br \/>\nEliane Maria de Oliveira &#8211; T\u00e9cnica Administrativa;<br \/>\nMarcos Willian Targino &#8211; Discente.<\/p>\n<hr \/>\n<p><a href=\"https:\/\/drive.google.com\/file\/d\/1e5kEnml5i59kDeuPN4dnll8jc_HCZNRj\/view?usp=sharing\" target=\"_blank\" rel=\"noopener\"><strong>PORTARIA-SEI N\u00ba 259, DE 28 DE MAIO DE 2024 (Revogada).<\/strong><\/a><\/p>\n<p><strong>Comiss\u00e3o Setorial de Avalia\u00e7\u00e3o Institucional &#8211; COSE:<\/strong><br \/>\nProf. Dr. Agassiel de Medeiros Alves &#8211; Coordenador;<br \/>\nProf. Dr. C\u00edcero Nilton Moreira da Silva &#8211; Docente;<br \/>\nEliane Maria de Oliveira &#8211; T\u00e9cnica Administrativa;<br \/>\nFrancisco Elias Pereira J\u00fanior &#8211; Discente.<\/p>\n<hr \/>\n<p><strong><a href=\"https:\/\/portal.uern.br\/paudosferros\/dge\/wp-content\/uploads\/sites\/14\/2024\/04\/Portarai-SEI-no-213-de-abril-de-2024.pdf\" target=\"_blank\" rel=\"noopener\">PORTARIA-SEI N\u00ba 213, DE 29 DE abril DE 2024 (Revogada).<\/a><br \/>\n<\/strong><\/p>\n<p><strong>Comiss\u00e3o Setorial de Avalia\u00e7\u00e3o Institucional\u00a0 &#8211; COSE:<\/strong><\/p>\n<p>Prof. Dr. Agassiel de Medeiros Alves &#8211;\u00a0 Coordenador;<br \/>\nProf. Dr. Franklin Roberto da Costa\u00a0&#8211; Docente;<br \/>\nElaine Maria de Oliveira &#8211; T\u00e9cnica Administrativa;<br \/>\nFrancisco Elias Pereira J\u00fanior &#8211; Discente.<\/p>\n<hr \/>\n<p><strong><a href=\"https:\/\/portal.uern.br\/paudosferros\/dge\/wp-content\/uploads\/sites\/14\/2023\/10\/10.10.2023-PORTARIA-SEI-N-514-DE-10-DE-OUTUBRO-DE-2023-COSE.pdf\">PORTARIA-SEI N\u00ba 514, DE 10 DE OUTUBRO DE 2023 (Revogada)<\/a>.<br \/>\n<\/strong><\/p>\n<p><strong>Comiss\u00e3o Setorial de Avalia\u00e7\u00e3o Institucional\u00a0 &#8211; COSE:<\/strong><\/p>\n<p>Prof. Dr. C\u00edcero Nilton Moreira da Silva &#8211; Coordenador;<br \/>\nProf. Dr. Franklin Roberto da Costa\u00a0&#8211; Docente;<br \/>\nFrancisco Madson de Queiroz &#8211; T\u00e9cnico Administrativo;<br \/>\nFrancisco Elias Pereira J\u00fanior &#8211; Discente.<\/p>\n<p>_______________________________________________________________________________________<\/p>\n<p><strong><a title=\"COSE 2022\" href=\"http:\/\/www.uern.br\/controledepaginas\/comissao-setorial-de-avaliacao-cose\/arquivos\/2682portaria_cose_na_292_de_02_de_agosto_de_2022.pdf\" target=\"_blank\" rel=\"noopener\">PORTARIA-SEI N\u00ba 292, DE 02 DE AGOSTO DE 2022<\/a> (Revogada)<\/strong><\/p>\n<p><strong>Comiss\u00e3o Setorial de Avalia\u00e7\u00e3o Institucional\u00a0 &#8211; COSE:<\/strong><\/p>\n<p>Prof Dr. Franklin Roberto da Costa &#8211; Coordenador;<\/p>\n<p>Profa. Dra. Maria Los\u00e2ngela Martins de Sousa &#8211; Membro;<\/p>\n<p>Francisco Madson de Queiroz &#8211;\u00a0T\u00e9cnico de N\u00edvel M\u00e9dio;<\/p>\n<p>Francisco Elias Pereira J\u00fanior &#8211; Membro discente.<\/p>\n<hr \/>\n<p><strong><a title=\"cose2021\" href=\"http:\/\/www.uern.br\/controledepaginas\/comissao-setorial-de-avaliacao-cose\/arquivos\/2682portaria_sei_n_291_cose_dge_capf.pdf\" target=\"_blank\" rel=\"noopener\">PORTARIA-SEI N\u00ba 291, DE 17 DE AGOSTO DE 2021 (Revogada).\u00a0<\/a><br \/>\n<\/strong><\/p>\n<p><strong>Comiss\u00e3o Setorial de Avalia\u00e7\u00e3o Institucional do Curso de Geografia:\u00a0<\/strong><\/p>\n<p>Prof. Dr. Franklin Roberto da Costa &#8211; Coodenador<\/p>\n<p>Profa. Dra Maria Los\u00e2ngela Martins de Sousa &#8211; Membro<\/p>\n<p>TNS. Eliane Maria de Oliveira &#8211; Membro<\/p>\n<p>Discente: Vanessa Vit\u00f3ria Torres de Morais &#8211; Membro<\/p>\n<hr \/>\n<p>A COSE do DGE\/CAPF\/UERN est\u00e1 disposta na portarias:<\/p>\n<p>Portaria-SEI N\u00ba 473, de 06 de outubro de 2020 e PORTARIA N\u00ba 019\/2020 \u2013 GD\/CAPF\/UERN.<\/p>\n<p>Os membros da Comiss\u00e3o Setorial de Avalia\u00e7\u00e3o Institucional do Curso de Geografia s\u00e3o:<\/p>\n<p>Profa. Dra. Andreza Tacyana Felix Carvalho &#8211; Coordenadora;<\/p>\n<p>Prof. Dr. Rosalvo Nobre Carneiro;<\/p>\n<p>TNS Eliane Maria de Oliveira ;<\/p>\n<p>Discente Francisco Alex Melo Moura.<\/p>\n","protected":false},"excerpt":{"rendered":"<p>Resolu\u00e7\u00e3o n\u00ba 14\/2025 \u2013 CONSUNI, que altera dispositivos da Resolu\u00e7\u00e3o n\u00ba 13\/2016 \u2013 CONSUNI, respons\u00e1vel pelo Regimento Interno da Comiss\u00e3o Pr\u00f3pria de Avalia\u00e7\u00e3o (CPA) da Uern. Extingue as Comiss\u00f5es Setoriais de Avalia\u00e7\u00e3o (COSES), anteriormente previstas como inst\u00e2ncias de trabalho da avalia\u00e7\u00e3o interna no \u00e2mbito dos cursos. &#8212;&#8212;&#8212;&#8212;&#8212;&#8212;&#8212;&#8212;&#8212;&#8212;&#8212;&#8212;&#8212;&#8212;&#8212;&#8212;&#8212;&#8212;&#8212;&#8212;&#8212;&#8212;&#8212;&#8212;&#8212;&#8212;&#8212;&#8212;&#8212;&#8212;&#8212;&#8212;&#8212;&#8212;&#8212;&#8212;&#8212;&#8212;&#8212;&#8212;&#8212;&#8212;&#8212;&#8212;&#8212;&#8212;&#8212;&#8211; Compete \u00e0s Comiss\u00f5es Setoriais de Avalia\u00e7\u00e3o &#8211; COSE: [&hellip;]<\/p>\n","protected":false},"author":1,"featured_media":0,"parent":0,"menu_order":0,"comment_status":"closed","ping_status":"closed","template":"","meta":{"footnotes":""},"class_list":["post-457","page","type-page","status-publish","hentry"],"_links":{"self":[{"href":"https:\/\/portal.uern.br\/paudosferros\/dge\/wp-json\/wp\/v2\/pages\/457","targetHints":{"allow":["GET"]}}],"collection":[{"href":"https:\/\/portal.uern.br\/paudosferros\/dge\/wp-json\/wp\/v2\/pages"}],"about":[{"href":"https:\/\/portal.uern.br\/paudosferros\/dge\/wp-json\/wp\/v2\/types\/page"}],"author":[{"embeddable":true,"href":"https:\/\/portal.uern.br\/paudosferros\/dge\/wp-json\/wp\/v2\/users\/1"}],"replies":[{"embeddable":true,"href":"https:\/\/portal.uern.br\/paudosferros\/dge\/wp-json\/wp\/v2\/comments?post=457"}],"version-history":[{"count":17,"href":"https:\/\/portal.uern.br\/paudosferros\/dge\/wp-json\/wp\/v2\/pages\/457\/revisions"}],"predecessor-version":[{"id":1503,"href":"https:\/\/portal.uern.br\/paudosferros\/dge\/wp-json\/wp\/v2\/pages\/457\/revisions\/1503"}],"wp:attachment":[{"href":"https:\/\/portal.uern.br\/paudosferros\/dge\/wp-json\/wp\/v2\/media?parent=457"}],"curies":[{"name":"wp","href":"https:\/\/api.w.org\/{rel}","templated":true}]}}