{"id":455,"date":"2023-02-26T20:27:23","date_gmt":"2023-02-26T23:27:23","guid":{"rendered":"https:\/\/portal.uern.br\/paudosferros\/dge\/?page_id=455"},"modified":"2025-07-15T09:09:33","modified_gmt":"2025-07-15T12:09:33","slug":"coordenacao-de-estagio-supervisionado","status":"publish","type":"page","link":"https:\/\/portal.uern.br\/paudosferros\/dge\/coordenacao-de-estagio-supervisionado\/","title":{"rendered":"Coordena\u00e7\u00e3o de Est\u00e1gio Supervisionado"},"content":{"rendered":"<h5><strong>Atribui\u00e7\u00f5es:<\/strong><\/h5>\n<ul>\n<li>promover a articula\u00e7\u00e3o entre os professores membros da Comiss\u00e3o, o corpo discente e os professores\u00a0colaboradores, junto aos espa\u00e7os educacionais e ao\u00a0CAPF;<\/li>\n<li>acompanhar o desenvolvimento das atividades previstas no Est\u00e1gio Curricular Supervisionado;<\/li>\n<li>Disponibilizar ao estagi\u00e1rio a presente Norma, assim como as demais documenta\u00e7\u00f5es necess\u00e1rias relacionadas \u00e0s fichas de observa\u00e7\u00e3o, acompanhamento e registro do est\u00e1gio;<\/li>\n<li>promover, juntamente com demais membros da Comiss\u00e3o, semin\u00e1rios de orienta\u00e7\u00e3o das etapas do est\u00e1gio;<\/li>\n<li>coordenar o processo de distribui\u00e7\u00e3o dos alunos estagi\u00e1rios entre os professores- supervisores.<\/li>\n<\/ul>\n<hr \/>\n<p><strong>2025.2<\/strong><\/p>\n<p><a href=\"https:\/\/drive.google.com\/file\/d\/15DwFR0Y5tzHRhRzR4I7fO7BEa5Y91bZY\/view?usp=sharing\" target=\"_blank\" rel=\"noopener\">PORTARIA-SEI No 437, DE 09 DE JULHO DE 2025.<\/a><\/p>\n<p>Professor Me. LUIZ EDUARDO DO NASCIMENTO NETO<\/p>\n<hr \/>\n<p><strong>2025.1<\/strong><\/p>\n<p><a href=\"https:\/\/drive.google.com\/file\/d\/1VX7Z_GGqMhBsRvwdroSPk0SyJqPLMlO-\/view?usp=sharing\" target=\"_blank\" rel=\"noopener\">Portaria-SEI N\u00ba 011, de 07 de JANEIRO de 2025. (REVOGADA)<\/a><\/p>\n<p>Professora Dra. ANDREZA TACYANA FELIX CARVALHO<\/p>\n<hr \/>\n<p>2022-2024<\/p>\n<p><a href=\"https:\/\/portal.uern.br\/paudosferros\/dge\/wp-content\/uploads\/sites\/14\/2023\/10\/ANDREZA-PORTARIA-SEI-No-293-COORDENADORA-DE-ESTAGIO-SUPERVISIONADO.pdf\" target=\"_blank\" rel=\"noopener\">PORTARIA-SEI N\u00ba 293, DE 03 DE AGOSTO DE 2022.<\/a> (REVOGADA)<\/p>\n<p>Professora Doutora <strong>Andreza Tacyana Felix Carvalho<\/strong><\/p>\n<hr \/>\n<p>2021-2022<\/p>\n<p><a title=\"PORTARIA-SEI N\u00ba 211, DE 14 DE MAIO DE 2021\" href=\"http:\/\/www.uern.br\/controledepaginas\/coordenacao-de-estagio-supervisionado\/arquivos\/2652portaria_sei_n_211_de_14_de_maio_de_2021_coord_estagio_luiz_eduardo.pdf\" target=\"_blank\" rel=\"noopener\"><strong>PORTARIA-SEI N\u00ba 211, DE 14 DE MAIO DE 2021.<\/strong><\/a><\/p>\n<p>Professor Mestre\u00a0<strong>Luiz Eduardo do Nascimento Neto<\/strong><\/p>\n<hr \/>\n<p>2020-2021<\/p>\n<p>Professor Dr. Rosalvo Nobre Carneiro.<\/p>\n","protected":false},"excerpt":{"rendered":"<p>Atribui\u00e7\u00f5es: promover a articula\u00e7\u00e3o entre os professores membros da Comiss\u00e3o, o corpo discente e os professores\u00a0colaboradores, junto aos espa\u00e7os educacionais e ao\u00a0CAPF; acompanhar o desenvolvimento das atividades previstas no Est\u00e1gio Curricular Supervisionado; Disponibilizar ao estagi\u00e1rio a presente Norma, assim como as demais documenta\u00e7\u00f5es necess\u00e1rias relacionadas \u00e0s fichas de observa\u00e7\u00e3o, acompanhamento e registro do est\u00e1gio; promover, [&hellip;]<\/p>\n","protected":false},"author":1,"featured_media":0,"parent":0,"menu_order":0,"comment_status":"closed","ping_status":"closed","template":"","meta":{"footnotes":""},"class_list":["post-455","page","type-page","status-publish","hentry"],"_links":{"self":[{"href":"https:\/\/portal.uern.br\/paudosferros\/dge\/wp-json\/wp\/v2\/pages\/455","targetHints":{"allow":["GET"]}}],"collection":[{"href":"https:\/\/portal.uern.br\/paudosferros\/dge\/wp-json\/wp\/v2\/pages"}],"about":[{"href":"https:\/\/portal.uern.br\/paudosferros\/dge\/wp-json\/wp\/v2\/types\/page"}],"author":[{"embeddable":true,"href":"https:\/\/portal.uern.br\/paudosferros\/dge\/wp-json\/wp\/v2\/users\/1"}],"replies":[{"embeddable":true,"href":"https:\/\/portal.uern.br\/paudosferros\/dge\/wp-json\/wp\/v2\/comments?post=455"}],"version-history":[{"count":9,"href":"https:\/\/portal.uern.br\/paudosferros\/dge\/wp-json\/wp\/v2\/pages\/455\/revisions"}],"predecessor-version":[{"id":1406,"href":"https:\/\/portal.uern.br\/paudosferros\/dge\/wp-json\/wp\/v2\/pages\/455\/revisions\/1406"}],"wp:attachment":[{"href":"https:\/\/portal.uern.br\/paudosferros\/dge\/wp-json\/wp\/v2\/media?parent=455"}],"curies":[{"name":"wp","href":"https:\/\/api.w.org\/{rel}","templated":true}]}}