{"id":453,"date":"2023-02-26T20:26:56","date_gmt":"2023-02-26T23:26:56","guid":{"rendered":"https:\/\/portal.uern.br\/paudosferros\/dge\/?page_id=453"},"modified":"2026-01-15T10:41:43","modified_gmt":"2026-01-15T13:41:43","slug":"orientacao-academica","status":"publish","type":"page","link":"https:\/\/portal.uern.br\/paudosferros\/dge\/orientacao-academica\/","title":{"rendered":"Orienta\u00e7\u00e3o Acad\u00eamica"},"content":{"rendered":"<p><strong>Orienta\u00e7\u00e3o Acad\u00eamica do Curso de Geografia<\/strong><\/p>\n<p><a href=\"https:\/\/drive.google.com\/file\/d\/108MUJlUw1FHM6d1vY0VBjJKx1Vz4jDv_\/view?usp=sharing\" target=\"_blank\" rel=\"noopener\">Portaria-SEI N\u00ba 009, de 07 de JANEIRO de 2026.<\/a><\/p>\n<ul>\n<li>\n<p class=\"Texto_Justificado\">Prof. Dr. Agassiel de Medeiros Alves &#8211; E-mail: <a href=\"mailto:agassielalves@uern.br\" target=\"_blank\" rel=\"noopener\">agassielalves@uern.br\u00a0<\/a><\/p>\n<\/li>\n<li>\n<p class=\"Texto_Justificado\">Prof. Dr. Josu\u00e9 Alencar Bezerra &#8211; E-mail: <a href=\"mailto:josuebezerra@uern.br\">josuebezerra@uern.br\u00a0<\/a><\/p>\n<\/li>\n<\/ul>\n<hr \/>\n<p><a href=\"https:\/\/drive.google.com\/file\/d\/1Q4BmlZ6UUFhuJFSI4UxVtmqK2WTdHXkV\/view?usp=sharing\" target=\"_blank\" rel=\"noopener\"><strong>PORTARIA-SEI No 362, DE 29 DE MAIO DE 2025.<\/strong><\/a><br \/>\nProf. Dr. Agassiel de Medeiros Alves &#8211; E-mail: <a href=\"mailto:agassielalves@uern.br\" target=\"_blank\" rel=\"noopener\">agassielalves@uern.br\u00a0<\/a><br \/>\nProfa. Dra. Jacim\u00e1ria Fonseca de Medeiros &#8211; E-mail: <a href=\"mailto:jacimariamedeiros@uern.br\" target=\"_blank\" rel=\"noopener\">jacimariamedeiros@uern.br<\/a><\/p>\n<hr \/>\n<p><a href=\"https:\/\/drive.google.com\/file\/d\/1VdYTVWd63tuxNd-LXQ_ih1x0U1xauWEk\/view?usp=sharing\" target=\"_blank\" rel=\"noopener\">Portaria-SEI N\u00ba 010, de 07 de janeiro de 2025 (REVOGADA).<\/a><\/p>\n<p>Prof. Dr. C\u00edcero Nilton Moreira da Silva\u00a0 &#8211; E-mail: <a href=\"mailto:ciceronilton@uern.br\" target=\"_blank\" rel=\"noopener\">ciceronilton@uern.br<\/a><br \/>\nProfa. Dra. Jacim\u00e1ria Fonseca de Medeiros &#8211; E-mail: <a href=\"mailto:jacimariamedeiros@uern.br\" target=\"_blank\" rel=\"noopener\">jacimariamedeiros@uern.br\u00a0<\/a><\/p>\n<hr \/>\n<p><a href=\"https:\/\/drive.google.com\/file\/d\/1Bl3iMAorGP-VoQ7Cwmim7Cea1aeBqrmM\/view?usp=sharing\" target=\"_blank\" rel=\"noopener\">Portaria-SEI N\u00ba 668, de 18 de NOVEMBRO de 2024. (REVOGADA)<\/a><\/p>\n<p>Profa. Dra. Jacim\u00e1ria Fonseca de Medeiros<\/p>\n<p>Professor Dr. Josu\u00e9 Alencar Bezerra<\/p>\n<hr \/>\n<p><a href=\"https:\/\/portal.uern.br\/paudosferros\/dge\/wp-content\/uploads\/sites\/14\/2023\/10\/PORTARIA-SEI-330-2022-ORIENTACAO-ACADEMICA-Mara-e-Josue.pdf\" target=\"_blank\" rel=\"noopener\">PORTARIA-SEI N\u00ba 330, DE 18 DE AGOSTO DE 2022.<\/a>(Revogada)<\/p>\n<p>Profa. Dra. Jacim\u00e1ria Fonseca de Medeiros<\/p>\n<p>Professor Dr. Josu\u00e9 Alencar Bezerra<\/p>\n<hr \/>\n<p><a title=\"Portaria orienta\u00e7\u00e3o acad\u00eamica DGE\" href=\"https:\/\/mail-attachment.googleusercontent.com\/attachment\/u\/1\/?ui=2&amp;ik=ac7955b047&amp;attid=0.3&amp;permmsgid=msg-f:1684970409986750578&amp;th=176237a9184df872&amp;view=att&amp;disp=inline&amp;saddbat=ANGjdJ8sVQCMitphYreg3TwwvwvIULuvbffvA6Wh5dXKxtyhn2uva74QkbhVV_EGjmOe_sh6flNLSeTHrC4FWWP9wUfTa3FoU9JeaBZjuigNcBwN7PYWJeFRkVNTz3EMGFnYmHjzs45f0qxx_Tf5q57-O5mjxj-ItQ6K1h2_rx07EUuKU6QNB_7caN5qbNwbNytg5JPh_DtZpTx1GTlRqJQDGYC2j4ekx2LS-ZLnyofw3XW_TWtoBWmGK-hTL6F2yNrkr2cr0HZPPPKA4BnjUzAr6v5Y6dQ8s4pMVNvXdDoN-2WHidaioO5Nwp0ZQ3Jh8x5ahlrsopS6WjW-ZLznhuZK5lWGjvfL6nNY0f2Yy8R_XyOFo5nKlOJEO3hjZkGzDMC-qu9kTW9TX-az5_fVixGWApqWI0LEWe3k7zOr09_PIcE_wIMlAgTTus2gZR0j-u6qgvN86RICrmz4JncKGBHoBCNaNr7nyiLWUvqEqZoe7c2l9yKgfrVzJdGuFigazDKwBW28XRXZB7C3v9ZcWMRplC_l6l8EfyM8cspK-o2JYolF9zAP_obQhANy5a7fUn4WdeW57zCTXpV-LQrcmypPiqSK_0JBLlIjLzXOTb4vgj7GPXZAtORecQ1A_UK_zVpmSpG448vdDSkIfRS0r_CEWZbsDGv0clhUrlZ9FP8y7ivAJVkI5drW7bTPylY\" target=\"_blank\" rel=\"noopener\">Portaria-SEI N\u00ba 663, de 19 de novembro de 2020<\/a>,\u00a0<a title=\"Portaria orienta\u00e7\u00e3o acad\u00eamica DGE\" href=\"https:\/\/mail-attachment.googleusercontent.com\/attachment\/u\/1\/?ui=2&amp;ik=ac7955b047&amp;attid=0.3&amp;permmsgid=msg-f:1684970409986750578&amp;th=176237a9184df872&amp;view=att&amp;disp=inline&amp;saddbat=ANGjdJ8sVQCMitphYreg3TwwvwvIULuvbffvA6Wh5dXKxtyhn2uva74QkbhVV_EGjmOe_sh6flNLSeTHrC4FWWP9wUfTa3FoU9JeaBZjuigNcBwN7PYWJeFRkVNTz3EMGFnYmHjzs45f0qxx_Tf5q57-O5mjxj-ItQ6K1h2_rx07EUuKU6QNB_7caN5qbNwbNytg5JPh_DtZpTx1GTlRqJQDGYC2j4ekx2LS-ZLnyofw3XW_TWtoBWmGK-hTL6F2yNrkr2cr0HZPPPKA4BnjUzAr6v5Y6dQ8s4pMVNvXdDoN-2WHidaioO5Nwp0ZQ3Jh8x5ahlrsopS6WjW-ZLznhuZK5lWGjvfL6nNY0f2Yy8R_XyOFo5nKlOJEO3hjZkGzDMC-qu9kTW9TX-az5_fVixGWApqWI0LEWe3k7zOr09_PIcE_wIMlAgTTus2gZR0j-u6qgvN86RICrmz4JncKGBHoBCNaNr7nyiLWUvqEqZoe7c2l9yKgfrVzJdGuFigazDKwBW28XRXZB7C3v9ZcWMRplC_l6l8EfyM8cspK-o2JYolF9zAP_obQhANy5a7fUn4WdeW57zCTXpV-LQrcmypPiqSK_0JBLlIjLzXOTb4vgj7GPXZAtORecQ1A_UK_zVpmSpG448vdDSkIfRS0r_CEWZbsDGv0clhUrlZ9FP8y7ivAJVkI5drW7bTPylY\" target=\"_blank\" rel=\"noopener\">PORTARIA N\u00ba 024\/2020 \u2013 GD\/CAPF\/UERN.<\/a>\u00a0(Revogada)<\/p>\n<p>Professora \u00a0Maria Los\u00e2ngela Martins de Sousa<\/p>\n<p>Professor Josu\u00e9 Alencar Bezerra<\/p>\n","protected":false},"excerpt":{"rendered":"<p>Orienta\u00e7\u00e3o Acad\u00eamica do Curso de Geografia Portaria-SEI N\u00ba 009, de 07 de JANEIRO de 2026. Prof. Dr. Agassiel de Medeiros Alves &#8211; E-mail: agassielalves@uern.br\u00a0 Prof. Dr. Josu\u00e9 Alencar Bezerra &#8211; E-mail: josuebezerra@uern.br\u00a0 PORTARIA-SEI No 362, DE 29 DE MAIO DE 2025. Prof. Dr. Agassiel de Medeiros Alves &#8211; E-mail: agassielalves@uern.br\u00a0 Profa. Dra. Jacim\u00e1ria Fonseca de [&hellip;]<\/p>\n","protected":false},"author":1,"featured_media":0,"parent":0,"menu_order":0,"comment_status":"closed","ping_status":"closed","template":"","meta":{"footnotes":""},"class_list":["post-453","page","type-page","status-publish","hentry"],"_links":{"self":[{"href":"https:\/\/portal.uern.br\/paudosferros\/dge\/wp-json\/wp\/v2\/pages\/453","targetHints":{"allow":["GET"]}}],"collection":[{"href":"https:\/\/portal.uern.br\/paudosferros\/dge\/wp-json\/wp\/v2\/pages"}],"about":[{"href":"https:\/\/portal.uern.br\/paudosferros\/dge\/wp-json\/wp\/v2\/types\/page"}],"author":[{"embeddable":true,"href":"https:\/\/portal.uern.br\/paudosferros\/dge\/wp-json\/wp\/v2\/users\/1"}],"replies":[{"embeddable":true,"href":"https:\/\/portal.uern.br\/paudosferros\/dge\/wp-json\/wp\/v2\/comments?post=453"}],"version-history":[{"count":11,"href":"https:\/\/portal.uern.br\/paudosferros\/dge\/wp-json\/wp\/v2\/pages\/453\/revisions"}],"predecessor-version":[{"id":1512,"href":"https:\/\/portal.uern.br\/paudosferros\/dge\/wp-json\/wp\/v2\/pages\/453\/revisions\/1512"}],"wp:attachment":[{"href":"https:\/\/portal.uern.br\/paudosferros\/dge\/wp-json\/wp\/v2\/media?parent=453"}],"curies":[{"name":"wp","href":"https:\/\/api.w.org\/{rel}","templated":true}]}}