{"id":449,"date":"2023-02-26T20:25:41","date_gmt":"2023-02-26T23:25:41","guid":{"rendered":"https:\/\/portal.uern.br\/paudosferros\/dge\/?page_id=449"},"modified":"2024-06-25T09:37:52","modified_gmt":"2024-06-25T12:37:52","slug":"eleicao","status":"publish","type":"page","link":"https:\/\/portal.uern.br\/paudosferros\/dge\/eleicao\/","title":{"rendered":"Elei\u00e7\u00e3o"},"content":{"rendered":"<h4>PROCESSO ELEITORAL PARA O BI\u00caNIO 2024-2026 &#8211; CHEFE E SUBCHEFE DE DEPARTAMENTO<\/h4>\n<h6><a href=\"https:\/\/drive.google.com\/file\/d\/1-TKoXphVdmep4HZZX9Hz27yGUDiLZomn\/view?usp=sharing\" target=\"_blank\" rel=\"noopener\">Portarias de nomea\u00e7\u00e3o do chefe e subchefe do Departamento de Geografia\/CAPF publicadas no JOUERN (Bi\u00eanio 2024-2026)<\/a><\/h6>\n<hr \/>\n<h6><a href=\"https:\/\/drive.google.com\/file\/d\/1wfx96bLuGc8gTCaR3mZ1qK1bq-gqpxti\/view?usp=sharing\" target=\"_blank\" rel=\"noopener\">EDITAL N\u00b0 07\/2024 \u2013 COMISS\u00c3O ELEITORAL \u2013 DGE\/CAPF\/UERN &#8211; DIVULGA\u00c7\u00c3O DO RESULTADO FINAL DA ELEI\u00c7\u00c3O PARA CHEFE E SUBCHEFE DO DGE\/CAPF\/UERN PARA O BI\u00caNIO 2024-2026<\/a><\/h6>\n<hr \/>\n<h6><a href=\"https:\/\/drive.google.com\/file\/d\/1ht3VcB_qk22H9CMKTuTjmnw961uknVNG\/view?usp=sharing\" target=\"_blank\" rel=\"noopener\">EDITAL N\u00b0 06\/2024 \u2013 COMISS\u00c3O ELEITORAL \u2013 DGE\/CAPF\/UERN- DIVULGA\u00c7\u00c3O DO RESULTADO PRELIMINAR DA ELEI\u00c7\u00c3O PARA CHEFE E SUBCHEFE DO DGE\/CAPF\/UERN PARA O BI\u00caNIO 2024-2026<\/a><\/h6>\n<hr \/>\n<h6><a href=\"https:\/\/drive.google.com\/file\/d\/1-NCwxvZAeTH4kbi7X4FvM_Eymh78lSux\/view?usp=sharing\" target=\"_blank\" rel=\"noopener\">EDITAL N\u00b0 05\/2024 \u2013 COMISS\u00c3O ELEITORAL \u2013 DGE\/CAPF\/UERN &#8211; HOMOLOGA\u00c7\u00c3O DA LISTA DEFINITIVA DE ELEITORES APTOS A VOTAR<\/a><\/h6>\n<hr \/>\n<h6><a href=\"https:\/\/drive.google.com\/file\/d\/13z_vmwboGutveIUWomfml-rh71irtXTa\/view?usp=sharing\" target=\"_blank\" rel=\"noopener\">EDITAL N\u00b0 04\/2024 \u2013 COMISS\u00c3O ELEITORAL \u2013 DGE\/CAPF\/UERN &#8211; HOMOLOGA\u00c7\u00c3O DAS CANDIDATURAS PARA ELEI\u00c7\u00c3O DE CHEFE E SUBCHEFE DO DEPARTAMENTO DE GEOGRAFIA, DO CAMPUS DE PAU DOS FERROS \u2013 CAPF\/UERN<\/a><\/h6>\n<hr \/>\n<h6><a href=\"https:\/\/drive.google.com\/file\/d\/18VnK9E3XpGPJCWVif3KtosCPCfN0CcsT\/view?usp=sharing\" target=\"_blank\" rel=\"noopener\">EDITAL N\u00b0 03\/2024 \u2013 COMISS\u00c3O ELEITORAL \u2013 DGE\/CAPF\/UERN &#8211; PUBLICA\u00c7\u00c3O DA LISTA PRELIMINAR DE ELEITORES APTOS A VOTAR<\/a><\/h6>\n<hr \/>\n<h6><a href=\"https:\/\/drive.google.com\/file\/d\/1yVPWQaXf6oxzhbUH_lp5KzlgIG6wEGsw\/view?usp=sharing\">EDITAL N\u00b0 02\/2024 \u2013 COMISS\u00c3O ELEITORAL \u2013 DGE\/CAPF\/UERNPUBLICA\u00c7\u00c3O DO EDITAL DO REGISTROS DE CANDIDATURAS<\/a><\/h6>\n<hr \/>\n<h6><a href=\"https:\/\/drive.google.com\/file\/d\/1hO4bM08zuw7tXAT_lnUfo8bWkG3INHqT\/view?usp=sharing\">EDITAL N\u00b0 01\/2024 \u2013 COMISS\u00c3O ELEITORAL \u2013 DGE\/CAPF\/UERN &#8211; ELEI\u00c7\u00c3O PARA CHEFE E SUBCHEFE DO DEPARTAMENTO DE GEOGRAFIA, DO CAMPUS AVAN\u00c7ADO DE PAU DOS FERROS<\/a><\/h6>\n<hr \/>\n<h5><a href=\"https:\/\/drive.google.com\/file\/d\/17iR2Q26wJa3yQpfMGeMfZ-lQmqPJw23k\/view?usp=sharing\">Portaria Comiss\u00e3o Eleitoral &#8211; SEI N\u00ba 134 de 01 de abril de 2024.<\/a><\/h5>\n<hr \/>\n<h4>PROCESSO ELEITORAL 2022\u00a0 &#8211; CHEFE E SUBCHEFE DE DEPARTAMENTO<\/h4>\n<hr \/>\n<h5><a href=\"http:\/\/www.uern.br\/controledepaginas\/eleicao-dge\/arquivos\/6713portarias_de_nomeaa%C2%A7a%C2%A3o_jouern_149_21_junho_de_2022___pag._7.pdf\" target=\"_blank\" rel=\"noopener\">Portarias de nomea\u00e7\u00e3o do chefe e subchefe do Departamento de Geografia\/CAPF publicadas no JOUERN (Bi\u00eanio 2022-2024)<\/a><\/h5>\n<hr \/>\n<h5><a title=\"Resultado Final\" href=\"http:\/\/www.uern.br\/controledepaginas\/eleicao-dge\/arquivos\/6713edital_na_07_2022_ce_dge_capf_resultado_final_jouern_144_10_jun_22.pdf\" target=\"_blank\" rel=\"noopener\">EDITAL N\u00b0 07\/2022 \u2013 COMISS\u00c3O ELEITORAL \u2013 DGE\/CAPF\/UERN &#8211;\u00a0DIVULGA\u00c7\u00c3O DO RESULTADO FINAL DA ELEI\u00c7\u00c3O PARA CHEFE E SUBCHEFE DO DGE\/CAPF\/UERN PARA O BI\u00caNIO 2022-2024.<\/a><\/h5>\n<hr \/>\n<h5><a title=\"Resultado preliminar \" href=\"http:\/\/www.uern.br\/controledepaginas\/eleicao-dge\/arquivos\/6713edital_na_06_2022_ce_dge_capf_resultado_preliminar_da_eleia%E2%80%A1a%C6%92o_jouern_136_27_maio_22.pdf\" target=\"_blank\" rel=\"noopener\">EDITAL N\u00b0 06\/2022 \u2013 COMISS\u00c3O ELEITORAL \u2013 DGE\/CAPF\/UERN-\u00a0DIVULGA\u00c7\u00c3O DO RESULTADO PRELIMINAR DA ELEI\u00c7\u00c3O PARA CHEFE E SUBCHEFE DO DGE\/CAPF\/UERN PARA O BI\u00caNIO 2022-2024.<\/a><\/h5>\n<hr \/>\n<h5><a title=\"lista definitiva de aptos a votar\" href=\"http:\/\/www.uern.br\/controledepaginas\/eleicao-dge\/arquivos\/6713edital_na_05_2022_ce_dge_capf_lista_definitiva_jouern_133_06_maio_22.pdf\" target=\"_blank\" rel=\"noopener\">EDITAL N\u00b0 05\/2022 \u2013 COMISS\u00c3O ELEITORAL \u2013 DGE\/CAPF\/UERN &#8211;\u00a0HOMOLOGA\u00c7\u00c3O DA LISTA DEFINITIVA DE ELEITORES APTOS A VOTAR\u00a0<\/a><\/h5>\n<h5><a title=\"lista definitiva de aptos a votar\" href=\"http:\/\/www.uern.br\/controledepaginas\/eleicao-dge\/arquivos\/6713anexo_i_edital_n_05_2022_lista_defiitiva_de_aptos_de_eleitores_aptos_a_votar.pdf\" target=\"_blank\" rel=\"noopener\">ANEXO I &#8211; LISTA DEFENITIVA DE ELEITORES APTOS A VOTAR<\/a><a title=\"LISTA DEFINITIVA DE ELEITORES APTOS A VOTAR\" href=\"http:\/\/www.uern.br\/controledepaginas\/eleicao-dge\/arquivos\/6713anexo_i_edital_n_05_2022_lista_defiitiva_de_aptos_de_eleitores_aptos_a_votar.pdf\" target=\"_blank\" rel=\"noopener\"><br \/>\n<\/a><\/h5>\n<hr \/>\n<h5><a title=\"homologa\u00e7\u00e3o das candidaturas\" href=\"http:\/\/www.uern.br\/controledepaginas\/eleicao-dge\/arquivos\/6713edital_n_04_2022_ce_dge_capf_homologaa%C2%A7a%C2%A3o_das_candidaturas_jouern_132_29_abr_22.pdf\" target=\"_blank\" rel=\"noopener\">EDITAL N\u00b0 04\/2022 \u2013 COMISS\u00c3O ELEITORAL \u2013 DGE\/CAPF\/UERN &#8211;\u00a0HOMOLOGA\u00c7\u00c3O DAS CANDIDATURAS PARA ELEI\u00c7\u00c3O DE CHEFE E SUBCHEFE DO DEPARTAMENTO DE GEOGRAFIA, DO CAMPUS DE PAU DOS FERROS \u2013 CAPF\/UERN<\/a><a title=\"HOMOLOGA\u00c7\u00c3O DE CANDIDATURAS\" href=\"http:\/\/www.uern.br\/controledepaginas\/eleicao-dge\/arquivos\/6713edital_n_04_2022_ce_dge_capf_homologaa%C2%A7a%C2%A3o_das_candidaturas_jouern_132_29_abr_22.pdf\" target=\"_blank\" rel=\"noopener\"><br \/>\n<\/a><\/h5>\n<hr \/>\n<h5><a title=\"lista preliminar de aptos a votar\" href=\"http:\/\/www.uern.br\/controledepaginas\/eleicao-dge\/arquivos\/6713edital_na_3_2022_lista_de_eleitores_aptos_a_votarem_jouern_131_22_abr_22.pdf\" target=\"_blank\" rel=\"noopener\">EDITAL N\u00b0 03\/2022 \u2013 COMISS\u00c3O ELEITORAL \u2013 DGE\/CAPF\/UERN &#8211; PUBLICA\u00c7\u00c3O DA LISTA PRELIMINAR DE ELEITORES APTOS A VOTAR<\/a><a title=\"Lista de Eleitores Aptos a Votar\" href=\"http:\/\/www.uern.br\/controledepaginas\/eleicao-dge\/arquivos\/6713edital_na_3_2022_lista_de_eleitores_aptos_a_votarem_jouern_131_22_abr_22.pdf\" target=\"_blank\" rel=\"noopener\"><br \/>\n<\/a><\/h5>\n<h5><a title=\"lista preliminar de aptos a votar\" href=\"http:\/\/www.uern.br\/controledepaginas\/eleicao-dge\/arquivos\/6713edital_n_03_2022_anexo_i_lista_de_aptos_de_eleitpres_aptos_a_votar.pdf\" target=\"_blank\" rel=\"noopener\">ANEXO I &#8211; LISTA PRELIMINAR DE ELEITORES APTOS A VOTAR<\/a>\u00a0<a title=\"LISTA PRELIMINAR DE ELEITORES APTOS A VOTAREM\" href=\"http:\/\/www.uern.br\/controledepaginas\/eleicao-dge\/arquivos\/6713edital_n_03_2022_anexo_i_lista_de_aptos_de_eleitpres_aptos_a_votar.pdf\" target=\"_blank\" rel=\"noopener\"><br \/>\n<\/a><\/h5>\n<hr \/>\n<h5><a title=\"registro de candidaturas\" href=\"http:\/\/www.uern.br\/controledepaginas\/eleicao-dge\/arquivos\/6713registro_de_candidaturas_uern_jornal_oficial_129_08_abr_22.pdf\" target=\"_blank\" rel=\"noopener\">EDITAL N\u00b0 02\/2022 \u2013 COMISS\u00c3O ELEITORAL \u2013 DGE\/CAPF\/UERNPUBLICA\u00c7\u00c3O DO EDITAL DO REGISTROS DE CANDIDATURAS<\/a><a title=\"Registro de Candidaturas\" href=\"http:\/\/www.uern.br\/controledepaginas\/eleicao-dge\/arquivos\/6713registro_de_candidaturas_uern_jornal_oficial_129_08_abr_22.pdf\" target=\"_blank\" rel=\"noopener\"><br \/>\n<\/a><\/h5>\n<hr \/>\n<h5><a title=\"edital geral das elei\u00e7\u00f5es\" href=\"http:\/\/www.uern.br\/controledepaginas\/eleicao-dge\/arquivos\/6713edital_n_01_2022_ce_dge_capf_uern_publicaa%E2%80%A1a%C6%92o_edital__jouern.pdf\" target=\"_blank\" rel=\"noopener\">EDITAL N\u00b0 01\/2022 \u2013 COMISS\u00c3O ELEITORAL \u2013 DGE\/CAPF\/UERN &#8211; ELEI\u00c7\u00c3O PARA CHEFE E SUBCHEFE DO DEPARTAMENTO DE GEOGRAFIA, DO CAMPUS AVAN\u00c7ADO DE PAU DOS FERROS<\/a><\/h5>\n<hr \/>\n<h5><a title=\"portaria da comiss\u00e3o\" href=\"http:\/\/www.uern.br\/controledepaginas\/eleicao-dge\/arquivos\/6713portaria_comissa%C6%92o_eleitoral_dge_capf_2022_2024_sei_04410208.000168_2022_96.pdf\" target=\"_blank\" rel=\"noopener\">Portaria Comiss\u00e3o Eleitoral<\/a><\/h5>\n","protected":false},"excerpt":{"rendered":"<p>PROCESSO ELEITORAL PARA O BI\u00caNIO 2024-2026 &#8211; CHEFE E SUBCHEFE DE DEPARTAMENTO Portarias de nomea\u00e7\u00e3o do chefe e subchefe do Departamento de Geografia\/CAPF publicadas no JOUERN (Bi\u00eanio 2024-2026) EDITAL N\u00b0 07\/2024 \u2013 COMISS\u00c3O ELEITORAL \u2013 DGE\/CAPF\/UERN &#8211; DIVULGA\u00c7\u00c3O DO RESULTADO FINAL DA ELEI\u00c7\u00c3O PARA CHEFE E SUBCHEFE DO DGE\/CAPF\/UERN PARA O BI\u00caNIO 2024-2026 EDITAL N\u00b0 [&hellip;]<\/p>\n","protected":false},"author":1,"featured_media":0,"parent":0,"menu_order":0,"comment_status":"closed","ping_status":"closed","template":"","meta":{"footnotes":""},"class_list":["post-449","page","type-page","status-publish","hentry"],"_links":{"self":[{"href":"https:\/\/portal.uern.br\/paudosferros\/dge\/wp-json\/wp\/v2\/pages\/449","targetHints":{"allow":["GET"]}}],"collection":[{"href":"https:\/\/portal.uern.br\/paudosferros\/dge\/wp-json\/wp\/v2\/pages"}],"about":[{"href":"https:\/\/portal.uern.br\/paudosferros\/dge\/wp-json\/wp\/v2\/types\/page"}],"author":[{"embeddable":true,"href":"https:\/\/portal.uern.br\/paudosferros\/dge\/wp-json\/wp\/v2\/users\/1"}],"replies":[{"embeddable":true,"href":"https:\/\/portal.uern.br\/paudosferros\/dge\/wp-json\/wp\/v2\/comments?post=449"}],"version-history":[{"count":8,"href":"https:\/\/portal.uern.br\/paudosferros\/dge\/wp-json\/wp\/v2\/pages\/449\/revisions"}],"predecessor-version":[{"id":1132,"href":"https:\/\/portal.uern.br\/paudosferros\/dge\/wp-json\/wp\/v2\/pages\/449\/revisions\/1132"}],"wp:attachment":[{"href":"https:\/\/portal.uern.br\/paudosferros\/dge\/wp-json\/wp\/v2\/media?parent=449"}],"curies":[{"name":"wp","href":"https:\/\/api.w.org\/{rel}","templated":true}]}}