{"id":447,"date":"2023-02-26T20:24:59","date_gmt":"2023-02-26T23:24:59","guid":{"rendered":"https:\/\/portal.uern.br\/paudosferros\/dge\/?page_id=447"},"modified":"2026-01-15T11:03:06","modified_gmt":"2026-01-15T14:03:06","slug":"egressos","status":"publish","type":"page","link":"https:\/\/portal.uern.br\/paudosferros\/dge\/egressos\/","title":{"rendered":"Egressos"},"content":{"rendered":"<h5><strong>Acompanhamento do egresso<\/strong><\/h5>\n<p>Convidamos os egressos do Curso de Geografia do Campus Avan\u00e7ado de Pau dos Ferros a compartilharem suas opini\u00f5es e experi\u00eancias conosco. Suas contribui\u00e7\u00f5es ser\u00e3o fundamentais para que a universidade possa ajustar suas pol\u00edticas, programas, curr\u00edculos e servi\u00e7os, garantindo que estejam alinhados com as demandas da sociedade e do mercado de trabalho, assim como com as expectativas dos alunos. Desta forma, promoveremos um ambiente educacional cada vez mais eficaz e relevante.<\/p>\n<p>Link de acesso ao formul\u00e1rio:\u00a0<a href=\"https:\/\/portal.uern.br\/egressos\/acompanhamento-de-egressos\/\" target=\"_blank\" rel=\"noopener\">https:\/\/portal.uern.br\/egressos\/acompanhamento-de-egressos\/<\/a><\/p>\n<hr \/>\n<p>Solicita\u00e7\u00e3o de Documentos<\/p>\n<p><strong>Para mais informa\u00e7\u00f5es consulte a p\u00e1gina da\u00a0<a href=\"https:\/\/portal.uern.br\/proeg\/dirca\/\" target=\"_blank\" rel=\"noopener\">DIRCA<\/a><\/strong><\/p>\n","protected":false},"excerpt":{"rendered":"<p>Acompanhamento do egresso Convidamos os egressos do Curso de Geografia do Campus Avan\u00e7ado de Pau dos Ferros a compartilharem suas opini\u00f5es e experi\u00eancias conosco. Suas contribui\u00e7\u00f5es ser\u00e3o fundamentais para que a universidade possa ajustar suas pol\u00edticas, programas, curr\u00edculos e servi\u00e7os, garantindo que estejam alinhados com as demandas da sociedade e do mercado de trabalho, assim [&hellip;]<\/p>\n","protected":false},"author":1,"featured_media":0,"parent":0,"menu_order":0,"comment_status":"closed","ping_status":"closed","template":"","meta":{"footnotes":""},"class_list":["post-447","page","type-page","status-publish","hentry"],"_links":{"self":[{"href":"https:\/\/portal.uern.br\/paudosferros\/dge\/wp-json\/wp\/v2\/pages\/447","targetHints":{"allow":["GET"]}}],"collection":[{"href":"https:\/\/portal.uern.br\/paudosferros\/dge\/wp-json\/wp\/v2\/pages"}],"about":[{"href":"https:\/\/portal.uern.br\/paudosferros\/dge\/wp-json\/wp\/v2\/types\/page"}],"author":[{"embeddable":true,"href":"https:\/\/portal.uern.br\/paudosferros\/dge\/wp-json\/wp\/v2\/users\/1"}],"replies":[{"embeddable":true,"href":"https:\/\/portal.uern.br\/paudosferros\/dge\/wp-json\/wp\/v2\/comments?post=447"}],"version-history":[{"count":5,"href":"https:\/\/portal.uern.br\/paudosferros\/dge\/wp-json\/wp\/v2\/pages\/447\/revisions"}],"predecessor-version":[{"id":1518,"href":"https:\/\/portal.uern.br\/paudosferros\/dge\/wp-json\/wp\/v2\/pages\/447\/revisions\/1518"}],"wp:attachment":[{"href":"https:\/\/portal.uern.br\/paudosferros\/dge\/wp-json\/wp\/v2\/media?parent=447"}],"curies":[{"name":"wp","href":"https:\/\/api.w.org\/{rel}","templated":true}]}}