{"id":445,"date":"2023-02-26T20:24:03","date_gmt":"2023-02-26T23:24:03","guid":{"rendered":"https:\/\/portal.uern.br\/paudosferros\/dge\/?page_id=445"},"modified":"2026-01-15T11:00:10","modified_gmt":"2026-01-15T14:00:10","slug":"discentes","status":"publish","type":"page","link":"https:\/\/portal.uern.br\/paudosferros\/dge\/discentes\/","title":{"rendered":"Discentes"},"content":{"rendered":"<p><strong>Solicitar documentos acad\u00eamicos<\/strong><\/p>\n<p><a href=\"https:\/\/docs.google.com\/forms\/d\/e\/1FAIpQLScpV1tjjf1QU1801Y6jKqlD-_8Iknb0C7uRt9WvuylsR1pjog\/viewform\" target=\"_blank\" rel=\"noopener\">https:\/\/docs.google.com\/forms\/d\/e\/1FAIpQLScpV1tjjf1QU1801Y6jKqlD-_8Iknb0C7uRt9WvuylsR1pjog\/viewform<\/a><\/p>\n<p>\u261d\ufe0f Documentos:<br \/>\n\u2013 Hist\u00f3rico;<br \/>\n\u2013 Certid\u00e3o;<br \/>\n\u2013 Declara\u00e7\u00e3o;<br \/>\n\u2013 Diploma.<\/p>\n<p>Solicitar servi\u00e7os acad\u00eamicos:<br \/>\n<a href=\"https:\/\/docs.google.com\/forms\/d\/e\/1FAIpQLSfN6ql2ck0ywmXwR204e3MnTdnioi8-LiwydXWELa_05AMOAQ\/viewform\" target=\"_blank\" rel=\"noopener\">https:\/\/docs.google.com\/forms\/d\/e\/1FAIpQLSfN6ql2ck0ywmXwR204e3MnTdnioi8-LiwydXWELa_05AMOAQ\/viewform<\/a><\/p>\n<p>\u261d\ufe0f Exemplos de Servi\u00e7os:<br \/>\n\u2013 Altera\u00e7\u00e3o de nome;<br \/>\n\u2013 Atualiza\u00e7\u00e3o de documento (RG) ou filia\u00e7\u00e3o (nome do pai ou da m\u00e3e);<br \/>\n\u2013 Cola\u00e7\u00e3o extraordin\u00e1ria;<br \/>\n\u2013 Desligamento do curso (j\u00e1 tendo iniciado aulas);<br \/>\n\u2013 Cancelamento no curso (efetuado matr\u00edcula, mas n\u00e3o iniciado as aulas);<br \/>\n\u2013 etc.<\/p>\n<p>Para mais informa\u00e7\u00f5es consulte a\u00a0<a href=\"https:\/\/portal.uern.br\/proeg\/dirca\/\" target=\"_blank\" rel=\"noopener\">DIRCA<\/a><\/p>\n<hr \/>\n<div>\n<p>&nbsp;<\/p>\n<\/div>\n<p><strong>Requerimento de 2<sup>a\u00a0<\/sup>Chamada &#8211; DGE\/CAPF\/UERN<\/strong><\/p>\n<h5><a href=\"https:\/\/portal.uern.br\/fad\/wp-content\/uploads\/2022\/09\/6738uern_regimento_geral_2022.pdf\" target=\"_blank\" rel=\"noopener\">Regimento Geral\u00a0da UERN<\/a><\/h5>\n<p>Aprovado pela Resolu\u00e7\u00e3o N.\u00ba 01\/2022 &#8211; Consuni, de 8 de fevereiro de 2022, e publicado no Jouern do dia 11 de fevereiro de 2022.<\/p>\n<p>(&#8230;)<\/p>\n<p>Art. 141. O(A) discente que faltar ou deixar de realizar qualquer uma das avalia\u00e7\u00f5es poder\u00e1 solicitar, no prazo de dois dias \u00fateis, na secretaria do departamento que oferta o componente curricular, a oportunidade de realiz\u00e1-la em segunda chamada.<\/p>\n<p>\u00a71\u00ba O requerimento dever\u00e1 ser justificado, cabendo ao(\u00e0) professor(a) do componente emitir decis\u00e3o.<\/p>\n<p>\u00a7 2\u00ba Caso a decis\u00e3o seja favor\u00e1vel, o(a) professor(a) j\u00e1 dever\u00e1, no prazo m\u00e1ximo de cinco dias \u00fateis, informar a data de realiza\u00e7\u00e3o da segunda chamada, que poder\u00e1 ocorrer em at\u00e9 15 dias \u00fateis.<\/p>\n<p>\u00a7 3\u00ba Caso a decis\u00e3o seja desfavor\u00e1vel, o(a) discente poder\u00e1 interpor recurso ao Colegiado do Departamento, no prazo de cinco dias \u00fateis.<\/p>\n<p>(&#8230;)<\/p>\n<h6>Link para o Formul\u00e1rio: <a href=\"https:\/\/drive.google.com\/file\/d\/1kEjlqt-JDh9x-jRu7BiG6bUR1VM42gJS\/view?usp=sharing\" target=\"_blank\" rel=\"noopener\">https:\/\/drive.google.com\/file\/d\/1kEjlqt-JDh9x-jRu7BiG6bUR1VM42gJS\/view?usp=sharing<\/a><\/h6>\n<hr \/>\n<h5><strong>Aproveitamento de Estudos<\/strong><\/h5>\n<ul>\n<li><a href=\"https:\/\/www.uern.br\/controledepaginas\/uern-dirca-formularios-unidades-academicas\/arquivos\/4151ae_automatico.pdf\" target=\"_blank\" rel=\"noopener\">Aproveitamento de estudo realizado na UERN &#8211; autom\u00e1tico (equival\u00eancia cadastrada no SAE)<\/a><\/li>\n<li><a href=\"https:\/\/www.uern.br\/controledepaginas\/uern-dirca-formularios-unidades-academicas\/arquivos\/4151ae_apreciacao.pdf\" target=\"_blank\" rel=\"noopener\">Aproveitamento de estudo realizado na UERN &#8211; com aprecia\u00e7\u00e3o departamental<\/a><\/li>\n<li><a href=\"https:\/\/www.uern.br\/controledepaginas\/uern-dirca-formularios-unidades-academicas\/arquivos\/4151ae_outra_ies.pdf\" target=\"_blank\" rel=\"noopener\">Aproveitamento de estudo realizado em outra IES<\/a><\/li>\n<\/ul>\n<p>Documentos para serem anexado ao pedido:<br \/>\n&#8211; Hist\u00f3rico escolar atualizado<br \/>\n&#8211; Programa(s) de disciplina(s) integralizada(s)<br \/>\n&#8211; Sistema de verifica\u00e7\u00e3o do rendimento escolar da IES de origem (quando o hist\u00f3rico escolar expressar a pontua\u00e7\u00e3o do rendimento, diferente de 0,0 a 10,0).<\/p>\n<hr \/>\n<h6><\/h6>\n<p><strong>LINKS IMPORTANTES:<\/strong><\/p>\n<p><a href=\"https:\/\/www.uern.br\/controledepaginas\/documentos-legislacao-ensino\/arquivos\/0065resolua%C2%A7a%C2%A3o_11_93_consuni_dispa%C2%B5e_sobre_a_verificaa%C2%A7a%C2%A3o_do_rendimento_escolar.pdf\" target=\"_blank\" rel=\"noopener\">Resolu\u00e7\u00e3o 11\/1993-CONSUNI\u00a0<\/a> &#8211; Altera os artigos de n\u00ba 102 a 113 do Regimento Feral da URRN, que disp\u00f5e sobre a verifica\u00e7\u00e3o do rendimento escolar.<\/p>\n<hr \/>\n<p><a href=\"https:\/\/portal.uern.br\/regimento-geral\/\" target=\"_blank\" rel=\"noopener\">Regimento Geral da UERN<\/a> &#8211; Aprovado pela Resolu\u00e7\u00e3o N.\u00ba 01\/2022 &#8211; Consuni, de 8 de fevereiro de 2022, e publicado no Jouern do dia 11 de fevereiro de 2022; Alterado pela Resolu\u00e7\u00e3o N\u00ba 11\/2022 \u2013 Consuni de 29 de novembro de 2022 e publicada no Jouern do dia 13 de dezembro de 2022.<\/p>\n<hr \/>\n<p><a href=\"https:\/\/www.uern.br\/controledepaginas\/Proeg-L.Interna\/arquivos\/3129resolua%C2%A7a%C2%A3o_026_2017.consepe_novo_rcg.pdf\" target=\"_blank\" rel=\"noopener\">Resolu\u00e7\u00e3o 26\/2017 \u2013 CONSEPE &#8211;\u00a0<\/a> Aprova o Regulamento de Cursos de Gradua\u00e7\u00e3o da UERN.<\/p>\n<hr \/>\n<h5><strong>Requerimentos<\/strong><\/h5>\n<ul>\n<li><span style=\"font-size: 12pt\"><a href=\"https:\/\/www.uern.br\/controledepaginas\/uern-dirca-formularios-alunos-e-ex-alunos\/arquivos\/4152requerimento_regime_do_exerca%C2%ADcio_domiciliar.pdf\" target=\"_blank\" rel=\"noopener\">Requerimento de regime do exerc\u00edcio domiciliar<\/a><\/span><\/li>\n<li>Requerimento de segunda chamada<\/li>\n<\/ul>\n","protected":false},"excerpt":{"rendered":"<p>Solicitar documentos acad\u00eamicos https:\/\/docs.google.com\/forms\/d\/e\/1FAIpQLScpV1tjjf1QU1801Y6jKqlD-_8Iknb0C7uRt9WvuylsR1pjog\/viewform \u261d\ufe0f Documentos: \u2013 Hist\u00f3rico; \u2013 Certid\u00e3o; \u2013 Declara\u00e7\u00e3o; \u2013 Diploma. Solicitar servi\u00e7os acad\u00eamicos: https:\/\/docs.google.com\/forms\/d\/e\/1FAIpQLSfN6ql2ck0ywmXwR204e3MnTdnioi8-LiwydXWELa_05AMOAQ\/viewform \u261d\ufe0f Exemplos de Servi\u00e7os: \u2013 Altera\u00e7\u00e3o de nome; \u2013 Atualiza\u00e7\u00e3o de documento (RG) ou filia\u00e7\u00e3o (nome do pai ou da m\u00e3e); \u2013 Cola\u00e7\u00e3o extraordin\u00e1ria; \u2013 Desligamento do curso (j\u00e1 tendo iniciado aulas); \u2013 Cancelamento no curso (efetuado [&hellip;]<\/p>\n","protected":false},"author":1,"featured_media":0,"parent":0,"menu_order":0,"comment_status":"closed","ping_status":"closed","template":"","meta":{"footnotes":""},"class_list":["post-445","page","type-page","status-publish","hentry"],"_links":{"self":[{"href":"https:\/\/portal.uern.br\/paudosferros\/dge\/wp-json\/wp\/v2\/pages\/445","targetHints":{"allow":["GET"]}}],"collection":[{"href":"https:\/\/portal.uern.br\/paudosferros\/dge\/wp-json\/wp\/v2\/pages"}],"about":[{"href":"https:\/\/portal.uern.br\/paudosferros\/dge\/wp-json\/wp\/v2\/types\/page"}],"author":[{"embeddable":true,"href":"https:\/\/portal.uern.br\/paudosferros\/dge\/wp-json\/wp\/v2\/users\/1"}],"replies":[{"embeddable":true,"href":"https:\/\/portal.uern.br\/paudosferros\/dge\/wp-json\/wp\/v2\/comments?post=445"}],"version-history":[{"count":21,"href":"https:\/\/portal.uern.br\/paudosferros\/dge\/wp-json\/wp\/v2\/pages\/445\/revisions"}],"predecessor-version":[{"id":1516,"href":"https:\/\/portal.uern.br\/paudosferros\/dge\/wp-json\/wp\/v2\/pages\/445\/revisions\/1516"}],"wp:attachment":[{"href":"https:\/\/portal.uern.br\/paudosferros\/dge\/wp-json\/wp\/v2\/media?parent=445"}],"curies":[{"name":"wp","href":"https:\/\/api.w.org\/{rel}","templated":true}]}}