{"id":443,"date":"2023-02-26T20:23:26","date_gmt":"2023-02-26T23:23:26","guid":{"rendered":"https:\/\/portal.uern.br\/paudosferros\/dge\/?page_id=443"},"modified":"2026-01-27T09:19:51","modified_gmt":"2026-01-27T12:19:51","slug":"tecnicos-administrativos","status":"publish","type":"page","link":"https:\/\/portal.uern.br\/paudosferros\/dge\/tecnicos-administrativos\/","title":{"rendered":"T\u00e9cnicos Administrativos"},"content":{"rendered":"<h5><a href=\"https:\/\/www.uern.br\/controledepaginas\/prorhae-form-doc-leg\/arquivos\/0477lc_699.2022_pccr_tecnicos.pdf\" target=\"_blank\" rel=\"noopener\">Lei Complementar n\u00ba 699\/2022<\/a><\/h5>\n<p>Institui o Plano de Cargos, Carreira e Remunera\u00e7\u00e3o dos Servidores T\u00e9cnicos Administrativos\u00a0da Funda\u00e7\u00e3o Universidade do Estado do Rio Grande do Norte (FUERN) e d\u00e1 outras provid\u00eancias.<\/p>\n<hr \/>\n<p>&nbsp;<\/p>\n<h5>T\u00e9cnicos lotados no Departamento<\/h5>\n<table style=\"border-collapse: collapse;width: 100%;height: 151px\">\n<tbody>\n<tr style=\"height: 151px\">\n<td style=\"width: 14.5893%;height: 151px\"><img fetchpriority=\"high\" decoding=\"async\" class=\"aligncenter size-medium\" src=\"http:\/\/servicosweb.cnpq.br\/wspessoa\/servletrecuperafoto?tipo=1&amp;id=K4208701A0\" width=\"640\" height=\"640\" \/><\/td>\n<td style=\"width: 85.4107%;height: 151px\"><a href=\"http:\/\/lattes.cnpq.br\/3079584524017580\" target=\"_blank\" rel=\"noopener\">TNS Eliane Maria de Oliveira<\/a><\/p>\n<p>Mestra em Estudos Urbanos e Regionais-linha Pol\u00edticas P\u00fablicas &#8211; pela Universidade Federal do Rio Grande do Norte &#8211; UFRN (2013) Graduada em Ci\u00eancias Econ\u00f4micas pela Universidade do Estado do Rio Grande do Norte &#8211; UERN (2009). Trabalha temas na \u00e1rea de desenvolvimento regional, mercado de trabalho e pol\u00edticas p\u00fablicas.<\/td>\n<\/tr>\n<\/tbody>\n<\/table>\n<hr \/>\n<table style=\"border-collapse: collapse;width: 100%\">\n<tbody>\n<tr>\n<td style=\"width: 14.2116%\"><\/td>\n<td style=\"width: 85.7884%\"><strong>TNS \u2013<\/strong>\u00a0Andreia Karla Michelle de Lima Araujo<\/td>\n<\/tr>\n<\/tbody>\n<\/table>\n<p>&nbsp;<\/p>\n<hr \/>\n<table style=\"border-collapse: collapse;width: 100%\">\n<tbody>\n<tr>\n<td style=\"width: 14.2116%\"><img decoding=\"async\" class=\"aligncenter size-medium\" src=\"http:\/\/servicosweb.cnpq.br\/wspessoa\/servletrecuperafoto?tipo=1&amp;id=K4469155A3\" width=\"689\" height=\"689\" \/><\/td>\n<td style=\"width: 85.7884%\"><a href=\"http:\/\/lattes.cnpq.br\/8262605067296416\" target=\"_blank\" rel=\"noopener\">TNM Francisco Madson de Queiroz (Removido para o PLANDITES em 02\/02\/2026 )<\/a><\/p>\n<p>Mestre em Administra\u00e7\u00e3o P\u00fablica Pelo Programa de Mestrado Profissional em Administra\u00e7\u00e3o P\u00fablica (PROFIAP), do Centro de Ci\u00eancias Jur\u00eddicas e Sociais (CCJS), da Universidade Federal de Campina Grande (UFCG). Possui gradua\u00e7\u00e3o em Gest\u00e3o P\u00fablica pela Faculdade Est\u00e1cio do Rio Grande do Norte (2022) e gradua\u00e7\u00e3o em Tecnologia em Eletromec\u00e2nica pelo Instituto Centro de Ensino Tecnol\u00f3gico (2007). Cursou Especializa\u00e7\u00e3o em Administra\u00e7\u00e3o P\u00fablica pela Faculdade \u00danica de Ipatinga\/MG (2018) e Especializa\u00e7\u00e3o em Gest\u00e3o P\u00fablica pelo Instituto Federal de Educa\u00e7\u00e3o, Ci\u00eancia e Tecnologia do Rio Grande do Norte (2024). Cursou T\u00e9cnico em Administra\u00e7\u00e3o pelo Centro Estadual de Educa\u00e7\u00e3o Tecnol\u00f3gica Paula Souza (2015). Atualmente \u00e9 t\u00e9cnico administrativo n\u00edvel m\u00e9dio da Universidade do Estado do Rio Grande do Norte. Tem experi\u00eancia na \u00e1rea de Administra\u00e7\u00e3o, com \u00eanfase em Administra\u00e7\u00e3o P\u00fablica.<span class=\"texto\">\u00a0<\/span><\/td>\n<\/tr>\n<\/tbody>\n<\/table>\n<hr \/>\n<p>&nbsp;<\/p>\n","protected":false},"excerpt":{"rendered":"<p>Lei Complementar n\u00ba 699\/2022 Institui o Plano de Cargos, Carreira e Remunera\u00e7\u00e3o dos Servidores T\u00e9cnicos Administrativos\u00a0da Funda\u00e7\u00e3o Universidade do Estado do Rio Grande do Norte (FUERN) e d\u00e1 outras provid\u00eancias. &nbsp; T\u00e9cnicos lotados no Departamento TNS Eliane Maria de Oliveira Mestra em Estudos Urbanos e Regionais-linha Pol\u00edticas P\u00fablicas &#8211; pela Universidade Federal do Rio Grande [&hellip;]<\/p>\n","protected":false},"author":1,"featured_media":0,"parent":0,"menu_order":0,"comment_status":"closed","ping_status":"closed","template":"","meta":{"footnotes":""},"class_list":["post-443","page","type-page","status-publish","hentry"],"_links":{"self":[{"href":"https:\/\/portal.uern.br\/paudosferros\/dge\/wp-json\/wp\/v2\/pages\/443","targetHints":{"allow":["GET"]}}],"collection":[{"href":"https:\/\/portal.uern.br\/paudosferros\/dge\/wp-json\/wp\/v2\/pages"}],"about":[{"href":"https:\/\/portal.uern.br\/paudosferros\/dge\/wp-json\/wp\/v2\/types\/page"}],"author":[{"embeddable":true,"href":"https:\/\/portal.uern.br\/paudosferros\/dge\/wp-json\/wp\/v2\/users\/1"}],"replies":[{"embeddable":true,"href":"https:\/\/portal.uern.br\/paudosferros\/dge\/wp-json\/wp\/v2\/comments?post=443"}],"version-history":[{"count":5,"href":"https:\/\/portal.uern.br\/paudosferros\/dge\/wp-json\/wp\/v2\/pages\/443\/revisions"}],"predecessor-version":[{"id":1525,"href":"https:\/\/portal.uern.br\/paudosferros\/dge\/wp-json\/wp\/v2\/pages\/443\/revisions\/1525"}],"wp:attachment":[{"href":"https:\/\/portal.uern.br\/paudosferros\/dge\/wp-json\/wp\/v2\/media?parent=443"}],"curies":[{"name":"wp","href":"https:\/\/api.w.org\/{rel}","templated":true}]}}