{"id":441,"date":"2023-02-26T20:22:31","date_gmt":"2023-02-26T23:22:31","guid":{"rendered":"https:\/\/portal.uern.br\/paudosferros\/dge\/?page_id=441"},"modified":"2026-01-15T10:48:29","modified_gmt":"2026-01-15T13:48:29","slug":"docentes","status":"publish","type":"page","link":"https:\/\/portal.uern.br\/paudosferros\/dge\/docentes\/","title":{"rendered":"Corpo Docente"},"content":{"rendered":"<p><strong>DOCENTES EFETIVOS<\/strong><\/p>\n<hr \/>\n<table style=\"height: 100px;width: 100%;border-collapse: collapse;border-style: none\" cellspacing=\"1\">\n<tbody>\n<tr style=\"height: 240px\">\n<td style=\"width: 19.8554%;height: 190px\">\n<pre><strong><img fetchpriority=\"high\" decoding=\"async\" class=\"size-medium aligncenter\" src=\"http:\/\/servicosweb.cnpq.br\/wspessoa\/servletrecuperafoto?tipo=1&amp;id=K4764854H0\" width=\"497\" height=\"616\" \/><\/strong><\/pre>\n<\/td>\n<td style=\"width: 80.1446%;height: 190px\">\n<pre><strong><a href=\"http:\/\/lattes.cnpq.br\/0565488973448449\" target=\"_blank\" rel=\"noopener\">Prof. Dr. Agassiel de Medeiros Alves<\/a> <\/strong>\r\nE-mail: <a href=\"mailto:agassielalves@uern.br\">agassielalves@uern.br<\/a>\r\nCurr\u00edculo Lattes:<a href=\"http:\/\/lattes.cnpq.br\/0565488973448449\" target=\"_blank\" rel=\"noopener\"> http:\/\/lattes.cnpq.br\/0565488973448449<\/a><\/pre>\n<p>Licenciado em Geografia pela Universidade Federal do Rio Grande do Norte &#8211; UFRN &#8211; CERES; Mestre em Desenvolvimento e Meio Ambiente pela Universidade do Estado do Rio Grande do Norte &#8211; UERN &#8211; Campus Central;<br \/>\nDoutor em Ci\u00eancia e Engenharia do Petr\u00f3leo pela Universidade Federal do Rio Grande do Norte &#8211; UFRN &#8211; CCET.<\/p>\n<p>\u00c1reas de Interesse:<br \/>\nGeografia F\u00edsica, Geoprocessamento, An\u00e1lises Geossist\u00eamicas, Geodiversidade.<\/td>\n<\/tr>\n<\/tbody>\n<\/table>\n<hr \/>\n<table style=\"border-collapse: collapse;width: 100%;height: 235px\">\n<tbody>\n<tr style=\"height: 235px\">\n<td style=\"width: 19.8554%;height: 235px\"><img decoding=\"async\" class=\"aligncenter\" src=\"http:\/\/servicosweb.cnpq.br\/wspessoa\/servletrecuperafoto?tipo=1&amp;id=K4265444P5\" alt=\"\" width=\"1278\" height=\"1278\" \/><\/td>\n<td style=\"width: 80.1446%;height: 235px\">\n<pre><strong><a href=\"http:\/\/lattes.cnpq.br\/9952017155638030\">Profa. Dra Andreza Tacyana Felix Carvalho<\/a> <\/strong>\r\nE-mail: <a href=\"mailto:andrezafelix@uern.br\">andrezafelix@uern.br <\/a>\r\nCurr\u00edculo Lattes:\u00a0<a href=\"http:\/\/lattes.cnpq.br\/9952017155638030\" target=\"_blank\" rel=\"noopener\">http:\/\/lattes.cnpq.br\/9952017155638030<\/a><\/pre>\n<p>Bacharel em Geografia pela Universidade Federal de Pernambuco &#8211; UFPE; Mestre e Doutora\u00a0 em Engenharia Civil na \u00e1rea de Recursos H\u00eddricos e Tecnologia Ambiental pela UFPE.<\/p>\n<p>\u00c1reas de Interesse: Hidrogeografia com \u00eanfase em sistemas fluviais e eventos extremos de chuvas; Planejamento urbano e saneamento, Ensino de Geografia F\u00edsica.<\/td>\n<\/tr>\n<\/tbody>\n<\/table>\n<hr \/>\n<table style=\"border-collapse: collapse;width: 100%;height: 312px\">\n<tbody>\n<tr style=\"height: 312px\">\n<td style=\"width: 19.3579%;height: 312px\"><\/td>\n<td style=\"width: 80.6421%;height: 312px\">\n<pre><strong><a href=\"http:\/\/lattes.cnpq.br\/3089186720597223\" target=\"_blank\" rel=\"noopener\">Prof. Dr. C\u00edcero Nilton Moreira da Silva<\/a> <\/strong>\r\nE-mail: <a href=\"mailto:ciceronilton@uern.br\">ciceronilton@uern.br <\/a>\r\nCurr\u00edculo <span style=\"font-family: inherit;font-size: inherit\">Lattes:\u00a0<\/span><a style=\"font-family: inherit;font-size: inherit\" href=\"http:\/\/lattes.cnpq.br\/3089186720597223\" target=\"_blank\" rel=\"noopener\">http:\/\/lattes.cnpq.br\/3089186720597223<\/a><\/pre>\n<p>Gradua\u00e7\u00e3o em Geografia\/Licenciatura pela Universidade Estadual do Cear\u00e1; Mestrado em Geografia pela Universidade Estadual do Cear\u00e1; Doutorado em Geografia pela Universidade Federal do Cear\u00e1. P\u00f3s-doutorado junto ao Programa de P\u00f3s-gradua\u00e7\u00e3o em Geografia (PROPGEO\/UECE).<\/p>\n<p>\u00c1reas de Interesse:<br \/>\nGeografia agr\u00e1ria e an\u00e1lise regional, agricultura familiar, reforma agr\u00e1ria, metodologia participativa e desenvolvimento comunit\u00e1rio, ensino de geografia, ensino no contexto do semi\u00e1rido, din\u00e2micas territoriais no semi\u00e1rido.<\/td>\n<\/tr>\n<\/tbody>\n<\/table>\n<hr \/>\n<table style=\"border-collapse: collapse;width: 100%\">\n<tbody>\n<tr>\n<td style=\"width: 19.8554%\"><img decoding=\"async\" class=\"alignnone size-medium\" src=\"http:\/\/servicosweb.cnpq.br\/wspessoa\/servletrecuperafoto?tipo=1&amp;id=K4730823J6\" width=\"960\" height=\"1280\" \/><\/td>\n<td style=\"width: 80.1446%\">\n<pre><strong><a href=\"http:\/\/lattes.cnpq.br\/1738258562015403\" target=\"_blank\" rel=\"noopener\">Prof. Dr. Franklin Roberto da Costa<\/a> <\/strong>\r\nE-mail: <a href=\"mailto:franklincosta@uern.br\">franklincosta@uern.br<\/a>\r\n Curr\u00edculo Lattes:<a href=\"http:\/\/lattes.cnpq.br\/1738258562015403\" target=\"_blank\" rel=\"noopener\">\u00a0http:\/\/lattes.cnpq.br\/1738258562015403<\/a><\/pre>\n<p>T\u00e9cnico em Geoprocessamento pelo Instituto Federal do Sul de Minas; Bacharelado em Geografia pela Universidade Federal do Rio Grande do Norte; Especializa\u00e7\u00e3o em Meio Ambiente e Politicas P\u00fablicas pela Universidade Federal do Rio Grande do Norte; Mestrado em Desenvolvimento e Meio Ambiente pela Universidade Federal do Rio Grande do Norte; Doutorado em Desenvolvimento e Meio Ambiente &#8211; PRODEMA\/RN .<\/p>\n<p>\u00c1reas de Interesse:<br \/>\nCartografia, Ensino de Geografia, Planejamento Ambiental, Geografia, Riscos e vulnerabilidades socioambientais.<\/td>\n<\/tr>\n<\/tbody>\n<\/table>\n<hr \/>\n<table style=\"border-collapse: collapse;width: 100%\">\n<tbody>\n<tr>\n<td style=\"width: 19.8554%\"><strong><img loading=\"lazy\" decoding=\"async\" class=\"alignnone size-medium\" src=\"http:\/\/servicosweb.cnpq.br\/wspessoa\/servletrecuperafoto?tipo=1&amp;id=K4733905J0\" width=\"640\" height=\"640\" \/><\/strong><\/td>\n<td style=\"width: 80.1446%\"><strong><a href=\"http:\/\/lattes.cnpq.br\/6018796668587649\" target=\"_blank\" rel=\"noopener\">Prof. Dr. Josu\u00e9 Alencar Bezerra<\/a><\/strong><br \/>\nE-mail: <a href=\"josuebezerra@uern.br\" target=\"_blank\" rel=\"noopener\">josuebezerra@uern.br<\/a><br \/>\nCurr\u00edculo Lattes:<a href=\"http:\/\/lattes.cnpq.br\/6018796668587649\" target=\"_blank\" rel=\"noopener\">\u00a0http:\/\/lattes.cnpq.br\/6018796668587649<\/a>Gradua\u00e7\u00e3o e Mestrado em Geografia pela Universidade Federal do Rio Grande do Norte (UFRN) e o Doutorado em Geografia pela Universidade Estadual do Cear\u00e1 (UECE), oportunidade em que participou da Miss\u00e3o de Estudos (PROCAD\/CAPES) no Instituto de Geografia da Universidade Federal de Uberl\u00e2ndia (UFU).\u00c1reas de Interesse:<br \/>\nProdu\u00e7\u00e3o do espa\u00e7o urbano; pr\u00e1ticas espaciais urbanas; din\u00e2micas e intera\u00e7\u00f5es urbano-regionais; aspectos da urbaniza\u00e7\u00e3o em \u00e1reas n\u00e3o metropolitanas; urbanidade no rural; mobilidade espacial da popula\u00e7\u00e3o; com\u00e9rcio e consumo urbanos e pequena cidade.<\/p>\n<pre><\/pre>\n<\/td>\n<\/tr>\n<\/tbody>\n<\/table>\n<hr \/>\n<pre><\/pre>\n<table style=\"border-collapse: collapse;width: 100%;height: 10px\">\n<tbody>\n<tr style=\"height: 312px\">\n<td style=\"width: 19.8554%;height: 10px\"><img loading=\"lazy\" decoding=\"async\" class=\"aligncenter size-medium\" src=\"http:\/\/servicosweb.cnpq.br\/wspessoa\/servletrecuperafoto?tipo=1&amp;id=K4732388U6\" width=\"810\" height=\"1080\" \/><\/td>\n<td style=\"width: 80.1446%;height: 10px;text-align: justify\"><strong><a href=\"http:\/\/lattes.cnpq.br\/7137009169288085\" target=\"_blank\" rel=\"noopener\">Profa. Dra. Jacim\u00e1ria Fonseca de Medeiros<\/a><\/strong><br \/>\nE-mail:<a href=\"mailto:jacimariamedeiros@uern.br\"> jacimariamedeiros@uern.br<\/a><br \/>\nCurr\u00edculo Lattes:\u00a0<a href=\"http:\/\/lattes.cnpq.br\/7137009169288085\" target=\"_blank\" rel=\"noopener\">http:\/\/lattes.cnpq.br\/7137009169288085<\/a>Graduada em Geografia pela Universidade Federal do Rio Grande do Norte; Mestre em Desenvolvimento e Meio Ambiente pela Universidade do Estado do Rio Grande do Norte; Doutora em Geografia pela Universidade Federal do Rio Grande do Norte.\u00c1reas de Interesse:<br \/>\nGeografia F\u00edsica, com \u00eanfase em An\u00e1lise Sist\u00eamica, Brejos de Altitude, caracteriza\u00e7\u00f5es clim\u00e1ticas e Geodiversidade.<\/td>\n<\/tr>\n<\/tbody>\n<\/table>\n<hr \/>\n<table style=\"border-collapse: collapse;width: 100%;height: 10px\">\n<tbody>\n<tr style=\"height: 312px\">\n<td style=\"width: 19.8554%;height: 10px\"><strong><img loading=\"lazy\" decoding=\"async\" class=\"aligncenter size-medium\" src=\"http:\/\/servicosweb.cnpq.br\/wspessoa\/servletrecuperafoto?tipo=1&amp;id=K4710422D5\" width=\"2697\" height=\"2881\" \/><\/strong><\/td>\n<td style=\"width: 80.1446%;height: 10px\">\n<pre><strong><a href=\"http:\/\/lattes.cnpq.br\/3254661019394995\" target=\"_blank\" rel=\"noopener\">Profa. Dra. Larissa\u00a0da Silva Ferreira Alves<\/a><\/strong>\r\nE-mail: <a href=\"mailto:larissaferreira@uern.br\">larissaferreira@uern.br<\/a>\r\nCurr\u00edculo Lattes:\u00a0<a href=\"http:\/\/lattes.cnpq.br\/3254661019394995\" target=\"_blank\" rel=\"noopener\">http:\/\/lattes.cnpq.br\/3254661019394995<\/a><\/pre>\n<p style=\"text-align: justify\">Doutora em Geografia pela Universidade Federal do Cear\u00e1 &#8211; UFC ; Mestre em Geografia, Especialista em Geoprocessamento e Cartografia Digital; Graduada em Geografia &#8211; Licenciatura pela Universidade Federal do Rio Grande do Norte &#8211; UFRN .<\/p>\n<p style=\"text-align: justify\">\u00c1reas de Interesse:<br \/>\nGeografia; Planejamento Urbano e Regional; Ordenamento territorial; Pol\u00edticas p\u00fablicas; Turismo; \u00c1gua e Saneamento B\u00e1sico; Semi\u00e1rido.<\/p>\n<\/td>\n<\/tr>\n<\/tbody>\n<\/table>\n<hr \/>\n<pre><\/pre>\n<table style=\"border-collapse: collapse;width: 100%;height: 10px\">\n<tbody>\n<tr style=\"height: 312px\">\n<td style=\"width: 19.8554%;height: 10px\"><img loading=\"lazy\" decoding=\"async\" class=\"aligncenter size-medium\" src=\"http:\/\/servicosweb.cnpq.br\/wspessoa\/servletrecuperafoto?tipo=1&amp;id=K4739944A6\" width=\"586\" height=\"904\" \/><\/td>\n<td style=\"width: 80.1446%;height: 10px\">\n<pre><strong><a href=\"http:\/\/lattes.cnpq.br\/7720820495443245\" target=\"_blank\" rel=\"noopener\">Prof. Me. Luiz Eduardo do Nascimento Neto<\/a><\/strong>\r\nE-mail: <a href=\"mailto:luizeduardo@uern.br\">luizeduardo@uern.br<\/a>\r\nCurr\u00edculo Lattes:\u00a0<a href=\"http:\/\/lattes.cnpq.br\/7720820495443245\" target=\"_blank\" rel=\"noopener\">http:\/\/lattes.cnpq.br\/7720820495443245<\/a><\/pre>\n<p>Licenciado em\u00a0 Geografia pela Universidade Federal do Rio Grande do Norte e Mestrado em Geografia pela Universidade Federal do Rio Grande do Norte.<\/p>\n<p>\u00c1reas de Interesse:<br \/>\nEst\u00e1gio, ensino, geografia, ensino, ensino, geografia, metodologia, geografia e ensino de geografia.<\/td>\n<\/tr>\n<\/tbody>\n<\/table>\n<hr \/>\n<table style=\"border-collapse: collapse;width: 100%;height: 122px\">\n<tbody>\n<tr style=\"height: 312px\">\n<td style=\"width: 19.8554%;height: 122px\"><img loading=\"lazy\" decoding=\"async\" class=\"aligncenter size-medium\" src=\"http:\/\/servicosweb.cnpq.br\/wspessoa\/servletrecuperafoto?tipo=1&amp;id=K4744317Z2\" width=\"3480\" height=\"4640\" \/><\/td>\n<td style=\"width: 80.1446%;height: 122px\">\n<pre><strong><a href=\"http:\/\/lattes.cnpq.br\/8412414250233687\" target=\"_blank\" rel=\"noopener\">Prof. Dr. Rosalvo Nobre Carneiro<\/a><\/strong>\r\n<span style=\"font-family: inherit;font-size: inherit\">E-mail: <a href=\"mailto:rosalvonobre@uern.br\">rosalvonobre@uern.br<\/a><\/span>\r\nCurr\u00edculo Lattes:\u00a0<a href=\"http:\/\/lattes.cnpq.br\/8412414250233687\" target=\"_blank\" rel=\"noopener\">http:\/\/lattes.cnpq.br\/8412414250233687<\/a><\/pre>\n<p style=\"text-align: justify\">Licenciatura em Geografia pela UEPB, Mestre e Doutor em Geografia pela UFPE. P\u00f3s-doutor em Did\u00e1tica da Geografia pela UFPI.<\/p>\n<p style=\"text-align: justify\">\u00c1reas de Interesse:<br \/>\nDid\u00e1tica da Geografia e Agir Comunicativo; Geografia Escolar do Mundo da Vida e Aprendizagem de Princ\u00edpios Geo\u00e9ticos Universais; Forma\u00e7\u00e3o de Professores e Est\u00e1gio Curricular Supervisionado; Curriculo, Cultura e Identidade Docente P\u00f3s-convencional.<\/p>\n<\/td>\n<\/tr>\n<\/tbody>\n<\/table>\n<hr \/>\n<p><strong>DOCENTES CONTRATADOS<\/strong><\/p>\n<hr \/>\n<table style=\"border-collapse: collapse;width: 100%;height: 134px\">\n<tbody>\n<tr style=\"height: 312px\">\n<td style=\"width: 19.8554%;height: 134px\"><a href=\"http:\/\/servicosweb.cnpq.br\/wspessoa\/servletrecuperafoto?tipo=1&amp;id=K8271538U9\"><img loading=\"lazy\" decoding=\"async\" class=\"aligncenter size-medium\" src=\"http:\/\/servicosweb.cnpq.br\/wspessoa\/servletrecuperafoto?tipo=1&amp;id=K8271538U9\" width=\"828\" height=\"828\" \/><\/a><\/td>\n<td style=\"width: 80.1446%;height: 134px\"><strong>Profa. Ma. <a href=\"http:\/\/lattes.cnpq.br\/1271924038889303\" target=\"_blank\" rel=\"noopener\">Larissa Silva Queiroz<\/a><\/strong><\/p>\n<p>Contrato Provis\u00f3rio<\/p>\n<p>E-mail:<a href=\"mailto:larissasilva@uern.br\" target=\"_blank\" rel=\"noopener\"> larissasilva@uern.br<\/a> \/<a href=\"mailto:lariqueiroz98@gmail.com\" target=\"_blank\" rel=\"noopener\"> lariqueiroz98@gmail.com<\/a><\/p>\n<p>Curr\u00edculo Lattes: <a href=\"http:\/\/lattes.cnpq.br\/1271924038889303\" target=\"_blank\" rel=\"noopener\">http:\/\/lattes.cnpq.br\/1271924038889303\u00a0<\/a><\/p>\n<p>Doutoranda em Geografia pela Universidade Federal do Rio Grande do Norte (UFRN). Mestra em Geografia pelo Programa de P\u00f3s-Gradua\u00e7\u00e3o em Geografia (PPGEO), da Universidade do Estado do Rio Grande do Norte (UERN). Graduada em Geografia (Licenciatura) pela Universidade do Estado do Rio Grande do Norte (UERN\/CAPF). Membra do N\u00facleo de Estudos Geoambientais e Cartogr\u00e1ficos (CAPF\/UERN) e do Grupo de Pesquisa Ambiente e Sociedade (CAA\/UERN).<\/p>\n<p>\u00c1reas de Interesse (\u00e1reas de interesse de ensino e pesquisa)<br \/>\nLinhas de pesquisa que tem atuado: Geografia F\u00edsica, com \u00eanfase em An\u00e1lise Integrada da Paisagem, Compartimenta\u00e7\u00e3o Geoambiental, Geodiversidade, Geoprocessamento e Ensino de Geografia.<\/td>\n<\/tr>\n<\/tbody>\n<\/table>\n<hr \/>\n<table style=\"border-collapse: collapse;width: 100%;height: 134px\">\n<tbody>\n<tr style=\"height: 312px\">\n<td style=\"width: 19.8554%;height: 134px\"><img loading=\"lazy\" decoding=\"async\" class=\"aligncenter size-medium\" src=\"http:\/\/servicosweb.cnpq.br\/wspessoa\/servletrecuperafoto?tipo=1&amp;id=K4362138P3\" width=\"597\" height=\"603\" \/><\/td>\n<td style=\"width: 80.1446%;height: 134px\"><strong><a href=\"http:\/\/lattes.cnpq.br\/1713601175264330\">Prof. Me. Cassio Expedito Galdino Pereira<\/a><\/strong><\/p>\n<p>Contrato Provis\u00f3rio<\/p>\n<p>E-mail: <a href=\"mailto:cassio.expedito@gmail.com\">cassio.expedito@gmail.com<\/a> \/ <a href=\"mailto:cassioexpedito@uern.br\">cassioexpedito@uern.br<\/a><\/p>\n<p>Curr\u00edculo Lattes: <a href=\"http:\/\/lattes.cnpq.br\/1713601175264330\">http:\/\/lattes.cnpq.br\/1713601175264330<\/a><\/p>\n<p style=\"text-align: justify\">Doutorando em Geografia pela Universidade Federal de Pernambuco (UFPE), com mestrado em Geografia Humana pela Universidade de S\u00e3o Paulo (USP) e gradua\u00e7\u00e3o em Geografia (licenciatura) pela Universidade Regional do Cariri (URCA).<\/p>\n<p style=\"text-align: justify\">\u00c1reas de Interesse (\u00e1reas de interesse de ensino e pesquisa)<br \/>\nCartografia Geogr\u00e1fica; Geografias dos Povos Ind\u00edgenas; Geografias das Rela\u00e7\u00f5es \u00c9tnico-Raciais; Educa\u00e7\u00e3o Geogr\u00e1fica; Hist\u00f3ria do Pensamento Geogr\u00e1fico.<\/p>\n<\/td>\n<\/tr>\n<\/tbody>\n<\/table>\n<hr \/>\n","protected":false},"excerpt":{"rendered":"<p>DOCENTES EFETIVOS Prof. Dr. Agassiel de Medeiros Alves E-mail: agassielalves@uern.br Curr\u00edculo Lattes: http:\/\/lattes.cnpq.br\/0565488973448449 Licenciado em Geografia pela Universidade Federal do Rio Grande do Norte &#8211; UFRN &#8211; CERES; Mestre em Desenvolvimento e Meio Ambiente pela Universidade do Estado do Rio Grande do Norte &#8211; UERN &#8211; Campus Central; Doutor em Ci\u00eancia e Engenharia do Petr\u00f3leo [&hellip;]<\/p>\n","protected":false},"author":1,"featured_media":0,"parent":0,"menu_order":0,"comment_status":"closed","ping_status":"closed","template":"","meta":{"footnotes":""},"class_list":["post-441","page","type-page","status-publish","hentry"],"_links":{"self":[{"href":"https:\/\/portal.uern.br\/paudosferros\/dge\/wp-json\/wp\/v2\/pages\/441","targetHints":{"allow":["GET"]}}],"collection":[{"href":"https:\/\/portal.uern.br\/paudosferros\/dge\/wp-json\/wp\/v2\/pages"}],"about":[{"href":"https:\/\/portal.uern.br\/paudosferros\/dge\/wp-json\/wp\/v2\/types\/page"}],"author":[{"embeddable":true,"href":"https:\/\/portal.uern.br\/paudosferros\/dge\/wp-json\/wp\/v2\/users\/1"}],"replies":[{"embeddable":true,"href":"https:\/\/portal.uern.br\/paudosferros\/dge\/wp-json\/wp\/v2\/comments?post=441"}],"version-history":[{"count":51,"href":"https:\/\/portal.uern.br\/paudosferros\/dge\/wp-json\/wp\/v2\/pages\/441\/revisions"}],"predecessor-version":[{"id":1515,"href":"https:\/\/portal.uern.br\/paudosferros\/dge\/wp-json\/wp\/v2\/pages\/441\/revisions\/1515"}],"wp:attachment":[{"href":"https:\/\/portal.uern.br\/paudosferros\/dge\/wp-json\/wp\/v2\/media?parent=441"}],"curies":[{"name":"wp","href":"https:\/\/api.w.org\/{rel}","templated":true}]}}