{"id":439,"date":"2023-02-26T20:18:22","date_gmt":"2023-02-26T23:18:22","guid":{"rendered":"https:\/\/portal.uern.br\/paudosferros\/dge\/?page_id=439"},"modified":"2024-06-11T11:39:15","modified_gmt":"2024-06-11T14:39:15","slug":"noticias-e-avisos","status":"publish","type":"page","link":"https:\/\/portal.uern.br\/paudosferros\/dge\/noticias-e-avisos\/","title":{"rendered":"Not\u00edcias e avisos"},"content":{"rendered":"<h5><a href=\"https:\/\/portal.uern.br\/paudosferros\/dge\/wp-content\/uploads\/sites\/14\/2024\/05\/COMUNICADO-01.2023-DGE.CAPF_-1.pdf\" target=\"_blank\" rel=\"noopener\">Comunicado &#8211; Atestados<\/a><\/h5>\n<p><a role=\"link\" href=\"https:\/\/portal.uern.br\/proeg\/wp-content\/uploads\/2023\/12\/Calendario_universitario_2024.pdf\" data-raofz=\"16\">Calend\u00e1rio Universit\u00e1rio 2024.1 e 2024.2 \u2013 RESOLU\u00c7\u00c3O N\u00b0 30\/2023 \u2013 CONSEPE<\/a><\/p>\n<hr \/>\n<h5><a title=\"CALENDARIO UNI\" href=\"https:\/\/www.uern.br\/default.asp?item=calendario-universitario-2014\" target=\"_blank\" rel=\"noopener\">CALEND\u00c1RIO UNIVERSIT\u00c1RIO 2023<\/a><\/h5>\n<hr \/>\n<h5><a href=\"https:\/\/www.uern.br\/controledepaginas\/proeg-calendario\/arquivos\/0976calenda%C2%A1rio_universitario_2023.pdf\" target=\"_blank\" rel=\"noopener\">Calend\u00e1rio Universit\u00e1rio 2023.1 e 2023.2 &#8211;\u00a0RESOLU\u00c7\u00c3O N.\u00ba 91\/2022 &#8211; CONSEPE<\/a><\/h5>\n<hr \/>\n<h5><a href=\"http:\/\/www.uern.br\/controledepaginas\/noticias-e-avisos\/arquivos\/2640cronograma_em_ordem_cronologica_retificado.pdf\" target=\"_blank\" rel=\"noopener\">Cronograma de defesas de TCC 2022.1<\/a><\/h5>\n<hr \/>\n<h5><a title=\"CALENDARIO UNI\" href=\"https:\/\/www.uern.br\/default.asp?item=calendario-universitario-2014\" target=\"_blank\" rel=\"noopener\">CALEND\u00c1RIO UNIVERSIT\u00c1RIO 2022<\/a><\/h5>\n<h5><a title=\"calend\u00e1rio 2022.1\" href=\"https:\/\/www.uern.br\/controledepaginas\/calendario-universitario-2014\/arquivos\/0574resolua%C2%A7a%C2%A3o_na_34_2022_consepe_aprova_o_calenda%C2%A1rio_universita%C2%A1rio_referente_ao_ano_letivo_2022_da_uern_.pdf\" target=\"_blank\" rel=\"noopener\">Calend\u00e1rio Acad\u00eamico 2022.1 e 2022.2<\/a><\/h5>\n<hr \/>\n<h5><a title=\"calend\u00e1rio 2021.2\" href=\"https:\/\/www.uern.br\/controledepaginas\/proeg-calendario\/arquivos\/0976calenda%C2%A1rio_acadamico_2021.2_aprovado_pelo_consepe_08_09_2021.pdf\" target=\"_blank\" rel=\"noopener\">Calend\u00e1rio Acad\u00eamico 2021.2<\/a><\/h5>\n<hr \/>\n<h5><a title=\"calendario 2021.1\" href=\"https:\/\/www.uern.br\/controledepaginas\/calendario-universitario-2014\/arquivos\/05740976calendario_academico_2021.1_(1).pdf\">Calend\u00e1rio Acad\u00eamico 2021.1<\/a><\/h5>\n","protected":false},"excerpt":{"rendered":"<p>Comunicado &#8211; Atestados Calend\u00e1rio Universit\u00e1rio 2024.1 e 2024.2 \u2013 RESOLU\u00c7\u00c3O N\u00b0 30\/2023 \u2013 CONSEPE CALEND\u00c1RIO UNIVERSIT\u00c1RIO 2023 Calend\u00e1rio Universit\u00e1rio 2023.1 e 2023.2 &#8211;\u00a0RESOLU\u00c7\u00c3O N.\u00ba 91\/2022 &#8211; CONSEPE Cronograma de defesas de TCC 2022.1 CALEND\u00c1RIO UNIVERSIT\u00c1RIO 2022 Calend\u00e1rio Acad\u00eamico 2022.1 e 2022.2 Calend\u00e1rio Acad\u00eamico 2021.2 Calend\u00e1rio Acad\u00eamico 2021.1<\/p>\n","protected":false},"author":1,"featured_media":0,"parent":0,"menu_order":0,"comment_status":"closed","ping_status":"closed","template":"","meta":{"footnotes":""},"class_list":["post-439","page","type-page","status-publish","hentry"],"_links":{"self":[{"href":"https:\/\/portal.uern.br\/paudosferros\/dge\/wp-json\/wp\/v2\/pages\/439","targetHints":{"allow":["GET"]}}],"collection":[{"href":"https:\/\/portal.uern.br\/paudosferros\/dge\/wp-json\/wp\/v2\/pages"}],"about":[{"href":"https:\/\/portal.uern.br\/paudosferros\/dge\/wp-json\/wp\/v2\/types\/page"}],"author":[{"embeddable":true,"href":"https:\/\/portal.uern.br\/paudosferros\/dge\/wp-json\/wp\/v2\/users\/1"}],"replies":[{"embeddable":true,"href":"https:\/\/portal.uern.br\/paudosferros\/dge\/wp-json\/wp\/v2\/comments?post=439"}],"version-history":[{"count":5,"href":"https:\/\/portal.uern.br\/paudosferros\/dge\/wp-json\/wp\/v2\/pages\/439\/revisions"}],"predecessor-version":[{"id":1439,"href":"https:\/\/portal.uern.br\/paudosferros\/dge\/wp-json\/wp\/v2\/pages\/439\/revisions\/1439"}],"wp:attachment":[{"href":"https:\/\/portal.uern.br\/paudosferros\/dge\/wp-json\/wp\/v2\/media?parent=439"}],"curies":[{"name":"wp","href":"https:\/\/api.w.org\/{rel}","templated":true}]}}