{"id":437,"date":"2023-02-26T20:17:48","date_gmt":"2023-02-26T23:17:48","guid":{"rendered":"https:\/\/portal.uern.br\/paudosferros\/dge\/?page_id=437"},"modified":"2026-01-15T10:01:12","modified_gmt":"2026-01-15T13:01:12","slug":"graduacao-em-geografia","status":"publish","type":"page","link":"https:\/\/portal.uern.br\/paudosferros\/dge\/graduacao-em-geografia\/","title":{"rendered":"Licenciatura em Geografia"},"content":{"rendered":"<p>O Curso de Gradua\u00e7\u00e3o em Geografia, modalidade Licenciatura Plena, integra o Campus Avan\u00e7ado de Pau dos Ferros \u2013 CAPF \/ UERN. O referido Curso foi implantado levando-se em considera\u00e7\u00e3o as demandas da sociedade do Alto Oeste Potiguar, de acordo com o F\u00f3rum de Discuss\u00e3o para Implanta\u00e7\u00e3o dos Novos Cursos do CAMEAM. Sua cria\u00e7\u00e3o oficial se deu a 29 de dezembro de 2003, atrav\u00e9s da Resolu\u00e7\u00e3o N\u00ba 046\/2003 \u2013 CONSEPE, mas as atividades foram iniciadas apenas no 2\u00ba semestre letivo de 2004, configurando-se, portanto, como um Curso recentemente implantado.<\/p>\n<p>O funcionamento regular das atividades referentes \u00e0s duas turmas iniciais (2004 e 2005), com base no curr\u00edculo antigo, ocorreu exclusivamente no turno matutino at\u00e9 o semestre letivo 2010.2. No entanto, devido a implanta\u00e7\u00e3o de uma nova matriz curricular, o hor\u00e1rio de funcionamento do curso expandiu-se, a partir do semestre 2006.2, desenvolvendo as atividades acad\u00eamicas nos turnos matutino e noturno. Essa amplia\u00e7\u00e3o do hor\u00e1rio, est\u00e1 diretamente relacionada a \u00e1rea de abrang\u00eancia do CAPF, abarcando 37 (trinta e sete) munic\u00edpios do Estado do Rio Grande do Norte, estendendo-se tamb\u00e9m por alguns munic\u00edpios dos Estado do Cear\u00e1 e da Para\u00edba. Neste sentido, os alunos residentes nestes munic\u00edpios circunvizinhos utilizam transportes disponibilizados pelas prefeituras, apenas nestes hor\u00e1rios, tornando-se esse o principal motivo para a escolha dos turnos supracitados.<\/p>\n<p>O Curso de Geografia do Campus Avan\u00e7ado de Pau dos Ferros- CAPF\/UERN concebe este instrumento enquanto norteador das a\u00e7\u00f5es voltadas ao desenvolvimento acad\u00eamico-profissional do Curso de Geografia desta institui\u00e7\u00e3o. \u00c9 atrav\u00e9s deste Projeto que se define a postura \u00e9tico-profissional dos professores e alunos, bem como o perfil do licenciado que o Curso pretende formar, no intuito de assumir um compromisso s\u00f3cio-pol\u00edtico perante os anseios e necessidades da sociedade do Alto Oeste Potiguar.<\/p>\n<p><strong>OBJETIVOS DO CURSO<\/strong><\/p>\n<p><strong>OBJETIVO GERAL\u00a0<\/strong><\/p>\n<p>O curso de Licenciatura de Geografia objetiva formar e habilitar profissionais licenciados, capazes de compreender os processos referentes \u00e0 produ\u00e7\u00e3o e reprodu\u00e7\u00e3o do espa\u00e7o geogr\u00e1fico, a partir das rela\u00e7\u00f5es entre o homem e a natureza, bem como atuar no pleno exerc\u00edcio do magist\u00e9rio, nos dois n\u00edveis da Educa\u00e7\u00e3o B\u00e1sica (Ensinos Fundamental e M\u00e9dio), tanto em ambientes formais, quanto em ambientes n\u00e3o-formais de ensino, buscando a articula\u00e7\u00e3o teoria e empiria, ou seja, a pr\u00e1xis do conhecimento geogr\u00e1fico, atuando criticamente na sociedade.<\/p>\n<p><strong>OBJETIVOS ESPEC\u00cdFICOS\u00a0<\/strong><\/p>\n<ul>\n<li>Contribuir para a melhoria do ensino b\u00e1sico em Geografia, com a forma\u00e7\u00e3o qualitativa de profissionais \u00e9ticos, com compet\u00eancia, habilidades e conhecimentos necess\u00e1rios ao exerc\u00edcio pleno do magist\u00e9rio, atrav\u00e9s da pr\u00e1xis do conhecimento geogr\u00e1fico;<\/li>\n<li>Viabilizar espa\u00e7os e inst\u00e2ncias que propiciem uma rela\u00e7\u00e3o efetiva e indissoci\u00e1vel entre as dimens\u00f5es de ensino, de pesquisa e de extens\u00e3o universit\u00e1ria;<\/li>\n<li>Formar profissionais em Geografia que possam compreender e intervir sobre a realidade, com comprometimento em rela\u00e7\u00e3o \u00e0 sociedade em que vivem, l\u00f3cus de sua atua\u00e7\u00e3o;<\/li>\n<li>Estimular a necessidade de atualiza\u00e7\u00e3o permanentemente, bem como descobrir solu\u00e7\u00f5es para os problemas ligados a rela\u00e7\u00e3o da sociedade com a<br \/>\nnatureza, atrav\u00e9s da pesquisa e extens\u00e3o;<\/li>\n<li>Promover a afirma\u00e7\u00e3o de espa\u00e7os de debate, como forma de possibilitar a universalidade do conhecimento e a transversalidade dos conte\u00fados.<\/li>\n<\/ul>\n<p>&nbsp;<\/p>\n<p><strong>COMPET\u00caNCIAS E HABILIDADES<\/strong><\/p>\n<p>As compet\u00eancias e habilidades do licenciado s\u00e3o baseadas em conformidade com as Diretrizes Curriculares Nacionais dos Cursos de Geografia e a Resolu\u00e7\u00e3o CNE\/CP n\u00ba 2, de 20 de dezembro de 2019,\u00a0a qual define as Diretrizes Curriculares Nacionais para a Forma\u00e7\u00e3o Inicial de Professores para a Educa\u00e7\u00e3o B\u00e1sica e institui a Base Nacional Comum para a Forma\u00e7\u00e3o Inicial de Professores da Educa\u00e7\u00e3o B\u00e1sica (BNC-Forma\u00e7\u00e3o).<\/p>\n<p>&nbsp;<\/p>\n<p>&nbsp;<\/p>\n","protected":false},"excerpt":{"rendered":"<p>O Curso de Gradua\u00e7\u00e3o em Geografia, modalidade Licenciatura Plena, integra o Campus Avan\u00e7ado de Pau dos Ferros \u2013 CAPF \/ UERN. O referido Curso foi implantado levando-se em considera\u00e7\u00e3o as demandas da sociedade do Alto Oeste Potiguar, de acordo com o F\u00f3rum de Discuss\u00e3o para Implanta\u00e7\u00e3o dos Novos Cursos do CAMEAM. Sua cria\u00e7\u00e3o oficial se [&hellip;]<\/p>\n","protected":false},"author":1,"featured_media":0,"parent":0,"menu_order":0,"comment_status":"closed","ping_status":"closed","template":"","meta":{"footnotes":""},"class_list":["post-437","page","type-page","status-publish","hentry"],"_links":{"self":[{"href":"https:\/\/portal.uern.br\/paudosferros\/dge\/wp-json\/wp\/v2\/pages\/437","targetHints":{"allow":["GET"]}}],"collection":[{"href":"https:\/\/portal.uern.br\/paudosferros\/dge\/wp-json\/wp\/v2\/pages"}],"about":[{"href":"https:\/\/portal.uern.br\/paudosferros\/dge\/wp-json\/wp\/v2\/types\/page"}],"author":[{"embeddable":true,"href":"https:\/\/portal.uern.br\/paudosferros\/dge\/wp-json\/wp\/v2\/users\/1"}],"replies":[{"embeddable":true,"href":"https:\/\/portal.uern.br\/paudosferros\/dge\/wp-json\/wp\/v2\/comments?post=437"}],"version-history":[{"count":7,"href":"https:\/\/portal.uern.br\/paudosferros\/dge\/wp-json\/wp\/v2\/pages\/437\/revisions"}],"predecessor-version":[{"id":1508,"href":"https:\/\/portal.uern.br\/paudosferros\/dge\/wp-json\/wp\/v2\/pages\/437\/revisions\/1508"}],"wp:attachment":[{"href":"https:\/\/portal.uern.br\/paudosferros\/dge\/wp-json\/wp\/v2\/media?parent=437"}],"curies":[{"name":"wp","href":"https:\/\/api.w.org\/{rel}","templated":true}]}}