{"id":163,"date":"2023-02-05T19:02:11","date_gmt":"2023-02-05T22:02:11","guid":{"rendered":"http:\/\/beta.apps.uern.br\/wordpress\/paudosferros\/pedagogia\/?page_id=163"},"modified":"2024-04-02T15:33:48","modified_gmt":"2024-04-02T18:33:48","slug":"apresentacao","status":"publish","type":"page","link":"https:\/\/portal.uern.br\/paudosferros\/dge\/","title":{"rendered":"Apresenta\u00e7\u00e3o"},"content":{"rendered":"<p><img fetchpriority=\"high\" decoding=\"async\" src=\"http:\/\/www.uern.br\/controledepaginas\/depto-geografia-pferros-apresentacao\/imagens\/2746logo_geo.jpg\" alt=\"\" width=\"500\" height=\"295\" align=\"middle\" \/><\/p>\n<hr \/>\n<h5>Dados do Curso:<\/h5>\n<p>Identifica\u00e7\u00e3o do Curso\/c\u00f3digo: 72598<\/p>\n<p>Grau acad\u00eamico: Licenciado em Geografia<\/p>\n<p>Carga hor\u00e1ria total: 3.225 horas Tempo m\u00e9dio de integraliza\u00e7\u00e3o curricular: 4 anos \/ 8 semestres<\/p>\n<p>Tempo m\u00e1ximo de integraliza\u00e7\u00e3o curricular: 7 anos \/ 14 semestres<\/p>\n<p>N\u00famero de vagas por semestre\/ano: 46<\/p>\n<p>Turnos de funcionamento: Matutino e Noturno<\/p>\n<p>N\u00famero m\u00e1ximo de alunos por turma: 50<\/p>\n<p>Sistema: cr\u00e9ditos com matr\u00edcula semestral<\/p>\n<p>Forma de Ingresso no Curso: SISU<\/p>\n<p>Trabalho de Conclus\u00e3o de Curso: 150 horas<\/p>\n<p>Est\u00e1gio Curricular Obrigat\u00f3rio:<\/p>\n<p>N\u00famero de componentes de est\u00e1gio: 4<\/p>\n<p>N\u00famero total de horas de est\u00e1gio: 585 horas<\/p>\n<p>Atividades Acad\u00eamicas Complementares (AAC): 200 horas<\/p>\n<hr \/>\n<h5>Cadastro Nacional de Cursos e Institui\u00e7\u00f5es de Educa\u00e7\u00e3o Superior Cadastro e-MEC<\/h5>\n<p>Consulta em: <a href=\"https:\/\/emec.mec.gov.br\/emec\/nova\" target=\"_blank\" rel=\"noopener\">https:\/\/emec.mec.gov.br\/emec\/nova<\/a><\/p>\n<p>C\u00f3digo MEC do Curso: 72598<\/p>\n<p>Conceito Enade: 3 (2021)<\/p>\n<p>Indicador de Diferen\u00e7a entre os Desempenhos Observado e Esperado (IDD): 4 (2021)<\/p>\n<hr \/>\n<p>&nbsp;<\/p>\n<p>Universidade do Estado do Rio Grande do Norte &#8211; UERN<\/p>\n<p><em>Campus<\/em>\u00a0Avan\u00e7ado de Pau dos Ferros &#8211; CAPF<\/p>\n<p>Endere\u00e7o: BR 405, KM 153, Arizona, \u00a0Bloco A, Sala 08 &#8211;\u00a0 59900-000, Pau dos Ferros\/RN-<\/p>\n<p>Homepage: <a href=\"https:\/\/portal.uern.br\/paudosferros\/dge\/\">https:\/\/portal.uern.br\/paudosferros\/dge\/<\/a><\/p>\n<p>Telefone\/WhatsApp: <a href=\"https:\/\/wa.me\/558433128847\">84 3312-8847<\/a><\/p>\n<p>E-mail:\u00a0<a href=\"mailto:dge.pferros@uern.br\" target=\"_blank\" rel=\"noopener\">dge.pferros@uern.br<\/a><\/p>\n<p>Instagram:\u00a0<a href=\"https:\/\/www.instagram.com\/geografia_capf\/\" target=\"_blank\" rel=\"noopener\">@geografia_capf<\/a><\/p>\n","protected":false},"excerpt":{"rendered":"<p>Dados do Curso: Identifica\u00e7\u00e3o do Curso\/c\u00f3digo: 72598 Grau acad\u00eamico: Licenciado em Geografia Carga hor\u00e1ria total: 3.225 horas Tempo m\u00e9dio de integraliza\u00e7\u00e3o curricular: 4 anos \/ 8 semestres Tempo m\u00e1ximo de integraliza\u00e7\u00e3o curricular: 7 anos \/ 14 semestres N\u00famero de vagas por semestre\/ano: 46 Turnos de funcionamento: Matutino e Noturno N\u00famero m\u00e1ximo de alunos por turma: [&hellip;]<\/p>\n","protected":false},"author":1,"featured_media":0,"parent":0,"menu_order":0,"comment_status":"closed","ping_status":"closed","template":"","meta":{"footnotes":""},"class_list":["post-163","page","type-page","status-publish","hentry"],"_links":{"self":[{"href":"https:\/\/portal.uern.br\/paudosferros\/dge\/wp-json\/wp\/v2\/pages\/163","targetHints":{"allow":["GET"]}}],"collection":[{"href":"https:\/\/portal.uern.br\/paudosferros\/dge\/wp-json\/wp\/v2\/pages"}],"about":[{"href":"https:\/\/portal.uern.br\/paudosferros\/dge\/wp-json\/wp\/v2\/types\/page"}],"author":[{"embeddable":true,"href":"https:\/\/portal.uern.br\/paudosferros\/dge\/wp-json\/wp\/v2\/users\/1"}],"replies":[{"embeddable":true,"href":"https:\/\/portal.uern.br\/paudosferros\/dge\/wp-json\/wp\/v2\/comments?post=163"}],"version-history":[{"count":14,"href":"https:\/\/portal.uern.br\/paudosferros\/dge\/wp-json\/wp\/v2\/pages\/163\/revisions"}],"predecessor-version":[{"id":1062,"href":"https:\/\/portal.uern.br\/paudosferros\/dge\/wp-json\/wp\/v2\/pages\/163\/revisions\/1062"}],"wp:attachment":[{"href":"https:\/\/portal.uern.br\/paudosferros\/dge\/wp-json\/wp\/v2\/media?parent=163"}],"curies":[{"name":"wp","href":"https:\/\/api.w.org\/{rel}","templated":true}]}}