{"id":1446,"date":"2025-10-10T11:16:11","date_gmt":"2025-10-10T14:16:11","guid":{"rendered":"https:\/\/portal.uern.br\/paudosferros\/dge\/?page_id=1446"},"modified":"2025-11-10T14:54:07","modified_gmt":"2025-11-10T17:54:07","slug":"1446-2","status":"publish","type":"page","link":"https:\/\/portal.uern.br\/paudosferros\/dge\/1446-2\/","title":{"rendered":"DGE na m\u00eddia"},"content":{"rendered":"\t\t<div data-elementor-type=\"wp-page\" data-elementor-id=\"1446\" class=\"elementor elementor-1446\" data-elementor-post-type=\"page\">\n\t\t\t\t<div class=\"elementor-element elementor-element-31dcfee e-flex e-con-boxed e-con e-parent\" data-id=\"31dcfee\" data-element_type=\"container\">\n\t\t\t\t\t<div class=\"e-con-inner\">\n\t\t\t\t<div class=\"elementor-element elementor-element-1a5d323 elementor-widget elementor-widget-text-editor\" data-id=\"1a5d323\" data-element_type=\"widget\" data-widget_type=\"text-editor.default\">\n\t\t\t\t<div class=\"elementor-widget-container\">\n\t\t\t\t\t\t\t\t\t<p><blockquote class=\"wp-embedded-content\" data-secret=\"tytFyYkeJ7\"><a href=\"https:\/\/portal.uern.br\/blog\/professor-faz-visita-tecnica-em-tres-universidades-do-reino-unido\/\">Professor faz visita t\u00e9cnica em tr\u00eas universidades do Reino Unido<\/a><\/blockquote><iframe class=\"wp-embedded-content\" sandbox=\"allow-scripts\" security=\"restricted\" style=\"position: absolute; clip: rect(1px, 1px, 1px, 1px);\" title=\"&#8220;Professor faz visita t\u00e9cnica em tr\u00eas universidades do Reino Unido&#8221; &#8212; UERN - Universidade do Estado do Rio Grande do Norte\" src=\"https:\/\/portal.uern.br\/blog\/professor-faz-visita-tecnica-em-tres-universidades-do-reino-unido\/embed\/#?secret=mSJnL4l0WJ#?secret=tytFyYkeJ7\" data-secret=\"tytFyYkeJ7\" width=\"600\" height=\"338\" frameborder=\"0\" marginwidth=\"0\" marginheight=\"0\" scrolling=\"no\"><\/iframe><\/p>\t\t\t\t\t\t\t\t<\/div>\n\t\t\t\t<\/div>\n\t\t\t\t\t<\/div>\n\t\t\t\t<\/div>\n\t\t<div class=\"elementor-element elementor-element-e8d64e4 e-flex e-con-boxed e-con e-parent\" data-id=\"e8d64e4\" data-element_type=\"container\">\n\t\t\t\t\t<div class=\"e-con-inner\">\n\t\t\t\t<div class=\"elementor-element elementor-element-8f8aed1 elementor-widget elementor-widget-text-editor\" data-id=\"8f8aed1\" data-element_type=\"widget\" data-widget_type=\"text-editor.default\">\n\t\t\t\t<div class=\"elementor-widget-container\">\n\t\t\t\t\t\t\t\t\t<p><blockquote class=\"wp-embedded-content\" data-secret=\"oCVE46mK0g\"><a href=\"https:\/\/portal.uern.br\/blog\/professores-da-uern-sao-destaque-em-congresso-internacional-sobre-a-cultura-negra\/\">Professores da Uern s\u00e3o destaque em congresso internacional sobre a cultura negra<\/a><\/blockquote><iframe class=\"wp-embedded-content\" sandbox=\"allow-scripts\" security=\"restricted\" style=\"position: absolute; clip: rect(1px, 1px, 1px, 1px);\" title=\"&#8220;Professores da Uern s\u00e3o destaque em congresso internacional sobre a cultura negra&#8221; &#8212; UERN - Universidade do Estado do Rio Grande do Norte\" src=\"https:\/\/portal.uern.br\/blog\/professores-da-uern-sao-destaque-em-congresso-internacional-sobre-a-cultura-negra\/embed\/#?secret=yiQ840LwCK#?secret=oCVE46mK0g\" data-secret=\"oCVE46mK0g\" width=\"600\" height=\"338\" frameborder=\"0\" marginwidth=\"0\" marginheight=\"0\" scrolling=\"no\"><\/iframe><\/p><p>\u00a0<\/p>\t\t\t\t\t\t\t\t<\/div>\n\t\t\t\t<\/div>\n\t\t\t\t\t<\/div>\n\t\t\t\t<\/div>\n\t\t<div class=\"elementor-element elementor-element-19ab2eb e-flex e-con-boxed e-con e-parent\" data-id=\"19ab2eb\" data-element_type=\"container\">\n\t\t\t\t\t<div class=\"e-con-inner\">\n\t\t\t\t<div class=\"elementor-element elementor-element-76070312 elementor-widget elementor-widget-text-editor\" data-id=\"76070312\" data-element_type=\"widget\" data-widget_type=\"text-editor.default\">\n\t\t\t\t<div class=\"elementor-widget-container\">\n\t\t\t\t\t\t\t\t\t<p><blockquote class=\"wp-embedded-content\" data-secret=\"9gCvlI4cKW\"><a href=\"https:\/\/blog.tribunadonorte.com.br\/territoriolivre\/museu-de-cultura-sertaneja-da-uern-pau-dos-ferros-acolhe-a-exposicao-olhares-do-rosario-a-festa-que-une-geracoes\/\">Museu de Cultura Sertaneja da UERN &#8211; Pau dos Ferros acolhe a Exposi\u00e7\u00e3o &#8220;Olhares do Ros\u00e1rio: A Festa que Une Gera\u00e7\u00f5es&#8221;<\/a><\/blockquote><iframe class=\"wp-embedded-content\" sandbox=\"allow-scripts\" security=\"restricted\" style=\"position: absolute; clip: rect(1px, 1px, 1px, 1px);\" title=\"&#8220;Museu de Cultura Sertaneja da UERN &#8211; Pau dos Ferros acolhe a Exposi\u00e7\u00e3o &#8220;Olhares do Ros\u00e1rio: A Festa que Une Gera\u00e7\u00f5es&#8221;&#8221; &#8212; Territ\u00f3rio Livre\" src=\"https:\/\/blog.tribunadonorte.com.br\/territoriolivre\/museu-de-cultura-sertaneja-da-uern-pau-dos-ferros-acolhe-a-exposicao-olhares-do-rosario-a-festa-que-une-geracoes\/embed\/#?secret=h7Wa31D8t3#?secret=9gCvlI4cKW\" data-secret=\"9gCvlI4cKW\" width=\"600\" height=\"338\" frameborder=\"0\" marginwidth=\"0\" marginheight=\"0\" scrolling=\"no\"><\/iframe><\/p>\t\t\t\t\t\t\t\t<\/div>\n\t\t\t\t<\/div>\n\t\t\t\t\t<\/div>\n\t\t\t\t<\/div>\n\t\t\t\t<\/div>\n\t\t","protected":false},"excerpt":{"rendered":"<p>Professor faz visita t\u00e9cnica em tr\u00eas universidades do Reino Unido Professores da Uern s\u00e3o destaque em congresso internacional sobre a cultura negra \u00a0 Museu de Cultura Sertaneja da UERN &#8211; Pau dos Ferros acolhe a Exposi\u00e7\u00e3o &#8220;Olhares do Ros\u00e1rio: A Festa que Une Gera\u00e7\u00f5es&#8221;<\/p>\n","protected":false},"author":15,"featured_media":0,"parent":0,"menu_order":1,"comment_status":"closed","ping_status":"closed","template":"","meta":{"footnotes":""},"class_list":["post-1446","page","type-page","status-publish","hentry"],"_links":{"self":[{"href":"https:\/\/portal.uern.br\/paudosferros\/dge\/wp-json\/wp\/v2\/pages\/1446","targetHints":{"allow":["GET"]}}],"collection":[{"href":"https:\/\/portal.uern.br\/paudosferros\/dge\/wp-json\/wp\/v2\/pages"}],"about":[{"href":"https:\/\/portal.uern.br\/paudosferros\/dge\/wp-json\/wp\/v2\/types\/page"}],"author":[{"embeddable":true,"href":"https:\/\/portal.uern.br\/paudosferros\/dge\/wp-json\/wp\/v2\/users\/15"}],"replies":[{"embeddable":true,"href":"https:\/\/portal.uern.br\/paudosferros\/dge\/wp-json\/wp\/v2\/comments?post=1446"}],"version-history":[{"count":36,"href":"https:\/\/portal.uern.br\/paudosferros\/dge\/wp-json\/wp\/v2\/pages\/1446\/revisions"}],"predecessor-version":[{"id":1500,"href":"https:\/\/portal.uern.br\/paudosferros\/dge\/wp-json\/wp\/v2\/pages\/1446\/revisions\/1500"}],"wp:attachment":[{"href":"https:\/\/portal.uern.br\/paudosferros\/dge\/wp-json\/wp\/v2\/media?parent=1446"}],"curies":[{"name":"wp","href":"https:\/\/api.w.org\/{rel}","templated":true}]}}