{"id":1415,"date":"2025-07-29T07:29:27","date_gmt":"2025-07-29T10:29:27","guid":{"rendered":"https:\/\/portal.uern.br\/paudosferros\/dge\/?page_id=1415"},"modified":"2025-07-29T07:43:15","modified_gmt":"2025-07-29T10:43:15","slug":"infraestrutura-dge-cap-f","status":"publish","type":"page","link":"https:\/\/portal.uern.br\/paudosferros\/dge\/infraestrutura-dge-cap-f\/","title":{"rendered":"Infraestrutura DGE\/CAPF"},"content":{"rendered":"<p>O Curso de Geografia conta hoje com os espa\u00e7os de uma secretaria de curso, sala dos professores, espa\u00e7o utilizado para as reuni\u00f5es do colegiado do curso e sala da coordena\u00e7\u00e3o do curso (Bloco A, Sala 08).<\/p>\n<p>O Curso de Geografia possui hoje a disponibilidade de 05 (cinco) salas de aula (B12, B13, B14, B15 e B16) no primeiro andar do Bloco B.<\/p>\n<p>Laborat\u00f3rios:<\/p>\n<ul>\n<li>Laborat\u00f3rio de Pesquisa, Ensino e Extens\u00e3o de Estudos Geoambientais \u2013 LAPEEGEO, localizado na sala 06, Bloco A;<\/li>\n<li>Laborat\u00f3rio de Cartografia e Geoprocessamento Aplicado aos Estudos Geoambientais (LAGEO), localizado na sala 07, Bloco A;<\/li>\n<li>Sala de Atividades Pr\u00e1ticas, localizada no Bloco B, sala 32;<\/li>\n<li>Laborat\u00f3rio de Cartografia e Ensino de Geografia &#8211; LABEC, localizado no Bloco B, sala 33.<\/li>\n<\/ul>\n<p>Grupos de pesquisa:<\/p>\n<ul>\n<li>N\u00facleo de Estudos de Geografia Agr\u00e1ria e Regional \u2013 NUGAR,\u00a0 localizado na sala 05, Bloco C;<\/li>\n<li>N\u00facleo de Estudos Geoambientais e Cartogr\u00e1ficos \u2013 NEGECART, localizado na sala 06, Bloco C;<\/li>\n<li>Grupo de pesquisa Espa\u00e7o, Ensino e Geografia \u2013 GEPEEG, localizado na sala 10, Bloco C.<\/li>\n<\/ul>\n<p><a href=\"https:\/\/drive.google.com\/file\/d\/10n967bWGQX-6CAmVPtoi7ufIEzbg3LY7\/view?usp=sharing\" target=\"_blank\" rel=\"noopener\">Quadro de Distribui\u00e7\u00e3o das salas utilizadas pelo Curso de Geografia. (Acesse aqui)<\/a><\/p>\n<p>&nbsp;<\/p>\n<p>&nbsp;<\/p>\n","protected":false},"excerpt":{"rendered":"<p>O Curso de Geografia conta hoje com os espa\u00e7os de uma secretaria de curso, sala dos professores, espa\u00e7o utilizado para as reuni\u00f5es do colegiado do curso e sala da coordena\u00e7\u00e3o do curso (Bloco A, Sala 08). O Curso de Geografia possui hoje a disponibilidade de 05 (cinco) salas de aula (B12, B13, B14, B15 e [&hellip;]<\/p>\n","protected":false},"author":15,"featured_media":0,"parent":0,"menu_order":0,"comment_status":"closed","ping_status":"closed","template":"","meta":{"footnotes":""},"class_list":["post-1415","page","type-page","status-publish","hentry"],"_links":{"self":[{"href":"https:\/\/portal.uern.br\/paudosferros\/dge\/wp-json\/wp\/v2\/pages\/1415","targetHints":{"allow":["GET"]}}],"collection":[{"href":"https:\/\/portal.uern.br\/paudosferros\/dge\/wp-json\/wp\/v2\/pages"}],"about":[{"href":"https:\/\/portal.uern.br\/paudosferros\/dge\/wp-json\/wp\/v2\/types\/page"}],"author":[{"embeddable":true,"href":"https:\/\/portal.uern.br\/paudosferros\/dge\/wp-json\/wp\/v2\/users\/15"}],"replies":[{"embeddable":true,"href":"https:\/\/portal.uern.br\/paudosferros\/dge\/wp-json\/wp\/v2\/comments?post=1415"}],"version-history":[{"count":8,"href":"https:\/\/portal.uern.br\/paudosferros\/dge\/wp-json\/wp\/v2\/pages\/1415\/revisions"}],"predecessor-version":[{"id":1423,"href":"https:\/\/portal.uern.br\/paudosferros\/dge\/wp-json\/wp\/v2\/pages\/1415\/revisions\/1423"}],"wp:attachment":[{"href":"https:\/\/portal.uern.br\/paudosferros\/dge\/wp-json\/wp\/v2\/media?parent=1415"}],"curies":[{"name":"wp","href":"https:\/\/api.w.org\/{rel}","templated":true}]}}