{"id":1348,"date":"2024-11-27T06:12:30","date_gmt":"2024-11-27T09:12:30","guid":{"rendered":"https:\/\/portal.uern.br\/paudosferros\/dge\/?page_id=1348"},"modified":"2025-07-17T18:20:24","modified_gmt":"2025-07-17T21:20:24","slug":"iniciacao-cientifica","status":"publish","type":"page","link":"https:\/\/portal.uern.br\/paudosferros\/dge\/iniciacao-cientifica\/","title":{"rendered":"Inicia\u00e7\u00e3o Cient\u00edfica"},"content":{"rendered":"<p>PIBIC<\/p>\n<p>Programa Institucional de Bolsas de Inicia\u00e7\u00e3o Cient\u00edfica (PIBIC)\u00a0 \u00e9 um programa do Conselho Nacional de Desenvolvimento Cient\u00edfico e Tecnol\u00f3gico (CNPq). O objetivo do programa \u00e9 incentivar a forma\u00e7\u00e3o de novos pesquisadores, por meio da concess\u00e3o de bolsas de estudo para estudantes de gradua\u00e7\u00e3o.<\/p>\n<h3 style=\"text-align: center\"><strong>LISTA DE PIBICs &#8211; Geografia\/CAPF<\/strong><\/h3>\n<table dir=\"ltr\" style=\"width: 100%;height: 360px\" border=\"1\" cellspacing=\"0\" cellpadding=\"0\" data-sheets-root=\"1\" data-sheets-baot=\"1\">\n<colgroup>\n<col width=\"216\" \/>\n<col width=\"828\" \/>\n<col width=\"226\" \/><\/colgroup>\n<tbody>\n<tr style=\"height: 24px\">\n<td style=\"height: 24px\" colspan=\"3\" rowspan=\"1\">Edi\u00e7\u00e3o: 2025\/2026<\/td>\n<\/tr>\n<tr style=\"height: 24px\">\n<td style=\"height: 24px\">COORDENADOR(A)<\/td>\n<td style=\"height: 24px\">T\u00cdTULO DO PROJETO<\/td>\n<td style=\"height: 24px\">Bolsas<\/td>\n<\/tr>\n<tr style=\"height: 48px\">\n<td style=\"height: 48px\">Andreza Tacyana Felix Carvalho<\/td>\n<td style=\"height: 48px\">VERANICOS E A PRODU\u00c7\u00c3O DE \u00c1REAS DE RISCO PARA PERDAS AGR\u00cdCOLAS NA REGI\u00c3O IMEDIATA DE PAU DOS FERROS, SEMI\u00c1RIDO POTIGUAR \u2013 BRASIL<\/td>\n<td style=\"height: 48px\">1 bolsa PIBIC\/CNPq<\/td>\n<\/tr>\n<tr style=\"height: 48px\">\n<td style=\"height: 48px\">Jacim\u00e1ria Fonseca de Medeiros<\/td>\n<td style=\"height: 48px\">IMPACTOS DAS MUDAN\u00c7AS CLIM\u00c1TICAS EM DIFERENTES PAISAGENS DO RIO GRANDE DO NORTE<\/td>\n<td style=\"height: 48px\">1 bolsa PIBIC\/CNPq<\/td>\n<\/tr>\n<tr style=\"height: 72px\">\n<td style=\"height: 72px\">Larissa da Silva Ferreira Alves<\/td>\n<td style=\"height: 72px\">(SEMI)\u00c1RIDOS BRASIL-CABO VERDE: EXPERI\u00caNCIAS DE INTERNACIONALIZA\u00c7\u00c3O DE CONHECIMENTOS DO EIXO SUL-SUL \u2013 GOVERNAN\u00c7A TERRITORIAL URBANA<\/td>\n<td style=\"height: 72px\">1 bolsa PIBIC\/CNPq<\/td>\n<\/tr>\n<tr style=\"height: 72px\">\n<td style=\"height: 72px\">Agassiel de Medeiros Alves<\/td>\n<td style=\"height: 72px\">CONHECIMENTOS E PR\u00c1TICAS SUSTENT\u00c1VEIS DO SEMI\u00c1RIDO BRASILEIRO COMO BASE PARA O ORDENAMENTO AMBIENTAL RURAL E URBANO DA ILHA<br \/>\nSANTIAGO EM CABO VERDE.<\/td>\n<td style=\"height: 72px\">Volut\u00e1rio<\/td>\n<\/tr>\n<tr style=\"height: 72px\">\n<td style=\"height: 72px\">Luiz Eduardo do Nascimento Neto<\/td>\n<td style=\"height: 72px\">CATALOGA\u00c7\u00c3O E AN\u00c1LISE DE RECURSOS DID\u00c1TICOS E PEDAG\u00d3GICOS PARA O ENSINO DAS RELA\u00c7\u00d5ES \u00c9TNICORACIAIS NOS CURSOS DE GEOGRAFIA DA UERN<\/td>\n<td style=\"height: 72px\">Volut\u00e1rio<\/td>\n<\/tr>\n<\/tbody>\n<\/table>\n<table dir=\"ltr\" border=\"1\" cellspacing=\"0\" cellpadding=\"0\" data-sheets-root=\"1\" data-sheets-baot=\"1\">\n<colgroup>\n<col width=\"197\" \/>\n<col width=\"630\" \/>\n<col width=\"226\" \/><\/colgroup>\n<tbody>\n<tr>\n<td colspan=\"3\" rowspan=\"1\">Edi\u00e7\u00e3o: 2023\/2024<\/td>\n<\/tr>\n<tr>\n<td>COORDENADOR(A)<\/td>\n<td>T\u00cdTULO DO PROJETO<\/td>\n<td>Bolsas<\/td>\n<\/tr>\n<tr>\n<td>Cicero Nilton Moreira da Silva<\/td>\n<td>A Abordagem do Semi\u00e1rido No Ensino de Geografia: Por Uma Educa\u00e7\u00e3o Contextualizada \u00c0 Realidade do Aluno<\/td>\n<td>1 bolsa PIBIC\/CNPq<\/td>\n<\/tr>\n<tr>\n<td>Rosalvo Nobre Carneiro<\/td>\n<td>A Regi\u00e3o Cultural da Dan\u00e7a de Caboclos\/malha\u00e7\u00e3o de Judas No Alto Oeste Potiguar-rn<\/td>\n<td>1 bolsa PIBIC\/CNPq<\/td>\n<\/tr>\n<tr>\n<td>Jacim\u00e1ria Fonseca de Medeiros<\/td>\n<td>Os Aspectos Morfoclim\u00e1ticos e As Paisagens de Exce\u00e7\u00e3o No Estado do Rio Grande do Norte: Enfoque Para Os Brejos de Altitude<\/td>\n<td>1 bolsa PIBIC\/CNPq<\/td>\n<\/tr>\n<tr>\n<td>Josu\u00e9 Alencar Bezerra<\/td>\n<td>Urbanidade No Rural: Uma Leitura Sobre Os Espa\u00e7os Rurais de Extens\u00e3o Urbana No Munic\u00edpio de Pau dos Ferros (rn)<\/td>\n<td>1 bolsa PIBIC\/CNPq<\/td>\n<\/tr>\n<tr>\n<td>Franklin Roberto da Costa<\/td>\n<td>Geotecnologias Aplicadas A An\u00e1lise Multitemporal de Uso e Cobertura da Terra No Alto Curso da Bacia Hidrogr\u00e1fica do Apodi\/mossor\u00f3 &#8211; Rn<\/td>\n<td>1 bolsa PIBIC\/CNPq<\/td>\n<\/tr>\n<tr>\n<td>Andreza Tacyana Felix Carvalho<\/td>\n<td>Comportamento dos Per\u00edodos Chuvosos e O Risco de Perdas Agr\u00edcolas: O Caso dos Munic\u00edpios de S\u00e3o Miguel e Encanto No Semi\u00e1rido Potiguar<\/td>\n<td>1 bolsa PIBIC\/CNPq<\/td>\n<\/tr>\n<tr>\n<td>Rosalvo Nobre Carneiro<\/td>\n<td>Did\u00e1ticas Cr\u00edticas da Geografia Escolar e O Agir Comunicativo Em Escolas P\u00fablicas do Alto Oeste Potiguar-rn<\/td>\n<td>PIBIC Volunt\u00e1rio 2\u00ba projeto<\/td>\n<\/tr>\n<tr>\n<td colspan=\"3\" rowspan=\"1\">Edi\u00e7\u00e3o: 2023\/2024<\/td>\n<\/tr>\n<tr>\n<td>COORDENADOR(A)<\/td>\n<td>T\u00cdTULO DO PROJETO<\/td>\n<td>Bolsas<\/td>\n<\/tr>\n<tr>\n<td>Maria Losangela Martins de Sousa<\/td>\n<td>O Potencial Econ\u00f4mico da Pecu\u00e1ria e Sua Contribui\u00e7\u00e3o Para O Desenvolvimento do Alto Oeste Potiguar<\/td>\n<td>1 Bolsa PIBIC-CNPQ<\/td>\n<\/tr>\n<tr>\n<td>Josu\u00e9 Alencar Bezerra<\/td>\n<td>A Urbaniza\u00e7\u00e3o Interiorizada: Mudan\u00e7as e Perman\u00eancias Nas Aglomera\u00e7\u00f5es Rurais de Extens\u00e3o Urbana No Munic\u00edpio de Pau dos Ferros (rn)<\/td>\n<td>1 Bolsa PIBIC-CNPQ<\/td>\n<\/tr>\n<tr>\n<td>Andreza Tacyana Felix Carvalho<\/td>\n<td>Comportamento dos Per\u00edodos Chuvosos e O Risco de Desastres Hidrol\u00f3gicos No Semi\u00e1rido Potiguar: O Caso dos Munic\u00edpios de Pau dos Ferros e Rafael Fernandes<\/td>\n<td>1 Bolsa PIBIC-CNPQ<\/td>\n<\/tr>\n<tr>\n<td>Franklin Roberto da Costa<\/td>\n<td>An\u00e1lise Multitemporal do Uso e Cobertura da Terra do Alto Curso da Bacia Hidrogr\u00e1fica do Rio Apodi-mossor\u00f3.<\/td>\n<td>1 Bolsa PIBIC-CNPQ<\/td>\n<\/tr>\n<tr>\n<td>Jacim\u00e1ria Fonseca de Medeiros<\/td>\n<td>Avalia\u00e7\u00e3o do Patrim\u00f4nio Geomorfol\u00f3gico do Alto Oeste Potiguar (microrregi\u00f5es Serra de S\u00e3o Miguel e Pau dos Ferros)<\/td>\n<td>1 Bolsa PIBIC-CNPQ<\/td>\n<\/tr>\n<tr>\n<td>Maria Losangela Martins de Sousa<\/td>\n<td>Degrada\u00e7\u00e3o Ambiental\/desertifica\u00e7\u00e3o No Semi\u00e1rido Brasileiro: Um Estudo Sobre O Programa de A\u00e7\u00e3o Estadual de Combate \u00c0 Desertifica\u00e7\u00e3o e Mitiga\u00e7\u00e3o dos Efeitos da Seca No Estado do Rio Grande do Norte (pae\/rn).<\/td>\n<td>PIBIC Volunt\u00e1rio: 2\u00ba projeto<\/td>\n<\/tr>\n<tr>\n<td colspan=\"3\" rowspan=\"1\">Edi\u00e7\u00e3o: 2021\/2022<\/td>\n<\/tr>\n<tr>\n<td>COORDENADOR(A)<\/td>\n<td>T\u00cdTULO DO PROJETO<\/td>\n<td>Bolsas<\/td>\n<\/tr>\n<tr>\n<td>Josu\u00e9 Alencar Bezerra<\/td>\n<td>As Formas do Com\u00e9rcio e A Generaliza\u00e7\u00e3o da Mercadoria: A Difus\u00e3o dos Supermercados Como Nova Ordem de Consumo Na Cidade de Pau dos Ferros (rn)<\/td>\n<td>1 bolsa PIBIC CNPq<\/td>\n<\/tr>\n<tr>\n<td>Maria Losangela Martins de Sousa<\/td>\n<td>Indicadores Biof\u00edsicos de Desertifica\u00e7\u00e3o No Alto Curso Bacia Hidrogr\u00e1fica do Rio Apodi\/mossor\u00f3: O Caso dos Munic\u00edpios de Tenente Ananias Marcelino Vieira e Pau dos Ferros.<\/td>\n<td>1 bolsa PIBIC CNPq<\/td>\n<\/tr>\n<tr>\n<td>Jacim\u00e1ria Fonseca de Medeiros<\/td>\n<td>Invent\u00e1rio da Geodiversidade da Microrregi\u00e3o de Umarizal, Rio Grande do Norte<\/td>\n<td>1 bolsa PIBIC CNPq<\/td>\n<\/tr>\n<tr>\n<td>Franklin Roberto da Costa<\/td>\n<td>An\u00e1lise Multiemporal de Uso e Ocupa\u00e7\u00e3o do Solo No Munic\u00edpio de Ita\u00fa \u2013 Rn, Como Subs\u00eddio Para O Plano Municipal Ambiental.<\/td>\n<td>1 bolsa PIBIC UERN<\/td>\n<\/tr>\n<tr>\n<td>Andreza Tacyana Felix Carvalho<\/td>\n<td>Levantamento do Patrim\u00f4nio Hidrol\u00f3gico da Regi\u00e3o Serrana Portalegre &#8211; Martins, Semi\u00e1rido Potiguar, Brasil<\/td>\n<td>1 bolsa PIBIC UERN<\/td>\n<\/tr>\n<tr>\n<td>Andreza Tacyana Felix Carvalho<\/td>\n<td>Pluviosidade e Sua Conex\u00e3o Com A Morfodin\u00e2mica de Sistemas Fluviais Intermitentes Na Microrregi\u00e3o de Pau dos Ferros &#8211; Rn<\/td>\n<td>PIBIC Volunt\u00e1rio: segundo projeto<\/td>\n<\/tr>\n<tr>\n<td>Luiz Eduardo do Nascimento Neto<\/td>\n<td>Fotografias do Ontem e do Hoje: Um Comparativo da Evolu\u00e7\u00e3o Espacial de Jardim do Serid\u00f3-rn.<\/td>\n<td>PIBIC Volunt\u00e1rio<\/td>\n<\/tr>\n<tr>\n<td colspan=\"3\" rowspan=\"1\">Edi\u00e7\u00e3o: 2020\/2021<\/td>\n<\/tr>\n<tr>\n<td>COORDENADOR(A)<\/td>\n<td>T\u00cdTULO DO PROJETO<\/td>\n<td>Bolsas<\/td>\n<\/tr>\n<tr>\n<td>Larissa da Silva Ferreira Alves<\/td>\n<td>FORMA\u00c7\u00c3O TERRITORIAL DO BRASIL: IDEOLOGIAS GEOGR\u00c1FICAS E (DES)CAMINHOS NA CONSTRU\u00c7\u00c3O DO BRASIL<\/td>\n<td>1 bolsa PIBIC CNPq<\/td>\n<\/tr>\n<tr>\n<td>Cicero Nilton Moreira da Silva<\/td>\n<td>ENSINO DE GEOGRAFIA NO CONTEXTO DO SEMI\u00c1RIDO: PESQUISA E PRODU\u00c7\u00c3O DE MATERIAL DID\u00c1TICO NA ESCOLA MUNICIPAL TARC\u00cdSIO MAIA, PAU DOS FERROS (RN)<\/td>\n<td>1 bolsa PIBIC CNPq<\/td>\n<\/tr>\n<tr>\n<td>Josu\u00e9 Alencar Bezerra<\/td>\n<td>AS PR\u00c1TICAS ESPACIAIS DO COM\u00c9RCIO URBANO EM PAU DOS FERROS (RN): DIFUS\u00c3O E ATUA\u00c7\u00c3O NA ORGANIZA\u00c7\u00c3O DO ESPA\u00c7O DA CIDADE<\/td>\n<td>1 bolsa PIBIC CNPq<\/td>\n<\/tr>\n<tr>\n<td>Rosalvo Nobre Carneiro<\/td>\n<td>A GEOGRAFIA ESCOLAR DO ALTO OESTE POTIGUAR\/RN: DID\u00c1TICAS, AGIR COMUNICATIVO E FORMA\u00c7\u00c3O<\/td>\n<td>1 bolsa PIBIC CNPq<\/td>\n<\/tr>\n<tr>\n<td>Maria Losangela Martins de Sousa<\/td>\n<td>INDICADORES SOCIOECONOMICOS DE DESERTIFICA\u00c7\u00c3O NO ALTO CURSO DA BACIA HIDROGR\u00c1FICA DO RIO APODI MOSSOR\u00d3<\/td>\n<td>1 bolsa PIBIC CNPq<\/td>\n<\/tr>\n<tr>\n<td>Franklin Roberto da Costa<\/td>\n<td>DIAGN\u00d3STICO AMBIENTAL DO MUNIC\u00cdPIO DE ITA\u00da, RN<\/td>\n<td>1 bolsa PIBIC UERN<\/td>\n<\/tr>\n<tr>\n<td>Andreza Tacyana Felix Carvalho<\/td>\n<td>RIO SECO E RIO MORTO: ESTUDO SOBRE A SENSITIVIDADE DE PEQUENOS RIOS INTERMITENTES DA BACIA HIDROGR\u00c1FICA APODI-MOSSOR\u00d3 \u2013 BRASIL<\/td>\n<td>1 bolsa PIBIC UERN<\/td>\n<\/tr>\n<tr>\n<td>Agassiel de Medeiros Alves<\/td>\n<td>PANORAMA DE USO E OCUPA\u00c7\u00c3O DA TERRA, NO PER\u00cdODO DE 2010 A 2020, NO MUNIC\u00cdPIO DE DOUTOR SEVERIANO &#8211; RN<\/td>\n<td>1 bolsa PIBIC UERN<\/td>\n<\/tr>\n<tr>\n<td>Jacim\u00e1ria Fonseca de Medeiros<\/td>\n<td>AN\u00c1LISE CLIM\u00c1TICA DO PLANALTO RESIDUAL SERRAS DE MARTINS-PORTALEGRE-RN E SUA INFLU\u00caNCIA NAS \u00c1REAS DO ENTORNO<\/td>\n<td>1 bolsa PIBIC UERN (era PIBIC volunt\u00e1rio)<\/td>\n<\/tr>\n<tr>\n<td>Rosalvo Nobre Carneiro<\/td>\n<td>REPRODU\u00c7\u00c3O SIMB\u00d3LICA DOS MUNDOS DA VIDA ESPACIAIS NO BRASIL E EM PA\u00cdSES DA AM\u00c9RICA LATINA: DAN\u00c7A DE CABOCLOS OU MALHA\u00c7\u00c3O DE JUDAS<\/td>\n<td>PIBIC volunt\u00e1rio 2\u00ba projeto<\/td>\n<\/tr>\n<tr>\n<td>Luiz Eduardo do Nascimento Neto<\/td>\n<td>FERRAMENTAS DIGITAIS E RECURSOS DID\u00c1TICOS METODOL\u00d3GICOS PARA O ENSINO DE GEOGRAFIA<\/td>\n<td>PIBIC volunt\u00e1rio<\/td>\n<\/tr>\n<tr>\n<td colspan=\"3\" rowspan=\"1\">Edi\u00e7\u00e3o: 2020\/20212019\/2020<\/td>\n<\/tr>\n<tr>\n<td>COORDENADOR(A)<\/td>\n<td>T\u00cdTULO DO PROJETO<\/td>\n<td>Bolsas<\/td>\n<\/tr>\n<tr>\n<td>Cicero Nilton Moreira da Silva<\/td>\n<td>A Geografia Escolar No Contexto do Semi\u00e1rido: Estudo de Caso Na Escola de Ensino Fundamental Tarc\u00edsio Maia, Pau dos Ferros (rn)<\/td>\n<td>1 bolsa PIBIC CNPq<\/td>\n<\/tr>\n<tr>\n<td>Franklin Roberto da Costa<\/td>\n<td>An\u00e1lise da Vulnerabilidade Natural \u00c0 Perda do Solo do M\u00e9dio Curso Superior da Bacia Hidrogr\u00e1fica do Rio Apodi \u2013 Mossor\u00f3\/rn<\/td>\n<td>1 bolsa PIBIC UERN<\/td>\n<\/tr>\n<tr>\n<td>Josu\u00e9 Alencar Bezerra<\/td>\n<td>Centralidade e Com\u00e9rcio Urbano: das \u00c1reas Tradicionais \u00c0 Forma\u00e7\u00e3o de Novos Espa\u00e7os de Consumo Urbano Em Pau dos Ferros (rn)<\/td>\n<td>1 bolsa PIBIC CNPq<\/td>\n<\/tr>\n<tr>\n<td>Larissa da Silva Ferreira Alves<\/td>\n<td>Economia Pol\u00edtica da Urbaniza\u00e7\u00e3o Em Zona de Fronteira Interna: A Divis\u00e3o Territorial do Trabalho No Alto Oeste Potiguar<\/td>\n<td>1 bolsa PIBIC CNPq<\/td>\n<\/tr>\n<tr>\n<td>Rosalvo Nobre Carneiro<\/td>\n<td>Reprodu\u00e7\u00e3o Simb\u00f3lica dos Mundos da Vida Espaciais No Brasil e Em Pa\u00edses da Am\u00e9rica Latina: Dan\u00e7a de Caboclos Ou Malha\u00e7\u00e3o de Judas<\/td>\n<td>1 bolsa PIBIC CNPq<\/td>\n<\/tr>\n<tr>\n<td colspan=\"3\" rowspan=\"1\">Edi\u00e7\u00e3o: 2018\/2019<\/td>\n<\/tr>\n<tr>\n<td>COORDENADOR(A)<\/td>\n<td>T\u00cdTULO DO PROJETO<\/td>\n<td>Bolsas<\/td>\n<\/tr>\n<tr>\n<td>Cicero Nilton Moreira da Silva<\/td>\n<td>An\u00e1lise da Aplicabilidade do Pronaf A Na Microrregi\u00e3o de Pau dos Ferros (rn)<\/td>\n<td>1 PIBIC CNPq<\/td>\n<\/tr>\n<tr>\n<td>Larissa da Silva Ferreira Alves<\/td>\n<td>Economia Pol\u00edtica da Urbaniza\u00e7\u00e3o Em Zona de Fronteira: O Alto Oeste Potiguar No Contexto do Estado do Rio Grande do Norte<\/td>\n<td>1 PIBIC CNPq<\/td>\n<\/tr>\n<tr>\n<td>Rosalvo Nobre Carneiro<\/td>\n<td>Espa\u00e7o, Mundo da Vida e Mundo do Sistema: Um Panorama Cultural do Alto Oeste Potiguar\/rn.<\/td>\n<td>1 PIBIC CNPq<\/td>\n<\/tr>\n<tr>\n<td>Josu\u00e9 Alencar Bezerra<\/td>\n<td>Morfologia Urbana e Com\u00e9rcio Moderno: Novas Formas de Representa\u00e7\u00e3o do Espa\u00e7o Na Cidade de Pau dos Ferros (rn)<\/td>\n<td>1 PIBIC UERN<\/td>\n<\/tr>\n<tr>\n<td>Maria Losangela Martins de Sousa<\/td>\n<td>Indicadores Biof\u00edsicos de Desertifica\u00e7\u00e3o No Alto Curso Bacia Hidrogr\u00e1fica do Rio Apodi\/mossor\u00f3<\/td>\n<td>1 PIBIC UERN<\/td>\n<\/tr>\n<tr>\n<td>Franklin Roberto da Costa<\/td>\n<td>Elabora\u00e7\u00e3o do Atlas Escolar do Munic\u00edpio de Pau dos Ferros &#8211; Rn<\/td>\n<td>PIBIC volunt\u00e1rio<\/td>\n<\/tr>\n<tr>\n<td>Luiz Eduardo do Nascimento Neto<\/td>\n<td>Mapeamento e Caracteriza\u00e7\u00e3o das Igrejas Evang\u00e9licas e Pentecostais de Pau dos Ferros-rn<\/td>\n<td>PIBIC volunt\u00e1rio<\/td>\n<\/tr>\n<\/tbody>\n<\/table>\n","protected":false},"excerpt":{"rendered":"<p>PIBIC Programa Institucional de Bolsas de Inicia\u00e7\u00e3o Cient\u00edfica (PIBIC)\u00a0 \u00e9 um programa do Conselho Nacional de Desenvolvimento Cient\u00edfico e Tecnol\u00f3gico (CNPq). O objetivo do programa \u00e9 incentivar a forma\u00e7\u00e3o de novos pesquisadores, por meio da concess\u00e3o de bolsas de estudo para estudantes de gradua\u00e7\u00e3o. LISTA DE PIBICs &#8211; Geografia\/CAPF Edi\u00e7\u00e3o: 2025\/2026 COORDENADOR(A) T\u00cdTULO DO PROJETO [&hellip;]<\/p>\n","protected":false},"author":15,"featured_media":0,"parent":0,"menu_order":0,"comment_status":"closed","ping_status":"closed","template":"","meta":{"footnotes":""},"class_list":["post-1348","page","type-page","status-publish","hentry"],"_links":{"self":[{"href":"https:\/\/portal.uern.br\/paudosferros\/dge\/wp-json\/wp\/v2\/pages\/1348","targetHints":{"allow":["GET"]}}],"collection":[{"href":"https:\/\/portal.uern.br\/paudosferros\/dge\/wp-json\/wp\/v2\/pages"}],"about":[{"href":"https:\/\/portal.uern.br\/paudosferros\/dge\/wp-json\/wp\/v2\/types\/page"}],"author":[{"embeddable":true,"href":"https:\/\/portal.uern.br\/paudosferros\/dge\/wp-json\/wp\/v2\/users\/15"}],"replies":[{"embeddable":true,"href":"https:\/\/portal.uern.br\/paudosferros\/dge\/wp-json\/wp\/v2\/comments?post=1348"}],"version-history":[{"count":5,"href":"https:\/\/portal.uern.br\/paudosferros\/dge\/wp-json\/wp\/v2\/pages\/1348\/revisions"}],"predecessor-version":[{"id":1412,"href":"https:\/\/portal.uern.br\/paudosferros\/dge\/wp-json\/wp\/v2\/pages\/1348\/revisions\/1412"}],"wp:attachment":[{"href":"https:\/\/portal.uern.br\/paudosferros\/dge\/wp-json\/wp\/v2\/media?parent=1348"}],"curies":[{"name":"wp","href":"https:\/\/api.w.org\/{rel}","templated":true}]}}