{"id":1346,"date":"2024-11-27T06:11:32","date_gmt":"2024-11-27T09:11:32","guid":{"rendered":"https:\/\/portal.uern.br\/paudosferros\/dge\/?page_id=1346"},"modified":"2026-01-15T10:37:22","modified_gmt":"2026-01-15T13:37:22","slug":"projeto-de-ensino-de-graduacao-peg","status":"publish","type":"page","link":"https:\/\/portal.uern.br\/paudosferros\/dge\/projeto-de-ensino-de-graduacao-peg\/","title":{"rendered":"Projeto de Ensino de Gradua\u00e7\u00e3o &#8211; PEG"},"content":{"rendered":"<table dir=\"ltr\" border=\"1\" cellspacing=\"0\" cellpadding=\"0\" data-sheets-root=\"1\" data-sheets-baot=\"1\">\n<colgroup>\n<col width=\"82\" \/>\n<col width=\"229\" \/>\n<col width=\"302\" \/>\n<col width=\"168\" \/>\n<col width=\"100\" \/><\/colgroup>\n<tbody>\n<tr>\n<td style=\"text-align: center\" colspan=\"5\" rowspan=\"1\">ACOMPANHAMENTO PEG<\/td>\n<\/tr>\n<tr>\n<td style=\"text-align: center\">SEMESTRE<\/td>\n<td style=\"text-align: center\">COORDENADOR<\/td>\n<td style=\"text-align: center\">PROJETO<\/td>\n<td style=\"text-align: center\">BOLSISTA<\/td>\n<td style=\"text-align: center\">BOLSA<\/td>\n<\/tr>\n<tr>\n<td style=\"text-align: center\" colspan=\"1\" rowspan=\"3\">\n<div>2026<\/div>\n<\/td>\n<td style=\"text-align: center\">Andreza Tacyana Felix Carvalho<\/td>\n<td style=\"text-align: center\">Geografia em tudo e para todos: entre<br \/>\na sala de aula e o cotidiano vivido<\/td>\n<td style=\"text-align: center\">Rafael Victor Pessoa Pinheiro<\/td>\n<td style=\"text-align: center\">Remunerada<\/td>\n<\/tr>\n<tr>\n<td style=\"text-align: center\" colspan=\"1\" rowspan=\"2\">\n<div>Rosalvo Nobre Carneiro<\/div>\n<\/td>\n<td style=\"text-align: center\" colspan=\"1\" rowspan=\"2\">\n<div>Did\u00e1tica da Geografia: construindo entendimentos \u00e9ticos em sala de aula<\/div>\n<\/td>\n<td style=\"text-align: center\">D\u00e1wila Rayane Lopes da Silva<\/td>\n<td style=\"text-align: center\">Remunerada<\/td>\n<\/tr>\n<tr>\n<td style=\"text-align: center\">Raiana Naiara de Oliveira<\/td>\n<td style=\"text-align: center\">Volunt\u00e1ria<\/td>\n<\/tr>\n<tr>\n<td style=\"text-align: center\" colspan=\"1\" rowspan=\"2\">\n<div>2025<\/div>\n<\/td>\n<td style=\"text-align: center\" colspan=\"1\" rowspan=\"2\">\n<div>Luiz Eduardo do Nascimento<br \/>\nNeto<\/div>\n<\/td>\n<td style=\"text-align: center\" colspan=\"1\" rowspan=\"2\">\n<div>Ateli\u00ea Geogr\u00e1fico<\/div>\n<\/td>\n<td style=\"text-align: center\">FRANCISCO CHARLES PEREIRA DA SILVA\/<\/td>\n<td style=\"text-align: center\" colspan=\"1\" rowspan=\"2\">\n<div>Remunerada<\/div>\n<\/td>\n<\/tr>\n<tr>\n<td style=\"text-align: center\">LUAN ESTEVAM DA SILVA<\/td>\n<\/tr>\n<tr>\n<td style=\"text-align: center\" colspan=\"1\" rowspan=\"2\">\n<div>2024<\/div>\n<\/td>\n<td style=\"text-align: center\">Rosalvo Nobre Carneiro<\/td>\n<td style=\"text-align: center\">&#8220;N\u00f3s Propomos Alto Oeste Po\u019fguar! Cidadania e inova\u00e7\u00e3o na educa\u00e7\u00e3o geogr\u00e1fica em Francisco Dantas &amp; Lucr\u00e9cia &#8211; RN&#8221;<\/td>\n<td style=\"text-align: center\"><\/td>\n<td style=\"text-align: center\"><\/td>\n<\/tr>\n<tr>\n<td style=\"text-align: center\">Andreza Tacyana Felix Carvalho<\/td>\n<td style=\"text-align: center\">P\u00c1GINA \u2018CIDAD\u00c3O POTIGUAR\u2019: A RELEITURA DE POSTAGENS INFORMATIVAS PARA DISSEMINA\u00c7\u00c3O DE CONHECIMENTO GEOGR\u00c1FICO EM REDES SOCIAIS<\/td>\n<td style=\"text-align: center\">ROBERTINHO JUNIOR CIPRIANO DA SILVA<\/td>\n<td style=\"text-align: center\">Volunt\u00e1ria<\/td>\n<\/tr>\n<tr>\n<td style=\"text-align: center\" colspan=\"1\" rowspan=\"3\">\n<div>2023<\/div>\n<\/td>\n<td style=\"text-align: center\">Franklin Roberto da Costa<\/td>\n<td style=\"text-align: center\">ELABORA\u00c7\u00c3O DE MAQUETE TOPOGR\u00c1FICA COMO INSTRUMENTO DE ENSINO DA GEOGRAFIA NO ENSINO FUNDAMENTAL E M\u00c9DIO<\/td>\n<td style=\"text-align: center\"><\/td>\n<td style=\"text-align: center\"><\/td>\n<\/tr>\n<tr>\n<td style=\"text-align: center\">Luiz Eduardo do Nascimento<br \/>\nNeto<\/td>\n<td style=\"text-align: center\">IMAGENS GEOGR\u00c1FICAS: A FOTOGRAFIA PARA O ENSINO DE GEOGRAFIA<\/td>\n<td style=\"text-align: center\"><\/td>\n<td style=\"text-align: center\"><\/td>\n<\/tr>\n<tr>\n<td style=\"text-align: center\">Rosalvo Nobre Carneiro<\/td>\n<td style=\"text-align: center\">DID\u00c1TICA DO ENSINO SUPERIOR, LINGUAGEM E \u00c9TICA EM PROJETO PEDAG\u00d3GICOS E PR\u00c1TICAS DOCENTES NO CAPF\/ UERN<\/td>\n<td style=\"text-align: center\"><\/td>\n<td style=\"text-align: center\"><\/td>\n<\/tr>\n<\/tbody>\n<\/table>\n","protected":false},"excerpt":{"rendered":"<p>ACOMPANHAMENTO PEG SEMESTRE COORDENADOR PROJETO BOLSISTA BOLSA 2026 Andreza Tacyana Felix Carvalho Geografia em tudo e para todos: entre a sala de aula e o cotidiano vivido Rafael Victor Pessoa Pinheiro Remunerada Rosalvo Nobre Carneiro Did\u00e1tica da Geografia: construindo entendimentos \u00e9ticos em sala de aula D\u00e1wila Rayane Lopes da Silva Remunerada Raiana Naiara de Oliveira [&hellip;]<\/p>\n","protected":false},"author":15,"featured_media":0,"parent":0,"menu_order":0,"comment_status":"closed","ping_status":"closed","template":"","meta":{"footnotes":""},"class_list":["post-1346","page","type-page","status-publish","hentry"],"_links":{"self":[{"href":"https:\/\/portal.uern.br\/paudosferros\/dge\/wp-json\/wp\/v2\/pages\/1346","targetHints":{"allow":["GET"]}}],"collection":[{"href":"https:\/\/portal.uern.br\/paudosferros\/dge\/wp-json\/wp\/v2\/pages"}],"about":[{"href":"https:\/\/portal.uern.br\/paudosferros\/dge\/wp-json\/wp\/v2\/types\/page"}],"author":[{"embeddable":true,"href":"https:\/\/portal.uern.br\/paudosferros\/dge\/wp-json\/wp\/v2\/users\/15"}],"replies":[{"embeddable":true,"href":"https:\/\/portal.uern.br\/paudosferros\/dge\/wp-json\/wp\/v2\/comments?post=1346"}],"version-history":[{"count":3,"href":"https:\/\/portal.uern.br\/paudosferros\/dge\/wp-json\/wp\/v2\/pages\/1346\/revisions"}],"predecessor-version":[{"id":1511,"href":"https:\/\/portal.uern.br\/paudosferros\/dge\/wp-json\/wp\/v2\/pages\/1346\/revisions\/1511"}],"wp:attachment":[{"href":"https:\/\/portal.uern.br\/paudosferros\/dge\/wp-json\/wp\/v2\/media?parent=1346"}],"curies":[{"name":"wp","href":"https:\/\/api.w.org\/{rel}","templated":true}]}}