{"id":1344,"date":"2024-11-27T06:10:45","date_gmt":"2024-11-27T09:10:45","guid":{"rendered":"https:\/\/portal.uern.br\/paudosferros\/dge\/?page_id=1344"},"modified":"2026-01-15T10:08:13","modified_gmt":"2026-01-15T13:08:13","slug":"programa-de-monitoria-interna-pim","status":"publish","type":"page","link":"https:\/\/portal.uern.br\/paudosferros\/dge\/programa-de-monitoria-interna-pim\/","title":{"rendered":"Programa de Monitoria Interna &#8211; PIM"},"content":{"rendered":"<table dir=\"ltr\" style=\"width: 92.15%\" border=\"1\" cellspacing=\"0\" cellpadding=\"0\" data-sheets-root=\"1\" data-sheets-baot=\"1\">\n<colgroup>\n<col width=\"82\" \/>\n<col width=\"198\" \/>\n<col width=\"204\" \/>\n<col width=\"220\" \/>\n<col width=\"100\" \/><\/colgroup>\n<tbody>\n<tr>\n<td style=\"width: 118.896%;text-align: center\" colspan=\"5\" rowspan=\"1\">ACOMPANHAMENTO PIM<\/td>\n<\/tr>\n<tr>\n<td style=\"width: 10.7975%;text-align: center\">SEMESTRE<\/td>\n<td style=\"width: 28.9254%;text-align: center\">ORIENTADOR<\/td>\n<td style=\"width: 20.6452%;text-align: center\">DISCIPLINA<\/td>\n<td style=\"width: 27.1166%;text-align: center\">NOME DO MONITOR<\/td>\n<td style=\"width: 31.411%;text-align: center\">BOLSA<\/td>\n<\/tr>\n<tr>\n<td style=\"width: 10.7975%;text-align: center\" colspan=\"1\" rowspan=\"4\">\n<div>2026.1<\/div>\n<\/td>\n<td style=\"width: 28.9254%;text-align: center\">Jacim\u00e1ria Fonseca de Medeiros<\/td>\n<td style=\"width: 20.6452%;text-align: center\">CLIMATOLOGIA GEOGR\u00c1FICA<\/td>\n<td style=\"width: 27.1166%;text-align: center\">ARIADNA DE LIMA SILVA<\/td>\n<td style=\"width: 31.411%;text-align: center\">Volunt\u00e1ria<\/td>\n<\/tr>\n<tr>\n<td style=\"width: 28.9254%;text-align: center\">DANILO ALVES TORRES SILVA<\/td>\n<td style=\"width: 20.6452%;text-align: center\">CARTOGRAFIA TEM\u00c1TICA E DIGITAL<\/td>\n<td style=\"width: 27.1166%;text-align: center\">DANILO ALVES TORRES SILVA<\/td>\n<td style=\"width: 31.411%;text-align: center\">Remunerada<\/td>\n<\/tr>\n<tr>\n<td style=\"width: 28.9254%;text-align: center\" colspan=\"1\" rowspan=\"2\">\n<div>Agassiel de Medeiros Alves<\/div>\n<\/td>\n<td style=\"width: 20.6452%;text-align: center\" colspan=\"1\" rowspan=\"2\">\n<div>QUANTIFICA\u00c7\u00c3O EM GEOGRAFIA<\/div>\n<\/td>\n<td style=\"width: 27.1166%;text-align: center\">MARCOS JUCIEDE CHAVES ANTERIO<\/td>\n<td style=\"width: 31.411%;text-align: center\">Remunerada<\/td>\n<\/tr>\n<tr>\n<td style=\"width: 27.1166%;text-align: center\">RAFAEL VICTOR PESSOA PINHEIRO<\/td>\n<td style=\"width: 31.411%;text-align: center\">Volunt\u00e1ria<\/td>\n<\/tr>\n<tr>\n<td style=\"width: 10.7975%;text-align: center\">2025.2<\/td>\n<td style=\"width: 28.9254%;text-align: center\">Jacim\u00e1ria Fonseca de Medeiros<\/td>\n<td style=\"width: 20.6452%;text-align: center\">Pedologia<\/td>\n<td style=\"width: 27.1166%;text-align: center\">MAYARA RAQUEL DE OLIVEIRA<\/td>\n<td style=\"width: 31.411%;text-align: center\">Remunerada<\/td>\n<\/tr>\n<tr>\n<td style=\"width: 10.7975%;text-align: center\">2025.1<\/td>\n<td style=\"width: 28.9254%;text-align: center\">Luiz Eduardo do Nascimento Neto<\/td>\n<td style=\"width: 20.6452%;text-align: center\">Extens\u00e3o e Pr\u00e1ticas Acad\u00eamicas em Geografia<\/td>\n<td style=\"width: 27.1166%;text-align: center\">Antonia Ariellen Alves Tavares<\/td>\n<td style=\"width: 31.411%;text-align: center\">Remunerada<\/td>\n<\/tr>\n<tr>\n<td style=\"width: 10.7975%;text-align: center\">2024.2<\/td>\n<td style=\"width: 28.9254%;text-align: center\">Jacim\u00e1ria Fonseca de Medeiros<\/td>\n<td style=\"width: 20.6452%;text-align: center\">Pedologia<\/td>\n<td style=\"width: 27.1166%;text-align: center\">Maria Samara de Lima Macena<\/td>\n<td style=\"width: 31.411%;text-align: center\">Remunerada<\/td>\n<\/tr>\n<tr>\n<td style=\"width: 10.7975%;text-align: center\">2024.1<\/td>\n<td style=\"width: 28.9254%;text-align: center\">Agassiel de Medeiros Alves<\/td>\n<td style=\"width: 20.6452%;text-align: center\">Biogeografia<\/td>\n<td style=\"width: 27.1166%;text-align: center\">\u00c9RICA LOPES DA SILVA<\/td>\n<td style=\"width: 31.411%;text-align: center\">Remunerada<\/td>\n<\/tr>\n<tr>\n<td style=\"width: 10.7975%;text-align: center\">2023.1<\/td>\n<td style=\"width: 28.9254%;text-align: center\">Jacim\u00e1ria Fonseca de Medeiros<\/td>\n<td style=\"width: 20.6452%;text-align: center\">Fundamentos de Climatologia<\/td>\n<td style=\"width: 27.1166%;text-align: center\">ANA LUIZA DE ALMEIDA GARCIA<\/td>\n<td style=\"width: 31.411%;text-align: center\">Remunerada<\/td>\n<\/tr>\n<\/tbody>\n<\/table>\n","protected":false},"excerpt":{"rendered":"<p>ACOMPANHAMENTO PIM SEMESTRE ORIENTADOR DISCIPLINA NOME DO MONITOR BOLSA 2026.1 Jacim\u00e1ria Fonseca de Medeiros CLIMATOLOGIA GEOGR\u00c1FICA ARIADNA DE LIMA SILVA Volunt\u00e1ria DANILO ALVES TORRES SILVA CARTOGRAFIA TEM\u00c1TICA E DIGITAL DANILO ALVES TORRES SILVA Remunerada Agassiel de Medeiros Alves QUANTIFICA\u00c7\u00c3O EM GEOGRAFIA MARCOS JUCIEDE CHAVES ANTERIO Remunerada RAFAEL VICTOR PESSOA PINHEIRO Volunt\u00e1ria 2025.2 Jacim\u00e1ria Fonseca de [&hellip;]<\/p>\n","protected":false},"author":15,"featured_media":0,"parent":0,"menu_order":0,"comment_status":"closed","ping_status":"closed","template":"","meta":{"footnotes":""},"class_list":["post-1344","page","type-page","status-publish","hentry"],"_links":{"self":[{"href":"https:\/\/portal.uern.br\/paudosferros\/dge\/wp-json\/wp\/v2\/pages\/1344","targetHints":{"allow":["GET"]}}],"collection":[{"href":"https:\/\/portal.uern.br\/paudosferros\/dge\/wp-json\/wp\/v2\/pages"}],"about":[{"href":"https:\/\/portal.uern.br\/paudosferros\/dge\/wp-json\/wp\/v2\/types\/page"}],"author":[{"embeddable":true,"href":"https:\/\/portal.uern.br\/paudosferros\/dge\/wp-json\/wp\/v2\/users\/15"}],"replies":[{"embeddable":true,"href":"https:\/\/portal.uern.br\/paudosferros\/dge\/wp-json\/wp\/v2\/comments?post=1344"}],"version-history":[{"count":5,"href":"https:\/\/portal.uern.br\/paudosferros\/dge\/wp-json\/wp\/v2\/pages\/1344\/revisions"}],"predecessor-version":[{"id":1509,"href":"https:\/\/portal.uern.br\/paudosferros\/dge\/wp-json\/wp\/v2\/pages\/1344\/revisions\/1509"}],"wp:attachment":[{"href":"https:\/\/portal.uern.br\/paudosferros\/dge\/wp-json\/wp\/v2\/media?parent=1344"}],"curies":[{"name":"wp","href":"https:\/\/api.w.org\/{rel}","templated":true}]}}