{"id":1300,"date":"2024-09-04T06:51:46","date_gmt":"2024-09-04T09:51:46","guid":{"rendered":"https:\/\/portal.uern.br\/paudosferros\/dge\/?page_id=1300"},"modified":"2024-09-04T07:20:23","modified_gmt":"2024-09-04T10:20:23","slug":"revista-geotemas","status":"publish","type":"page","link":"https:\/\/portal.uern.br\/paudosferros\/dge\/revista-geotemas\/","title":{"rendered":"Revista Geotemas"},"content":{"rendered":"<p><a href=\"https:\/\/periodicos.apps.uern.br\/index.php\/GEOTemas\/index\" target=\"_blank\" rel=\"noopener\"><strong>REVISTA GEOTEMAS<\/strong><\/a><\/p>\n<p>A revista\u00a0<strong>Geotemas\u00a0<\/strong>\u00e9 uma publica\u00e7\u00e3o on-line, de acesso aberto e gratuito do Departamento de Geografia, vinculada ao Programa de P\u00f3s-gradua\u00e7\u00e3o em Planejamento e Din\u00e2micas Territoriais no Semi\u00e1rido (PLANDITES), da Universidade do Estado do Rio Grande do Norte (UERN), Campus de Pau dos Ferros, que tem como objetivo difundir estudos na \u00e1rea da Geografia, assumindo o discurso da base interdisciplinar entre as diversas sub\u00e1reas do saber, como a Geografia Urbana, a Geografia Agr\u00e1ria, a Geografia Regional, a Geografia Pol\u00ed\u00adtica, a Geografia Econ\u00f4mica com as disciplinas f\u00ed\u00adsicas, como a Geomorfologia, a Climatologia, a Hidrogeografia, a Biogeografia, como tamb\u00e9m na Cartografia e na \u00e1rea do Ensino e Educa\u00e7\u00e3o Geogr\u00e1fica. A partir da aproxima\u00e7\u00e3o com a p\u00f3s-gradua\u00e7\u00e3o, considerando a perspectiva interdisciplinar elevada da Geografia, e trabalhando com as dimens\u00f5es humanas e ambientais, a\u00a0<strong>Geotemas\u00a0<\/strong>tem aceita\u00e7\u00e3o de uma variedade de abordagens metodol\u00f3gicas que est\u00e3o relacionadas as diversas possibilidades de temas trabalhados na revista.<\/p>\n<p>&nbsp;<\/p>\n<p><a href=\"https:\/\/periodicos.apps.uern.br\/index.php\/GEOTemas\/index\" target=\"_blank\" rel=\"noopener\"><strong>REVISTA GEOTEMAS<\/strong><\/a><\/p>\n<p><strong>ISSN:<\/strong>\u00a02236-255X &#8211;\u00a0<strong>Prefixo DOI:<\/strong>\u00a010.33237<\/p>\n<p>Qualis: A2<\/p>\n<p>Departamento de Geografia (DGE),\u00a0 Campus Avan\u00e7ado de Pau dos Ferros (CAPF), Sala A 08, Universidade do Estado do Rio Grande do Norte (UERN), BR- 405, Km 153, Arizona, Pau dos Ferros, Rio Grande do Norte, Brasil. 59.900.000 |\u00a0\u00a0<a href=\"https:\/\/periodicos.apps.uern.br\/index.php\/GEOTemas\/about#top\">geotemas@uern.br<\/a>\u00a0| #revistageotemas<\/p>\n<p>&nbsp;<\/p>\n","protected":false},"excerpt":{"rendered":"<p>REVISTA GEOTEMAS A revista\u00a0Geotemas\u00a0\u00e9 uma publica\u00e7\u00e3o on-line, de acesso aberto e gratuito do Departamento de Geografia, vinculada ao Programa de P\u00f3s-gradua\u00e7\u00e3o em Planejamento e Din\u00e2micas Territoriais no Semi\u00e1rido (PLANDITES), da Universidade do Estado do Rio Grande do Norte (UERN), Campus de Pau dos Ferros, que tem como objetivo difundir estudos na \u00e1rea da Geografia, assumindo [&hellip;]<\/p>\n","protected":false},"author":15,"featured_media":0,"parent":0,"menu_order":0,"comment_status":"closed","ping_status":"closed","template":"","meta":{"footnotes":""},"class_list":["post-1300","page","type-page","status-publish","hentry"],"_links":{"self":[{"href":"https:\/\/portal.uern.br\/paudosferros\/dge\/wp-json\/wp\/v2\/pages\/1300","targetHints":{"allow":["GET"]}}],"collection":[{"href":"https:\/\/portal.uern.br\/paudosferros\/dge\/wp-json\/wp\/v2\/pages"}],"about":[{"href":"https:\/\/portal.uern.br\/paudosferros\/dge\/wp-json\/wp\/v2\/types\/page"}],"author":[{"embeddable":true,"href":"https:\/\/portal.uern.br\/paudosferros\/dge\/wp-json\/wp\/v2\/users\/15"}],"replies":[{"embeddable":true,"href":"https:\/\/portal.uern.br\/paudosferros\/dge\/wp-json\/wp\/v2\/comments?post=1300"}],"version-history":[{"count":3,"href":"https:\/\/portal.uern.br\/paudosferros\/dge\/wp-json\/wp\/v2\/pages\/1300\/revisions"}],"predecessor-version":[{"id":1303,"href":"https:\/\/portal.uern.br\/paudosferros\/dge\/wp-json\/wp\/v2\/pages\/1300\/revisions\/1303"}],"wp:attachment":[{"href":"https:\/\/portal.uern.br\/paudosferros\/dge\/wp-json\/wp\/v2\/media?parent=1300"}],"curies":[{"name":"wp","href":"https:\/\/api.w.org\/{rel}","templated":true}]}}