{"id":1074,"date":"2024-04-10T11:29:26","date_gmt":"2024-04-10T14:29:26","guid":{"rendered":"https:\/\/portal.uern.br\/paudosferros\/dge\/?page_id=1074"},"modified":"2025-08-19T20:41:54","modified_gmt":"2025-08-19T23:41:54","slug":"tutoriais-sigaa","status":"publish","type":"page","link":"https:\/\/portal.uern.br\/paudosferros\/dge\/tutoriais-sigaa\/","title":{"rendered":"Tutoriais SIGAA"},"content":{"rendered":"<p><a href=\"https:\/\/www.youtube.com\/@PROEGSIGAA\/videos\" target=\"_blank\" rel=\"noopener\">https:\/\/www.youtube.com\/@PROEGSIGAA\/videos<\/a><\/p>\n<p><a id=\"video-title\" class=\"yt-simple-endpoint style-scope ytd-video-renderer\" title=\"Sigaa Uern cadastro de tipos atividades complementares\" href=\"https:\/\/www.youtube.com\/watch?v=I81U5KSFomM&amp;t=18s&amp;pp=ygUKc2lnYWEgdWVybg%3D%3D\" target=\"_blank\" rel=\"noopener\" aria-label=\"Sigaa Uern cadastro de tipos atividades complementares PROEG SIGAA 788 visualiza\u00e7\u00f5es h\u00e1 11 meses 2 minutos e 29 segundos\">Sigaa Uern cadastro de tipos atividades complementares<\/a><\/p>\n<p><a id=\"video-title\" class=\"yt-simple-endpoint style-scope ytd-video-renderer\" title=\"SIGAA-UERN visualizar turmas ofertadas\" href=\"https:\/\/www.youtube.com\/watch?v=n9FfMrmrC3M&amp;pp=ygUKc2lnYWEgdWVybg%3D%3D\" target=\"_blank\" rel=\"noopener\" aria-label=\"SIGAA-UERN visualizar turmas ofertadas PROEG SIGAA 34 visualiza\u00e7\u00f5es h\u00e1 11 meses 28 segundos\">SIGAA-UERN visualizar turmas ofertadas<\/a><\/p>\n<p><a id=\"video-title\" class=\"yt-simple-endpoint style-scope ytd-video-renderer\" title=\"sigaa-uern capacita\u00e7\u00e3o oferta de componente\" href=\"https:\/\/www.youtube.com\/watch?v=E5Gmo-zRsrc&amp;pp=ygUKc2lnYWEgdWVybg%3D%3D\" target=\"_blank\" rel=\"noopener\" aria-label=\"sigaa-uern capacita\u00e7\u00e3o oferta de componente Iron Dantas 107 visualiza\u00e7\u00f5es h\u00e1 1 ano 5 minutos e 16 segundos\">sigaa-uern capacita\u00e7\u00e3o oferta de componente<\/a><\/p>\n<p><a id=\"video-title\" class=\"yt-simple-endpoint style-scope ytd-video-renderer\" title=\"SIGAA -UERN matricula discente acrescentar turma\" href=\"https:\/\/www.youtube.com\/watch?v=XZ_2NPjuxaE&amp;pp=ygUKc2lnYWEgdWVybg%3D%3D\" target=\"_blank\" rel=\"noopener\" aria-label=\"SIGAA -UERN matricula discente acrescentar turma PROEG SIGAA 83 visualiza\u00e7\u00f5es h\u00e1 11 meses 1 minuto e 23 segundos\">SIGAA -UERN matricula discente acrescentar turma<\/a><\/p>\n<p><a id=\"video-title\" class=\"yt-simple-endpoint style-scope ytd-video-renderer\" title=\"SIGAA - Forma\u00e7\u00e3o na pr\u00e1tica para Docentes\" href=\"https:\/\/www.youtube.com\/watch?v=LXaIVamdezo&amp;t=7s&amp;pp=ygUKc2lnYWEgdWVybg%3D%3D\" target=\"_blank\" rel=\"noopener\" aria-label=\"SIGAA - Forma\u00e7\u00e3o na pr\u00e1tica para Docentes UERN Oficial 1.052 visualiza\u00e7\u00f5es Transmitido h\u00e1 1 ano 1 hora e 37 minutos\">SIGAA &#8211; Forma\u00e7\u00e3o na pr\u00e1tica para Docentes<\/a><\/p>\n<p><a id=\"video-title\" class=\"yt-simple-endpoint style-scope ytd-video-renderer\" title=\"Sigaa Uern - como gerenciar solicita\u00e7\u00f5es de atividades complementares\" href=\"https:\/\/www.youtube.com\/watch?v=SnR9zMJLtx4&amp;t=62s&amp;pp=ygUKc2lnYWEgdWVybg%3D%3D\" target=\"_blank\" rel=\"noopener\" aria-label=\"Sigaa Uern - como gerenciar solicita\u00e7\u00f5es de atividades complementares PROEG SIGAA 191 visualiza\u00e7\u00f5es h\u00e1 11 meses 2 minutos e 45 segundos\">Sigaa Uern &#8211; como gerenciar solicita\u00e7\u00f5es de atividades complementares<\/a><\/p>\n<p><a id=\"video-title\" class=\"yt-simple-endpoint style-scope ytd-video-renderer\" title=\"sigaa uern cadastro programa de componente curricular\" href=\"https:\/\/www.youtube.com\/watch?v=2a-NvXS62c8&amp;pp=ygUKc2lnYWEgdWVybg%3D%3D\" target=\"_blank\" rel=\"noopener\" aria-label=\"sigaa uern cadastro programa de componente curricular PROEG SIGAA 75 visualiza\u00e7\u00f5es h\u00e1 4 meses 3 minutos e 42 segundos\">sigaa uern cadastro programa de componente curricular<\/a><\/p>\n<p><a id=\"video-title\" class=\"yt-simple-endpoint style-scope ytd-video-renderer\" title=\"Auto Cadastro Discente\" href=\"https:\/\/www.youtube.com\/watch?v=oVEHT7RDoXg&amp;pp=ygUKc2lnYWEgdWVybg%3D%3D\" target=\"_blank\" rel=\"noopener\" aria-label=\"Auto Cadastro Discente Programa UFBA SIM 2.490 visualiza\u00e7\u00f5es h\u00e1 4 anos 3 minutos e 12 segundos\">Auto Cadastro Discente<\/a><\/p>\n<p><a id=\"video-title\" class=\"yt-simple-endpoint style-scope ytd-video-renderer\" title=\"como ter acesso a estrutura curricular, componente curricular ou turma do meu curso? | SIGAA UFRN\" href=\"https:\/\/www.youtube.com\/watch?v=jjKVBHtEJuY&amp;pp=ygUKc2lnYWEgdWVybg%3D%3D\" target=\"_blank\" rel=\"noopener\" aria-label=\"como ter acesso a estrutura curricular, componente curricular ou turma do meu curso? | SIGAA UFRN Diret\u00f3rio Acad\u00eamico da ECT - DAECT UFRN 3.236 visualiza\u00e7\u00f5es h\u00e1 3 anos 3 minutos e 51 segundos\">como ter acesso a estrutura curricular, componente curricular ou turma do meu curso?<\/a><\/p>\n<p><a id=\"video-title\" class=\"yt-simple-endpoint style-scope ytd-video-renderer\" title=\"Como recuperar login e senha no SIGAA - Alunos\" href=\"https:\/\/www.youtube.com\/watch?v=Wvzh_VRmm0Y&amp;t=40s&amp;pp=ygUKc2lnYWEgdWVybg%3D%3D\" target=\"_blank\" rel=\"noopener\" aria-label=\"Como recuperar login e senha no SIGAA - Alunos IFC Campus Rio do Sul 4.232 visualiza\u00e7\u00f5es h\u00e1 3 anos 1 minuto e 45 segundos\">Como recuperar login e senha no SIGAA &#8211; Alunos<\/a><\/p>\n<p><a id=\"video-title\" class=\"yt-simple-endpoint style-scope ytd-video-renderer\" title=\"Passo a passo de como anexar certificados de atividades aut\u00f4nomas no SIGAA.\" href=\"https:\/\/www.youtube.com\/watch?v=SgvaN64A9xs&amp;pp=ygUKc2lnYWEgdWVybg%3D%3D\" target=\"_blank\" rel=\"noopener\" aria-label=\"Passo a passo de como anexar certificados de atividades aut\u00f4nomas no SIGAA. Letras Unemat - Sinop - MT 982 visualiza\u00e7\u00f5es h\u00e1 1 ano 4 minutos e 1 segundo\">Passo a passo de como anexar certificados de atividades aut\u00f4nomas no SIGAA<\/a><\/p>\n<p><a href=\"https:\/\/portal.uern.br\/gabinete\/wp-content\/uploads\/sites\/21\/2023\/04\/SIGAA-Suspensao-de-Programa-Discente.pdf\" target=\"_blank\" rel=\"noopener\">Trancamento\/Suspens\u00e3o de Programa<\/a> <a href=\"https:\/\/www.youtube.com\/watch?v=ymuDsTw1iPM\" target=\"_blank\" rel=\"noopener\">(Veja o tutorial aqui)<\/a><\/p>\n<p><a href=\"https:\/\/portal.uern.br\/proex\/wp-content\/uploads\/2025\/08\/Tutorial-para-Submissao-de-Acoes-de-Extensao-no-SIGAA.pdf\" target=\"_blank\" rel=\"noopener\">Tutorial para Cadastro de A\u00e7\u00f5es de Extens\u00f5es no SIGAA<\/a><\/p>\n<p>&nbsp;<\/p>\n","protected":false},"excerpt":{"rendered":"<p>https:\/\/www.youtube.com\/@PROEGSIGAA\/videos Sigaa Uern cadastro de tipos atividades complementares SIGAA-UERN visualizar turmas ofertadas sigaa-uern capacita\u00e7\u00e3o oferta de componente SIGAA -UERN matricula discente acrescentar turma SIGAA &#8211; Forma\u00e7\u00e3o na pr\u00e1tica para Docentes Sigaa Uern &#8211; como gerenciar solicita\u00e7\u00f5es de atividades complementares sigaa uern cadastro programa de componente curricular Auto Cadastro Discente como ter acesso a estrutura curricular, [&hellip;]<\/p>\n","protected":false},"author":15,"featured_media":0,"parent":0,"menu_order":0,"comment_status":"closed","ping_status":"closed","template":"","meta":{"footnotes":""},"class_list":["post-1074","page","type-page","status-publish","hentry"],"_links":{"self":[{"href":"https:\/\/portal.uern.br\/paudosferros\/dge\/wp-json\/wp\/v2\/pages\/1074","targetHints":{"allow":["GET"]}}],"collection":[{"href":"https:\/\/portal.uern.br\/paudosferros\/dge\/wp-json\/wp\/v2\/pages"}],"about":[{"href":"https:\/\/portal.uern.br\/paudosferros\/dge\/wp-json\/wp\/v2\/types\/page"}],"author":[{"embeddable":true,"href":"https:\/\/portal.uern.br\/paudosferros\/dge\/wp-json\/wp\/v2\/users\/15"}],"replies":[{"embeddable":true,"href":"https:\/\/portal.uern.br\/paudosferros\/dge\/wp-json\/wp\/v2\/comments?post=1074"}],"version-history":[{"count":5,"href":"https:\/\/portal.uern.br\/paudosferros\/dge\/wp-json\/wp\/v2\/pages\/1074\/revisions"}],"predecessor-version":[{"id":1430,"href":"https:\/\/portal.uern.br\/paudosferros\/dge\/wp-json\/wp\/v2\/pages\/1074\/revisions\/1430"}],"wp:attachment":[{"href":"https:\/\/portal.uern.br\/paudosferros\/dge\/wp-json\/wp\/v2\/media?parent=1074"}],"curies":[{"name":"wp","href":"https:\/\/api.w.org\/{rel}","templated":true}]}}