{"id":1013,"date":"2024-03-09T08:24:45","date_gmt":"2024-03-09T11:24:45","guid":{"rendered":"https:\/\/portal.uern.br\/paudosferros\/dge\/?page_id=1013"},"modified":"2024-09-12T06:22:50","modified_gmt":"2024-09-12T09:22:50","slug":"docentes-2","status":"publish","type":"page","link":"https:\/\/portal.uern.br\/paudosferros\/dge\/docentes-2\/","title":{"rendered":"Docentes &#8211; Documentos"},"content":{"rendered":"<h5 class=\"style-scope ytd-watch-metadata\"><a href=\"https:\/\/www.youtube.com\/live\/0jMTUGz-QdU?si=SsParF-mgy1ecs0H\" target=\"_blank\" rel=\"noopener\">SIGAA: FORMA\u00c7\u00c3O NA PR\u00c1TICA PARA DOCENTES<\/a><\/h5>\n<h5 class=\"style-scope ytd-watch-metadata\">\u00a0<a href=\"https:\/\/www.youtube.com\/live\/0jMTUGz-QdU?si=SsParF-mgy1ecs0H\" target=\"_blank\" rel=\"noopener\">https:\/\/www.youtube.com\/live\/0jMTUGz-QdU?si=SsParF-mgy1ecs0H<\/a><\/h5>\n<hr \/>\n<h5><a href=\"https:\/\/www.al.rn.leg.br\/storage\/legislacao\/2023\/rvcn6wtelig0aifqs5msvdvlvaphfw.pdf\" target=\"_blank\" rel=\"noopener\">LEI COMPLEMENTAR N\u00ba 730, DE 16 DE FEVEREIRO DE 2023.<\/a><\/h5>\n<p>Altera a remunera\u00e7\u00e3o dos cargos p\u00fablicos de Professor do Ensino Superior, da Funda\u00e7\u00e3o Universidade do Estado do Rio Grande do Norte (FUERN), e d\u00e1 outras provid\u00eancias.<\/p>\n<hr \/>\n<h5><a href=\"http:\/\/www.al.rn.gov.br\/storage\/legislacao\/2022\/gavgunp3frj8tas2sgv12t43rjzl8x.pdf\" target=\"_blank\" rel=\"noopener\">Lei Complementar n\u00ba 700\/2022 \u2013\u00a0Plano de Cargos, Carreira e Remunera\u00e7\u00e3o dos Professores do Ensino Superior da FUERN\u00a0<\/a><\/h5>\n<p>Institui o Plano de Cargos, Carreira e Remunera\u00e7\u00e3o dos Professores do Ensino Superior da Funda\u00e7\u00e3o Universidade do Estado do Rio Grande do Norte (FUERN)<\/p>\n<hr \/>\n<h5><a href=\"https:\/\/www.uern.br\/controledepaginas\/documentos-legislacao-cd\/arquivos\/5106resolucao_n_2022_60___cd___regulamenta_a_progressao_docente_no_ambito_da_fuern.pdf\" target=\"_blank\" rel=\"noopener\">Resolu\u00e7\u00e3o n\u00ba 60\/2022 \u2013 CD \u2013\u00a0Regulamenta a progress\u00e3o docente no \u00e2mbito da FUERN<\/a><\/h5>\n<p>Regulamenta a progress\u00e3o docente no \u00e2mbito da Funda\u00e7\u00e3o Universidade do Estado do Rio Grande do Norte.<\/p>\n<hr \/>\n<h5><strong><span style=\"font-family: georgia, palatino, serif\">Acesse aqui o\u00a0<\/span><\/strong><a href=\"https:\/\/docs.google.com\/document\/d\/1pIKpnMLI1OtagPZ5wKzax0C4P2y63Gx7\/edit\" target=\"_blank\" rel=\"noopener\"><strong><span style=\"font-family: georgia, palatino, serif\">Requerimento de Progress\u00e3o Funcional<\/span><\/strong><\/a><\/h5>\n<hr \/>\n<h5><a href=\"https:\/\/www.uern.br\/controledepaginas\/proex-documentos-legisla%C3%A7%C3%A3o\/arquivos\/1165resolucao_n0_2021_070___consepe___aprova_normas_dchd_e_revoga_as_resolucoes_de_n0_36_40_e_41_de_201_34_de_2017_41_de_2018_13_e_19_de_2021.pdf\" target=\"_blank\" rel=\"noopener\"><strong>Resolu\u00e7\u00e3o N\u00ba 070\/2021 \u2013 Consepe<\/strong><\/a><\/h5>\n<p>Aprova as normas para a distribui\u00e7\u00e3o de carga hor\u00e1ria docente na Universidade do Estado do Rio Grande do Norte.<\/p>\n","protected":false},"excerpt":{"rendered":"<p>SIGAA: FORMA\u00c7\u00c3O NA PR\u00c1TICA PARA DOCENTES \u00a0https:\/\/www.youtube.com\/live\/0jMTUGz-QdU?si=SsParF-mgy1ecs0H LEI COMPLEMENTAR N\u00ba 730, DE 16 DE FEVEREIRO DE 2023. Altera a remunera\u00e7\u00e3o dos cargos p\u00fablicos de Professor do Ensino Superior, da Funda\u00e7\u00e3o Universidade do Estado do Rio Grande do Norte (FUERN), e d\u00e1 outras provid\u00eancias. Lei Complementar n\u00ba 700\/2022 \u2013\u00a0Plano de Cargos, Carreira e Remunera\u00e7\u00e3o dos Professores [&hellip;]<\/p>\n","protected":false},"author":15,"featured_media":0,"parent":0,"menu_order":0,"comment_status":"closed","ping_status":"closed","template":"","meta":{"footnotes":""},"class_list":["post-1013","page","type-page","status-publish","hentry"],"_links":{"self":[{"href":"https:\/\/portal.uern.br\/paudosferros\/dge\/wp-json\/wp\/v2\/pages\/1013","targetHints":{"allow":["GET"]}}],"collection":[{"href":"https:\/\/portal.uern.br\/paudosferros\/dge\/wp-json\/wp\/v2\/pages"}],"about":[{"href":"https:\/\/portal.uern.br\/paudosferros\/dge\/wp-json\/wp\/v2\/types\/page"}],"author":[{"embeddable":true,"href":"https:\/\/portal.uern.br\/paudosferros\/dge\/wp-json\/wp\/v2\/users\/15"}],"replies":[{"embeddable":true,"href":"https:\/\/portal.uern.br\/paudosferros\/dge\/wp-json\/wp\/v2\/comments?post=1013"}],"version-history":[{"count":7,"href":"https:\/\/portal.uern.br\/paudosferros\/dge\/wp-json\/wp\/v2\/pages\/1013\/revisions"}],"predecessor-version":[{"id":1315,"href":"https:\/\/portal.uern.br\/paudosferros\/dge\/wp-json\/wp\/v2\/pages\/1013\/revisions\/1315"}],"wp:attachment":[{"href":"https:\/\/portal.uern.br\/paudosferros\/dge\/wp-json\/wp\/v2\/media?parent=1013"}],"curies":[{"name":"wp","href":"https:\/\/api.w.org\/{rel}","templated":true}]}}