{"id":447,"date":"2023-02-26T20:06:53","date_gmt":"2023-02-26T23:06:53","guid":{"rendered":"https:\/\/portal.uern.br\/paudosferros\/def\/?page_id=447"},"modified":"2023-02-26T20:06:53","modified_gmt":"2023-02-26T23:06:53","slug":"grupo-de-pesquisa","status":"publish","type":"page","link":"https:\/\/portal.uern.br\/paudosferros\/def\/grupo-de-pesquisa\/","title":{"rendered":"Grupo de Pesquisa"},"content":{"rendered":"<h3>GRUPO DE PESQUISA EDUCA\u00c7\u00c3O F\u00cdSICA, SOCIEDADE E SA\u00daDE<\/h3>\n<h6>1. SITUA\u00c7\u00c3O DO GRUPO DE PESQUISA :<\/h6>\n<p>Ativo<\/p>\n<h6>2. ANO DE FORMA\u00c7\u00c3O:<\/h6>\n<p>2008<\/p>\n<h6>3. LIDER(ES) DO GRUPO:<\/h6>\n<p>LIDER: Prof. Dra Themis C. M. Soares<\/p>\n<p>VICE-LIDER: Prof. Ms Suenia Duarte<\/p>\n<h6>4. \u00c1REA PREDOMINANTE:<\/h6>\n<p>Ci\u00eancias da Sa\u00fade; Educa\u00e7\u00e3o F\u00edsica<\/p>\n<h6>5. LINHA(S) DE PESQUISA:<\/h6>\n<ul>\n<li>\u00a0Atividade f\u00edsica e sa\u00fade: Themis e Ubilina &#8211; respons\u00e1veis<\/li>\n<li>\u00a0Imaginario no Esporte: Bertulino e Helder &#8211; respons\u00e1veis<\/li>\n<li>\u00a0Educa\u00e7\u00e3o Fisica e Desporto: Ione e Dandara Queiroga &#8211; respons\u00e1veis<\/li>\n<li>\u00a0Educa\u00e7\u00e3o F\u00edsica e Forma\u00e7\u00e3o Profissional: Ione e Su\u00eania &#8211; respons\u00e1veis<\/li>\n<li>\u00a0Politica Publica: Themis, Bertulino e Fco Gama &#8211; responsaveis<\/li>\n<\/ul>\n<h6>6. RELA\u00c7\u00c3O DOS PESQUISADORES INTEGRANTES:<\/h6>\n<ul>\n<li>Prof. Dr. Bertulino Jos\u00e9 de Souza<\/li>\n<li>Prof.\u00aa Ms. Dandara Queiroga de Oliveira Sousa<\/li>\n<li>Prof. Ms. Francisco Gama da Silva (Doutorando)<\/li>\n<li>Prof. Ms. Helder Cavalcante C\u00e2mara<\/li>\n<li>Prof. Ms. Marcos Antonio da Silva (Doutorando)<\/li>\n<li>Prof.\u00aa Dr.\u00aa Maria Ione da Silva<\/li>\n<li>Prof.\u00aa Dr.\u00aa Maria L\u00facia L\u00edra de Andrade<\/li>\n<li>Prof.\u00aa Ms. Su\u00eania de Lima Duarte<\/li>\n<li>Prof.\u00aa Dr.\u00aa Themis Cristina Soares Mesquita<\/li>\n<li>Prof.\u00aa Ms. Ubilina Maria da Concei\u00e7\u00e3o Maia<\/li>\n<\/ul>\n<p>Colaborador estrangeiro: Jos\u00e9 Fernando Bessa Ribeiro (Portugal)<\/p>\n<h6>7. RELA\u00c7\u00c3O DE DISCENTES:<\/h6>\n<ul>\n<li>Anderson Glover Fernandes Alves (Pibic)<\/li>\n<li>Ingridh Fernandes Di\u00f3genes (Pibic)<\/li>\n<li>Lucas Dami\u00e3o de Oliveira<\/li>\n<li>Maria Nat\u00e1lia da Silva<\/li>\n<li>Maria Edinalda do Nascimento<\/li>\n<li>Maria Edna Bezerra (bolsista PIBIC)<\/li>\n<\/ul>\n<h6>9. SALA OCUPADA PELO GRUPO:<\/h6>\n<p>Bloco C sala 01<\/p>\n<h6>10. PROJETOS DESENVLVIDOS\/ORIENTADOS PELOS MEMBROS DO GRUPO NOS \u00daLTIMOS ANOS:<\/h6>\n<p>Participa\u00e7\u00e3o em REDE DE PESQUISA nos \u00faltimos 3 anos<\/p>\n<ul>\n<li>CENTRO DE DESENVOLVIMENTO DE PESQUISAS EM POL\u00cdTICAS DE ESPORTE E DE LAZER DA REDE CEDES RN\u00a0 http:\/\/lefemufrn.com\/cedes\/acoes\/ (ENVOLVIDOS: Professores Bertulino, Fco Gama, Dandara Queiroga, Themis Soares);<\/li>\n<li>PROJETOS PIBID \u2013 Coordena\u00e7\u00e3o \u2013\u00a0Prof.\u00aa Dr.\u00aa Maria Ione e Prof. Dandara Queiroga<\/li>\n<li>PROJETO RESPED \u2013 Coordena\u00e7\u00e3o \u2013Prof.\u00aa Dr.\u00aa Themis Soares e Prof. Ubilina Maria Maia<\/li>\n<\/ul>\n<p>PROJETOS PESQUISA<\/p>\n<ol>\n<li>Base Nacional Comum Curricular: o di\u00e1logo com a diversidade para a Educa\u00e7\u00e3o F\u00edsica. Dura\u00e7\u00e3o: agosto de 2018 a agosto de 2019 \u2013 PROF.\u00aa Ms. DANDARA QUEIROGA DE OLIVEIRA SOUSA<\/li>\n<li>A EXCEL\u00caNCIA NO DESPORTO: ESTUDO CENTRADO NAS HIST\u00d3RIAS DE VIDA DE ATLETAS CAMPE\u00d5ES OL\u00cdMPICOS BRASILEIROS \u2013 PROF.\u00aa Dr.\u00aa MARIA IONE DA SILVA &#8211; Tese de Doutoramento (Projeto Desenvolvido nos \u00faltimos 3 anos)<\/li>\n<li>SA\u00daDE NA ADOLESC\u00caNCIA: COMPOSI\u00c7\u00c3O CORPORAL DE ESCOLARES DO ENSINO M\u00c9DIO MUNIC\u00cdPIO DE \u00c1GUA NOVA &#8211; EDITAL FAPERN\/SEEC n\u00ba 001\/2018 \u2013\u00a0PROF.\u00aa Dr.\u00aa MARIA IONE DA SILVA<\/li>\n<li>ID do Projeto: 1772. PIBIC UERN. \u201cNARRATIVAS AUTOBIOGR\u00c1FICAS: TECENDO CAMINHOS DA FORMA\u00c7\u00c3O PROFISSIONAL EM EDUCA\u00c7\u00c3O F\u00cdSICA\u201d. Edi\u00e7\u00e3o: 2018\/2019 &#8211; Data de in\u00edcio: 01\/08\/2018 &#8211; Data de t\u00e9rmino: 31\/07\/2019. PROF MARIA IONE<\/li>\n<li>PIBIC \u2013 NASCIDO NAS SOMBRAS: PERCEP\u00c7\u00c3O DA COMUNIDADE ACAD\u00caMICA DE PAU DOS FERROS SOBRE SOFRIMENTO PS\u00cdQUICO E SA\u00daDE MENTAL. PROF. Dr. BERTULINO SOUZA (CONCLUIDO)<\/li>\n<li>POL\u00cdTICAS P\u00daBLICAS DE ATEN\u00c7\u00c3O \u00c0 PESSOAS COM NECESSIDADES ESPECIAIS NA CIDADE DE PAU DOS FERROS. PROF BERTULINO SOUZA (CONCLUIDO)<\/li>\n<li>PROJETO POS DOC: UMA CENA AP\u00d3S A OUTRA: A IMAG\u00c9TICA DO CINEMA COMO INSTRUMENTO DE PROBLEMATIZA\u00c7\u00c3O DA LOUCURA. PROF Dr. BERTULINO SOUZA (J\u00c1 APRESENTOU RELATORIO).<\/li>\n<\/ol>\n<p>PROJETOS JUNTO AO PLANDITES \u2013 PROF BERTULINO SOUZA:<\/p>\n<ul>\n<li>UMA ARQUEOLOGIA DE ALCO\u00d3LICOS AN\u00d4NIMOS COMO ESTRAT\u00c9GIA DE TRATAMENTO &#8211; CINTHIA MARQUES<\/li>\n<li>ENTRE AMELIAS E ELISABETES: UMA AN\u00c1LISE DAS POL\u00cdTICAS P\u00daBLICAS DE SA\u00daDE VOLTADAS PARA A MULHER QUILOMBOLA NO MUNIC\u00cdPIO DE PORTALEGRE\/RN &#8211; SUELEN DE FATIMA SILVA SOUZA.<\/li>\n<li>CAMINHOS CRUZADOS: PERCEP\u00c7\u00c3O DE ADOLESCENTES EM CONFLITO COM A LEI E AS POL\u00cdTICAS P\u00daBLICAS DE REINTEGRA\u00c7\u00c3O NO MUNIC\u00cdPIO DE UIRA\u00daNA\/PB. PATRICIA KASSIA ALVES DE ANDRADE.<\/li>\n<li>\u201cBOTANDO A CARA NO SOL\u201d: (IN)VISIBILIDADES CONTEMPORANEAS E TERRITORIALIDADES LBGTS NO ALTO OESTE POTIGUAR &#8211; JOSE VIVALDO JUNIOR.<\/li>\n<\/ul>\n<p>8. A Educa\u00e7\u00e3o F\u00edsica escolar e reprodu\u00e7\u00e3o dos capitais culturais hegem\u00f4nicos<\/p>\n<p>(2016-2017)<br \/>\nMembros\/docentes (3) tr\u00eas:<br \/>\nHelder Cavalcante C\u00e2mara \u2013 Coordenador<br \/>\nFrancisco Gama da Silva \u2013 Membro\/docente<br \/>\nSu\u00eania de Lima Duarte \u2013 Membro\/docente<br \/>\nMembros\/externos (4) quatro:<br \/>\nAlunos de inicia\u00e7\u00e3o cient\u00edfica (4) quatro<br \/>\nTotal (11) onze<\/p>\n<p>9. Os desdobramentos do corpo: concep\u00e7\u00f5es e percep\u00e7\u00f5es dos alunos do curso de<\/p>\n<p>Educa\u00e7\u00e3o F\u00edsica da UERN (2016-2017). INTEGRANTES:<\/p>\n<p>Prof. Ms Helder Cavalcante C\u00e2mara \u2013 Coordenador<br \/>\nProf.\u00aa Ms. Su\u00eania de Lima Duarte<br \/>\nProf.\u00aa Esp. Napole\u00e3o Di\u00f3genes Pessoa Neto<br \/>\nMembros\/externos: (4) quatro, Alunos de inicia\u00e7\u00e3o cient\u00edfica (5) cinco, Total (12) doze.<\/p>\n<p>10. T\u00edtulo do projeto PIBIC\/UERN 2019\/2020: Caminhos da doc\u00eancia em Educa\u00e7\u00e3o F\u00edsica: O desvelar do sujeito em forma\u00e7\u00e3o. Coordena\u00e7\u00e3o: Su\u00eania de Lima Duarte<\/p>\n<p>Membros discentes (3): Leilia Roseane da Costa Silva; Maria do Desterro Ciriaco de Souza e Ricardo dos Santos Pereira.<\/p>\n<p>11. &#8220;Afetividade nas aulas de Educa\u00e7\u00e3o F\u00edsica&#8221; \u2013 Coordenadora: Suenia Duarte. Helder Cavalcante C\u00e2mara e Dandara Queiroga de Oliveira Sousa como professores membros. Aprovado em departamento e devera ser institucionalizado para desenvolvimento breve.<\/p>\n<p>12. AVALIA\u00c7\u00c3O DAS POLITICAS DE PROMO\u00c7\u00c3O A SA\u00daDE (ATIVIDADE F\u00cdSICA\/PR\u00c1TICAS CORPORAIS) NA VI REGI\u00c3O DO SEMI\u00c1RIDO POTIGUAR. PIBIC 2019\/2020. PROF. THEMIS SOARES\/ BOLSISTA: MARIA EDNA BEZERRA<\/p>\n<p>PROJETOS JUNTO AO PLANDITES \u2013 PROF THEMIS SOARES:<\/p>\n<ul>\n<li>POL\u00cdTICA NACIONAL DE ATEN\u00c7\u00c3O INTEGRAL \u00c0 SA\u00daDE DO HOMEM: UM OLHAR SOBRE A IMPLEMENTA\u00c7\u00c3O NO ALTO OESTE POTIGUAR\/RN \u2013 GIANNE ALVES<\/li>\n<li>POL\u00cdTICAS DE PROMO\u00c7\u00c3O A SA\u00daDE (ATIVIDADE F\u00cdSICA\/PR\u00c1TICAS CORPORAIS) NA VI REGI\u00c3O DO SEMI\u00c1RIDO POTIGUAR \u2013 ELISSON JEFFERSON<\/li>\n<li>UM DIAL\u00d3GO SOBRE VULNERABILIDADE DO HIV\/AIDS ENTRE IDOSOS &#8211; JENIFER THAIS LIMA<\/li>\n<li>UM OLHAR NAS A\u00c7\u00d5ES DE EDUCA\u00c7\u00c3O EM SA\u00daDE DA VI REGI\u00c3O NO RIO GRANDE DO NORTE \u2013 VANIA PESSOA<\/li>\n<li>IDENTIDADE TERRITORIAL DOS MORADORES DA VILA APARECIDA: um olhar sobre a fronteira interna entre Lu\u00eds Gomes (RN) e Uira\u00fana (PB) \u2013 CARLOS HENRIQUE SILVA<\/li>\n<\/ul>\n<h6>11. N\u00daMEROS DE MEMBROS NOS RESPECTIVOS PROJETOS:<\/h6>\n<p>Previsto (51 sujeitos) + volunt\u00e1rios e discentes dos projetos TCC<br \/>\nREDE MADDIS (6)<br \/>\nNOS PROJETOS PIBICS (13)<br \/>\nRESPED (20<br \/>\nPIBID (12)<\/p>\n<h3>LABORAT\u00d3RIO DE MEDIDAS E AVALIA\u00c7\u00c3O (LABMA)<\/h3>\n<p>Coordenador(a); Prof.\u00aa Dr.\u00aa Maria L\u00facia Lira de Andrade<\/p>\n","protected":false},"excerpt":{"rendered":"<p>GRUPO DE PESQUISA EDUCA\u00c7\u00c3O F\u00cdSICA, SOCIEDADE E SA\u00daDE 1. SITUA\u00c7\u00c3O DO GRUPO DE PESQUISA : Ativo 2. ANO DE FORMA\u00c7\u00c3O: 2008 3. LIDER(ES) DO GRUPO: LIDER: Prof. Dra Themis C. M. Soares VICE-LIDER: Prof. Ms Suenia Duarte 4. \u00c1REA PREDOMINANTE: Ci\u00eancias da Sa\u00fade; Educa\u00e7\u00e3o F\u00edsica 5. LINHA(S) DE PESQUISA: \u00a0Atividade f\u00edsica e sa\u00fade: Themis e [&hellip;]<\/p>\n","protected":false},"author":1,"featured_media":0,"parent":0,"menu_order":0,"comment_status":"closed","ping_status":"closed","template":"","meta":{"footnotes":""},"class_list":["post-447","page","type-page","status-publish","hentry"],"_links":{"self":[{"href":"https:\/\/portal.uern.br\/paudosferros\/def\/wp-json\/wp\/v2\/pages\/447","targetHints":{"allow":["GET"]}}],"collection":[{"href":"https:\/\/portal.uern.br\/paudosferros\/def\/wp-json\/wp\/v2\/pages"}],"about":[{"href":"https:\/\/portal.uern.br\/paudosferros\/def\/wp-json\/wp\/v2\/types\/page"}],"author":[{"embeddable":true,"href":"https:\/\/portal.uern.br\/paudosferros\/def\/wp-json\/wp\/v2\/users\/1"}],"replies":[{"embeddable":true,"href":"https:\/\/portal.uern.br\/paudosferros\/def\/wp-json\/wp\/v2\/comments?post=447"}],"version-history":[{"count":1,"href":"https:\/\/portal.uern.br\/paudosferros\/def\/wp-json\/wp\/v2\/pages\/447\/revisions"}],"predecessor-version":[{"id":448,"href":"https:\/\/portal.uern.br\/paudosferros\/def\/wp-json\/wp\/v2\/pages\/447\/revisions\/448"}],"wp:attachment":[{"href":"https:\/\/portal.uern.br\/paudosferros\/def\/wp-json\/wp\/v2\/media?parent=447"}],"curies":[{"name":"wp","href":"https:\/\/api.w.org\/{rel}","templated":true}]}}