{"id":445,"date":"2023-02-26T20:05:57","date_gmt":"2023-02-26T23:05:57","guid":{"rendered":"https:\/\/portal.uern.br\/paudosferros\/def\/?page_id=445"},"modified":"2025-07-17T10:52:02","modified_gmt":"2025-07-17T13:52:02","slug":"docentes","status":"publish","type":"page","link":"https:\/\/portal.uern.br\/paudosferros\/def\/docentes\/","title":{"rendered":"Docentes"},"content":{"rendered":"<h1>CORPO DOCENTE &#8211; EFETIVO<\/h1>\n<p>&nbsp;<\/p>\n<p><img decoding=\"async\" class=\"alignnone wp-image-857 size-thumbnail\" src=\"https:\/\/portal.uern.br\/paudosferros\/def\/wp-content\/uploads\/sites\/16\/2024\/01\/Dandara-lats-1-150x150.jpg\" alt=\"\" width=\"150\" height=\"150\" \/><\/p>\n<p>PROFESSORA:<strong>\u00a0Dandara Queiroga de Oliveira Sousa<\/strong><\/p>\n<p>FORMA\u00c7\u00c3O:<strong>\u00a0Mestre<\/strong><\/p>\n<p>CARGO:\u00a0<strong>Efetivo<br \/>\n<\/strong><\/p>\n<p>CURR\u00cdCULO LATTES:\u00a0<a href=\"http:\/\/lattes.cnpq.br\/2567679047551260\" target=\"_blank\" rel=\"noopener\"><strong>LINK\u00a0<\/strong><\/a><\/p>\n<p>E-MAIL:\u00a0<strong><a href=\"mailto:dandaraqueiroga@uern.br\">dandaraqueiroga@uern.br<\/a><\/strong><\/p>\n<p>&nbsp;<\/p>\n<p><img decoding=\"async\" class=\"alignnone wp-image-856 size-thumbnail\" src=\"https:\/\/portal.uern.br\/paudosferros\/def\/wp-content\/uploads\/sites\/16\/2024\/01\/Gama-lats-1-150x150.jpg\" alt=\"\" width=\"150\" height=\"150\" \/><\/p>\n<p>PROFESSOR:<strong>\u00a0Francisco Gama da Silva<br \/>\n<\/strong><\/p>\n<p>FORMA\u00c7\u00c3O:<strong>\u00a0Mestre<\/strong><\/p>\n<p>CARGO:\u00a0<strong>Efetivo<br \/>\n<\/strong><\/p>\n<p>CURR\u00cdCULO LATTES:\u00a0<a href=\"http:\/\/lattes.cnpq.br\/4191951367225164\" target=\"_blank\" rel=\"noopener\"><strong>LINK\u00a0<\/strong><\/a><\/p>\n<p>E-MAIL:\u00a0<strong><a href=\"mailto:franciscogama@uern.br\">franciscogama@uern.br<\/a><\/strong><\/p>\n<p>&nbsp;<\/p>\n<p><img decoding=\"async\" class=\"alignnone wp-image-855 size-thumbnail\" src=\"https:\/\/portal.uern.br\/paudosferros\/def\/wp-content\/uploads\/sites\/16\/2024\/01\/Helder-lats-1-150x150.jpg\" alt=\"\" width=\"150\" height=\"150\" \/><\/p>\n<p>PROFESSOR:<strong>\u00a0Helder Cavalcante C\u00e2mara<br \/>\n<\/strong><\/p>\n<p>FORMA\u00c7\u00c3O:<strong>\u00a0Mestre<\/strong><\/p>\n<p>CARGO:\u00a0<strong>Efetivo<br \/>\n<\/strong><\/p>\n<p>CURR\u00cdCULO LATTES:\u00a0<a href=\"http:\/\/lattes.cnpq.br\/9869136943013819\" target=\"_blank\" rel=\"noopener\"><strong>LINK\u00a0<\/strong><\/a><\/p>\n<p>E-MAIL:\u00a0<strong><a href=\"mailto:heldercavalcante@uern.br\">heldercavalcante@uern.br<\/a><\/strong><\/p>\n<p>&nbsp;<\/p>\n<p><img loading=\"lazy\" decoding=\"async\" class=\"alignnone wp-image-854 size-thumbnail\" src=\"https:\/\/portal.uern.br\/paudosferros\/def\/wp-content\/uploads\/sites\/16\/2024\/01\/leonardo-lattes-1-150x150.jpg\" alt=\"\" width=\"150\" height=\"150\" \/><\/p>\n<p>PROFESSOR:<strong>\u00a0Leonardo Rocha da Gama<\/strong><\/p>\n<p>FORMA\u00c7\u00c3O:<strong>\u00a0Mestre<\/strong><\/p>\n<p>CARGO:\u00a0<strong>Efetivo<br \/>\n<\/strong><\/p>\n<p>CURR\u00cdCULO LATTES:\u00a0<strong><a href=\"http:\/\/lattes.cnpq.br\/3773005402983623\" target=\"_blank\" rel=\"noopener\">LINK<\/a>\u00a0<\/strong><\/p>\n<p>E-MAIL:\u00a0<a href=\"mailto:leonardogama@uern.br\"><strong>leonardogama@uern.br<\/strong><\/a><\/p>\n<p>&nbsp;<\/p>\n<p><img loading=\"lazy\" decoding=\"async\" class=\"alignnone wp-image-853\" src=\"https:\/\/portal.uern.br\/paudosferros\/def\/wp-content\/uploads\/sites\/16\/2024\/01\/Marcos-antonio-Lattes-1.jpg\" alt=\"\" width=\"150\" height=\"118\" \/><\/p>\n<p>PROFESFOR:<strong>\u00a0Marcos Ant\u00f4nio da Silva<\/strong><\/p>\n<p>FORMA\u00c7\u00c3O:<strong>\u00a0Mestre<\/strong><\/p>\n<p>CARGO:\u00a0<strong>Efetivo<br \/>\n<\/strong><\/p>\n<p>CURR\u00cdCULO LATTES:\u00a0<a href=\"http:\/\/lattes.cnpq.br\/3390259789853890\" target=\"_blank\" rel=\"noopener\"><strong>LINK\u00a0<\/strong><\/a><\/p>\n<p>E-MAIL:<a href=\"mailto:marcosantonio@uern.br\"><strong>\u00a0marcosantonio@uern.br<\/strong><\/a><\/p>\n<p>&nbsp;<\/p>\n<p><img loading=\"lazy\" decoding=\"async\" class=\"alignnone wp-image-852 size-thumbnail\" src=\"https:\/\/portal.uern.br\/paudosferros\/def\/wp-content\/uploads\/sites\/16\/2024\/01\/Ione-lattes-1-150x150.jpg\" alt=\"\" width=\"150\" height=\"150\" \/><\/p>\n<p>PROFESSORA:\u00a0<strong>Maria Ione da Silva<br \/>\n<\/strong><\/p>\n<p>FORMA\u00c7\u00c3O:<strong>\u00a0Doutora<\/strong><\/p>\n<p>CARGO:\u00a0<strong>Efetivo<br \/>\n<\/strong><\/p>\n<p>CURR\u00cdCULO LATTES:\u00a0<a href=\"http:\/\/lattes.cnpq.br\/8351602063804501\" target=\"_blank\" rel=\"noopener\"><strong>LINK\u00a0<\/strong><\/a><\/p>\n<p>E-MAIL:<a href=\"mailto:ionesilva@uern.br\"><strong>\u00a0ionesilva@uern.br<\/strong><\/a><\/p>\n<p>&nbsp;<\/p>\n<p><img loading=\"lazy\" decoding=\"async\" class=\"alignnone wp-image-851 size-thumbnail\" src=\"https:\/\/portal.uern.br\/paudosferros\/def\/wp-content\/uploads\/sites\/16\/2024\/01\/Lucia-lattes-1-150x150.jpg\" alt=\"\" width=\"150\" height=\"150\" \/><\/p>\n<p>PROFESSORA:\u00a0<strong>Maria L\u00facia Lira de Andrade<br \/>\n<\/strong><\/p>\n<p>FORMA\u00c7\u00c3O:<strong>\u00a0Doutora<\/strong><\/p>\n<p>CARGO:\u00a0<strong>Efetivo<br \/>\n<\/strong><\/p>\n<p>CURR\u00cdCULO LATTES:\u00a0<strong><a href=\"http:\/\/lattes.cnpq.br\/1232534928540545\" target=\"_blank\" rel=\"noopener\">LINK<\/a>\u00a0<\/strong><\/p>\n<p>E-MAIL:<strong>\u00a0<a href=\"mailto:lucialira@uern.br\">lucialira@uern.br<\/a><\/strong><\/p>\n<p>&nbsp;<\/p>\n<p><img loading=\"lazy\" decoding=\"async\" class=\"alignnone wp-image-1031 size-thumbnail\" src=\"https:\/\/portal.uern.br\/paudosferros\/def\/wp-content\/uploads\/sites\/16\/2025\/07\/Napoleao-Diogenes-scaled-e1752759496556-150x150.jpg\" alt=\"\" width=\"150\" height=\"150\" \/><\/p>\n<p>PROFESSOR:<strong>\u00a0Napole\u00e3o Di\u00f3genes Pessoa Neto<\/strong><\/p>\n<p>FORMA\u00c7\u00c3O:<strong>\u00a0Especialista<\/strong><\/p>\n<p>CARGO:\u00a0<strong>Efetivo<br \/>\n<\/strong><\/p>\n<p>CURR\u00cdCULO LATTES:\u00a0<a href=\"http:\/\/lattes.cnpq.br\/2059202557335899\" target=\"_blank\" rel=\"noopener\"><strong>LINK\u00a0<\/strong><\/a><\/p>\n<p>E-MAIL:<strong>\u00a0<a href=\"mailto:napoleaodiogenes@uern.br\">napoleaodiogenes@uern.br<\/a><\/strong><\/p>\n<p>&nbsp;<\/p>\n<p><img loading=\"lazy\" decoding=\"async\" class=\"alignnone wp-image-850 size-thumbnail\" src=\"https:\/\/portal.uern.br\/paudosferros\/def\/wp-content\/uploads\/sites\/16\/2024\/01\/Suenia-lattes-1-150x150.jpg\" alt=\"\" width=\"150\" height=\"150\" \/><\/p>\n<p>PROFESSORA:\u00a0<strong>Su\u00eania de Lima Duarte<br \/>\n<\/strong><\/p>\n<p>FORMA\u00c7\u00c3O:<strong>\u00a0Mestre<\/strong><\/p>\n<p>CARGO:\u00a0<strong>Efetivo<br \/>\n<\/strong><\/p>\n<p>CURR\u00cdCULO LATTES:\u00a0<strong><a href=\"http:\/\/lattes.cnpq.br\/1492270470821656\" target=\"_blank\" rel=\"noopener\">LINK<\/a>\u00a0<\/strong><\/p>\n<p>E-MAIL:<strong>\u00a0<a href=\"mailto:limaduarte@uern.bt\">limaduarte@uern.br<\/a><\/strong><\/p>\n<p>&nbsp;<\/p>\n<p><img loading=\"lazy\" decoding=\"async\" class=\"alignnone wp-image-849 size-thumbnail\" src=\"https:\/\/portal.uern.br\/paudosferros\/def\/wp-content\/uploads\/sites\/16\/2024\/01\/Themis-lattes-1-150x150.jpg\" alt=\"\" width=\"150\" height=\"150\" \/><\/p>\n<p>PROFESSORA:\u00a0<strong>Themis Cristina Mesquita Soares<br \/>\n<\/strong><\/p>\n<p>FORMA\u00c7\u00c3O:<strong>\u00a0Doutora<\/strong><\/p>\n<p>CARGO:\u00a0<strong>Efetivo<br \/>\n<\/strong><\/p>\n<p>CURR\u00cdCULO LATTES:\u00a0<a href=\"http:\/\/lattes.cnpq.br\/8186458525576176\" target=\"_blank\" rel=\"noopener\"><strong>LINK\u00a0<\/strong><\/a><\/p>\n<p>E-MAIL:<strong>\u00a0<a href=\"mailto:themissoares@uern.br\">themissoares@uern.br<\/a><\/strong><\/p>\n<p>&nbsp;<\/p>\n<p><img loading=\"lazy\" decoding=\"async\" class=\"alignnone wp-image-848 size-thumbnail\" src=\"https:\/\/portal.uern.br\/paudosferros\/def\/wp-content\/uploads\/sites\/16\/2024\/01\/Ubilina-Lattes-1-150x150.jpg\" alt=\"\" width=\"150\" height=\"150\" \/><\/p>\n<p>PROFESSORA: <strong>Ubilina Maria da Concei\u00e7\u00e3o Maia<br \/>\n<\/strong><\/p>\n<p>FORMA\u00c7\u00c3O:<strong>\u00a0Mestre<\/strong><\/p>\n<p>CARGO:\u00a0<strong>Efetivo<br \/>\n<\/strong><\/p>\n<p>CURR\u00cdCULO LATTES:\u00a0<strong><a href=\"http:\/\/lattes.cnpq.br\/0312215370188308\" target=\"_blank\" rel=\"noopener\">LINK<\/a>\u00a0<\/strong><\/p>\n<p>E-MAIL:<strong>\u00a0<a href=\"mailto:ubilinamaia@uern.br\">ubilinamaia@uern.br<\/a><\/strong><\/p>\n<p>&nbsp;<\/p>\n<h1>DOCENTES TEMPOR\u00c1RIOS<\/h1>\n<p>&nbsp;<\/p>\n<p><img loading=\"lazy\" decoding=\"async\" class=\"alignnone wp-image-1013\" src=\"https:\/\/portal.uern.br\/paudosferros\/def\/wp-content\/uploads\/sites\/16\/2025\/07\/Melissa-fernanda--298x300.jpg\" alt=\"\" width=\"150\" height=\"151\" srcset=\"https:\/\/portal.uern.br\/paudosferros\/def\/wp-content\/uploads\/sites\/16\/2025\/07\/Melissa-fernanda--298x300.jpg 298w, https:\/\/portal.uern.br\/paudosferros\/def\/wp-content\/uploads\/sites\/16\/2025\/07\/Melissa-fernanda--150x150.jpg 150w, https:\/\/portal.uern.br\/paudosferros\/def\/wp-content\/uploads\/sites\/16\/2025\/07\/Melissa-fernanda--768x772.jpg 768w, https:\/\/portal.uern.br\/paudosferros\/def\/wp-content\/uploads\/sites\/16\/2025\/07\/Melissa-fernanda-.jpg 887w\" sizes=\"(max-width: 150px) 100vw, 150px\" \/><\/p>\n<p>PROFESSORA:<strong> Mellissa Fernanda Gomes da Silva<\/strong><\/p>\n<p>FORMA\u00c7\u00c3O:<strong> Doutora<\/strong><\/p>\n<p>CARGO:\u00a0<strong>Contrato Tempor\u00e1rio<br \/>\n<\/strong><\/p>\n<p>CURR\u00cdCULO LATTES:<a href=\"https:\/\/buscatextual.cnpq.br\/buscatextual\/visualizacv.do?id=K4759543E0&amp;tokenCaptchar=03AFcWeA64vXVBdQaEW8F0Bp_sEHRyiwbLYyQJc6m5VT0Ru7Snu4_0UFZp4QOxMZAceu3onkcM5fKvDYQnAef-h29TF7DmWlCxNFPI7EQnudRBXg41DFyWIyFUi-70RWOAhPT0SgS7tADaFh0LtBc5PL0U9wra7EwWo3ev4gKgC9jujgUob2bfXe8aHlqq-kPaxfQC1JCfgVWRxnzlCbpYc9e85TB8bbZln0l4OJNSie7aFAE9p3dbG3PeziFJ-WBqJMc9tjS0HUaT5I2X04NefncyCGtPpDoN4NzGJe5trrDYC9w_gsS5XB5pKmXgnz73oTxaQ9lIh7ncCA3tfEtObaypZEy1tSsEJdAxMiQI_pTi2pfw7SEh7fpWaRGboqjoZXh174-ZKtwTeoBXSY-YlhrL-B-J78mG7G1xygOiwlCFxs5_1SMmLQeK2x4XVH6CTJ2O-ctfNecu5jfCJfaLCLwJJjL9cGeo4FxnAJnJyb-8mjMWl4nkbJiXoNsSkh-4v8PDVtuQqDoRzJb1VXk8C3q7f3OF9lGz9z5OWgQUVSTXqdifrB1I9ftr13SpESXmXrzey_cUaLhvyfCyWVuZ9IaslE8KiA9eNVcm810s0zmyeCmCgJl5_ox2Im6_6Trn45e9BNJMjLvh02wfCQAaL719xDJEJk3qU8DkEZf-4Vu6uI58rc2j964tFEqyA4-tPfxb_Zs5mkk_uFNuFVQbR17DJvF1oO4IeMFdy2eq8AYtcwOF65NS_2eJDy8eQ15QBTDLpUBp8x7FgcVc_05ewb-JXn4LGG6i862YhD1gdswfva4bNa0SBx76tr25GGEoOJ7Awrjfi1Bs58yim6J60VlgTgB_VzC8ne0AoaR_rA_DP2Peyw7gWPtUzAqwTsD9ef8VSY48P9ddpwy3oC70RmoGL2TBVTpi1Q\" target=\"_blank\" rel=\"noopener\">\u00a0<strong>LINK\u00a0<\/strong><\/a><\/p>\n<p>E-MAIL: <a href=\"mellissafernanda@uern.br\">mellissafernanda@uern.br<\/a><\/p>\n<p>&nbsp;<\/p>\n<p><img loading=\"lazy\" decoding=\"async\" class=\"alignnone wp-image-1016 size-thumbnail\" src=\"https:\/\/portal.uern.br\/paudosferros\/def\/wp-content\/uploads\/sites\/16\/2025\/07\/Kassio-formiga--150x150.jpg\" alt=\"\" width=\"150\" height=\"150\" \/><\/p>\n<p>PROFESSOR:<strong> K\u00e1ssio Formiga da Cruz<\/strong><\/p>\n<p>FORMA\u00c7\u00c3O:<strong> Mestre<\/strong><\/p>\n<p>CARGO:\u00a0<strong>Contrato Tempor\u00e1rio<br \/>\n<\/strong><\/p>\n<p>CURR\u00cdCULO LATTES:\u00a0<a href=\"https:\/\/buscatextual.cnpq.br\/buscatextual\/visualizacv.do?id=K8077653H9&amp;tokenCaptchar=03AFcWeA4wzTVwsi35uIBlwxv-L0Fkf4-F3AaBUXvNfRfuVio1FrlSOcfUCsl5BDIlXeEe7n4T4nyVNvhww5ridW32B6jR5s-bw8CFyTg-UWPH9ZXnz7U0qeL3U9v80YuGIJckWifsRuJ68ICo4WH9EJ68whfo_ci9u_CryWmtA5EfLHrp1dQJBncytfVA9iSzsGAigPMNBNTly4xFC_0VwYt5LNek5uu-4tmkEmdWMCCmB3Py7uxV2uiKWzcbPdvTL8Ex394r1N-wAn3w6b8efSx56LjVkiWFIvi1tuYlPSV-cBpeV-K9_0ix7zmdP-8Os_FFfgEelXpKDZQ63X712WBw1r0ZzEQQ5zw4osXXJJ1gTJTRNN8e3asNVAsL5WxyJ8nv_NoVnSQoZlghFUzML_GoWH5-N8jq1bCg-0r0-3mbKWMB3kKn_-UXfH1i_NU3mSXIKZLI2CGaStrkFGJklAbKKOHVaSSslyg2kvamMcoB_-rRDybcTFE6YKGMMjK0oaaKe5RspkCa1iMQhzl6kluT9mAxUeLR-jF-IwInveBwaV4LezfjYWf6tsj3NFEvFPyyhOkZa_a7AXpVdwh6mP5si7JAXYrkVaR6mzZRaLMcYXjgJQxaNifraVOBXoY3IU9hLhlNvQcpv4qV71nbQKGz0IYppag4SlkfEQhKOHYc8KbyX1I5lG_NiFyccOckaZefYzwej5GAeVTqt1sCb35C78TY8rpby_7vUvKPLdTSB8Dq58Vtqc45CEky7tPssUlERvx-RGURGQdHrNJtgooMHV1vBeLKEHlMqK_TPHXdUINPGkeJ3orzPH_8qDSnH2j5zzQeMmbdDKoptpIsD9cgqh47JQiMTw7anBrRVX-dh5-1-og6ezkjOsD3D9VCSSHU2WZvfx7Ia-AdKZzz0YxAWlXz2LxsWHOXxf6Vu2rMsT1orvGH7tA\" target=\"_blank\" rel=\"noopener\"><strong>LINK\u00a0<\/strong><\/a><\/p>\n<p>E-MAIL: <a href=\"kassioformiga@uern.br\" target=\"_parent\" rel=\"noopener\">kassioformiga@uern.br<\/a><\/p>\n<p>&nbsp;<\/p>\n<p>&nbsp;<\/p>\n","protected":false},"excerpt":{"rendered":"<p>CORPO DOCENTE &#8211; EFETIVO &nbsp; PROFESSORA:\u00a0Dandara Queiroga de Oliveira Sousa FORMA\u00c7\u00c3O:\u00a0Mestre CARGO:\u00a0Efetivo CURR\u00cdCULO LATTES:\u00a0LINK\u00a0 E-MAIL:\u00a0dandaraqueiroga@uern.br &nbsp; PROFESSOR:\u00a0Francisco Gama da Silva FORMA\u00c7\u00c3O:\u00a0Mestre CARGO:\u00a0Efetivo CURR\u00cdCULO LATTES:\u00a0LINK\u00a0 E-MAIL:\u00a0franciscogama@uern.br &nbsp; PROFESSOR:\u00a0Helder Cavalcante C\u00e2mara FORMA\u00c7\u00c3O:\u00a0Mestre CARGO:\u00a0Efetivo CURR\u00cdCULO LATTES:\u00a0LINK\u00a0 E-MAIL:\u00a0heldercavalcante@uern.br &nbsp; PROFESSOR:\u00a0Leonardo Rocha da Gama FORMA\u00c7\u00c3O:\u00a0Mestre CARGO:\u00a0Efetivo CURR\u00cdCULO LATTES:\u00a0LINK\u00a0 E-MAIL:\u00a0leonardogama@uern.br &nbsp; PROFESFOR:\u00a0Marcos Ant\u00f4nio da Silva FORMA\u00c7\u00c3O:\u00a0Mestre CARGO:\u00a0Efetivo CURR\u00cdCULO LATTES:\u00a0LINK\u00a0 E-MAIL:\u00a0marcosantonio@uern.br &nbsp; [&hellip;]<\/p>\n","protected":false},"author":1,"featured_media":0,"parent":0,"menu_order":0,"comment_status":"closed","ping_status":"closed","template":"","meta":{"footnotes":""},"class_list":["post-445","page","type-page","status-publish","hentry"],"_links":{"self":[{"href":"https:\/\/portal.uern.br\/paudosferros\/def\/wp-json\/wp\/v2\/pages\/445","targetHints":{"allow":["GET"]}}],"collection":[{"href":"https:\/\/portal.uern.br\/paudosferros\/def\/wp-json\/wp\/v2\/pages"}],"about":[{"href":"https:\/\/portal.uern.br\/paudosferros\/def\/wp-json\/wp\/v2\/types\/page"}],"author":[{"embeddable":true,"href":"https:\/\/portal.uern.br\/paudosferros\/def\/wp-json\/wp\/v2\/users\/1"}],"replies":[{"embeddable":true,"href":"https:\/\/portal.uern.br\/paudosferros\/def\/wp-json\/wp\/v2\/comments?post=445"}],"version-history":[{"count":21,"href":"https:\/\/portal.uern.br\/paudosferros\/def\/wp-json\/wp\/v2\/pages\/445\/revisions"}],"predecessor-version":[{"id":1032,"href":"https:\/\/portal.uern.br\/paudosferros\/def\/wp-json\/wp\/v2\/pages\/445\/revisions\/1032"}],"wp:attachment":[{"href":"https:\/\/portal.uern.br\/paudosferros\/def\/wp-json\/wp\/v2\/media?parent=445"}],"curies":[{"name":"wp","href":"https:\/\/api.w.org\/{rel}","templated":true}]}}