{"id":441,"date":"2023-02-26T19:56:52","date_gmt":"2023-02-26T22:56:52","guid":{"rendered":"https:\/\/portal.uern.br\/paudosferros\/def\/?page_id=441"},"modified":"2025-07-17T10:07:27","modified_gmt":"2025-07-17T13:07:27","slug":"matriz-curricular","status":"publish","type":"page","link":"https:\/\/portal.uern.br\/paudosferros\/def\/matriz-curricular\/","title":{"rendered":"Matriz Curricular"},"content":{"rendered":"<p><a href=\"https:\/\/portal.uern.br\/paudosferros\/def\/wp-content\/uploads\/sites\/16\/2024\/02\/Matriz-2015.1-SIGAA.pdf\" target=\"_blank\" rel=\"noopener\">MATRIZ CURRICULAR 2015.1<\/a><\/p>\n<p><a href=\"https:\/\/portal.uern.br\/paudosferros\/def\/wp-content\/uploads\/sites\/16\/2024\/02\/Matriz-2020.1-SIGAA.pdf\" target=\"_blank\" rel=\"noopener\">MATRIZ CURRICULAR 2020.1<\/a><\/p>\n<p><a href=\"https:\/\/portal.uern.br\/paudosferros\/def\/wp-content\/uploads\/sites\/16\/2024\/01\/Matriz-curricular-ABI-2023.1-DEF-CAPF.pdf\">MATRIZ CURRICULAR 2023.1 &#8211; FORMA\u00c7\u00c3O ABI<\/a><\/p>\n<ul style=\"list-style-type: disc\">\n<li><span style=\"font-size: 8pt\"><a href=\"https:\/\/portal.uern.br\/paudosferros\/def\/wp-content\/uploads\/sites\/16\/2024\/01\/Matriz-2023.1-SIGAA.pdf\">FORMA\u00c7\u00c3O ABI ETAPA COMUM &#8211; COM C\u00d3DIGOS DAS DISCIPLINAS<\/a><\/span><\/li>\n<li><a href=\"https:\/\/portal.uern.br\/paudosferros\/def\/wp-content\/uploads\/sites\/16\/2025\/07\/ABI-Etapa-especifica-LICENCIATURA-ATIVA-.pdf\"><span style=\"font-size: 8pt\">ABI ETAPA ESPEC\u00cdFICA LICENCIATURA &#8211; COM C\u00d3DIGOS DAS DISCIPLINAS<\/span><\/a><\/li>\n<li><a href=\"https:\/\/portal.uern.br\/paudosferros\/def\/wp-content\/uploads\/sites\/16\/2025\/07\/ABI-Etapa-especifica-BACHARELADO-ativa.pdf\"><span style=\"font-size: 8pt\">ABI ETAPA ESPEC\u00cdFICA BACHARELADO &#8211; COM C\u00d3DIGOS DAS DISCIPLINAS<\/span><\/a><\/li>\n<\/ul>\n<p>&nbsp;<\/p>\n","protected":false},"excerpt":{"rendered":"<p>MATRIZ CURRICULAR 2015.1 MATRIZ CURRICULAR 2020.1 MATRIZ CURRICULAR 2023.1 &#8211; FORMA\u00c7\u00c3O ABI FORMA\u00c7\u00c3O ABI ETAPA COMUM &#8211; COM C\u00d3DIGOS DAS DISCIPLINAS ABI ETAPA ESPEC\u00cdFICA LICENCIATURA &#8211; COM C\u00d3DIGOS DAS DISCIPLINAS ABI ETAPA ESPEC\u00cdFICA BACHARELADO &#8211; COM C\u00d3DIGOS DAS DISCIPLINAS &nbsp;<\/p>\n","protected":false},"author":1,"featured_media":0,"parent":0,"menu_order":0,"comment_status":"closed","ping_status":"closed","template":"","meta":{"footnotes":""},"class_list":["post-441","page","type-page","status-publish","hentry"],"_links":{"self":[{"href":"https:\/\/portal.uern.br\/paudosferros\/def\/wp-json\/wp\/v2\/pages\/441","targetHints":{"allow":["GET"]}}],"collection":[{"href":"https:\/\/portal.uern.br\/paudosferros\/def\/wp-json\/wp\/v2\/pages"}],"about":[{"href":"https:\/\/portal.uern.br\/paudosferros\/def\/wp-json\/wp\/v2\/types\/page"}],"author":[{"embeddable":true,"href":"https:\/\/portal.uern.br\/paudosferros\/def\/wp-json\/wp\/v2\/users\/1"}],"replies":[{"embeddable":true,"href":"https:\/\/portal.uern.br\/paudosferros\/def\/wp-json\/wp\/v2\/comments?post=441"}],"version-history":[{"count":13,"href":"https:\/\/portal.uern.br\/paudosferros\/def\/wp-json\/wp\/v2\/pages\/441\/revisions"}],"predecessor-version":[{"id":1026,"href":"https:\/\/portal.uern.br\/paudosferros\/def\/wp-json\/wp\/v2\/pages\/441\/revisions\/1026"}],"wp:attachment":[{"href":"https:\/\/portal.uern.br\/paudosferros\/def\/wp-json\/wp\/v2\/media?parent=441"}],"curies":[{"name":"wp","href":"https:\/\/api.w.org\/{rel}","templated":true}]}}