{"id":439,"date":"2023-02-26T19:56:25","date_gmt":"2023-02-26T22:56:25","guid":{"rendered":"https:\/\/portal.uern.br\/paudosferros\/def\/?page_id=439"},"modified":"2025-10-29T08:25:36","modified_gmt":"2025-10-29T11:25:36","slug":"projeto-pedagogico","status":"publish","type":"page","link":"https:\/\/portal.uern.br\/paudosferros\/def\/projeto-pedagogico\/","title":{"rendered":"Projeto Pedag\u00f3gico"},"content":{"rendered":"<p><a href=\"http:\/\/www.uern.br\/controledepaginas\/curso-educacaofisica-pferros-PROJETOPEDAGOGICO\/arquivos\/7117ppc_2015_completo.pdf\" target=\"_blank\" rel=\"noopener\">PROJETO PEDAG\u00d3GICO 2015.1 (Matriz extinta)<\/a><\/p>\n<p><a href=\"https:\/\/portal.uern.br\/paudosferros\/def\/wp-content\/uploads\/sites\/16\/2025\/10\/PPC-Educacao-Fisica-2020.1-LICENCIATIRA-ULTIMA-VERSAO.pdf\" target=\"_blank\" rel=\"noopener\">PROJETO PEDAG\u00d3GICO 2020.1<\/a><\/p>\n<p><a href=\"https:\/\/portal.uern.br\/paudosferros\/def\/wp-content\/uploads\/sites\/16\/2025\/10\/PPC_2023_ABI_EF_CAPF_final-ULTIMA-VERSAO-.pdf\" target=\"_blank\" rel=\"noopener\">PROJETO PEDAG\u00d3GICO 2023.1<\/a><\/p>\n","protected":false},"excerpt":{"rendered":"<p>PROJETO PEDAG\u00d3GICO 2015.1 (Matriz extinta) PROJETO PEDAG\u00d3GICO 2020.1 PROJETO PEDAG\u00d3GICO 2023.1<\/p>\n","protected":false},"author":1,"featured_media":0,"parent":0,"menu_order":0,"comment_status":"closed","ping_status":"closed","template":"","meta":{"footnotes":""},"class_list":["post-439","page","type-page","status-publish","hentry"],"_links":{"self":[{"href":"https:\/\/portal.uern.br\/paudosferros\/def\/wp-json\/wp\/v2\/pages\/439","targetHints":{"allow":["GET"]}}],"collection":[{"href":"https:\/\/portal.uern.br\/paudosferros\/def\/wp-json\/wp\/v2\/pages"}],"about":[{"href":"https:\/\/portal.uern.br\/paudosferros\/def\/wp-json\/wp\/v2\/types\/page"}],"author":[{"embeddable":true,"href":"https:\/\/portal.uern.br\/paudosferros\/def\/wp-json\/wp\/v2\/users\/1"}],"replies":[{"embeddable":true,"href":"https:\/\/portal.uern.br\/paudosferros\/def\/wp-json\/wp\/v2\/comments?post=439"}],"version-history":[{"count":7,"href":"https:\/\/portal.uern.br\/paudosferros\/def\/wp-json\/wp\/v2\/pages\/439\/revisions"}],"predecessor-version":[{"id":1037,"href":"https:\/\/portal.uern.br\/paudosferros\/def\/wp-json\/wp\/v2\/pages\/439\/revisions\/1037"}],"wp:attachment":[{"href":"https:\/\/portal.uern.br\/paudosferros\/def\/wp-json\/wp\/v2\/media?parent=439"}],"curies":[{"name":"wp","href":"https:\/\/api.w.org\/{rel}","templated":true}]}}