{"id":840,"date":"2023-07-19T19:33:40","date_gmt":"2023-07-19T22:33:40","guid":{"rendered":"https:\/\/portal.uern.br\/paudosferros\/cienciaseconomicas\/?page_id=840"},"modified":"2023-07-19T19:33:40","modified_gmt":"2023-07-19T22:33:40","slug":"tutoriais","status":"publish","type":"page","link":"https:\/\/portal.uern.br\/paudosferros\/cienciaseconomicas\/tutoriais\/","title":{"rendered":"Tutoriais"},"content":{"rendered":"<p>Prezados(as) alunos(as)<\/p>\n<p>\u00c9 atrav\u00e9s do e-mail institucional que ocorre a comunica\u00e7\u00e3o acad\u00eamica na UERN. Confere como \u00e9 r\u00e1pido e pr\u00e1tico criar seu email &#8211;\u00a0<a href=\"http:\/\/www.uern.br\/controledepaginas\/E-mail%20Institucional\/arquivos\/5879tutorial_e_mail_institucional_uern.pdf\" target=\"_blank\" rel=\"noopener\">Clique aqui<\/a><\/p>\n<p>Tutorial de cadastro e recupera\u00e7\u00e3o de login e senha para servidores SIGAA &#8211;\u00a0<a href=\"http:\/\/www.uern.br\/controledepaginas\/E-mail%20Institucional\/arquivos\/5879anexo_19353990_sigaa___tutorial_de_cadastro_e_recuperacao_de_login_e_senha_para_servidores.pdf\" target=\"_blank\" rel=\"noopener\">Clique aqui<\/a><\/p>\n<p>Tutorial de cadastro e recupera\u00e7\u00e3o de login e senha para estudantes SIGAA &#8211;\u00a0<a href=\"http:\/\/www.uern.br\/controledepaginas\/E-mail%20Institucional\/arquivos\/5879anexo_19354009_sigaa_tutorial_de_cadastro_e_recuperacao_de_login_e_senha_para_estudantes.pdf\" target=\"_blank\" rel=\"noopener\">Clique aqui<\/a><\/p>\n","protected":false},"excerpt":{"rendered":"<p>Prezados(as) alunos(as) \u00c9 atrav\u00e9s do e-mail institucional que ocorre a comunica\u00e7\u00e3o acad\u00eamica na UERN. Confere como \u00e9 r\u00e1pido e pr\u00e1tico criar seu email &#8211;\u00a0Clique aqui Tutorial de cadastro e recupera\u00e7\u00e3o de login e senha para servidores SIGAA &#8211;\u00a0Clique aqui Tutorial de cadastro e recupera\u00e7\u00e3o de login e senha para estudantes SIGAA &#8211;\u00a0Clique aqui<\/p>\n","protected":false},"author":1,"featured_media":0,"parent":0,"menu_order":0,"comment_status":"closed","ping_status":"closed","template":"","meta":{"footnotes":""},"class_list":["post-840","page","type-page","status-publish","hentry"],"_links":{"self":[{"href":"https:\/\/portal.uern.br\/paudosferros\/cienciaseconomicas\/wp-json\/wp\/v2\/pages\/840","targetHints":{"allow":["GET"]}}],"collection":[{"href":"https:\/\/portal.uern.br\/paudosferros\/cienciaseconomicas\/wp-json\/wp\/v2\/pages"}],"about":[{"href":"https:\/\/portal.uern.br\/paudosferros\/cienciaseconomicas\/wp-json\/wp\/v2\/types\/page"}],"author":[{"embeddable":true,"href":"https:\/\/portal.uern.br\/paudosferros\/cienciaseconomicas\/wp-json\/wp\/v2\/users\/1"}],"replies":[{"embeddable":true,"href":"https:\/\/portal.uern.br\/paudosferros\/cienciaseconomicas\/wp-json\/wp\/v2\/comments?post=840"}],"version-history":[{"count":1,"href":"https:\/\/portal.uern.br\/paudosferros\/cienciaseconomicas\/wp-json\/wp\/v2\/pages\/840\/revisions"}],"predecessor-version":[{"id":841,"href":"https:\/\/portal.uern.br\/paudosferros\/cienciaseconomicas\/wp-json\/wp\/v2\/pages\/840\/revisions\/841"}],"wp:attachment":[{"href":"https:\/\/portal.uern.br\/paudosferros\/cienciaseconomicas\/wp-json\/wp\/v2\/media?parent=840"}],"curies":[{"name":"wp","href":"https:\/\/api.w.org\/{rel}","templated":true}]}}