{"id":835,"date":"2023-07-19T19:31:54","date_gmt":"2023-07-19T22:31:54","guid":{"rendered":"https:\/\/portal.uern.br\/paudosferros\/cienciaseconomicas\/?page_id=835"},"modified":"2025-10-01T18:33:53","modified_gmt":"2025-10-01T21:33:53","slug":"cose","status":"publish","type":"page","link":"https:\/\/portal.uern.br\/paudosferros\/cienciaseconomicas\/cose\/","title":{"rendered":"COSE"},"content":{"rendered":"<p><a href=\"https:\/\/drive.google.com\/file\/d\/1WUv6JSdEpJlgsWxey5dqiOsB4UQy8Bu1\/view?usp=sharing\" target=\"_blank\" rel=\"noopener\">Relat\u00f3rio de Avalia\u00e7\u00e3o Interna_COSE_2019.1<\/a><\/p>\n<p><a href=\"https:\/\/www.uern.br\/controledepaginas\/COSE\/arquivos\/5682relatorio_cose_2019_2.pdf\" target=\"_blank\" rel=\"noopener\">Relat\u00f3rio de Avalia\u00e7\u00e3o Interna COSE 2019.2<\/a><\/p>\n<p><a href=\"https:\/\/www.uern.br\/controledepaginas\/COSE\/arquivos\/5682relatorio_cose_ensino_remoto_2020_1_final.pdf\" target=\"_blank\" rel=\"noopener\">Relat\u00f3rio de Avalia\u00e7\u00e3o Interna COSE 2020.1<\/a><\/p>\n<p><a href=\"http:\/\/www.uern.br\/controledepaginas\/COSE\/arquivos\/5682relatorio_cose_ensino_remoto_2020_2_versao_final.pdf\" target=\"_blank\" rel=\"noopener\">Relat\u00f3rio de Avalia\u00e7\u00e3o Interna COSE- \u00a02020.2<\/a><\/p>\n<p><a href=\"http:\/\/www.uern.br\/controledepaginas\/COSE\/arquivos\/5682relatorio_cose_dec_capf_egressos_2020.pdf\" target=\"_blank\" rel=\"noopener\">Relat\u00f3rio de Egressos<\/a><\/p>\n<p><a href=\"http:\/\/www.uern.br\/controledepaginas\/COSE\/arquivos\/5682relatorio_cose_ensino_remoto_2021_1_versao_final_(1).pdf\" target=\"_blank\" rel=\"noopener\">Relat\u00f3rio de Avalia\u00e7\u00e3o Interna COSE- \u00a02021.1<\/a><a href=\"http:\/\/www.uern.br\/controledepaginas\/COSE\/arquivos\/5682relatorio_cose_ensino_remoto_2021_1_.pdf\" target=\"_blank\" rel=\"noopener\"><br \/>\n<\/a><\/p>\n<p><a href=\"http:\/\/www.uern.br\/controledepaginas\/COSE\/arquivos\/5682relatorio_cose_ensino_remoto_2021_2.pdf\" target=\"_blank\" rel=\"noopener\">Relat\u00f3rio de Avalia\u00e7\u00e3o Interna COSE- \u00a02021.2<\/a><\/p>\n<p><a href=\"http:\/\/www.uern.br\/controledepaginas\/COSE\/arquivos\/5682relatorio_de_avaliacao_do_teletrabalho_home_office_2021_uern_geral.pdf\" target=\"_blank\" rel=\"noopener\">Relat\u00f3rio de avalia\u00e7\u00e3o do teletrabalho\/home office &#8211; Atividades administrativas da UERN Ano Refer\u00eancia 2021<\/a><\/p>\n<p><a href=\"http:\/\/www.uern.br\/controledepaginas\/COSE\/arquivos\/5682relatorio_cose_2022_1.pdf\" target=\"_blank\" rel=\"noopener\">Relat\u00f3rio de Avalia\u00e7\u00e3o Interna COSE- \u00a02022.1<\/a><\/p>\n<p><a href=\"http:\/\/www.uern.br\/controledepaginas\/COSE\/arquivos\/5682relatorio_cose_2022_2.pdf\" target=\"_blank\" rel=\"noopener\">Relat\u00f3rio de Avalia\u00e7\u00e3o Interna COSE- \u00a02022.2<\/a><\/p>\n<p><a href=\"https:\/\/portal.uern.br\/paudosferros\/cienciaseconomicas\/wp-content\/uploads\/sites\/4\/2024\/10\/Anexo_23963089_3_RELATORIO_SINTETICO_COSE_Ciencias_Economicas__Pau_Ferros_revisado.pdf\">Relat\u00f3rio de Avalia\u00e7\u00e3o Interna COSE 2023.1<\/a><\/p>\n<p><a href=\"https:\/\/portal.uern.br\/paudosferros\/cienciaseconomicas\/wp-content\/uploads\/sites\/4\/2024\/10\/RELATORIO-ANALITICO-COSE-DEC-CAPF2023.2.pdf\">Relat\u00f3rio de avalia\u00e7\u00e3o Interna COSE 2023.2<\/a><\/p>\n<p><a href=\"https:\/\/portal.uern.br\/paudosferros\/cienciaseconomicas\/wp-content\/uploads\/sites\/4\/2024\/10\/RELATORIO-SINTETICO-COSE-DEC-2024.1.pdf\">Relat\u00f3rio de Avalia\u00e7\u00e3o Interna COSE- 2024.1<\/a><\/p>\n<p><a href=\"https:\/\/portal.uern.br\/paudosferros\/cienciaseconomicas\/wp-content\/uploads\/sites\/4\/2025\/03\/TEMPLATE-RELATORIO-ANALITICO-2024.2-1.pdf\" target=\"_blank\" rel=\"noopener\">Relat\u00f3rio de Avalia\u00e7\u00e3o Interna COSE-2024.2<\/a><\/p>\n<p><a href=\"https:\/\/drive.google.com\/file\/d\/1jZugZXZcItdPCFlbAzH6ls-ggqVghU5k\/view\" target=\"_blank\" rel=\"noopener\">Relat\u00f3rio de Avalia\u00e7\u00e3o Interna COSE-2025.1<\/a><\/p>\n","protected":false},"excerpt":{"rendered":"<p>Relat\u00f3rio de Avalia\u00e7\u00e3o Interna_COSE_2019.1 Relat\u00f3rio de Avalia\u00e7\u00e3o Interna COSE 2019.2 Relat\u00f3rio de Avalia\u00e7\u00e3o Interna COSE 2020.1 Relat\u00f3rio de Avalia\u00e7\u00e3o Interna COSE- \u00a02020.2 Relat\u00f3rio de Egressos Relat\u00f3rio de Avalia\u00e7\u00e3o Interna COSE- \u00a02021.1 Relat\u00f3rio de Avalia\u00e7\u00e3o Interna COSE- \u00a02021.2 Relat\u00f3rio de avalia\u00e7\u00e3o do teletrabalho\/home office &#8211; Atividades administrativas da UERN Ano Refer\u00eancia 2021 Relat\u00f3rio de Avalia\u00e7\u00e3o Interna [&hellip;]<\/p>\n","protected":false},"author":1,"featured_media":0,"parent":0,"menu_order":0,"comment_status":"closed","ping_status":"closed","template":"","meta":{"footnotes":""},"class_list":["post-835","page","type-page","status-publish","hentry"],"_links":{"self":[{"href":"https:\/\/portal.uern.br\/paudosferros\/cienciaseconomicas\/wp-json\/wp\/v2\/pages\/835","targetHints":{"allow":["GET"]}}],"collection":[{"href":"https:\/\/portal.uern.br\/paudosferros\/cienciaseconomicas\/wp-json\/wp\/v2\/pages"}],"about":[{"href":"https:\/\/portal.uern.br\/paudosferros\/cienciaseconomicas\/wp-json\/wp\/v2\/types\/page"}],"author":[{"embeddable":true,"href":"https:\/\/portal.uern.br\/paudosferros\/cienciaseconomicas\/wp-json\/wp\/v2\/users\/1"}],"replies":[{"embeddable":true,"href":"https:\/\/portal.uern.br\/paudosferros\/cienciaseconomicas\/wp-json\/wp\/v2\/comments?post=835"}],"version-history":[{"count":13,"href":"https:\/\/portal.uern.br\/paudosferros\/cienciaseconomicas\/wp-json\/wp\/v2\/pages\/835\/revisions"}],"predecessor-version":[{"id":2237,"href":"https:\/\/portal.uern.br\/paudosferros\/cienciaseconomicas\/wp-json\/wp\/v2\/pages\/835\/revisions\/2237"}],"wp:attachment":[{"href":"https:\/\/portal.uern.br\/paudosferros\/cienciaseconomicas\/wp-json\/wp\/v2\/media?parent=835"}],"curies":[{"name":"wp","href":"https:\/\/api.w.org\/{rel}","templated":true}]}}