{"id":833,"date":"2023-07-19T19:31:02","date_gmt":"2023-07-19T22:31:02","guid":{"rendered":"https:\/\/portal.uern.br\/paudosferros\/cienciaseconomicas\/?page_id=833"},"modified":"2023-07-19T19:31:02","modified_gmt":"2023-07-19T22:31:02","slug":"requerimentos-discentes","status":"publish","type":"page","link":"https:\/\/portal.uern.br\/paudosferros\/cienciaseconomicas\/requerimentos-discentes\/","title":{"rendered":"Requerimentos discentes"},"content":{"rendered":"<p><a href=\"https:\/\/www.uern.br\/controledepaginas\/Requerimentos_discentes\/arquivos\/5510requerimento_2a_chamada_dec.pdf\" target=\"_blank\" rel=\"noopener\">2\u00b0 chamada avalia\u00e7\u00e3o<\/a><\/p>\n<p><a href=\"https:\/\/www.uern.br\/controledepaginas\/Requerimentos_discentes\/arquivos\/5510requerimento_aproveitamento_estudo_uern_apreciaa%C2%A7a%C2%A3o.pdf\" target=\"_blank\" rel=\"noopener\">Requerimento aproveitamento estudo na UERN<\/a><\/p>\n<p><a href=\"https:\/\/www.uern.br\/controledepaginas\/Requerimentos_discentes\/arquivos\/5510requerimento_aproveitamento_estudos_outras_ies_(1).pdf\" target=\"_blank\" rel=\"noopener\">Requerimento aproveitamento estudos em outra IES<\/a><\/p>\n<p><a href=\"https:\/\/www.uern.br\/controledepaginas\/Requerimentos_discentes\/arquivos\/5510requerimento_desligamento_vontade_pra%C2%B3pria_(2).pdf\" target=\"_blank\" rel=\"noopener\">Requerimento desligamento Vontade Pr\u00f3pria<\/a><\/p>\n<p><a href=\"https:\/\/www.uern.br\/controledepaginas\/Requerimentos_discentes\/arquivos\/5510requerimento_regime_do_exerca%C2%ADcio_domiciliar_(1).pdf\" target=\"_blank\" rel=\"noopener\">Requerimento regime do exerc\u00edcio domiciliar\u00a0<\/a><\/p>\n<p><a href=\"https:\/\/www.uern.br\/controledepaginas\/Requerimentos_discentes\/arquivos\/5510requerimento_diploma.pdf\" target=\"_blank\" rel=\"noopener\">Requerimento diploma<\/a><\/p>\n<p><a href=\"https:\/\/www.uern.br\/controledepaginas\/Requerimentos_discentes\/arquivos\/5510formula%C2%A1rio_ma%C2%A9rito_acadamico_(1)_(2).pdf\" target=\"_blank\" rel=\"noopener\">Formul\u00e1rio M\u00e9rito Acad\u00eamico<\/a><\/p>\n","protected":false},"excerpt":{"rendered":"<p>2\u00b0 chamada avalia\u00e7\u00e3o Requerimento aproveitamento estudo na UERN Requerimento aproveitamento estudos em outra IES Requerimento desligamento Vontade Pr\u00f3pria Requerimento regime do exerc\u00edcio domiciliar\u00a0 Requerimento diploma Formul\u00e1rio M\u00e9rito Acad\u00eamico<\/p>\n","protected":false},"author":1,"featured_media":0,"parent":0,"menu_order":0,"comment_status":"closed","ping_status":"closed","template":"","meta":{"footnotes":""},"class_list":["post-833","page","type-page","status-publish","hentry"],"_links":{"self":[{"href":"https:\/\/portal.uern.br\/paudosferros\/cienciaseconomicas\/wp-json\/wp\/v2\/pages\/833","targetHints":{"allow":["GET"]}}],"collection":[{"href":"https:\/\/portal.uern.br\/paudosferros\/cienciaseconomicas\/wp-json\/wp\/v2\/pages"}],"about":[{"href":"https:\/\/portal.uern.br\/paudosferros\/cienciaseconomicas\/wp-json\/wp\/v2\/types\/page"}],"author":[{"embeddable":true,"href":"https:\/\/portal.uern.br\/paudosferros\/cienciaseconomicas\/wp-json\/wp\/v2\/users\/1"}],"replies":[{"embeddable":true,"href":"https:\/\/portal.uern.br\/paudosferros\/cienciaseconomicas\/wp-json\/wp\/v2\/comments?post=833"}],"version-history":[{"count":1,"href":"https:\/\/portal.uern.br\/paudosferros\/cienciaseconomicas\/wp-json\/wp\/v2\/pages\/833\/revisions"}],"predecessor-version":[{"id":834,"href":"https:\/\/portal.uern.br\/paudosferros\/cienciaseconomicas\/wp-json\/wp\/v2\/pages\/833\/revisions\/834"}],"wp:attachment":[{"href":"https:\/\/portal.uern.br\/paudosferros\/cienciaseconomicas\/wp-json\/wp\/v2\/media?parent=833"}],"curies":[{"name":"wp","href":"https:\/\/api.w.org\/{rel}","templated":true}]}}