{"id":830,"date":"2023-07-19T19:30:25","date_gmt":"2023-07-19T22:30:25","guid":{"rendered":"https:\/\/portal.uern.br\/paudosferros\/cienciaseconomicas\/?page_id=830"},"modified":"2023-07-19T19:30:25","modified_gmt":"2023-07-19T22:30:25","slug":"certificados","status":"publish","type":"page","link":"https:\/\/portal.uern.br\/paudosferros\/cienciaseconomicas\/certificados\/","title":{"rendered":"Certificados"},"content":{"rendered":"<p><a href=\"https:\/\/www.uern.br\/controledepaginas\/Certificados_VI_SEDER\/arquivos\/5419comunicado_sobre_emissao_de_certificados.pdf\" target=\"_blank\" rel=\"noopener\">Comunicado \u00a0sobre a emiss\u00e3o dos certificados<\/a><\/p>\n<p><a href=\"https:\/\/www.uern.br\/controledepaginas\/Certificados_VI_SEDER\/arquivos\/5419certificado_de_participacao_no_evento.pdf\" target=\"_blank\" rel=\"noopener\">Certificados de participa\u00e7\u00e3o de evento<\/a><\/p>\n<p><a href=\"https:\/\/www.uern.br\/controledepaginas\/Certificados_VI_SEDER\/arquivos\/5419certificado_de_apresentacao_de_trabalhos.pdf\" target=\"_blank\" rel=\"noopener\">Certificado de apresenta\u00e7\u00e3o de trabalho<\/a><\/p>\n<p><a href=\"https:\/\/www.uern.br\/controledepaginas\/Certificados_VI_SEDER\/arquivos\/5419vi_seder_2019_requerimento.zip\" target=\"_blank\" rel=\"noopener\">Requerimento de Corre\u00e7\u00e3o\/Emiss\u00e3o de Certificados<\/a><\/p>\n<p><a href=\"https:\/\/www.uern.br\/controledepaginas\/Certificados_VI_SEDER\/arquivos\/5419minicurso_analise_de_regressao_linear_com_o_software_gretl.pdf\" target=\"_blank\" rel=\"noopener\">Minicurso AN\u00c1LISE DE REGRESS\u00c3O LINEAR COM O SOFTWARE GRETL<\/a><\/p>\n<p><a href=\"https:\/\/www.uern.br\/controledepaginas\/Certificados_VI_SEDER\/arquivos\/5419minicurso_economia_criativa_x_economia_solidaria_alternativas_inovadoras_que_geram_valor_economico.pdf\" target=\"_blank\" rel=\"noopener\">Minicurso ECONOMIA CRIATIVA X ECONOMIA SOLID\u00c1RIA alternativas inovadoras que geram valor econ\u00f4mico<\/a><\/p>\n<p><a href=\"https:\/\/www.uern.br\/controledepaginas\/Certificados_VI_SEDER\/arquivos\/5419minicurso_introducao_a_economia_politica_da_urbanizacao.pdf\" target=\"_blank\" rel=\"noopener\">Minicurso INTRODU\u00c7\u00c3O \u00c0 ECONOMIA POL\u00cdTICA DA URBANIZA\u00c7\u00c3O<\/a><\/p>\n<p><a href=\"https:\/\/www.uern.br\/controledepaginas\/Certificados_VI_SEDER\/arquivos\/5419minicurso_introducao_a_matematica_financeira.pdf\" target=\"_blank\" rel=\"noopener\">Minicurso INTRODUCAO A MATEM\u00c1TICA FINANCEIRA<\/a><\/p>\n<p><a href=\"https:\/\/www.uern.br\/controledepaginas\/Certificados_VI_SEDER\/arquivos\/5419minicurso_introducao_ao_uso_do_latex.pdf\" target=\"_blank\" rel=\"noopener\">Minicurso INTRODU\u00c7\u00c3O AO USO DO LATEX<\/a><\/p>\n<p><a href=\"https:\/\/www.uern.br\/controledepaginas\/Certificados_VI_SEDER\/arquivos\/5419minicurso_introducao_as_principais_categorias_do_capital.pdf\" target=\"_blank\" rel=\"noopener\">Minicurso INTRODU\u00c7\u00c3O AS PRINCIPAIS CATEGORIAS DO CAPITAL<\/a><\/p>\n<p><a href=\"https:\/\/www.uern.br\/controledepaginas\/Certificados_VI_SEDER\/arquivos\/5419minicurso_o_paradigma_territorial_no_planejamento_estrategico.pdf\" target=\"_blank\" rel=\"noopener\">Minicurso O PARADIGMA TERRITORIAL NO PLANEJAMENTO ESTRAT\u00c9GICO<\/a><\/p>\n","protected":false},"excerpt":{"rendered":"<p>Comunicado \u00a0sobre a emiss\u00e3o dos certificados Certificados de participa\u00e7\u00e3o de evento Certificado de apresenta\u00e7\u00e3o de trabalho Requerimento de Corre\u00e7\u00e3o\/Emiss\u00e3o de Certificados Minicurso AN\u00c1LISE DE REGRESS\u00c3O LINEAR COM O SOFTWARE GRETL Minicurso ECONOMIA CRIATIVA X ECONOMIA SOLID\u00c1RIA alternativas inovadoras que geram valor econ\u00f4mico Minicurso INTRODU\u00c7\u00c3O \u00c0 ECONOMIA POL\u00cdTICA DA URBANIZA\u00c7\u00c3O Minicurso INTRODUCAO A MATEM\u00c1TICA FINANCEIRA Minicurso [&hellip;]<\/p>\n","protected":false},"author":1,"featured_media":0,"parent":0,"menu_order":0,"comment_status":"closed","ping_status":"closed","template":"","meta":{"footnotes":""},"class_list":["post-830","page","type-page","status-publish","hentry"],"_links":{"self":[{"href":"https:\/\/portal.uern.br\/paudosferros\/cienciaseconomicas\/wp-json\/wp\/v2\/pages\/830","targetHints":{"allow":["GET"]}}],"collection":[{"href":"https:\/\/portal.uern.br\/paudosferros\/cienciaseconomicas\/wp-json\/wp\/v2\/pages"}],"about":[{"href":"https:\/\/portal.uern.br\/paudosferros\/cienciaseconomicas\/wp-json\/wp\/v2\/types\/page"}],"author":[{"embeddable":true,"href":"https:\/\/portal.uern.br\/paudosferros\/cienciaseconomicas\/wp-json\/wp\/v2\/users\/1"}],"replies":[{"embeddable":true,"href":"https:\/\/portal.uern.br\/paudosferros\/cienciaseconomicas\/wp-json\/wp\/v2\/comments?post=830"}],"version-history":[{"count":1,"href":"https:\/\/portal.uern.br\/paudosferros\/cienciaseconomicas\/wp-json\/wp\/v2\/pages\/830\/revisions"}],"predecessor-version":[{"id":831,"href":"https:\/\/portal.uern.br\/paudosferros\/cienciaseconomicas\/wp-json\/wp\/v2\/pages\/830\/revisions\/831"}],"wp:attachment":[{"href":"https:\/\/portal.uern.br\/paudosferros\/cienciaseconomicas\/wp-json\/wp\/v2\/media?parent=830"}],"curies":[{"name":"wp","href":"https:\/\/api.w.org\/{rel}","templated":true}]}}